{"id":1088,"date":"2018-08-07T02:27:42","date_gmt":"2018-08-07T02:27:42","guid":{"rendered":""},"modified":"2022-12-14T15:35:20","modified_gmt":"2022-12-14T15:35:20","slug":"about-us-05","status":"publish","type":"page","link":"https:\/\/restaurantefrutosdelmar.com\/index.php\/pages\/about-us-05\/","title":{"rendered":"About Us 05"},"content":{"rendered":"<section class=\"wpb-content-wrapper\"><p>[vc_row full_width=&#8221;stretch_row&#8221; background_image=&#8221;1089&#8243;][vc_column][tm_spacer size=&#8221;sm:150;lg:281&#8243;][tm_heading custom_google_font=&#8221;&#8221; align=&#8221;center&#8221; text_color=&#8221;custom&#8221; custom_text_color=&#8221;#ffffff&#8221; text=&#8221;Designer. Art director.&#8221; font_size=&#8221;sm:28;md:34;lg:40&#8243; line_height=&#8221;1.4&#8243;][tm_spacer size=&#8221;lg:23&#8243;][tm_heading custom_google_font=&#8221;&#8221; align=&#8221;center&#8221; text_color=&#8221;custom&#8221; custom_text_color=&#8221;#ffffff&#8221; text=&#8221;Charlie Wilson.&#8221; font_size=&#8221;xs:40;sm:60;md:80;lg:100&#8243; line_height=&#8221;1.4&#8243;][tm_spacer size=&#8221;lg:58&#8243;][tm_grid align=&#8221;center&#8221; centered_items=&#8221;1&#8243; columns=&#8221;xs:1;lg:3&#8243; column_gutter=&#8221;lg:30&#8243; row_gutter=&#8221;lg:50&#8243; max_width=&#8221;lg:760&#8243; item_max_width=&#8221;lg:160&#8243;][tm_icon icon_type=&#8221;ion&#8221; icon_ion=&#8221;ion-ios-eye-outline&#8221; style=&#8221;02&#8243; icon_bg_color=&#8221;custom&#8221; custom_icon_bg_color=&#8221;#e71361&#8243;][tm_icon icon_type=&#8221;ion&#8221; icon_ion=&#8221;ion-ios-bookmarks-outline&#8221; style=&#8221;02&#8243; icon_bg_color=&#8221;custom&#8221; custom_icon_bg_color=&#8221;#ecb505&#8243;][tm_icon icon_type=&#8221;ion&#8221; icon_ion=&#8221;ion-ios-browsers-outline&#8221; style=&#8221;02&#8243; icon_bg_color=&#8221;custom&#8221; custom_icon_bg_color=&#8221;#116cd7&#8243;][\/tm_grid][tm_spacer size=&#8221;sm:150;md:200;lg:282&#8243;][\/vc_column][\/vc_row][vc_row full_width=&#8221;stretch_row&#8221; content_placement=&#8221;middle&#8221; lg_spacing=&#8221;padding_top:100;padding_bottom:100&#8243;][vc_column offset=&#8221;vc_col-md-5&#8243;][tm_image image=&#8221;1092&#8243;][tm_spacer size=&#8221;sm:50&#8243;][\/vc_column][vc_column offset=&#8221;vc_col-md-offset-1 vc_col-md-6&#8243;][tm_heading custom_google_font=&#8221;&#8221; text=&#8221;My basic profile&#8221; font_size=&#8221;sm:24;md:30;lg:36&#8243;][tm_spacer size=&#8221;lg:44&#8243;][vc_row_inner][vc_column_inner width=&#8221;1\/2&#8243;][tm_heading custom_google_font=&#8221;&#8221; text_color=&#8221;primary&#8221; text=&#8221;Biography&#8221; font_size=&#8221;lg:18&#8243; line_height=&#8221;1.44&#8243;][tm_spacer size=&#8221;lg:20&#8243;][tm_heading tag=&#8221;div&#8221; custom_google_font=&#8221;&#8221; text=&#8221;I work with clients from all over the world. I had worked with and serving over 2000 customers and 1000 global companies across 13 countries with over 90% satisfaction rate achieved.&#8221;][tm_spacer size=&#8221;lg:40&#8243;][\/vc_column_inner][vc_column_inner width=&#8221;1\/2&#8243;][tm_heading custom_google_font=&#8221;&#8221; text_color=&#8221;primary&#8221; text=&#8221;My focus&#8221; font_size=&#8221;lg:18&#8243; line_height=&#8221;1.44&#8243;][tm_spacer size=&#8221;lg:20&#8243;][tm_heading tag=&#8221;div&#8221; custom_google_font=&#8221;&#8221; text=&#8221;I claim that the quality of service assessment involves controlling and managing resources by setting priorities for specific types of clients and projects on the system.&#8221;][tm_spacer size=&#8221;lg:40&#8243;][\/vc_column_inner][\/vc_row_inner][tm_spacer size=&#8221;sm:0;lg:25&#8243;][tm_social_networks style=&#8221;large-icons&#8221;][\/vc_column][\/vc_row][vc_row full_width=&#8221;stretch_row_content_no_spaces&#8221; equal_height=&#8221;yes&#8221; lg_spacing=&#8221;padding_top:48&#8243; sm_spacing=&#8221;padding_top:0&#8243;][vc_column offset=&#8221;vc_col-md-6&#8243; order=&#8221;sm:2&#8243;][vc_row_inner content_alignment=&#8221;right&#8221; sm_content_alignment=&#8221;center&#8221; lg_spacing=&#8221;padding_right:15;padding_left:15&#8243; max_width=&#8221;630px&#8221;][vc_column_inner][tm_heading custom_google_font=&#8221;&#8221; text=&#8221;My skills&#8221; font_size=&#8221;sm:24;md:30;lg:36&#8243;][tm_spacer size=&#8221;lg:37&#8243;][tm_heading tag=&#8221;div&#8221; custom_google_font=&#8221;&#8221; text=&#8221;I focus on creating creative, original, and conceptual works for editorial illustrations, magazines, covers, and brands as well as online visual organizations. Through constant learning and improving, my works excel in designing.&#8221;][tm_spacer size=&#8221;lg:60&#8243;][vc_progress_bar style=&#8221;2&#8243; bar_height=&#8221;4&#8243; values=&#8221;%5B%7B%22label%22%3A%22UI%2FUX%22%2C%22value%22%3A%2285%22%2C%22background_color%22%3A%22custom%22%2C%22custom_background_color%22%3A%22%237ed321%22%2C%22custom_track_color%22%3A%22%23ededed%22%2C%22custom_text_color%22%3A%22%23333333%22%7D%2C%7B%22label%22%3A%22Ideas%22%2C%22value%22%3A%2285%22%2C%22background_color%22%3A%22custom%22%2C%22custom_background_color%22%3A%22%23f2b636%22%2C%22custom_track_color%22%3A%22%23ededed%22%2C%22custom_text_color%22%3A%22%23333333%22%7D%2C%7B%22label%22%3A%22Marketing%22%2C%22value%22%3A%2270%22%2C%22background_color%22%3A%22custom%22%2C%22custom_background_color%22%3A%22%23f55d4e%22%2C%22custom_track_color%22%3A%22%23ededed%22%2C%22custom_text_color%22%3A%22%23333333%22%7D%2C%7B%22label%22%3A%22Consulting%22%2C%22value%22%3A%2290%22%2C%22custom_background_color%22%3A%22%23222222%22%2C%22custom_track_color%22%3A%22%23ededed%22%2C%22custom_text_color%22%3A%22%23333333%22%7D%5D&#8221; units=&#8221;%&#8221;][\/vc_column_inner][\/vc_row_inner][\/vc_column][vc_column offset=&#8221;vc_col-md-6&#8243; lg_spacing=&#8221;padding_left:115&#8243; md_spacing=&#8221;padding_left:45&#8243; sm_spacing=&#8221;padding_left:0&#8243; order=&#8221;sm:1&#8243;][tm_image image_size=&#8221;custom&#8221; full_wide=&#8221;1&#8243; image=&#8221;614&#8243; image_size_width=&#8221;845&#8243; image_size_height=&#8221;570&#8243;][tm_spacer size=&#8221;sm:70&#8243;][\/vc_column][\/vc_row][vc_row lg_spacing=&#8221;padding_top:164;padding_bottom:160&#8243; sm_spacing=&#8221;padding_top:100;padding_bottom:100&#8243;][vc_column lg_spacing=&#8221;padding_right:65&#8243; md_spacing=&#8221;padding_right:15&#8243; offset=&#8221;vc_col-md-6&#8243;][tm_image image_size=&#8221;custom&#8221; full_wide=&#8221;1&#8243; image=&#8221;787&#8243; image_size_width=&#8221;520&#8243; image_size_height=&#8221;400&#8243;][tm_spacer size=&#8221;sm:50&#8243;][\/vc_column][vc_column offset=&#8221;vc_col-md-6&#8243;][tm_heading custom_google_font=&#8221;&#8221; text=&#8221;We&#8217;re always ready for challenges.&#8221; font_size=&#8221;sm:24;md:30;lg:36&#8243;][tm_spacer size=&#8221;lg:56&#8243;][tm_accordion open_first_item=&#8221;1&#8243; items=&#8221;%5B%7B%22title%22%3A%22Digital%20strategy%22%2C%22content%22%3A%22We%20learn%20from%20website%20development%20best%20practices%20and%20great%20online%20websites%20in%20order%20to%20create%20a%20clear%2C%20crisp%20design%20that%20suits%20all%20your%20needs%20for%20a%20responsive%20website.%22%7D%2C%7B%22title%22%3A%22UI%2FUX%20design%20and%20development%22%2C%22content%22%3A%22Brook%20presents%20your%20services%20with%20flexible%2C%20convenient%20and%20multipurpose%20layouts.%20You%20can%20select%20your%20favorite%20layouts%20%26%20elements%20for%20particular%20projects%20with%20unlimited%20customization%20possibilities.%22%7D%2C%7B%22title%22%3A%22Brand%20building%22%2C%22content%22%3A%22Pixel-perfect%20replication%20of%20the%20designers%20is%20intended%20for%20both%20front-end%20%26%20back-end%20developers%20to%20build%20their%20pages%20with%20greater%20comfort%20thanks%20to%20the%20higher%20customizability%2C%20adaptability%20as%20well%20as%20flexibility.%22%7D%5D&#8221;][\/vc_column][\/vc_row][vc_row full_width=&#8221;stretch_row&#8221; content_placement=&#8221;middle&#8221; background_color=&#8221;primary&#8221; lg_spacing=&#8221;padding_top:69;padding_bottom:69&#8243;][vc_column width=&#8221;1\/2&#8243;][tm_heading custom_google_font=&#8221;&#8221; xs_align=&#8221;center&#8221; text_color=&#8221;custom&#8221; custom_text_color=&#8221;#ffffff&#8221; text=&#8221;Start working together?&#8221;][tm_spacer size=&#8221;xs:30&#8243;][\/vc_column][vc_column width=&#8221;1\/2&#8243;][tm_button button=&#8221;url:%23|title:Find%20out%20more||&#8221; align=&#8221;right&#8221; xs_align=&#8221;center&#8221; color=&#8221;custom&#8221; button_bg_color=&#8221;custom&#8221; font_color=&#8221;primary&#8221; button_border_color=&#8221;custom&#8221; custom_button_bg_color=&#8221;#ffffff&#8221; custom_button_border_color=&#8221;#ffffff&#8221;][\/vc_column][\/vc_row]<\/p>\n<\/section>","protected":false},"excerpt":{"rendered":"<p>[vc_row full_width=&#8221;stretch_row&#8221; background_image=&#8221;1089&#8243;][vc_column][tm_spacer size=&#8221;sm:150;lg:281&#8243;][tm_heading custom_google_font=&#8221;&#8221; align=&#8221;center&#8221; text_color=&#8221;custom&#8221; custom_text_color=&#8221;#ffffff&#8221; text=&#8221;Designer. Art director.&#8221; font_size=&#8221;sm:28;md:34;lg:40&#8243; line_height=&#8221;1.4&#8243;][tm_spacer size=&#8221;lg:23&#8243;][tm_heading custom_google_font=&#8221;&#8221; align=&#8221;center&#8221; text_color=&#8221;custom&#8221; custom_text_color=&#8221;#ffffff&#8221; text=&#8221;Charlie Wilson.&#8221; font_size=&#8221;xs:40;sm:60;md:80;lg:100&#8243; line_height=&#8221;1.4&#8243;][tm_spacer size=&#8221;lg:58&#8243;][tm_grid align=&#8221;center&#8221; centered_items=&#8221;1&#8243; columns=&#8221;xs:1;lg:3&#8243; column_gutter=&#8221;lg:30&#8243; row_gutter=&#8221;lg:50&#8243; max_width=&#8221;lg:760&#8243; item_max_width=&#8221;lg:160&#8243;][tm_icon icon_type=&#8221;ion&#8221; icon_ion=&#8221;ion-ios-eye-outline&#8221; style=&#8221;02&#8243; icon_bg_color=&#8221;custom&#8221; custom_icon_bg_color=&#8221;#e71361&#8243;][tm_icon icon_type=&#8221;ion&#8221; icon_ion=&#8221;ion-ios-bookmarks-outline&#8221; style=&#8221;02&#8243; icon_bg_color=&#8221;custom&#8221; custom_icon_bg_color=&#8221;#ecb505&#8243;][tm_icon icon_type=&#8221;ion&#8221; icon_ion=&#8221;ion-ios-browsers-outline&#8221; style=&#8221;02&#8243; icon_bg_color=&#8221;custom&#8221; custom_icon_bg_color=&#8221;#116cd7&#8243;][\/tm_grid][tm_spacer size=&#8221;sm:150;md:200;lg:282&#8243;][\/vc_column][\/vc_row][vc_row full_width=&#8221;stretch_row&#8221; content_placement=&#8221;middle&#8221; lg_spacing=&#8221;padding_top:100;padding_bottom:100&#8243;][vc_column offset=&#8221;vc_col-md-5&#8243;][tm_image image=&#8221;1092&#8243;][tm_spacer size=&#8221;sm:50&#8243;][\/vc_column][vc_column offset=&#8221;vc_col-md-offset-1 vc_col-md-6&#8243;][tm_heading custom_google_font=&#8221;&#8221; text=&#8221;My basic profile&#8221; font_size=&#8221;sm:24;md:30;lg:36&#8243;][tm_spacer size=&#8221;lg:44&#8243;][vc_row_inner][vc_column_inner width=&#8221;1\/2&#8243;][tm_heading custom_google_font=&#8221;&#8221; text_color=&#8221;primary&#8221; text=&#8221;Biography&#8221; font_size=&#8221;lg:18&#8243; line_height=&#8221;1.44&#8243;][tm_spacer size=&#8221;lg:20&#8243;][tm_heading tag=&#8221;div&#8221; custom_google_font=&#8221;&#8221; text=&#8221;I work with clients from all over the world. I had worked with and serving over 2000 customers and 1000 global companies across 13 countries with over 90% satisfaction rate achieved.&#8221;][tm_spacer size=&#8221;lg:40&#8243;][\/vc_column_inner][vc_column_inner width=&#8221;1\/2&#8243;][tm_heading custom_google_font=&#8221;&#8221; text_color=&#8221;primary&#8221; text=&#8221;My focus&#8221; font_size=&#8221;lg:18&#8243; line_height=&#8221;1.44&#8243;][tm_spacer size=&#8221;lg:20&#8243;][tm_heading tag=&#8221;div&#8221; custom_google_font=&#8221;&#8221; text=&#8221;I claim that the quality of service assessment involves controlling and managing resources by setting priorities for specific types of clients and projects on the system.&#8221;][tm_spacer size=&#8221;lg:40&#8243;][\/vc_column_inner][\/vc_row_inner][tm_spacer size=&#8221;sm:0;lg:25&#8243;][tm_social_networks style=&#8221;large-icons&#8221;][\/vc_column][\/vc_row][vc_row full_width=&#8221;stretch_row_content_no_spaces&#8221; equal_height=&#8221;yes&#8221; lg_spacing=&#8221;padding_top:48&#8243; sm_spacing=&#8221;padding_top:0&#8243;][vc_column offset=&#8221;vc_col-md-6&#8243; order=&#8221;sm:2&#8243;][vc_row_inner content_alignment=&#8221;right&#8221; sm_content_alignment=&#8221;center&#8221; lg_spacing=&#8221;padding_right:15;padding_left:15&#8243; max_width=&#8221;630px&#8221;][vc_column_inner][tm_heading custom_google_font=&#8221;&#8221; text=&#8221;My skills&#8221; font_size=&#8221;sm:24;md:30;lg:36&#8243;][tm_spacer size=&#8221;lg:37&#8243;][tm_heading tag=&#8221;div&#8221; custom_google_font=&#8221;&#8221; text=&#8221;I focus on creating creative, original, and conceptual works for editorial illustrations, magazines, covers, and brands as well as online visual organizations. Through constant learning and improving, my works excel in designing.&#8221;][tm_spacer size=&#8221;lg:60&#8243;][vc_progress_bar style=&#8221;2&#8243; bar_height=&#8221;4&#8243; values=&#8221;%5B%7B%22label%22%3A%22UI%2FUX%22%2C%22value%22%3A%2285%22%2C%22background_color%22%3A%22custom%22%2C%22custom_background_color%22%3A%22%237ed321%22%2C%22custom_track_color%22%3A%22%23ededed%22%2C%22custom_text_color%22%3A%22%23333333%22%7D%2C%7B%22label%22%3A%22Ideas%22%2C%22value%22%3A%2285%22%2C%22background_color%22%3A%22custom%22%2C%22custom_background_color%22%3A%22%23f2b636%22%2C%22custom_track_color%22%3A%22%23ededed%22%2C%22custom_text_color%22%3A%22%23333333%22%7D%2C%7B%22label%22%3A%22Marketing%22%2C%22value%22%3A%2270%22%2C%22background_color%22%3A%22custom%22%2C%22custom_background_color%22%3A%22%23f55d4e%22%2C%22custom_track_color%22%3A%22%23ededed%22%2C%22custom_text_color%22%3A%22%23333333%22%7D%2C%7B%22label%22%3A%22Consulting%22%2C%22value%22%3A%2290%22%2C%22custom_background_color%22%3A%22%23222222%22%2C%22custom_track_color%22%3A%22%23ededed%22%2C%22custom_text_color%22%3A%22%23333333%22%7D%5D&#8221; units=&#8221;%&#8221;][\/vc_column_inner][\/vc_row_inner][\/vc_column][vc_column offset=&#8221;vc_col-md-6&#8243; lg_spacing=&#8221;padding_left:115&#8243; md_spacing=&#8221;padding_left:45&#8243; sm_spacing=&#8221;padding_left:0&#8243; order=&#8221;sm:1&#8243;][tm_image image_size=&#8221;custom&#8221; full_wide=&#8221;1&#8243; image=&#8221;614&#8243; image_size_width=&#8221;845&#8243; image_size_height=&#8221;570&#8243;][tm_spacer size=&#8221;sm:70&#8243;][\/vc_column][\/vc_row][vc_row lg_spacing=&#8221;padding_top:164;padding_bottom:160&#8243; sm_spacing=&#8221;padding_top:100;padding_bottom:100&#8243;][vc_column lg_spacing=&#8221;padding_right:65&#8243; md_spacing=&#8221;padding_right:15&#8243; offset=&#8221;vc_col-md-6&#8243;][tm_image image_size=&#8221;custom&#8221; full_wide=&#8221;1&#8243; image=&#8221;787&#8243; image_size_width=&#8221;520&#8243; image_size_height=&#8221;400&#8243;][tm_spacer size=&#8221;sm:50&#8243;][\/vc_column][vc_column offset=&#8221;vc_col-md-6&#8243;][tm_heading custom_google_font=&#8221;&#8221; text=&#8221;We&#8217;re always ready for challenges.&#8221; font_size=&#8221;sm:24;md:30;lg:36&#8243;][tm_spacer size=&#8221;lg:56&#8243;][tm_accordion open_first_item=&#8221;1&#8243; items=&#8221;%5B%7B%22title%22%3A%22Digital%20strategy%22%2C%22content%22%3A%22We%20learn%20from%20website%20development%20best%20practices%20and%20great%20online%20websites%20in%20order%20to%20create%20a%20clear%2C%20crisp%20design%20that%20suits%20all%20your%20needs%20for%20a%20responsive%20website.%22%7D%2C%7B%22title%22%3A%22UI%2FUX%20design%20and%20development%22%2C%22content%22%3A%22Brook%20presents%20your%20services%20with%20flexible%2C%20convenient%20and%20multipurpose%20layouts.%20You%20can%20select%20your%20favorite%20layouts%20%26%20elements%20for%20particular%20projects%20with%20unlimited%20customization%20possibilities.%22%7D%2C%7B%22title%22%3A%22Brand%20building%22%2C%22content%22%3A%22Pixel-perfect%20replication%20of%20the%20designers%20is%20intended%20for%20both%20front-end%20%26%20back-end%20developers%20to%20build%20their%20pages%20with%20greater%20comfort%20thanks%20to%20the%20higher%20customizability%2C%20adaptability%20as%20well%20as%20flexibility.%22%7D%5D&#8221;][\/vc_column][\/vc_row][vc_row full_width=&#8221;stretch_row&#8221; content_placement=&#8221;middle&#8221; background_color=&#8221;primary&#8221; lg_spacing=&#8221;padding_top:69;padding_bottom:69&#8243;][vc_column width=&#8221;1\/2&#8243;][tm_heading custom_google_font=&#8221;&#8221; xs_align=&#8221;center&#8221; text_color=&#8221;custom&#8221; custom_text_color=&#8221;#ffffff&#8221; text=&#8221;Start working together?&#8221;][tm_spacer size=&#8221;xs:30&#8243;][\/vc_column][vc_column width=&#8221;1\/2&#8243;][tm_button button=&#8221;url:%23|title:Find%20out%20more||&#8221; align=&#8221;right&#8221; xs_align=&#8221;center&#8221; color=&#8221;custom&#8221; button_bg_color=&#8221;custom&#8221; font_color=&#8221;primary&#8221; button_border_color=&#8221;custom&#8221; custom_button_bg_color=&#8221;#ffffff&#8221; custom_button_border_color=&#8221;#ffffff&#8221;][\/vc_column][\/vc_row]<\/p>\n","protected":false},"author":1,"featured_media":0,"parent":1144,"menu_order":0,"comment_status":"closed","ping_status":"closed","template":"","meta":{"footnotes":""},"class_list":["post-1088","page","type-page","status-publish","hentry","post-no-thumbnail"],"yoast_head":"<!-- This site is optimized with the Yoast SEO plugin v25.8 - https:\/\/yoast.com\/wordpress\/plugins\/seo\/ -->\n<title>About Us 05 - restaurantefrutosdelmar.com<\/title>\n<meta name=\"description\" content=\"El Restaurante Con tradici\u00f3n del chef Sergio Botero. Se encuentra ubicado en Marinilla, Antioquia. Durante los ultimos a\u00f1os ha recibido numerosos reconocimientos. Destacandose como uno de los mejores restaurantes de comida Colombiana del pa\u00eds.\" \/>\n<meta name=\"robots\" content=\"index, follow, max-snippet:-1, max-image-preview:large, max-video-preview:-1\" \/>\n<link rel=\"canonical\" href=\"https:\/\/restaurantefrutosdelmar.com\/index.php\/pages\/about-us-05\/\" \/>\n<meta property=\"og:locale\" content=\"en_US\" \/>\n<meta property=\"og:type\" content=\"article\" \/>\n<meta property=\"og:title\" content=\"About Us 05 - restaurantefrutosdelmar.com\" \/>\n<meta property=\"og:description\" content=\"El Restaurante Con tradici\u00f3n del chef Sergio Botero. Se encuentra ubicado en Marinilla, Antioquia. Durante los ultimos a\u00f1os ha recibido numerosos reconocimientos. Destacandose como uno de los mejores restaurantes de comida Colombiana del pa\u00eds.\" \/>\n<meta property=\"og:url\" content=\"https:\/\/restaurantefrutosdelmar.com\/index.php\/pages\/about-us-05\/\" \/>\n<meta property=\"og:site_name\" content=\"restaurantefrutosdelmar.com\" \/>\n<meta property=\"article:publisher\" content=\"https:\/\/es-la.facebook.com\/restaurantecontradicion\/\" \/>\n<meta property=\"article:modified_time\" content=\"2022-12-14T15:35:20+00:00\" \/>\n<meta name=\"twitter:card\" content=\"summary_large_image\" \/>\n<meta name=\"twitter:label1\" content=\"Est. reading time\" \/>\n\t<meta name=\"twitter:data1\" content=\"5 minutes\" \/>\n<script type=\"application\/ld+json\" class=\"yoast-schema-graph\">{\"@context\":\"https:\/\/schema.org\",\"@graph\":[{\"@type\":\"WebPage\",\"@id\":\"https:\/\/restaurantefrutosdelmar.com\/index.php\/pages\/about-us-05\/\",\"url\":\"https:\/\/restaurantefrutosdelmar.com\/index.php\/pages\/about-us-05\/\",\"name\":\"About Us 05 - restaurantefrutosdelmar.com\",\"isPartOf\":{\"@id\":\"https:\/\/restaurantefrutosdelmar.com\/#website\"},\"datePublished\":\"2018-08-07T02:27:42+00:00\",\"dateModified\":\"2022-12-14T15:35:20+00:00\",\"description\":\"El Restaurante Con tradici\u00f3n del chef Sergio Botero. Se encuentra ubicado en Marinilla, Antioquia. Durante los ultimos a\u00f1os ha recibido numerosos reconocimientos. Destacandose como uno de los mejores restaurantes de comida Colombiana del pa\u00eds.\",\"breadcrumb\":{\"@id\":\"https:\/\/restaurantefrutosdelmar.com\/index.php\/pages\/about-us-05\/#breadcrumb\"},\"inLanguage\":\"en-US\",\"potentialAction\":[{\"@type\":\"ReadAction\",\"target\":[\"https:\/\/restaurantefrutosdelmar.com\/index.php\/pages\/about-us-05\/\"]}]},{\"@type\":\"BreadcrumbList\",\"@id\":\"https:\/\/restaurantefrutosdelmar.com\/index.php\/pages\/about-us-05\/#breadcrumb\",\"itemListElement\":[{\"@type\":\"ListItem\",\"position\":1,\"name\":\"Home\",\"item\":\"https:\/\/restaurantefrutosdelmar.com\/\"},{\"@type\":\"ListItem\",\"position\":2,\"name\":\"Pages\",\"item\":\"https:\/\/restaurantefrutosdelmar.com\/index.php\/pages\/\"},{\"@type\":\"ListItem\",\"position\":3,\"name\":\"About Us 05\"}]},{\"@type\":\"WebSite\",\"@id\":\"https:\/\/restaurantefrutosdelmar.com\/#website\",\"url\":\"https:\/\/restaurantefrutosdelmar.com\/\",\"name\":\"restaurantefrutosdelmar.com\",\"description\":\"\",\"publisher\":{\"@id\":\"https:\/\/restaurantefrutosdelmar.com\/#organization\"},\"potentialAction\":[{\"@type\":\"SearchAction\",\"target\":{\"@type\":\"EntryPoint\",\"urlTemplate\":\"https:\/\/restaurantefrutosdelmar.com\/?s={search_term_string}\"},\"query-input\":{\"@type\":\"PropertyValueSpecification\",\"valueRequired\":true,\"valueName\":\"search_term_string\"}}],\"inLanguage\":\"en-US\"},{\"@type\":\"Organization\",\"@id\":\"https:\/\/restaurantefrutosdelmar.com\/#organization\",\"name\":\"Con tradicion Restaurante\",\"url\":\"https:\/\/restaurantefrutosdelmar.com\/\",\"logo\":{\"@type\":\"ImageObject\",\"inLanguage\":\"en-US\",\"@id\":\"https:\/\/restaurantefrutosdelmar.com\/#\/schema\/logo\/image\/\",\"url\":\"https:\/\/restaurantefrutosdelmar.com\/wp-content\/uploads\/2022\/12\/Contradicion-Restaurante.png\",\"contentUrl\":\"https:\/\/restaurantefrutosdelmar.com\/wp-content\/uploads\/2022\/12\/Contradicion-Restaurante.png\",\"width\":2090,\"height\":1324,\"caption\":\"Con tradicion Restaurante\"},\"image\":{\"@id\":\"https:\/\/restaurantefrutosdelmar.com\/#\/schema\/logo\/image\/\"},\"sameAs\":[\"https:\/\/es-la.facebook.com\/restaurantecontradicion\/\"]}]}<\/script>\n<!-- \/ Yoast SEO plugin. -->","yoast_head_json":{"title":"About Us 05 - restaurantefrutosdelmar.com","description":"El Restaurante Con tradici\u00f3n del chef Sergio Botero. Se encuentra ubicado en Marinilla, Antioquia. Durante los ultimos a\u00f1os ha recibido numerosos reconocimientos. Destacandose como uno de los mejores restaurantes de comida Colombiana del pa\u00eds.","robots":{"index":"index","follow":"follow","max-snippet":"max-snippet:-1","max-image-preview":"max-image-preview:large","max-video-preview":"max-video-preview:-1"},"canonical":"https:\/\/restaurantefrutosdelmar.com\/index.php\/pages\/about-us-05\/","og_locale":"en_US","og_type":"article","og_title":"About Us 05 - restaurantefrutosdelmar.com","og_description":"El Restaurante Con tradici\u00f3n del chef Sergio Botero. Se encuentra ubicado en Marinilla, Antioquia. Durante los ultimos a\u00f1os ha recibido numerosos reconocimientos. Destacandose como uno de los mejores restaurantes de comida Colombiana del pa\u00eds.","og_url":"https:\/\/restaurantefrutosdelmar.com\/index.php\/pages\/about-us-05\/","og_site_name":"restaurantefrutosdelmar.com","article_publisher":"https:\/\/es-la.facebook.com\/restaurantecontradicion\/","article_modified_time":"2022-12-14T15:35:20+00:00","twitter_card":"summary_large_image","twitter_misc":{"Est. reading time":"5 minutes"},"schema":{"@context":"https:\/\/schema.org","@graph":[{"@type":"WebPage","@id":"https:\/\/restaurantefrutosdelmar.com\/index.php\/pages\/about-us-05\/","url":"https:\/\/restaurantefrutosdelmar.com\/index.php\/pages\/about-us-05\/","name":"About Us 05 - restaurantefrutosdelmar.com","isPartOf":{"@id":"https:\/\/restaurantefrutosdelmar.com\/#website"},"datePublished":"2018-08-07T02:27:42+00:00","dateModified":"2022-12-14T15:35:20+00:00","description":"El Restaurante Con tradici\u00f3n del chef Sergio Botero. Se encuentra ubicado en Marinilla, Antioquia. Durante los ultimos a\u00f1os ha recibido numerosos reconocimientos. Destacandose como uno de los mejores restaurantes de comida Colombiana del pa\u00eds.","breadcrumb":{"@id":"https:\/\/restaurantefrutosdelmar.com\/index.php\/pages\/about-us-05\/#breadcrumb"},"inLanguage":"en-US","potentialAction":[{"@type":"ReadAction","target":["https:\/\/restaurantefrutosdelmar.com\/index.php\/pages\/about-us-05\/"]}]},{"@type":"BreadcrumbList","@id":"https:\/\/restaurantefrutosdelmar.com\/index.php\/pages\/about-us-05\/#breadcrumb","itemListElement":[{"@type":"ListItem","position":1,"name":"Home","item":"https:\/\/restaurantefrutosdelmar.com\/"},{"@type":"ListItem","position":2,"name":"Pages","item":"https:\/\/restaurantefrutosdelmar.com\/index.php\/pages\/"},{"@type":"ListItem","position":3,"name":"About Us 05"}]},{"@type":"WebSite","@id":"https:\/\/restaurantefrutosdelmar.com\/#website","url":"https:\/\/restaurantefrutosdelmar.com\/","name":"restaurantefrutosdelmar.com","description":"","publisher":{"@id":"https:\/\/restaurantefrutosdelmar.com\/#organization"},"potentialAction":[{"@type":"SearchAction","target":{"@type":"EntryPoint","urlTemplate":"https:\/\/restaurantefrutosdelmar.com\/?s={search_term_string}"},"query-input":{"@type":"PropertyValueSpecification","valueRequired":true,"valueName":"search_term_string"}}],"inLanguage":"en-US"},{"@type":"Organization","@id":"https:\/\/restaurantefrutosdelmar.com\/#organization","name":"Con tradicion Restaurante","url":"https:\/\/restaurantefrutosdelmar.com\/","logo":{"@type":"ImageObject","inLanguage":"en-US","@id":"https:\/\/restaurantefrutosdelmar.com\/#\/schema\/logo\/image\/","url":"https:\/\/restaurantefrutosdelmar.com\/wp-content\/uploads\/2022\/12\/Contradicion-Restaurante.png","contentUrl":"https:\/\/restaurantefrutosdelmar.com\/wp-content\/uploads\/2022\/12\/Contradicion-Restaurante.png","width":2090,"height":1324,"caption":"Con tradicion Restaurante"},"image":{"@id":"https:\/\/restaurantefrutosdelmar.com\/#\/schema\/logo\/image\/"},"sameAs":["https:\/\/es-la.facebook.com\/restaurantecontradicion\/"]}]}},"_links":{"self":[{"href":"https:\/\/restaurantefrutosdelmar.com\/index.php\/wp-json\/wp\/v2\/pages\/1088","targetHints":{"allow":["GET"]}}],"collection":[{"href":"https:\/\/restaurantefrutosdelmar.com\/index.php\/wp-json\/wp\/v2\/pages"}],"about":[{"href":"https:\/\/restaurantefrutosdelmar.com\/index.php\/wp-json\/wp\/v2\/types\/page"}],"author":[{"embeddable":true,"href":"https:\/\/restaurantefrutosdelmar.com\/index.php\/wp-json\/wp\/v2\/users\/1"}],"replies":[{"embeddable":true,"href":"https:\/\/restaurantefrutosdelmar.com\/index.php\/wp-json\/wp\/v2\/comments?post=1088"}],"version-history":[{"count":1,"href":"https:\/\/restaurantefrutosdelmar.com\/index.php\/wp-json\/wp\/v2\/pages\/1088\/revisions"}],"predecessor-version":[{"id":5366,"href":"https:\/\/restaurantefrutosdelmar.com\/index.php\/wp-json\/wp\/v2\/pages\/1088\/revisions\/5366"}],"up":[{"embeddable":true,"href":"https:\/\/restaurantefrutosdelmar.com\/index.php\/wp-json\/wp\/v2\/pages\/1144"}],"wp:attachment":[{"href":"https:\/\/restaurantefrutosdelmar.com\/index.php\/wp-json\/wp\/v2\/media?parent=1088"}],"curies":[{"name":"wp","href":"https:\/\/api.w.org\/{rel}","templated":true}]}}