{"id":1111,"date":"2018-08-07T07:48:00","date_gmt":"2018-08-07T07:48:00","guid":{"rendered":""},"modified":"2022-12-14T15:35:20","modified_gmt":"2022-12-14T15:35:20","slug":"contact-us-modern","status":"publish","type":"page","link":"https:\/\/restaurantefrutosdelmar.com\/index.php\/pages\/contact-us-modern\/","title":{"rendered":"Contact Us Modern"},"content":{"rendered":"<section class=\"wpb-content-wrapper\"><p>[vc_row full_width=&#8221;stretch_row&#8221; background_image=&#8221;1112&#8243;][vc_column][tm_spacer size=&#8221;sm:150;md:220;lg:307&#8243;][tm_heading custom_google_font=&#8221;&#8221; align=&#8221;center&#8221; text_color=&#8221;custom&#8221; custom_text_color=&#8221;#ffffff&#8221; text=&#8221;Contact us&#8221; font_size=&#8221;sm:40;md:48;lg:56&#8243; line_height=&#8221;1.42&#8243;][tm_spacer size=&#8221;sm:150;md:220;lg:314&#8243;][\/vc_column][\/vc_row][vc_row lg_spacing=&#8221;padding_top:120;padding_bottom:115&#8243;][vc_column width=&#8221;1\/2&#8243; lg_spacing=&#8221;padding_right:62;padding_left:30&#8243; sm_spacing=&#8221;padding_right:30&#8243;][vc_row_inner background_color=&#8221;custom&#8221; lg_spacing=&#8221;margin_top:-210;padding_top:127;padding_right:55;padding_bottom:160;padding_left:55&#8243; custom_background_color=&#8221;#000000&#8243; sm_spacing=&#8221;margin_top:-190;padding_top:100;padding_right:50;padding_bottom:100;padding_left:50&#8243;][vc_column_inner][tm_heading custom_google_font=&#8221;&#8221; text_color=&#8221;custom&#8221; custom_text_color=&#8221;#ffffff&#8221; text=&#8221;Start a new project?&#8221; font_size=&#8221;sm:32;md:40;lg:48&#8243; line_height=&#8221;1.32&#8243;][tm_spacer size=&#8221;lg:66&#8243;][tm_heading custom_google_font=&#8221;&#8221; text_color=&#8221;custom&#8221; custom_text_color=&#8221;#ffffff&#8221; text=&#8221;Visit our studio at&#8221; font_size=&#8221;sm:18;md:21;lg:24&#8243; line_height=&#8221;1.59&#8243;][tm_spacer size=&#8221;lg:7&#8243;][tm_heading tag=&#8221;div&#8221; custom_google_font=&#8221;&#8221; text=&#8221;2005 Stokes Isle Apt. 896,<br \/>\nVenaville 10010, USA&#8221; line_height=&#8221;2.22&#8243;][tm_spacer size=&#8221;lg:59&#8243;][tm_heading custom_google_font=&#8221;&#8221; text_color=&#8221;custom&#8221; custom_text_color=&#8221;#ffffff&#8221; text=&#8221;Message us&#8221; font_size=&#8221;sm:18;md:21;lg:24&#8243; line_height=&#8221;1.59&#8243;][tm_spacer size=&#8221;lg:7&#8243;][tm_heading tag=&#8221;div&#8221; custom_google_font=&#8221;&#8221; text=&#8221;info@yourdomain.com<br \/>\n(+68) 120034509&#8243; line_height=&#8221;2.22&#8243;][tm_spacer size=&#8221;lg:21&#8243;][tm_social_networks style=&#8221;large-icons&#8221; items=&#8221;%5B%7B%22title%22%3A%22Facebook%22%2C%22link%22%3A%22%23%22%2C%22icon_fontawesome5%22%3A%22fab%20fa-facebook%22%7D%2C%7B%22title%22%3A%22Twitter%22%2C%22link%22%3A%22%23%22%2C%22icon_fontawesome5%22%3A%22fab%20fa-twitter%22%7D%2C%7B%22title%22%3A%22Instagram%22%2C%22link%22%3A%22%23%22%2C%22icon_fontawesome5%22%3A%22fab%20fa-instagram%22%7D%2C%7B%22title%22%3A%22Dribbble%22%2C%22link%22%3A%22%23%22%2C%22icon_fontawesome5%22%3A%22fab%20fa-dribbble%22%7D%5D&#8221; icon_color=&#8221;custom&#8221; custom_icon_color=&#8221;#ffffff&#8221; icon_hover_color=&#8221;primary&#8221;][\/vc_column_inner][\/vc_row_inner][tm_spacer size=&#8221;sm:60&#8243;][\/vc_column][vc_column width=&#8221;1\/2&#8243; lg_spacing=&#8221;padding_left:85&#8243; md_spacing=&#8221;padding_left:35&#8243; sm_spacing=&#8221;padding_left:15&#8243;][tm_heading custom_google_font=&#8221;&#8221; text=&#8221;Send us a message&#8221; font_size=&#8221;sm:18;md:21;lg:24&#8243; line_height=&#8221;1.59&#8243;][tm_spacer size=&#8221;lg:37&#8243;][tm_contact_form_7 id=&#8221;661&#8243; style=&#8221;02&#8243;][\/vc_column][\/vc_row]<\/p>\n<\/section>","protected":false},"excerpt":{"rendered":"<p>[vc_row full_width=&#8221;stretch_row&#8221; background_image=&#8221;1112&#8243;][vc_column][tm_spacer size=&#8221;sm:150;md:220;lg:307&#8243;][tm_heading custom_google_font=&#8221;&#8221; align=&#8221;center&#8221; text_color=&#8221;custom&#8221; custom_text_color=&#8221;#ffffff&#8221; text=&#8221;Contact us&#8221; font_size=&#8221;sm:40;md:48;lg:56&#8243; line_height=&#8221;1.42&#8243;][tm_spacer size=&#8221;sm:150;md:220;lg:314&#8243;][\/vc_column][\/vc_row][vc_row lg_spacing=&#8221;padding_top:120;padding_bottom:115&#8243;][vc_column width=&#8221;1\/2&#8243; lg_spacing=&#8221;padding_right:62;padding_left:30&#8243; sm_spacing=&#8221;padding_right:30&#8243;][vc_row_inner background_color=&#8221;custom&#8221; lg_spacing=&#8221;margin_top:-210;padding_top:127;padding_right:55;padding_bottom:160;padding_left:55&#8243; custom_background_color=&#8221;#000000&#8243; sm_spacing=&#8221;margin_top:-190;padding_top:100;padding_right:50;padding_bottom:100;padding_left:50&#8243;][vc_column_inner][tm_heading custom_google_font=&#8221;&#8221; text_color=&#8221;custom&#8221; custom_text_color=&#8221;#ffffff&#8221; text=&#8221;Start a new project?&#8221; font_size=&#8221;sm:32;md:40;lg:48&#8243; line_height=&#8221;1.32&#8243;][tm_spacer size=&#8221;lg:66&#8243;][tm_heading custom_google_font=&#8221;&#8221; text_color=&#8221;custom&#8221; custom_text_color=&#8221;#ffffff&#8221; text=&#8221;Visit our studio at&#8221; font_size=&#8221;sm:18;md:21;lg:24&#8243; line_height=&#8221;1.59&#8243;][tm_spacer size=&#8221;lg:7&#8243;][tm_heading tag=&#8221;div&#8221; custom_google_font=&#8221;&#8221; text=&#8221;2005 Stokes Isle Apt. 896, Venaville 10010, USA&#8221; line_height=&#8221;2.22&#8243;][tm_spacer size=&#8221;lg:59&#8243;][tm_heading custom_google_font=&#8221;&#8221; text_color=&#8221;custom&#8221; custom_text_color=&#8221;#ffffff&#8221; text=&#8221;Message us&#8221; font_size=&#8221;sm:18;md:21;lg:24&#8243; line_height=&#8221;1.59&#8243;][tm_spacer size=&#8221;lg:7&#8243;][tm_heading tag=&#8221;div&#8221; custom_google_font=&#8221;&#8221; text=&#8221;info@yourdomain.com (+68) 120034509&#8243; line_height=&#8221;2.22&#8243;][tm_spacer size=&#8221;lg:21&#8243;][tm_social_networks style=&#8221;large-icons&#8221; items=&#8221;%5B%7B%22title%22%3A%22Facebook%22%2C%22link%22%3A%22%23%22%2C%22icon_fontawesome5%22%3A%22fab%20fa-facebook%22%7D%2C%7B%22title%22%3A%22Twitter%22%2C%22link%22%3A%22%23%22%2C%22icon_fontawesome5%22%3A%22fab%20fa-twitter%22%7D%2C%7B%22title%22%3A%22Instagram%22%2C%22link%22%3A%22%23%22%2C%22icon_fontawesome5%22%3A%22fab%20fa-instagram%22%7D%2C%7B%22title%22%3A%22Dribbble%22%2C%22link%22%3A%22%23%22%2C%22icon_fontawesome5%22%3A%22fab%20fa-dribbble%22%7D%5D&#8221; icon_color=&#8221;custom&#8221; custom_icon_color=&#8221;#ffffff&#8221; icon_hover_color=&#8221;primary&#8221;][\/vc_column_inner][\/vc_row_inner][tm_spacer size=&#8221;sm:60&#8243;][\/vc_column][vc_column width=&#8221;1\/2&#8243; lg_spacing=&#8221;padding_left:85&#8243; md_spacing=&#8221;padding_left:35&#8243; sm_spacing=&#8221;padding_left:15&#8243;][tm_heading custom_google_font=&#8221;&#8221; text=&#8221;Send us a message&#8221; font_size=&#8221;sm:18;md:21;lg:24&#8243; line_height=&#8221;1.59&#8243;][tm_spacer size=&#8221;lg:37&#8243;][tm_contact_form_7 id=&#8221;661&#8243; style=&#8221;02&#8243;][\/vc_column][\/vc_row]<\/p>\n","protected":false},"author":1,"featured_media":0,"parent":1144,"menu_order":0,"comment_status":"closed","ping_status":"closed","template":"","meta":{"footnotes":""},"class_list":["post-1111","page","type-page","status-publish","hentry","post-no-thumbnail"],"yoast_head":"<!-- This site is optimized with the Yoast SEO plugin v25.8 - https:\/\/yoast.com\/wordpress\/plugins\/seo\/ -->\n<title>Contact Us Modern - restaurantefrutosdelmar.com<\/title>\n<meta name=\"description\" content=\"El Restaurante Con tradici\u00f3n del chef Sergio Botero. Se encuentra ubicado en Marinilla, Antioquia. Durante los ultimos a\u00f1os ha recibido numerosos reconocimientos. Destacandose como uno de los mejores restaurantes de comida Colombiana del pa\u00eds.\" \/>\n<meta name=\"robots\" content=\"index, follow, max-snippet:-1, max-image-preview:large, max-video-preview:-1\" \/>\n<link rel=\"canonical\" href=\"https:\/\/restaurantefrutosdelmar.com\/index.php\/pages\/contact-us-modern\/\" \/>\n<meta property=\"og:locale\" content=\"en_US\" \/>\n<meta property=\"og:type\" content=\"article\" \/>\n<meta property=\"og:title\" content=\"Contact Us Modern - restaurantefrutosdelmar.com\" \/>\n<meta property=\"og:description\" content=\"El Restaurante Con tradici\u00f3n del chef Sergio Botero. Se encuentra ubicado en Marinilla, Antioquia. Durante los ultimos a\u00f1os ha recibido numerosos reconocimientos. Destacandose como uno de los mejores restaurantes de comida Colombiana del pa\u00eds.\" \/>\n<meta property=\"og:url\" content=\"https:\/\/restaurantefrutosdelmar.com\/index.php\/pages\/contact-us-modern\/\" \/>\n<meta property=\"og:site_name\" content=\"restaurantefrutosdelmar.com\" \/>\n<meta property=\"article:publisher\" content=\"https:\/\/es-la.facebook.com\/restaurantecontradicion\/\" \/>\n<meta property=\"article:modified_time\" content=\"2022-12-14T15:35:20+00:00\" \/>\n<meta name=\"twitter:card\" content=\"summary_large_image\" \/>\n<meta name=\"twitter:label1\" content=\"Est. reading time\" \/>\n\t<meta name=\"twitter:data1\" content=\"2 minutes\" \/>\n<script type=\"application\/ld+json\" class=\"yoast-schema-graph\">{\"@context\":\"https:\/\/schema.org\",\"@graph\":[{\"@type\":\"WebPage\",\"@id\":\"https:\/\/restaurantefrutosdelmar.com\/index.php\/pages\/contact-us-modern\/\",\"url\":\"https:\/\/restaurantefrutosdelmar.com\/index.php\/pages\/contact-us-modern\/\",\"name\":\"Contact Us Modern - restaurantefrutosdelmar.com\",\"isPartOf\":{\"@id\":\"https:\/\/restaurantefrutosdelmar.com\/#website\"},\"datePublished\":\"2018-08-07T07:48:00+00:00\",\"dateModified\":\"2022-12-14T15:35:20+00:00\",\"description\":\"El Restaurante Con tradici\u00f3n del chef Sergio Botero. Se encuentra ubicado en Marinilla, Antioquia. Durante los ultimos a\u00f1os ha recibido numerosos reconocimientos. Destacandose como uno de los mejores restaurantes de comida Colombiana del pa\u00eds.\",\"breadcrumb\":{\"@id\":\"https:\/\/restaurantefrutosdelmar.com\/index.php\/pages\/contact-us-modern\/#breadcrumb\"},\"inLanguage\":\"en-US\",\"potentialAction\":[{\"@type\":\"ReadAction\",\"target\":[\"https:\/\/restaurantefrutosdelmar.com\/index.php\/pages\/contact-us-modern\/\"]}]},{\"@type\":\"BreadcrumbList\",\"@id\":\"https:\/\/restaurantefrutosdelmar.com\/index.php\/pages\/contact-us-modern\/#breadcrumb\",\"itemListElement\":[{\"@type\":\"ListItem\",\"position\":1,\"name\":\"Home\",\"item\":\"https:\/\/restaurantefrutosdelmar.com\/\"},{\"@type\":\"ListItem\",\"position\":2,\"name\":\"Pages\",\"item\":\"https:\/\/restaurantefrutosdelmar.com\/index.php\/pages\/\"},{\"@type\":\"ListItem\",\"position\":3,\"name\":\"Contact Us Modern\"}]},{\"@type\":\"WebSite\",\"@id\":\"https:\/\/restaurantefrutosdelmar.com\/#website\",\"url\":\"https:\/\/restaurantefrutosdelmar.com\/\",\"name\":\"restaurantefrutosdelmar.com\",\"description\":\"\",\"publisher\":{\"@id\":\"https:\/\/restaurantefrutosdelmar.com\/#organization\"},\"potentialAction\":[{\"@type\":\"SearchAction\",\"target\":{\"@type\":\"EntryPoint\",\"urlTemplate\":\"https:\/\/restaurantefrutosdelmar.com\/?s={search_term_string}\"},\"query-input\":{\"@type\":\"PropertyValueSpecification\",\"valueRequired\":true,\"valueName\":\"search_term_string\"}}],\"inLanguage\":\"en-US\"},{\"@type\":\"Organization\",\"@id\":\"https:\/\/restaurantefrutosdelmar.com\/#organization\",\"name\":\"Con tradicion Restaurante\",\"url\":\"https:\/\/restaurantefrutosdelmar.com\/\",\"logo\":{\"@type\":\"ImageObject\",\"inLanguage\":\"en-US\",\"@id\":\"https:\/\/restaurantefrutosdelmar.com\/#\/schema\/logo\/image\/\",\"url\":\"https:\/\/restaurantefrutosdelmar.com\/wp-content\/uploads\/2022\/12\/Contradicion-Restaurante.png\",\"contentUrl\":\"https:\/\/restaurantefrutosdelmar.com\/wp-content\/uploads\/2022\/12\/Contradicion-Restaurante.png\",\"width\":2090,\"height\":1324,\"caption\":\"Con tradicion Restaurante\"},\"image\":{\"@id\":\"https:\/\/restaurantefrutosdelmar.com\/#\/schema\/logo\/image\/\"},\"sameAs\":[\"https:\/\/es-la.facebook.com\/restaurantecontradicion\/\"]}]}<\/script>\n<!-- \/ Yoast SEO plugin. -->","yoast_head_json":{"title":"Contact Us Modern - restaurantefrutosdelmar.com","description":"El Restaurante Con tradici\u00f3n del chef Sergio Botero. Se encuentra ubicado en Marinilla, Antioquia. Durante los ultimos a\u00f1os ha recibido numerosos reconocimientos. Destacandose como uno de los mejores restaurantes de comida Colombiana del pa\u00eds.","robots":{"index":"index","follow":"follow","max-snippet":"max-snippet:-1","max-image-preview":"max-image-preview:large","max-video-preview":"max-video-preview:-1"},"canonical":"https:\/\/restaurantefrutosdelmar.com\/index.php\/pages\/contact-us-modern\/","og_locale":"en_US","og_type":"article","og_title":"Contact Us Modern - restaurantefrutosdelmar.com","og_description":"El Restaurante Con tradici\u00f3n del chef Sergio Botero. Se encuentra ubicado en Marinilla, Antioquia. Durante los ultimos a\u00f1os ha recibido numerosos reconocimientos. Destacandose como uno de los mejores restaurantes de comida Colombiana del pa\u00eds.","og_url":"https:\/\/restaurantefrutosdelmar.com\/index.php\/pages\/contact-us-modern\/","og_site_name":"restaurantefrutosdelmar.com","article_publisher":"https:\/\/es-la.facebook.com\/restaurantecontradicion\/","article_modified_time":"2022-12-14T15:35:20+00:00","twitter_card":"summary_large_image","twitter_misc":{"Est. reading time":"2 minutes"},"schema":{"@context":"https:\/\/schema.org","@graph":[{"@type":"WebPage","@id":"https:\/\/restaurantefrutosdelmar.com\/index.php\/pages\/contact-us-modern\/","url":"https:\/\/restaurantefrutosdelmar.com\/index.php\/pages\/contact-us-modern\/","name":"Contact Us Modern - restaurantefrutosdelmar.com","isPartOf":{"@id":"https:\/\/restaurantefrutosdelmar.com\/#website"},"datePublished":"2018-08-07T07:48:00+00:00","dateModified":"2022-12-14T15:35:20+00:00","description":"El Restaurante Con tradici\u00f3n del chef Sergio Botero. Se encuentra ubicado en Marinilla, Antioquia. Durante los ultimos a\u00f1os ha recibido numerosos reconocimientos. Destacandose como uno de los mejores restaurantes de comida Colombiana del pa\u00eds.","breadcrumb":{"@id":"https:\/\/restaurantefrutosdelmar.com\/index.php\/pages\/contact-us-modern\/#breadcrumb"},"inLanguage":"en-US","potentialAction":[{"@type":"ReadAction","target":["https:\/\/restaurantefrutosdelmar.com\/index.php\/pages\/contact-us-modern\/"]}]},{"@type":"BreadcrumbList","@id":"https:\/\/restaurantefrutosdelmar.com\/index.php\/pages\/contact-us-modern\/#breadcrumb","itemListElement":[{"@type":"ListItem","position":1,"name":"Home","item":"https:\/\/restaurantefrutosdelmar.com\/"},{"@type":"ListItem","position":2,"name":"Pages","item":"https:\/\/restaurantefrutosdelmar.com\/index.php\/pages\/"},{"@type":"ListItem","position":3,"name":"Contact Us Modern"}]},{"@type":"WebSite","@id":"https:\/\/restaurantefrutosdelmar.com\/#website","url":"https:\/\/restaurantefrutosdelmar.com\/","name":"restaurantefrutosdelmar.com","description":"","publisher":{"@id":"https:\/\/restaurantefrutosdelmar.com\/#organization"},"potentialAction":[{"@type":"SearchAction","target":{"@type":"EntryPoint","urlTemplate":"https:\/\/restaurantefrutosdelmar.com\/?s={search_term_string}"},"query-input":{"@type":"PropertyValueSpecification","valueRequired":true,"valueName":"search_term_string"}}],"inLanguage":"en-US"},{"@type":"Organization","@id":"https:\/\/restaurantefrutosdelmar.com\/#organization","name":"Con tradicion Restaurante","url":"https:\/\/restaurantefrutosdelmar.com\/","logo":{"@type":"ImageObject","inLanguage":"en-US","@id":"https:\/\/restaurantefrutosdelmar.com\/#\/schema\/logo\/image\/","url":"https:\/\/restaurantefrutosdelmar.com\/wp-content\/uploads\/2022\/12\/Contradicion-Restaurante.png","contentUrl":"https:\/\/restaurantefrutosdelmar.com\/wp-content\/uploads\/2022\/12\/Contradicion-Restaurante.png","width":2090,"height":1324,"caption":"Con tradicion Restaurante"},"image":{"@id":"https:\/\/restaurantefrutosdelmar.com\/#\/schema\/logo\/image\/"},"sameAs":["https:\/\/es-la.facebook.com\/restaurantecontradicion\/"]}]}},"_links":{"self":[{"href":"https:\/\/restaurantefrutosdelmar.com\/index.php\/wp-json\/wp\/v2\/pages\/1111","targetHints":{"allow":["GET"]}}],"collection":[{"href":"https:\/\/restaurantefrutosdelmar.com\/index.php\/wp-json\/wp\/v2\/pages"}],"about":[{"href":"https:\/\/restaurantefrutosdelmar.com\/index.php\/wp-json\/wp\/v2\/types\/page"}],"author":[{"embeddable":true,"href":"https:\/\/restaurantefrutosdelmar.com\/index.php\/wp-json\/wp\/v2\/users\/1"}],"replies":[{"embeddable":true,"href":"https:\/\/restaurantefrutosdelmar.com\/index.php\/wp-json\/wp\/v2\/comments?post=1111"}],"version-history":[{"count":1,"href":"https:\/\/restaurantefrutosdelmar.com\/index.php\/wp-json\/wp\/v2\/pages\/1111\/revisions"}],"predecessor-version":[{"id":5367,"href":"https:\/\/restaurantefrutosdelmar.com\/index.php\/wp-json\/wp\/v2\/pages\/1111\/revisions\/5367"}],"up":[{"embeddable":true,"href":"https:\/\/restaurantefrutosdelmar.com\/index.php\/wp-json\/wp\/v2\/pages\/1144"}],"wp:attachment":[{"href":"https:\/\/restaurantefrutosdelmar.com\/index.php\/wp-json\/wp\/v2\/media?parent=1111"}],"curies":[{"name":"wp","href":"https:\/\/api.w.org\/{rel}","templated":true}]}}