{"id":1147,"date":"2018-08-07T09:27:31","date_gmt":"2018-08-07T09:27:31","guid":{"rendered":"https:\/\/restaurantefrutosdelmar.com\/index.php\/pages\/services-classic\/"},"modified":"2018-08-07T09:27:31","modified_gmt":"2018-08-07T09:27:31","slug":"services-classic","status":"publish","type":"page","link":"https:\/\/restaurantefrutosdelmar.com\/index.php\/pages\/services-classic\/","title":{"rendered":"Services Classic"},"content":{"rendered":"<section class=\"wpb-content-wrapper\"><p>[vc_row full_width=&#8221;stretch_row&#8221; background_color=&#8221;custom&#8221; overlay_background=&#8221;custom&#8221; overlay_opacity=&#8221;80&#8243; background_image=&#8221;1149&#8243; custom_background_color=&#8221;#222222&#8243;][vc_column][tm_spacer size=&#8221;sm:150;lg:203&#8243;][tm_heading style=&#8221;modern-02&#8243; custom_google_font=&#8221;&#8221; align=&#8221;center&#8221; text_color=&#8221;custom&#8221; custom_text_color=&#8221;#ffffff&#8221; text=&#8221;Services&#8221;][tm_spacer size=&#8221;lg:30&#8243;][tm_heading custom_google_font=&#8221;&#8221; align=&#8221;center&#8221; text_color=&#8221;custom&#8221; custom_text_color=&#8221;#ffffff&#8221; text=&#8221;What we do&#8221; font_size=&#8221;xs:34;sm:46;md:58;lg:79&#8243; line_height=&#8221;1&#8243;][tm_spacer size=&#8221;lg:23&#8243;][tm_heading tag=&#8221;div&#8221; custom_google_font=&#8221;&#8221; align=&#8221;center&#8221; text=&#8221;We focused on a very pragmatic modernist approach, intense contract documentation, and high speed response. We\u2019ve distinguished ourselves with the projects we got built.&#8221; max_width=&#8221;770px&#8221; font_size=&#8221;lg:18&#8243; line_height=&#8221;1.95&#8243;][tm_spacer size=&#8221;sm:170;lg:221&#8243;][\/vc_column][\/vc_row][vc_row][vc_column][tm_grid custom_border_color=&#8221;#0038e3&#8243; columns=&#8221;xs:1;sm:2;lg:3&#8243; lg_spacing=&#8221;margin_top:-110;border_top:3;padding_top:100;padding_right:15;padding_left:15&#8243; column_gutter=&#8221;lg:30&#8243; row_gutter=&#8221;sm:50;lg:85&#8243; custom_css=&#8221;JTI0c2VsZWN0b3IlMjAlN0IlMEFiYWNrZ3JvdW5kJTNBJTIwJTIzZmZmJTNCJTBBJTdE&#8221; sm_spacing=&#8221;margin_top:-80&#8243;][tm_box_icon style=&#8221;03&#8243; align=&#8221;center&#8221; icon_type=&#8221;ion&#8221; icon_ion=&#8221;ion-ios-eye-outline&#8221; heading=&#8221;Modern Design&#8221; text=&#8221;Brook embraces a modern look with various enhanced pre-defined page elements. &#8220;][tm_box_icon style=&#8221;03&#8243; align=&#8221;center&#8221; icon_type=&#8221;ion&#8221; icon_ion=&#8221;ion-ios-bookmarks-outline&#8221; heading=&#8221;Multi-purpose Use &#8221; text=&#8221;This is the theme for businesses &amp; companies operating in a wide range of areas. &#8220;][tm_box_icon style=&#8221;03&#8243; align=&#8221;center&#8221; icon_type=&#8221;ion&#8221; icon_ion=&#8221;ion-ios-browsers-outline&#8221; heading=&#8221;Responsive Design&#8221; text=&#8221;Brook is highly responsive thanks to built-in WPBakery Page Builder &amp; Slider Revolution.&#8221;][tm_box_icon style=&#8221;03&#8243; align=&#8221;center&#8221; icon_type=&#8221;ion&#8221; icon_ion=&#8221;ion-ios-bell-outline&#8221; heading=&#8221;Modern Design&#8221; text=&#8221;Brook embraces a modern look with various enhanced pre-defined page elements. &#8220;][tm_box_icon style=&#8221;03&#8243; align=&#8221;center&#8221; icon_type=&#8221;ion&#8221; icon_ion=&#8221;ion-ios-infinite-outline&#8221; heading=&#8221;Multi-purpose Use&#8221; text=&#8221;This is the theme for businesses &amp; companies operating in a wide range of areas. &#8220;][tm_box_icon style=&#8221;03&#8243; align=&#8221;center&#8221; icon_type=&#8221;ion&#8221; icon_ion=&#8221;ion-ios-cloudy-outline&#8221; heading=&#8221;Responsive Layouts&#8221; text=&#8221;Brook is highly responsive thanks to built-in WPBakery Page Builder &amp; Slider Revolution.&#8221;][\/tm_grid][tm_spacer size=&#8221;sm:100;lg:158&#8243;][\/vc_column][\/vc_row][vc_row full_width=&#8221;stretch_row&#8221; lg_spacing=&#8221;border_top:1&#8243;][vc_column][tm_spacer size=&#8221;sm:100;lg:150&#8243;][tm_heading style=&#8221;modern-02&#8243; custom_google_font=&#8221;&#8221; align=&#8221;center&#8221; text=&#8221;How We Do&#8221;][tm_spacer size=&#8221;lg:34&#8243;][tm_heading custom_google_font=&#8221;&#8221; align=&#8221;center&#8221; text=&#8221;Work process&#8221; font_size=&#8221;sm:24;md:30;lg:36&#8243; line_height=&#8221;1.41&#8243;][tm_spacer size=&#8221;lg:72&#8243;][tm_gradation items=&#8221;%5B%7B%22title%22%3A%22Brainstorming%22%2C%22text%22%3A%22study%20the%20problem%20and%20general%20materials%20to%20find%20out%20creative%20concepts.%22%2C%22dot_color%22%3A%22custom%22%2C%22custom_dot_color%22%3A%22%23d0021b%22%7D%2C%7B%22title%22%3A%22Approaching%22%2C%22text%22%3A%22quickly%20translate%20the%20visions%20into%20reality%20and%20patent%20possible%20approaches.%22%2C%22dot_color%22%3A%22custom%22%2C%22custom_dot_color%22%3A%22%23f5a623%22%7D%2C%7B%22title%22%3A%22Adjusting%22%2C%22text%22%3A%22release%20approaches%20out%20into%20the%20world%2C%20submit%20it%20to%20criticism%20%26%20adaptation.%20%20%22%2C%22dot_color%22%3A%22custom%22%2C%22custom_dot_color%22%3A%22%237ed321%22%7D%5D&#8221;][tm_spacer size=&#8221;sm:100;lg:150&#8243;][\/vc_column][\/vc_row][vc_row full_width=&#8221;stretch_row&#8221; content_placement=&#8221;middle&#8221; background_color=&#8221;primary&#8221; lg_spacing=&#8221;padding_top:69;padding_bottom:69&#8243;][vc_column width=&#8221;1\/2&#8243;][tm_heading custom_google_font=&#8221;&#8221; xs_align=&#8221;center&#8221; text_color=&#8221;custom&#8221; custom_text_color=&#8221;#ffffff&#8221; text=&#8221;Start working together?&#8221;][tm_spacer size=&#8221;xs:30&#8243;][\/vc_column][vc_column width=&#8221;1\/2&#8243;][tm_button button=&#8221;url:%23|title:Find%20out%20more||&#8221; align=&#8221;right&#8221; xs_align=&#8221;center&#8221; color=&#8221;custom&#8221; button_bg_color=&#8221;custom&#8221; font_color=&#8221;primary&#8221; button_border_color=&#8221;custom&#8221; custom_button_bg_color=&#8221;#ffffff&#8221; custom_button_border_color=&#8221;#ffffff&#8221;][\/vc_column][\/vc_row]<\/p>\n<\/section>","protected":false},"excerpt":{"rendered":"<p>[vc_row full_width=&#8221;stretch_row&#8221; background_color=&#8221;custom&#8221; overlay_background=&#8221;custom&#8221; overlay_opacity=&#8221;80&#8243; background_image=&#8221;1149&#8243; custom_background_color=&#8221;#222222&#8243;][vc_column][tm_spacer size=&#8221;sm:150;lg:203&#8243;][tm_heading style=&#8221;modern-02&#8243; custom_google_font=&#8221;&#8221; align=&#8221;center&#8221; text_color=&#8221;custom&#8221; custom_text_color=&#8221;#ffffff&#8221; text=&#8221;Services&#8221;][tm_spacer size=&#8221;lg:30&#8243;][tm_heading custom_google_font=&#8221;&#8221; align=&#8221;center&#8221; text_color=&#8221;custom&#8221; custom_text_color=&#8221;#ffffff&#8221; text=&#8221;What we do&#8221; font_size=&#8221;xs:34;sm:46;md:58;lg:79&#8243; line_height=&#8221;1&#8243;][tm_spacer size=&#8221;lg:23&#8243;][tm_heading tag=&#8221;div&#8221; custom_google_font=&#8221;&#8221; align=&#8221;center&#8221; text=&#8221;We focused on a very pragmatic modernist approach, intense contract documentation, and high speed response. We\u2019ve distinguished ourselves with the projects we got built.&#8221; max_width=&#8221;770px&#8221; font_size=&#8221;lg:18&#8243; line_height=&#8221;1.95&#8243;][tm_spacer size=&#8221;sm:170;lg:221&#8243;][\/vc_column][\/vc_row][vc_row][vc_column][tm_grid custom_border_color=&#8221;#0038e3&#8243; columns=&#8221;xs:1;sm:2;lg:3&#8243; lg_spacing=&#8221;margin_top:-110;border_top:3;padding_top:100;padding_right:15;padding_left:15&#8243; column_gutter=&#8221;lg:30&#8243; row_gutter=&#8221;sm:50;lg:85&#8243; custom_css=&#8221;JTI0c2VsZWN0b3IlMjAlN0IlMEFiYWNrZ3JvdW5kJTNBJTIwJTIzZmZmJTNCJTBBJTdE&#8221; sm_spacing=&#8221;margin_top:-80&#8243;][tm_box_icon style=&#8221;03&#8243; align=&#8221;center&#8221; icon_type=&#8221;ion&#8221; icon_ion=&#8221;ion-ios-eye-outline&#8221; heading=&#8221;Modern Design&#8221; text=&#8221;Brook embraces a modern look with various enhanced pre-defined page elements. &#8220;][tm_box_icon style=&#8221;03&#8243; align=&#8221;center&#8221; icon_type=&#8221;ion&#8221; icon_ion=&#8221;ion-ios-bookmarks-outline&#8221; heading=&#8221;Multi-purpose Use &#8221; text=&#8221;This is the theme for businesses &amp; companies operating in a wide range of areas. &#8220;][tm_box_icon style=&#8221;03&#8243; align=&#8221;center&#8221; icon_type=&#8221;ion&#8221; icon_ion=&#8221;ion-ios-browsers-outline&#8221; heading=&#8221;Responsive Design&#8221; text=&#8221;Brook is highly responsive thanks to built-in WPBakery Page Builder &amp; Slider Revolution.&#8221;][tm_box_icon style=&#8221;03&#8243; align=&#8221;center&#8221; icon_type=&#8221;ion&#8221; icon_ion=&#8221;ion-ios-bell-outline&#8221; heading=&#8221;Modern Design&#8221; text=&#8221;Brook embraces a modern look with various enhanced pre-defined page elements. &#8220;][tm_box_icon style=&#8221;03&#8243; align=&#8221;center&#8221; icon_type=&#8221;ion&#8221; icon_ion=&#8221;ion-ios-infinite-outline&#8221; heading=&#8221;Multi-purpose Use&#8221; text=&#8221;This is the theme for businesses &amp; companies operating in a wide range of areas. &#8220;][tm_box_icon style=&#8221;03&#8243; align=&#8221;center&#8221; icon_type=&#8221;ion&#8221; icon_ion=&#8221;ion-ios-cloudy-outline&#8221; heading=&#8221;Responsive Layouts&#8221; text=&#8221;Brook is highly responsive thanks to built-in WPBakery Page Builder &amp; Slider Revolution.&#8221;][\/tm_grid][tm_spacer size=&#8221;sm:100;lg:158&#8243;][\/vc_column][\/vc_row][vc_row full_width=&#8221;stretch_row&#8221; lg_spacing=&#8221;border_top:1&#8243;][vc_column][tm_spacer size=&#8221;sm:100;lg:150&#8243;][tm_heading style=&#8221;modern-02&#8243; custom_google_font=&#8221;&#8221; align=&#8221;center&#8221; text=&#8221;How We Do&#8221;][tm_spacer size=&#8221;lg:34&#8243;][tm_heading custom_google_font=&#8221;&#8221; align=&#8221;center&#8221; text=&#8221;Work process&#8221; font_size=&#8221;sm:24;md:30;lg:36&#8243; line_height=&#8221;1.41&#8243;][tm_spacer size=&#8221;lg:72&#8243;][tm_gradation items=&#8221;%5B%7B%22title%22%3A%22Brainstorming%22%2C%22text%22%3A%22study%20the%20problem%20and%20general%20materials%20to%20find%20out%20creative%20concepts.%22%2C%22dot_color%22%3A%22custom%22%2C%22custom_dot_color%22%3A%22%23d0021b%22%7D%2C%7B%22title%22%3A%22Approaching%22%2C%22text%22%3A%22quickly%20translate%20the%20visions%20into%20reality%20and%20patent%20possible%20approaches.%22%2C%22dot_color%22%3A%22custom%22%2C%22custom_dot_color%22%3A%22%23f5a623%22%7D%2C%7B%22title%22%3A%22Adjusting%22%2C%22text%22%3A%22release%20approaches%20out%20into%20the%20world%2C%20submit%20it%20to%20criticism%20%26%20adaptation.%20%20%22%2C%22dot_color%22%3A%22custom%22%2C%22custom_dot_color%22%3A%22%237ed321%22%7D%5D&#8221;][tm_spacer size=&#8221;sm:100;lg:150&#8243;][\/vc_column][\/vc_row][vc_row full_width=&#8221;stretch_row&#8221; content_placement=&#8221;middle&#8221; background_color=&#8221;primary&#8221; lg_spacing=&#8221;padding_top:69;padding_bottom:69&#8243;][vc_column width=&#8221;1\/2&#8243;][tm_heading custom_google_font=&#8221;&#8221; xs_align=&#8221;center&#8221; text_color=&#8221;custom&#8221; custom_text_color=&#8221;#ffffff&#8221; text=&#8221;Start working together?&#8221;][tm_spacer size=&#8221;xs:30&#8243;][\/vc_column][vc_column width=&#8221;1\/2&#8243;][tm_button button=&#8221;url:%23|title:Find%20out%20more||&#8221; align=&#8221;right&#8221; xs_align=&#8221;center&#8221; color=&#8221;custom&#8221; button_bg_color=&#8221;custom&#8221; font_color=&#8221;primary&#8221; button_border_color=&#8221;custom&#8221; custom_button_bg_color=&#8221;#ffffff&#8221; custom_button_border_color=&#8221;#ffffff&#8221;][\/vc_column][\/vc_row]<\/p>\n","protected":false},"author":1,"featured_media":0,"parent":1144,"menu_order":0,"comment_status":"closed","ping_status":"closed","template":"","meta":{"footnotes":""},"class_list":["post-1147","page","type-page","status-publish","hentry","post-no-thumbnail"],"yoast_head":"<!-- This site is optimized with the Yoast SEO plugin v25.8 - https:\/\/yoast.com\/wordpress\/plugins\/seo\/ -->\n<title>Services Classic - restaurantefrutosdelmar.com<\/title>\n<meta name=\"description\" content=\"El Restaurante Con tradici\u00f3n del chef Sergio Botero. Se encuentra ubicado en Marinilla, Antioquia. Durante los ultimos a\u00f1os ha recibido numerosos reconocimientos. Destacandose como uno de los mejores restaurantes de comida Colombiana del pa\u00eds.\" \/>\n<meta name=\"robots\" content=\"index, follow, max-snippet:-1, max-image-preview:large, max-video-preview:-1\" \/>\n<link rel=\"canonical\" href=\"https:\/\/restaurantefrutosdelmar.com\/index.php\/pages\/services-classic\/\" \/>\n<meta property=\"og:locale\" content=\"en_US\" \/>\n<meta property=\"og:type\" content=\"article\" \/>\n<meta property=\"og:title\" content=\"Services Classic - restaurantefrutosdelmar.com\" \/>\n<meta property=\"og:description\" content=\"El Restaurante Con tradici\u00f3n del chef Sergio Botero. Se encuentra ubicado en Marinilla, Antioquia. Durante los ultimos a\u00f1os ha recibido numerosos reconocimientos. Destacandose como uno de los mejores restaurantes de comida Colombiana del pa\u00eds.\" \/>\n<meta property=\"og:url\" content=\"https:\/\/restaurantefrutosdelmar.com\/index.php\/pages\/services-classic\/\" \/>\n<meta property=\"og:site_name\" content=\"restaurantefrutosdelmar.com\" \/>\n<meta property=\"article:publisher\" content=\"https:\/\/es-la.facebook.com\/restaurantecontradicion\/\" \/>\n<meta name=\"twitter:card\" content=\"summary_large_image\" \/>\n<meta name=\"twitter:label1\" content=\"Est. reading time\" \/>\n\t<meta name=\"twitter:data1\" content=\"3 minutes\" \/>\n<script type=\"application\/ld+json\" class=\"yoast-schema-graph\">{\"@context\":\"https:\/\/schema.org\",\"@graph\":[{\"@type\":\"WebPage\",\"@id\":\"https:\/\/restaurantefrutosdelmar.com\/index.php\/pages\/services-classic\/\",\"url\":\"https:\/\/restaurantefrutosdelmar.com\/index.php\/pages\/services-classic\/\",\"name\":\"Services Classic - restaurantefrutosdelmar.com\",\"isPartOf\":{\"@id\":\"https:\/\/restaurantefrutosdelmar.com\/#website\"},\"datePublished\":\"2018-08-07T09:27:31+00:00\",\"description\":\"El Restaurante Con tradici\u00f3n del chef Sergio Botero. Se encuentra ubicado en Marinilla, Antioquia. Durante los ultimos a\u00f1os ha recibido numerosos reconocimientos. Destacandose como uno de los mejores restaurantes de comida Colombiana del pa\u00eds.\",\"breadcrumb\":{\"@id\":\"https:\/\/restaurantefrutosdelmar.com\/index.php\/pages\/services-classic\/#breadcrumb\"},\"inLanguage\":\"en-US\",\"potentialAction\":[{\"@type\":\"ReadAction\",\"target\":[\"https:\/\/restaurantefrutosdelmar.com\/index.php\/pages\/services-classic\/\"]}]},{\"@type\":\"BreadcrumbList\",\"@id\":\"https:\/\/restaurantefrutosdelmar.com\/index.php\/pages\/services-classic\/#breadcrumb\",\"itemListElement\":[{\"@type\":\"ListItem\",\"position\":1,\"name\":\"Home\",\"item\":\"https:\/\/restaurantefrutosdelmar.com\/\"},{\"@type\":\"ListItem\",\"position\":2,\"name\":\"Pages\",\"item\":\"https:\/\/restaurantefrutosdelmar.com\/index.php\/pages\/\"},{\"@type\":\"ListItem\",\"position\":3,\"name\":\"Services Classic\"}]},{\"@type\":\"WebSite\",\"@id\":\"https:\/\/restaurantefrutosdelmar.com\/#website\",\"url\":\"https:\/\/restaurantefrutosdelmar.com\/\",\"name\":\"restaurantefrutosdelmar.com\",\"description\":\"\",\"publisher\":{\"@id\":\"https:\/\/restaurantefrutosdelmar.com\/#organization\"},\"potentialAction\":[{\"@type\":\"SearchAction\",\"target\":{\"@type\":\"EntryPoint\",\"urlTemplate\":\"https:\/\/restaurantefrutosdelmar.com\/?s={search_term_string}\"},\"query-input\":{\"@type\":\"PropertyValueSpecification\",\"valueRequired\":true,\"valueName\":\"search_term_string\"}}],\"inLanguage\":\"en-US\"},{\"@type\":\"Organization\",\"@id\":\"https:\/\/restaurantefrutosdelmar.com\/#organization\",\"name\":\"Con tradicion Restaurante\",\"url\":\"https:\/\/restaurantefrutosdelmar.com\/\",\"logo\":{\"@type\":\"ImageObject\",\"inLanguage\":\"en-US\",\"@id\":\"https:\/\/restaurantefrutosdelmar.com\/#\/schema\/logo\/image\/\",\"url\":\"https:\/\/restaurantefrutosdelmar.com\/wp-content\/uploads\/2022\/12\/Contradicion-Restaurante.png\",\"contentUrl\":\"https:\/\/restaurantefrutosdelmar.com\/wp-content\/uploads\/2022\/12\/Contradicion-Restaurante.png\",\"width\":2090,\"height\":1324,\"caption\":\"Con tradicion Restaurante\"},\"image\":{\"@id\":\"https:\/\/restaurantefrutosdelmar.com\/#\/schema\/logo\/image\/\"},\"sameAs\":[\"https:\/\/es-la.facebook.com\/restaurantecontradicion\/\"]}]}<\/script>\n<!-- \/ Yoast SEO plugin. -->","yoast_head_json":{"title":"Services Classic - restaurantefrutosdelmar.com","description":"El Restaurante Con tradici\u00f3n del chef Sergio Botero. Se encuentra ubicado en Marinilla, Antioquia. Durante los ultimos a\u00f1os ha recibido numerosos reconocimientos. Destacandose como uno de los mejores restaurantes de comida Colombiana del pa\u00eds.","robots":{"index":"index","follow":"follow","max-snippet":"max-snippet:-1","max-image-preview":"max-image-preview:large","max-video-preview":"max-video-preview:-1"},"canonical":"https:\/\/restaurantefrutosdelmar.com\/index.php\/pages\/services-classic\/","og_locale":"en_US","og_type":"article","og_title":"Services Classic - restaurantefrutosdelmar.com","og_description":"El Restaurante Con tradici\u00f3n del chef Sergio Botero. Se encuentra ubicado en Marinilla, Antioquia. Durante los ultimos a\u00f1os ha recibido numerosos reconocimientos. Destacandose como uno de los mejores restaurantes de comida Colombiana del pa\u00eds.","og_url":"https:\/\/restaurantefrutosdelmar.com\/index.php\/pages\/services-classic\/","og_site_name":"restaurantefrutosdelmar.com","article_publisher":"https:\/\/es-la.facebook.com\/restaurantecontradicion\/","twitter_card":"summary_large_image","twitter_misc":{"Est. reading time":"3 minutes"},"schema":{"@context":"https:\/\/schema.org","@graph":[{"@type":"WebPage","@id":"https:\/\/restaurantefrutosdelmar.com\/index.php\/pages\/services-classic\/","url":"https:\/\/restaurantefrutosdelmar.com\/index.php\/pages\/services-classic\/","name":"Services Classic - restaurantefrutosdelmar.com","isPartOf":{"@id":"https:\/\/restaurantefrutosdelmar.com\/#website"},"datePublished":"2018-08-07T09:27:31+00:00","description":"El Restaurante Con tradici\u00f3n del chef Sergio Botero. Se encuentra ubicado en Marinilla, Antioquia. Durante los ultimos a\u00f1os ha recibido numerosos reconocimientos. Destacandose como uno de los mejores restaurantes de comida Colombiana del pa\u00eds.","breadcrumb":{"@id":"https:\/\/restaurantefrutosdelmar.com\/index.php\/pages\/services-classic\/#breadcrumb"},"inLanguage":"en-US","potentialAction":[{"@type":"ReadAction","target":["https:\/\/restaurantefrutosdelmar.com\/index.php\/pages\/services-classic\/"]}]},{"@type":"BreadcrumbList","@id":"https:\/\/restaurantefrutosdelmar.com\/index.php\/pages\/services-classic\/#breadcrumb","itemListElement":[{"@type":"ListItem","position":1,"name":"Home","item":"https:\/\/restaurantefrutosdelmar.com\/"},{"@type":"ListItem","position":2,"name":"Pages","item":"https:\/\/restaurantefrutosdelmar.com\/index.php\/pages\/"},{"@type":"ListItem","position":3,"name":"Services Classic"}]},{"@type":"WebSite","@id":"https:\/\/restaurantefrutosdelmar.com\/#website","url":"https:\/\/restaurantefrutosdelmar.com\/","name":"restaurantefrutosdelmar.com","description":"","publisher":{"@id":"https:\/\/restaurantefrutosdelmar.com\/#organization"},"potentialAction":[{"@type":"SearchAction","target":{"@type":"EntryPoint","urlTemplate":"https:\/\/restaurantefrutosdelmar.com\/?s={search_term_string}"},"query-input":{"@type":"PropertyValueSpecification","valueRequired":true,"valueName":"search_term_string"}}],"inLanguage":"en-US"},{"@type":"Organization","@id":"https:\/\/restaurantefrutosdelmar.com\/#organization","name":"Con tradicion Restaurante","url":"https:\/\/restaurantefrutosdelmar.com\/","logo":{"@type":"ImageObject","inLanguage":"en-US","@id":"https:\/\/restaurantefrutosdelmar.com\/#\/schema\/logo\/image\/","url":"https:\/\/restaurantefrutosdelmar.com\/wp-content\/uploads\/2022\/12\/Contradicion-Restaurante.png","contentUrl":"https:\/\/restaurantefrutosdelmar.com\/wp-content\/uploads\/2022\/12\/Contradicion-Restaurante.png","width":2090,"height":1324,"caption":"Con tradicion Restaurante"},"image":{"@id":"https:\/\/restaurantefrutosdelmar.com\/#\/schema\/logo\/image\/"},"sameAs":["https:\/\/es-la.facebook.com\/restaurantecontradicion\/"]}]}},"_links":{"self":[{"href":"https:\/\/restaurantefrutosdelmar.com\/index.php\/wp-json\/wp\/v2\/pages\/1147","targetHints":{"allow":["GET"]}}],"collection":[{"href":"https:\/\/restaurantefrutosdelmar.com\/index.php\/wp-json\/wp\/v2\/pages"}],"about":[{"href":"https:\/\/restaurantefrutosdelmar.com\/index.php\/wp-json\/wp\/v2\/types\/page"}],"author":[{"embeddable":true,"href":"https:\/\/restaurantefrutosdelmar.com\/index.php\/wp-json\/wp\/v2\/users\/1"}],"replies":[{"embeddable":true,"href":"https:\/\/restaurantefrutosdelmar.com\/index.php\/wp-json\/wp\/v2\/comments?post=1147"}],"version-history":[{"count":0,"href":"https:\/\/restaurantefrutosdelmar.com\/index.php\/wp-json\/wp\/v2\/pages\/1147\/revisions"}],"up":[{"embeddable":true,"href":"https:\/\/restaurantefrutosdelmar.com\/index.php\/wp-json\/wp\/v2\/pages\/1144"}],"wp:attachment":[{"href":"https:\/\/restaurantefrutosdelmar.com\/index.php\/wp-json\/wp\/v2\/media?parent=1147"}],"curies":[{"name":"wp","href":"https:\/\/api.w.org\/{rel}","templated":true}]}}