{"id":1169,"date":"2018-08-07T10:46:38","date_gmt":"2018-08-07T10:46:38","guid":{"rendered":"https:\/\/restaurantefrutosdelmar.com\/index.php\/pages\/services-modern\/"},"modified":"2018-08-07T10:46:38","modified_gmt":"2018-08-07T10:46:38","slug":"services-modern","status":"publish","type":"page","link":"https:\/\/restaurantefrutosdelmar.com\/index.php\/pages\/services-modern\/","title":{"rendered":"Services Modern"},"content":{"rendered":"<section class=\"wpb-content-wrapper\"><p>[vc_row full_width=&#8221;stretch_row&#8221; background_color=&#8221;custom&#8221; overlay_background=&#8221;primary&#8221; overlay_opacity=&#8221;80&#8243; background_image=&#8221;1172&#8243; custom_background_color=&#8221;#222222&#8243;][vc_column][tm_spacer size=&#8221;sm:150;lg:261&#8243;][tm_heading custom_google_font=&#8221;&#8221; align=&#8221;center&#8221; text_color=&#8221;custom&#8221; custom_text_color=&#8221;#ffffff&#8221; text=&#8221;Full-services creative agency&#8221; font_size=&#8221;xs:32;sm:40;md:48;lg:56&#8243; line_height=&#8221;1.42&#8243; max_width=&#8221;740px&#8221;][tm_spacer size=&#8221;sm:150;lg:261&#8243;][\/vc_column][\/vc_row][vc_row lg_spacing=&#8221;padding_top:145;padding_bottom:145&#8243; sm_spacing=&#8221;padding_top:100;padding_bottom:100&#8243;][vc_column offset=&#8221;vc_col-md-4&#8243;][tm_heading custom_google_font=&#8221;&#8221; text=&#8221;A creative agency specialized in brand strategy and digital creation.&#8221; font_size=&#8221;sm:24;md:30;lg:36&#8243; line_height=&#8221;1.42&#8243;][tm_spacer size=&#8221;sm:40&#8243;][\/vc_column][vc_column offset=&#8221;vc_col-md-offset-1 vc_col-md-7&#8243;][tm_heading custom_google_font=&#8221;&#8221; text=&#8221;Creative services&#8221; font_size=&#8221;lg:18&#8243; line_height=&#8221;1.39&#8243;][tm_spacer size=&#8221;lg:20&#8243;][tm_heading tag=&#8221;div&#8221; custom_google_font=&#8221;&#8221; text=&#8221;Brook presents your services with flexible, convenient and multipurpose layouts.&#8221; font_size=&#8221;lg:18&#8243; line_height=&#8221;1.62&#8243;][tm_spacer size=&#8221;lg:30&#8243;][tm_heading tag=&#8221;div&#8221; custom_google_font=&#8221;&#8221; text=&#8221;I focus on creating creative, original, and conceptual works for editorial illustrations, magazines, covers, and brands as well as online visual organizations. Through constant learning and improving, my works excel in designing.&#8221;][\/vc_column][\/vc_row][vc_row full_width=&#8221;stretch_row_content_no_spaces&#8221;][vc_column offset=&#8221;vc_col-md-7&#8243; lg_spacing=&#8221;padding_right:45;padding_left:15&#8243; sm_spacing=&#8221;padding_right:15&#8243;][tm_grid align=&#8221;right&#8221; sm_align=&#8221;center&#8221; columns=&#8221;xs:1;lg:2&#8243; column_gutter=&#8221;sm:30;lg:70&#8243; row_gutter=&#8221;sm:50;lg:70&#8243; max_width=&#8221;lg:700&#8243;][tm_box_icon style=&#8221;03&#8243; icon_type=&#8221;ion&#8221; icon_ion=&#8221;ion-ios-eye-outline&#8221; heading=&#8221;Digital marketing&#8221; text=&#8221;We conduct the marketing of products &amp; services using latest digital technologies.&#8221;][tm_box_icon style=&#8221;03&#8243; icon_type=&#8221;ion&#8221; icon_ion=&#8221;ion-ios-bookmarks-outline&#8221; heading=&#8221;UI\/UX designs&#8221; text=&#8221;We successfully implemented numerous UI\/UX projects for both global &amp; local clients.&#8221;][tm_box_icon style=&#8221;03&#8243; icon_type=&#8221;ion&#8221; icon_ion=&#8221;ion-ios-browsers-outline&#8221; heading=&#8221;SEO marketing&#8221; text=&#8221;Our SEO approach is to focus on growing visibility in organic search engine results.&#8221;][tm_box_icon style=&#8221;03&#8243; icon_type=&#8221;ion&#8221; icon_ion=&#8221;ion-ios-bell-outline&#8221; heading=&#8221;Resource use&#8221; text=&#8221;We participate in knowledge and technology transfers in resource use.&#8221;][\/tm_grid][tm_spacer size=&#8221;lg:50&#8243;][\/vc_column][vc_column offset=&#8221;vc_col-md-5&#8243;][tm_image image_size=&#8221;custom&#8221; align=&#8221;right&#8221; sm_align=&#8221;center&#8221; image=&#8221;1198&#8243; image_size_width=&#8221;745&#8243; image_size_height=&#8221;680&#8243;][tm_spacer size=&#8221;sm:50&#8243;][\/vc_column][\/vc_row][vc_row full_width=&#8221;stretch_row&#8221; content_placement=&#8221;middle&#8221; background_color=&#8221;primary&#8221; lg_spacing=&#8221;padding_top:69;padding_bottom:69&#8243;][vc_column width=&#8221;1\/2&#8243;][tm_heading custom_google_font=&#8221;&#8221; xs_align=&#8221;center&#8221; text_color=&#8221;custom&#8221; custom_text_color=&#8221;#ffffff&#8221; text=&#8221;Start working together?&#8221;][tm_spacer size=&#8221;xs:30&#8243;][\/vc_column][vc_column width=&#8221;1\/2&#8243;][tm_button button=&#8221;url:%23|title:Find%20out%20more||&#8221; align=&#8221;right&#8221; xs_align=&#8221;center&#8221; color=&#8221;custom&#8221; button_bg_color=&#8221;custom&#8221; font_color=&#8221;primary&#8221; button_border_color=&#8221;custom&#8221; custom_button_bg_color=&#8221;#ffffff&#8221; custom_button_border_color=&#8221;#ffffff&#8221;][\/vc_column][\/vc_row]<\/p>\n<\/section>","protected":false},"excerpt":{"rendered":"<p>[vc_row full_width=&#8221;stretch_row&#8221; background_color=&#8221;custom&#8221; overlay_background=&#8221;primary&#8221; overlay_opacity=&#8221;80&#8243; background_image=&#8221;1172&#8243; custom_background_color=&#8221;#222222&#8243;][vc_column][tm_spacer size=&#8221;sm:150;lg:261&#8243;][tm_heading custom_google_font=&#8221;&#8221; align=&#8221;center&#8221; text_color=&#8221;custom&#8221; custom_text_color=&#8221;#ffffff&#8221; text=&#8221;Full-services creative agency&#8221; font_size=&#8221;xs:32;sm:40;md:48;lg:56&#8243; line_height=&#8221;1.42&#8243; max_width=&#8221;740px&#8221;][tm_spacer size=&#8221;sm:150;lg:261&#8243;][\/vc_column][\/vc_row][vc_row lg_spacing=&#8221;padding_top:145;padding_bottom:145&#8243; sm_spacing=&#8221;padding_top:100;padding_bottom:100&#8243;][vc_column offset=&#8221;vc_col-md-4&#8243;][tm_heading custom_google_font=&#8221;&#8221; text=&#8221;A creative agency specialized in brand strategy and digital creation.&#8221; font_size=&#8221;sm:24;md:30;lg:36&#8243; line_height=&#8221;1.42&#8243;][tm_spacer size=&#8221;sm:40&#8243;][\/vc_column][vc_column offset=&#8221;vc_col-md-offset-1 vc_col-md-7&#8243;][tm_heading custom_google_font=&#8221;&#8221; text=&#8221;Creative services&#8221; font_size=&#8221;lg:18&#8243; line_height=&#8221;1.39&#8243;][tm_spacer size=&#8221;lg:20&#8243;][tm_heading tag=&#8221;div&#8221; custom_google_font=&#8221;&#8221; text=&#8221;Brook presents your services with flexible, convenient and multipurpose layouts.&#8221; font_size=&#8221;lg:18&#8243; line_height=&#8221;1.62&#8243;][tm_spacer size=&#8221;lg:30&#8243;][tm_heading tag=&#8221;div&#8221; custom_google_font=&#8221;&#8221; text=&#8221;I focus on creating creative, original, and conceptual works for editorial illustrations, magazines, covers, and brands as well as online visual organizations. Through constant learning and improving, my works excel in designing.&#8221;][\/vc_column][\/vc_row][vc_row full_width=&#8221;stretch_row_content_no_spaces&#8221;][vc_column offset=&#8221;vc_col-md-7&#8243; lg_spacing=&#8221;padding_right:45;padding_left:15&#8243; sm_spacing=&#8221;padding_right:15&#8243;][tm_grid align=&#8221;right&#8221; sm_align=&#8221;center&#8221; columns=&#8221;xs:1;lg:2&#8243; column_gutter=&#8221;sm:30;lg:70&#8243; row_gutter=&#8221;sm:50;lg:70&#8243; max_width=&#8221;lg:700&#8243;][tm_box_icon style=&#8221;03&#8243; icon_type=&#8221;ion&#8221; icon_ion=&#8221;ion-ios-eye-outline&#8221; heading=&#8221;Digital marketing&#8221; text=&#8221;We conduct the marketing of products &amp; services using latest digital technologies.&#8221;][tm_box_icon style=&#8221;03&#8243; icon_type=&#8221;ion&#8221; icon_ion=&#8221;ion-ios-bookmarks-outline&#8221; heading=&#8221;UI\/UX designs&#8221; text=&#8221;We successfully implemented numerous UI\/UX projects for both global &amp; local clients.&#8221;][tm_box_icon style=&#8221;03&#8243; icon_type=&#8221;ion&#8221; icon_ion=&#8221;ion-ios-browsers-outline&#8221; heading=&#8221;SEO marketing&#8221; text=&#8221;Our SEO approach is to focus on growing visibility in organic search engine results.&#8221;][tm_box_icon style=&#8221;03&#8243; icon_type=&#8221;ion&#8221; icon_ion=&#8221;ion-ios-bell-outline&#8221; heading=&#8221;Resource use&#8221; text=&#8221;We participate in knowledge and technology transfers in resource use.&#8221;][\/tm_grid][tm_spacer size=&#8221;lg:50&#8243;][\/vc_column][vc_column offset=&#8221;vc_col-md-5&#8243;][tm_image image_size=&#8221;custom&#8221; align=&#8221;right&#8221; sm_align=&#8221;center&#8221; image=&#8221;1198&#8243; image_size_width=&#8221;745&#8243; image_size_height=&#8221;680&#8243;][tm_spacer size=&#8221;sm:50&#8243;][\/vc_column][\/vc_row][vc_row full_width=&#8221;stretch_row&#8221; content_placement=&#8221;middle&#8221; background_color=&#8221;primary&#8221; lg_spacing=&#8221;padding_top:69;padding_bottom:69&#8243;][vc_column width=&#8221;1\/2&#8243;][tm_heading custom_google_font=&#8221;&#8221; xs_align=&#8221;center&#8221; text_color=&#8221;custom&#8221; custom_text_color=&#8221;#ffffff&#8221; text=&#8221;Start working together?&#8221;][tm_spacer size=&#8221;xs:30&#8243;][\/vc_column][vc_column width=&#8221;1\/2&#8243;][tm_button button=&#8221;url:%23|title:Find%20out%20more||&#8221; align=&#8221;right&#8221; xs_align=&#8221;center&#8221; color=&#8221;custom&#8221; button_bg_color=&#8221;custom&#8221; font_color=&#8221;primary&#8221; button_border_color=&#8221;custom&#8221; custom_button_bg_color=&#8221;#ffffff&#8221; custom_button_border_color=&#8221;#ffffff&#8221;][\/vc_column][\/vc_row]<\/p>\n","protected":false},"author":1,"featured_media":0,"parent":1144,"menu_order":0,"comment_status":"closed","ping_status":"closed","template":"","meta":{"footnotes":""},"class_list":["post-1169","page","type-page","status-publish","hentry","post-no-thumbnail"],"yoast_head":"<!-- This site is optimized with the Yoast SEO plugin v25.8 - https:\/\/yoast.com\/wordpress\/plugins\/seo\/ -->\n<title>Services Modern - restaurantefrutosdelmar.com<\/title>\n<meta name=\"description\" content=\"El Restaurante Con tradici\u00f3n del chef Sergio Botero. Se encuentra ubicado en Marinilla, Antioquia. Durante los ultimos a\u00f1os ha recibido numerosos reconocimientos. Destacandose como uno de los mejores restaurantes de comida Colombiana del pa\u00eds.\" \/>\n<meta name=\"robots\" content=\"index, follow, max-snippet:-1, max-image-preview:large, max-video-preview:-1\" \/>\n<link rel=\"canonical\" href=\"https:\/\/restaurantefrutosdelmar.com\/index.php\/pages\/services-modern\/\" \/>\n<meta property=\"og:locale\" content=\"en_US\" \/>\n<meta property=\"og:type\" content=\"article\" \/>\n<meta property=\"og:title\" content=\"Services Modern - restaurantefrutosdelmar.com\" \/>\n<meta property=\"og:description\" content=\"El Restaurante Con tradici\u00f3n del chef Sergio Botero. Se encuentra ubicado en Marinilla, Antioquia. Durante los ultimos a\u00f1os ha recibido numerosos reconocimientos. Destacandose como uno de los mejores restaurantes de comida Colombiana del pa\u00eds.\" \/>\n<meta property=\"og:url\" content=\"https:\/\/restaurantefrutosdelmar.com\/index.php\/pages\/services-modern\/\" \/>\n<meta property=\"og:site_name\" content=\"restaurantefrutosdelmar.com\" \/>\n<meta property=\"article:publisher\" content=\"https:\/\/es-la.facebook.com\/restaurantecontradicion\/\" \/>\n<meta name=\"twitter:card\" content=\"summary_large_image\" \/>\n<meta name=\"twitter:label1\" content=\"Est. reading time\" \/>\n\t<meta name=\"twitter:data1\" content=\"2 minutes\" \/>\n<script type=\"application\/ld+json\" class=\"yoast-schema-graph\">{\"@context\":\"https:\/\/schema.org\",\"@graph\":[{\"@type\":\"WebPage\",\"@id\":\"https:\/\/restaurantefrutosdelmar.com\/index.php\/pages\/services-modern\/\",\"url\":\"https:\/\/restaurantefrutosdelmar.com\/index.php\/pages\/services-modern\/\",\"name\":\"Services Modern - restaurantefrutosdelmar.com\",\"isPartOf\":{\"@id\":\"https:\/\/restaurantefrutosdelmar.com\/#website\"},\"datePublished\":\"2018-08-07T10:46:38+00:00\",\"description\":\"El Restaurante Con tradici\u00f3n del chef Sergio Botero. Se encuentra ubicado en Marinilla, Antioquia. Durante los ultimos a\u00f1os ha recibido numerosos reconocimientos. Destacandose como uno de los mejores restaurantes de comida Colombiana del pa\u00eds.\",\"breadcrumb\":{\"@id\":\"https:\/\/restaurantefrutosdelmar.com\/index.php\/pages\/services-modern\/#breadcrumb\"},\"inLanguage\":\"en-US\",\"potentialAction\":[{\"@type\":\"ReadAction\",\"target\":[\"https:\/\/restaurantefrutosdelmar.com\/index.php\/pages\/services-modern\/\"]}]},{\"@type\":\"BreadcrumbList\",\"@id\":\"https:\/\/restaurantefrutosdelmar.com\/index.php\/pages\/services-modern\/#breadcrumb\",\"itemListElement\":[{\"@type\":\"ListItem\",\"position\":1,\"name\":\"Home\",\"item\":\"https:\/\/restaurantefrutosdelmar.com\/\"},{\"@type\":\"ListItem\",\"position\":2,\"name\":\"Pages\",\"item\":\"https:\/\/restaurantefrutosdelmar.com\/index.php\/pages\/\"},{\"@type\":\"ListItem\",\"position\":3,\"name\":\"Services Modern\"}]},{\"@type\":\"WebSite\",\"@id\":\"https:\/\/restaurantefrutosdelmar.com\/#website\",\"url\":\"https:\/\/restaurantefrutosdelmar.com\/\",\"name\":\"restaurantefrutosdelmar.com\",\"description\":\"\",\"publisher\":{\"@id\":\"https:\/\/restaurantefrutosdelmar.com\/#organization\"},\"potentialAction\":[{\"@type\":\"SearchAction\",\"target\":{\"@type\":\"EntryPoint\",\"urlTemplate\":\"https:\/\/restaurantefrutosdelmar.com\/?s={search_term_string}\"},\"query-input\":{\"@type\":\"PropertyValueSpecification\",\"valueRequired\":true,\"valueName\":\"search_term_string\"}}],\"inLanguage\":\"en-US\"},{\"@type\":\"Organization\",\"@id\":\"https:\/\/restaurantefrutosdelmar.com\/#organization\",\"name\":\"Con tradicion Restaurante\",\"url\":\"https:\/\/restaurantefrutosdelmar.com\/\",\"logo\":{\"@type\":\"ImageObject\",\"inLanguage\":\"en-US\",\"@id\":\"https:\/\/restaurantefrutosdelmar.com\/#\/schema\/logo\/image\/\",\"url\":\"https:\/\/restaurantefrutosdelmar.com\/wp-content\/uploads\/2022\/12\/Contradicion-Restaurante.png\",\"contentUrl\":\"https:\/\/restaurantefrutosdelmar.com\/wp-content\/uploads\/2022\/12\/Contradicion-Restaurante.png\",\"width\":2090,\"height\":1324,\"caption\":\"Con tradicion Restaurante\"},\"image\":{\"@id\":\"https:\/\/restaurantefrutosdelmar.com\/#\/schema\/logo\/image\/\"},\"sameAs\":[\"https:\/\/es-la.facebook.com\/restaurantecontradicion\/\"]}]}<\/script>\n<!-- \/ Yoast SEO plugin. -->","yoast_head_json":{"title":"Services Modern - restaurantefrutosdelmar.com","description":"El Restaurante Con tradici\u00f3n del chef Sergio Botero. Se encuentra ubicado en Marinilla, Antioquia. Durante los ultimos a\u00f1os ha recibido numerosos reconocimientos. Destacandose como uno de los mejores restaurantes de comida Colombiana del pa\u00eds.","robots":{"index":"index","follow":"follow","max-snippet":"max-snippet:-1","max-image-preview":"max-image-preview:large","max-video-preview":"max-video-preview:-1"},"canonical":"https:\/\/restaurantefrutosdelmar.com\/index.php\/pages\/services-modern\/","og_locale":"en_US","og_type":"article","og_title":"Services Modern - restaurantefrutosdelmar.com","og_description":"El Restaurante Con tradici\u00f3n del chef Sergio Botero. Se encuentra ubicado en Marinilla, Antioquia. Durante los ultimos a\u00f1os ha recibido numerosos reconocimientos. Destacandose como uno de los mejores restaurantes de comida Colombiana del pa\u00eds.","og_url":"https:\/\/restaurantefrutosdelmar.com\/index.php\/pages\/services-modern\/","og_site_name":"restaurantefrutosdelmar.com","article_publisher":"https:\/\/es-la.facebook.com\/restaurantecontradicion\/","twitter_card":"summary_large_image","twitter_misc":{"Est. reading time":"2 minutes"},"schema":{"@context":"https:\/\/schema.org","@graph":[{"@type":"WebPage","@id":"https:\/\/restaurantefrutosdelmar.com\/index.php\/pages\/services-modern\/","url":"https:\/\/restaurantefrutosdelmar.com\/index.php\/pages\/services-modern\/","name":"Services Modern - restaurantefrutosdelmar.com","isPartOf":{"@id":"https:\/\/restaurantefrutosdelmar.com\/#website"},"datePublished":"2018-08-07T10:46:38+00:00","description":"El Restaurante Con tradici\u00f3n del chef Sergio Botero. Se encuentra ubicado en Marinilla, Antioquia. Durante los ultimos a\u00f1os ha recibido numerosos reconocimientos. Destacandose como uno de los mejores restaurantes de comida Colombiana del pa\u00eds.","breadcrumb":{"@id":"https:\/\/restaurantefrutosdelmar.com\/index.php\/pages\/services-modern\/#breadcrumb"},"inLanguage":"en-US","potentialAction":[{"@type":"ReadAction","target":["https:\/\/restaurantefrutosdelmar.com\/index.php\/pages\/services-modern\/"]}]},{"@type":"BreadcrumbList","@id":"https:\/\/restaurantefrutosdelmar.com\/index.php\/pages\/services-modern\/#breadcrumb","itemListElement":[{"@type":"ListItem","position":1,"name":"Home","item":"https:\/\/restaurantefrutosdelmar.com\/"},{"@type":"ListItem","position":2,"name":"Pages","item":"https:\/\/restaurantefrutosdelmar.com\/index.php\/pages\/"},{"@type":"ListItem","position":3,"name":"Services Modern"}]},{"@type":"WebSite","@id":"https:\/\/restaurantefrutosdelmar.com\/#website","url":"https:\/\/restaurantefrutosdelmar.com\/","name":"restaurantefrutosdelmar.com","description":"","publisher":{"@id":"https:\/\/restaurantefrutosdelmar.com\/#organization"},"potentialAction":[{"@type":"SearchAction","target":{"@type":"EntryPoint","urlTemplate":"https:\/\/restaurantefrutosdelmar.com\/?s={search_term_string}"},"query-input":{"@type":"PropertyValueSpecification","valueRequired":true,"valueName":"search_term_string"}}],"inLanguage":"en-US"},{"@type":"Organization","@id":"https:\/\/restaurantefrutosdelmar.com\/#organization","name":"Con tradicion Restaurante","url":"https:\/\/restaurantefrutosdelmar.com\/","logo":{"@type":"ImageObject","inLanguage":"en-US","@id":"https:\/\/restaurantefrutosdelmar.com\/#\/schema\/logo\/image\/","url":"https:\/\/restaurantefrutosdelmar.com\/wp-content\/uploads\/2022\/12\/Contradicion-Restaurante.png","contentUrl":"https:\/\/restaurantefrutosdelmar.com\/wp-content\/uploads\/2022\/12\/Contradicion-Restaurante.png","width":2090,"height":1324,"caption":"Con tradicion Restaurante"},"image":{"@id":"https:\/\/restaurantefrutosdelmar.com\/#\/schema\/logo\/image\/"},"sameAs":["https:\/\/es-la.facebook.com\/restaurantecontradicion\/"]}]}},"_links":{"self":[{"href":"https:\/\/restaurantefrutosdelmar.com\/index.php\/wp-json\/wp\/v2\/pages\/1169","targetHints":{"allow":["GET"]}}],"collection":[{"href":"https:\/\/restaurantefrutosdelmar.com\/index.php\/wp-json\/wp\/v2\/pages"}],"about":[{"href":"https:\/\/restaurantefrutosdelmar.com\/index.php\/wp-json\/wp\/v2\/types\/page"}],"author":[{"embeddable":true,"href":"https:\/\/restaurantefrutosdelmar.com\/index.php\/wp-json\/wp\/v2\/users\/1"}],"replies":[{"embeddable":true,"href":"https:\/\/restaurantefrutosdelmar.com\/index.php\/wp-json\/wp\/v2\/comments?post=1169"}],"version-history":[{"count":0,"href":"https:\/\/restaurantefrutosdelmar.com\/index.php\/wp-json\/wp\/v2\/pages\/1169\/revisions"}],"up":[{"embeddable":true,"href":"https:\/\/restaurantefrutosdelmar.com\/index.php\/wp-json\/wp\/v2\/pages\/1144"}],"wp:attachment":[{"href":"https:\/\/restaurantefrutosdelmar.com\/index.php\/wp-json\/wp\/v2\/media?parent=1169"}],"curies":[{"name":"wp","href":"https:\/\/api.w.org\/{rel}","templated":true}]}}