{"id":1202,"date":"2018-08-08T07:46:41","date_gmt":"2018-08-08T07:46:41","guid":{"rendered":"https:\/\/restaurantefrutosdelmar.com\/index.php\/pages\/services-list\/"},"modified":"2018-08-08T07:46:41","modified_gmt":"2018-08-08T07:46:41","slug":"services-list","status":"publish","type":"page","link":"https:\/\/restaurantefrutosdelmar.com\/index.php\/pages\/services-list\/","title":{"rendered":"Services List"},"content":{"rendered":"<section class=\"wpb-content-wrapper\"><p>[vc_row full_width=&#8221;stretch_row_content_no_spaces&#8221;][vc_column][tm_spacer size=&#8221;lg:114&#8243;][vc_row_inner lg_spacing=&#8221;padding_right:150;padding_left:150&#8243; md_spacing=&#8221;padding_right:100;padding_left:100&#8243; sm_spacing=&#8221;padding_right:30;padding_left:30&#8243;][vc_column_inner][tm_heading custom_google_font=&#8221;&#8221; text=&#8221;We <mark>design &amp; build<\/mark><br \/>\nbrands and digital projects<br \/>\nfor businesses.&#8221; font_size=&#8221;xs:36;sm:44;md:52;lg:60&#8243; line_height=&#8221;1.5&#8243;][\/vc_column_inner][\/vc_row_inner][tm_spacer size=&#8221;sm:100;lg:147&#8243;][tm_services_list items=&#8221;%5B%7B%22image%22%3A%221209%22%2C%22title%22%3A%22Creative%20services%22%2C%22text%22%3A%22Creative%20services%20are%20a%20subsector%20of%20the%20creative%20industries%2C%20a%20part%20of%20the%20economy%20that%20creates%20wealth%20by%20offering%20creativity%20for%20hire%20to%20other%20businesses.%20Creative%20Services%20also%20means%20a%20department%20within%20a%20company%20that%20does%20creative%20work%20such%20as%20writing%2C%20designing%2C%20and%20production.%20It%20is%20often%20a%20sub-department%20of%20the%20marketing%20organization.%22%7D%2C%7B%22image%22%3A%221208%22%2C%22title%22%3A%22Development%20plan%22%2C%22text%22%3A%22A%20professional%20development%20plan%20documents%20the%20goals%2C%20required%20skill%20and%20competency%20development%2C%20and%20objectives%20a%20staff%20member%20will%20need%20to%20accomplish%20in%20order%20to%20support%20continuous%20improvement%20and%20career%20development.%20A%20professional%20development%20plan%20is%20created%20by%20the%20manager%20working%20closely%20with%20the%20staff%20member%20to%20identify%20the%20necessary%20skills.%22%7D%2C%7B%22image%22%3A%221207%22%2C%22title%22%3A%22Digital%20marketing%22%2C%22text%22%3A%22Digital%20marketing%20is%20the%20marketing%20of%20products%20or%20services%20using%20digital%20technologies%2C%20mainly%20on%20the%20Internet%2C%20but%20also%20including%20mobile%20phones%2C%20display%20advertising%2C%20and%20any%20other%20digital%20medium.%20Digital%20marketing&#8217;s%20development%20since%20the%201990s%20and%202000s%20has%20changed%20the%20way%20brands%20and%20businesses%20use%20technology%20for%20marketing.%20%22%7D%5D&#8221;][tm_spacer size=&#8221;lg:100&#8243;][\/vc_column][\/vc_row][vc_row full_width=&#8221;stretch_row&#8221; content_placement=&#8221;middle&#8221; background_color=&#8221;primary&#8221; lg_spacing=&#8221;padding_top:69;padding_bottom:69&#8243;][vc_column width=&#8221;1\/2&#8243;][tm_heading custom_google_font=&#8221;&#8221; xs_align=&#8221;center&#8221; text_color=&#8221;custom&#8221; custom_text_color=&#8221;#ffffff&#8221; text=&#8221;Start working together?&#8221;][tm_spacer size=&#8221;xs:30&#8243;][\/vc_column][vc_column width=&#8221;1\/2&#8243;][tm_button button=&#8221;url:%23|title:Find%20out%20more||&#8221; align=&#8221;right&#8221; xs_align=&#8221;center&#8221; color=&#8221;custom&#8221; button_bg_color=&#8221;custom&#8221; font_color=&#8221;primary&#8221; button_border_color=&#8221;custom&#8221; custom_button_bg_color=&#8221;#ffffff&#8221; custom_button_border_color=&#8221;#ffffff&#8221;][\/vc_column][\/vc_row]<\/p>\n<\/section>","protected":false},"excerpt":{"rendered":"<p>[vc_row full_width=&#8221;stretch_row_content_no_spaces&#8221;][vc_column][tm_spacer size=&#8221;lg:114&#8243;][vc_row_inner lg_spacing=&#8221;padding_right:150;padding_left:150&#8243; md_spacing=&#8221;padding_right:100;padding_left:100&#8243; sm_spacing=&#8221;padding_right:30;padding_left:30&#8243;][vc_column_inner][tm_heading custom_google_font=&#8221;&#8221; text=&#8221;We design &amp; build brands and digital projects for businesses.&#8221; font_size=&#8221;xs:36;sm:44;md:52;lg:60&#8243; line_height=&#8221;1.5&#8243;][\/vc_column_inner][\/vc_row_inner][tm_spacer size=&#8221;sm:100;lg:147&#8243;][tm_services_list items=&#8221;%5B%7B%22image%22%3A%221209%22%2C%22title%22%3A%22Creative%20services%22%2C%22text%22%3A%22Creative%20services%20are%20a%20subsector%20of%20the%20creative%20industries%2C%20a%20part%20of%20the%20economy%20that%20creates%20wealth%20by%20offering%20creativity%20for%20hire%20to%20other%20businesses.%20Creative%20Services%20also%20means%20a%20department%20within%20a%20company%20that%20does%20creative%20work%20such%20as%20writing%2C%20designing%2C%20and%20production.%20It%20is%20often%20a%20sub-department%20of%20the%20marketing%20organization.%22%7D%2C%7B%22image%22%3A%221208%22%2C%22title%22%3A%22Development%20plan%22%2C%22text%22%3A%22A%20professional%20development%20plan%20documents%20the%20goals%2C%20required%20skill%20and%20competency%20development%2C%20and%20objectives%20a%20staff%20member%20will%20need%20to%20accomplish%20in%20order%20to%20support%20continuous%20improvement%20and%20career%20development.%20A%20professional%20development%20plan%20is%20created%20by%20the%20manager%20working%20closely%20with%20the%20staff%20member%20to%20identify%20the%20necessary%20skills.%22%7D%2C%7B%22image%22%3A%221207%22%2C%22title%22%3A%22Digital%20marketing%22%2C%22text%22%3A%22Digital%20marketing%20is%20the%20marketing%20of%20products%20or%20services%20using%20digital%20technologies%2C%20mainly%20on%20the%20Internet%2C%20but%20also%20including%20mobile%20phones%2C%20display%20advertising%2C%20and%20any%20other%20digital%20medium.%20Digital%20marketing&#8217;s%20development%20since%20the%201990s%20and%202000s%20has%20changed%20the%20way%20brands%20and%20businesses%20use%20technology%20for%20marketing.%20%22%7D%5D&#8221;][tm_spacer size=&#8221;lg:100&#8243;][\/vc_column][\/vc_row][vc_row full_width=&#8221;stretch_row&#8221; content_placement=&#8221;middle&#8221; background_color=&#8221;primary&#8221; lg_spacing=&#8221;padding_top:69;padding_bottom:69&#8243;][vc_column width=&#8221;1\/2&#8243;][tm_heading custom_google_font=&#8221;&#8221; xs_align=&#8221;center&#8221; text_color=&#8221;custom&#8221; custom_text_color=&#8221;#ffffff&#8221; text=&#8221;Start working together?&#8221;][tm_spacer size=&#8221;xs:30&#8243;][\/vc_column][vc_column width=&#8221;1\/2&#8243;][tm_button button=&#8221;url:%23|title:Find%20out%20more||&#8221; align=&#8221;right&#8221; xs_align=&#8221;center&#8221; color=&#8221;custom&#8221; button_bg_color=&#8221;custom&#8221; font_color=&#8221;primary&#8221; button_border_color=&#8221;custom&#8221; custom_button_bg_color=&#8221;#ffffff&#8221; custom_button_border_color=&#8221;#ffffff&#8221;][\/vc_column][\/vc_row]<\/p>\n","protected":false},"author":1,"featured_media":0,"parent":1144,"menu_order":0,"comment_status":"closed","ping_status":"closed","template":"","meta":{"footnotes":""},"class_list":["post-1202","page","type-page","status-publish","hentry","post-no-thumbnail"],"yoast_head":"<!-- This site is optimized with the Yoast SEO plugin v25.8 - https:\/\/yoast.com\/wordpress\/plugins\/seo\/ -->\n<title>Services List - restaurantefrutosdelmar.com<\/title>\n<meta name=\"description\" content=\"El Restaurante Con tradici\u00f3n del chef Sergio Botero. Se encuentra ubicado en Marinilla, Antioquia. Durante los ultimos a\u00f1os ha recibido numerosos reconocimientos. Destacandose como uno de los mejores restaurantes de comida Colombiana del pa\u00eds.\" \/>\n<meta name=\"robots\" content=\"index, follow, max-snippet:-1, max-image-preview:large, max-video-preview:-1\" \/>\n<link rel=\"canonical\" href=\"https:\/\/restaurantefrutosdelmar.com\/index.php\/pages\/services-list\/\" \/>\n<meta property=\"og:locale\" content=\"en_US\" \/>\n<meta property=\"og:type\" content=\"article\" \/>\n<meta property=\"og:title\" content=\"Services List - restaurantefrutosdelmar.com\" \/>\n<meta property=\"og:description\" content=\"El Restaurante Con tradici\u00f3n del chef Sergio Botero. Se encuentra ubicado en Marinilla, Antioquia. Durante los ultimos a\u00f1os ha recibido numerosos reconocimientos. Destacandose como uno de los mejores restaurantes de comida Colombiana del pa\u00eds.\" \/>\n<meta property=\"og:url\" content=\"https:\/\/restaurantefrutosdelmar.com\/index.php\/pages\/services-list\/\" \/>\n<meta property=\"og:site_name\" content=\"restaurantefrutosdelmar.com\" \/>\n<meta property=\"article:publisher\" content=\"https:\/\/es-la.facebook.com\/restaurantecontradicion\/\" \/>\n<meta name=\"twitter:card\" content=\"summary_large_image\" \/>\n<meta name=\"twitter:label1\" content=\"Est. reading time\" \/>\n\t<meta name=\"twitter:data1\" content=\"2 minutes\" \/>\n<script type=\"application\/ld+json\" class=\"yoast-schema-graph\">{\"@context\":\"https:\/\/schema.org\",\"@graph\":[{\"@type\":\"WebPage\",\"@id\":\"https:\/\/restaurantefrutosdelmar.com\/index.php\/pages\/services-list\/\",\"url\":\"https:\/\/restaurantefrutosdelmar.com\/index.php\/pages\/services-list\/\",\"name\":\"Services List - restaurantefrutosdelmar.com\",\"isPartOf\":{\"@id\":\"https:\/\/restaurantefrutosdelmar.com\/#website\"},\"datePublished\":\"2018-08-08T07:46:41+00:00\",\"description\":\"El Restaurante Con tradici\u00f3n del chef Sergio Botero. Se encuentra ubicado en Marinilla, Antioquia. Durante los ultimos a\u00f1os ha recibido numerosos reconocimientos. Destacandose como uno de los mejores restaurantes de comida Colombiana del pa\u00eds.\",\"breadcrumb\":{\"@id\":\"https:\/\/restaurantefrutosdelmar.com\/index.php\/pages\/services-list\/#breadcrumb\"},\"inLanguage\":\"en-US\",\"potentialAction\":[{\"@type\":\"ReadAction\",\"target\":[\"https:\/\/restaurantefrutosdelmar.com\/index.php\/pages\/services-list\/\"]}]},{\"@type\":\"BreadcrumbList\",\"@id\":\"https:\/\/restaurantefrutosdelmar.com\/index.php\/pages\/services-list\/#breadcrumb\",\"itemListElement\":[{\"@type\":\"ListItem\",\"position\":1,\"name\":\"Home\",\"item\":\"https:\/\/restaurantefrutosdelmar.com\/\"},{\"@type\":\"ListItem\",\"position\":2,\"name\":\"Pages\",\"item\":\"https:\/\/restaurantefrutosdelmar.com\/index.php\/pages\/\"},{\"@type\":\"ListItem\",\"position\":3,\"name\":\"Services List\"}]},{\"@type\":\"WebSite\",\"@id\":\"https:\/\/restaurantefrutosdelmar.com\/#website\",\"url\":\"https:\/\/restaurantefrutosdelmar.com\/\",\"name\":\"restaurantefrutosdelmar.com\",\"description\":\"\",\"publisher\":{\"@id\":\"https:\/\/restaurantefrutosdelmar.com\/#organization\"},\"potentialAction\":[{\"@type\":\"SearchAction\",\"target\":{\"@type\":\"EntryPoint\",\"urlTemplate\":\"https:\/\/restaurantefrutosdelmar.com\/?s={search_term_string}\"},\"query-input\":{\"@type\":\"PropertyValueSpecification\",\"valueRequired\":true,\"valueName\":\"search_term_string\"}}],\"inLanguage\":\"en-US\"},{\"@type\":\"Organization\",\"@id\":\"https:\/\/restaurantefrutosdelmar.com\/#organization\",\"name\":\"Con tradicion Restaurante\",\"url\":\"https:\/\/restaurantefrutosdelmar.com\/\",\"logo\":{\"@type\":\"ImageObject\",\"inLanguage\":\"en-US\",\"@id\":\"https:\/\/restaurantefrutosdelmar.com\/#\/schema\/logo\/image\/\",\"url\":\"https:\/\/restaurantefrutosdelmar.com\/wp-content\/uploads\/2022\/12\/Contradicion-Restaurante.png\",\"contentUrl\":\"https:\/\/restaurantefrutosdelmar.com\/wp-content\/uploads\/2022\/12\/Contradicion-Restaurante.png\",\"width\":2090,\"height\":1324,\"caption\":\"Con tradicion Restaurante\"},\"image\":{\"@id\":\"https:\/\/restaurantefrutosdelmar.com\/#\/schema\/logo\/image\/\"},\"sameAs\":[\"https:\/\/es-la.facebook.com\/restaurantecontradicion\/\"]}]}<\/script>\n<!-- \/ Yoast SEO plugin. -->","yoast_head_json":{"title":"Services List - restaurantefrutosdelmar.com","description":"El Restaurante Con tradici\u00f3n del chef Sergio Botero. Se encuentra ubicado en Marinilla, Antioquia. Durante los ultimos a\u00f1os ha recibido numerosos reconocimientos. Destacandose como uno de los mejores restaurantes de comida Colombiana del pa\u00eds.","robots":{"index":"index","follow":"follow","max-snippet":"max-snippet:-1","max-image-preview":"max-image-preview:large","max-video-preview":"max-video-preview:-1"},"canonical":"https:\/\/restaurantefrutosdelmar.com\/index.php\/pages\/services-list\/","og_locale":"en_US","og_type":"article","og_title":"Services List - restaurantefrutosdelmar.com","og_description":"El Restaurante Con tradici\u00f3n del chef Sergio Botero. Se encuentra ubicado en Marinilla, Antioquia. Durante los ultimos a\u00f1os ha recibido numerosos reconocimientos. Destacandose como uno de los mejores restaurantes de comida Colombiana del pa\u00eds.","og_url":"https:\/\/restaurantefrutosdelmar.com\/index.php\/pages\/services-list\/","og_site_name":"restaurantefrutosdelmar.com","article_publisher":"https:\/\/es-la.facebook.com\/restaurantecontradicion\/","twitter_card":"summary_large_image","twitter_misc":{"Est. reading time":"2 minutes"},"schema":{"@context":"https:\/\/schema.org","@graph":[{"@type":"WebPage","@id":"https:\/\/restaurantefrutosdelmar.com\/index.php\/pages\/services-list\/","url":"https:\/\/restaurantefrutosdelmar.com\/index.php\/pages\/services-list\/","name":"Services List - restaurantefrutosdelmar.com","isPartOf":{"@id":"https:\/\/restaurantefrutosdelmar.com\/#website"},"datePublished":"2018-08-08T07:46:41+00:00","description":"El Restaurante Con tradici\u00f3n del chef Sergio Botero. Se encuentra ubicado en Marinilla, Antioquia. Durante los ultimos a\u00f1os ha recibido numerosos reconocimientos. Destacandose como uno de los mejores restaurantes de comida Colombiana del pa\u00eds.","breadcrumb":{"@id":"https:\/\/restaurantefrutosdelmar.com\/index.php\/pages\/services-list\/#breadcrumb"},"inLanguage":"en-US","potentialAction":[{"@type":"ReadAction","target":["https:\/\/restaurantefrutosdelmar.com\/index.php\/pages\/services-list\/"]}]},{"@type":"BreadcrumbList","@id":"https:\/\/restaurantefrutosdelmar.com\/index.php\/pages\/services-list\/#breadcrumb","itemListElement":[{"@type":"ListItem","position":1,"name":"Home","item":"https:\/\/restaurantefrutosdelmar.com\/"},{"@type":"ListItem","position":2,"name":"Pages","item":"https:\/\/restaurantefrutosdelmar.com\/index.php\/pages\/"},{"@type":"ListItem","position":3,"name":"Services List"}]},{"@type":"WebSite","@id":"https:\/\/restaurantefrutosdelmar.com\/#website","url":"https:\/\/restaurantefrutosdelmar.com\/","name":"restaurantefrutosdelmar.com","description":"","publisher":{"@id":"https:\/\/restaurantefrutosdelmar.com\/#organization"},"potentialAction":[{"@type":"SearchAction","target":{"@type":"EntryPoint","urlTemplate":"https:\/\/restaurantefrutosdelmar.com\/?s={search_term_string}"},"query-input":{"@type":"PropertyValueSpecification","valueRequired":true,"valueName":"search_term_string"}}],"inLanguage":"en-US"},{"@type":"Organization","@id":"https:\/\/restaurantefrutosdelmar.com\/#organization","name":"Con tradicion Restaurante","url":"https:\/\/restaurantefrutosdelmar.com\/","logo":{"@type":"ImageObject","inLanguage":"en-US","@id":"https:\/\/restaurantefrutosdelmar.com\/#\/schema\/logo\/image\/","url":"https:\/\/restaurantefrutosdelmar.com\/wp-content\/uploads\/2022\/12\/Contradicion-Restaurante.png","contentUrl":"https:\/\/restaurantefrutosdelmar.com\/wp-content\/uploads\/2022\/12\/Contradicion-Restaurante.png","width":2090,"height":1324,"caption":"Con tradicion Restaurante"},"image":{"@id":"https:\/\/restaurantefrutosdelmar.com\/#\/schema\/logo\/image\/"},"sameAs":["https:\/\/es-la.facebook.com\/restaurantecontradicion\/"]}]}},"_links":{"self":[{"href":"https:\/\/restaurantefrutosdelmar.com\/index.php\/wp-json\/wp\/v2\/pages\/1202","targetHints":{"allow":["GET"]}}],"collection":[{"href":"https:\/\/restaurantefrutosdelmar.com\/index.php\/wp-json\/wp\/v2\/pages"}],"about":[{"href":"https:\/\/restaurantefrutosdelmar.com\/index.php\/wp-json\/wp\/v2\/types\/page"}],"author":[{"embeddable":true,"href":"https:\/\/restaurantefrutosdelmar.com\/index.php\/wp-json\/wp\/v2\/users\/1"}],"replies":[{"embeddable":true,"href":"https:\/\/restaurantefrutosdelmar.com\/index.php\/wp-json\/wp\/v2\/comments?post=1202"}],"version-history":[{"count":0,"href":"https:\/\/restaurantefrutosdelmar.com\/index.php\/wp-json\/wp\/v2\/pages\/1202\/revisions"}],"up":[{"embeddable":true,"href":"https:\/\/restaurantefrutosdelmar.com\/index.php\/wp-json\/wp\/v2\/pages\/1144"}],"wp:attachment":[{"href":"https:\/\/restaurantefrutosdelmar.com\/index.php\/wp-json\/wp\/v2\/media?parent=1202"}],"curies":[{"name":"wp","href":"https:\/\/api.w.org\/{rel}","templated":true}]}}