{"id":1212,"date":"2018-08-08T09:00:23","date_gmt":"2018-08-08T09:00:23","guid":{"rendered":"https:\/\/restaurantefrutosdelmar.com\/index.php\/pages\/pricing-plans\/"},"modified":"2018-08-08T09:00:23","modified_gmt":"2018-08-08T09:00:23","slug":"pricing-plans","status":"publish","type":"page","link":"https:\/\/restaurantefrutosdelmar.com\/index.php\/pages\/pricing-plans\/","title":{"rendered":"Pricing plans"},"content":{"rendered":"<section class=\"wpb-content-wrapper\"><p>[vc_section full_width=&#8221;stretch_row&#8221; background_color=&#8221;custom&#8221; custom_background_color=&#8221;#f5f5f5&#8243; lg_spacing=&#8221;padding_top:148&#8243; sm_spacing=&#8221;padding_top:100&#8243;][vc_row][vc_column offset=&#8221;vc_col-md-4&#8243;][tm_heading custom_google_font=&#8221;&#8221; text=&#8221;Choose your plan&#8221; line_height=&#8221;1.44&#8243;][tm_spacer size=&#8221;lg:23&#8243;][tm_heading tag=&#8221;div&#8221; custom_google_font=&#8221;&#8221; text=&#8221;If you are unsure which pricing plan to choose, then register for a 14-day free trial to start building your business.&#8221;][tm_spacer size=&#8221;lg:40&#8243;][\/vc_column][vc_column offset=&#8221;vc_col-md-offset-1 vc_col-md-4&#8243;][vc_row_inner max_width=&#8221;355px&#8221;][vc_column_inner][tm_heading style=&#8221;modern-02&#8243; custom_google_font=&#8221;&#8221; text=&#8221;About&#8221;][tm_spacer size=&#8221;lg:24&#8243;][vc_column_text]We offer\u00a0competitive rates and amazing pricing plans\u00a0to help you find one that fits your needs and budget.\u00a0<wbr \/>If you are unsure which\u00a0pricing plan\u00a0to choose, don&#8217;t worry, you can always get a refund from us.[\/vc_column_text][\/vc_column_inner][\/vc_row_inner][tm_spacer size=&#8221;lg:40&#8243;][\/vc_column][vc_column offset=&#8221;vc_col-md-3&#8243;][tm_heading style=&#8221;modern-02&#8243; custom_google_font=&#8221;&#8221; text=&#8221;Features&#8221;][tm_spacer size=&#8221;lg:24&#8243;][tm_list list_style=&#8221;check&#8221; columns=&#8221;xs:1;lg:1&#8243; items=&#8221;%5B%7B%22item_title%22%3A%22Branding%20strategy%20%26%20identity%22%7D%2C%7B%22item_title%22%3A%22Marketing%20campaign%20%26%20PR%22%7D%2C%7B%22item_title%22%3A%22Website%20and%20app%20designing%22%7D%2C%7B%22item_title%22%3A%22Video%20production%20%26%20editing%22%7D%2C%7B%22item_title%22%3A%22User%20experience%20designing%22%7D%2C%7B%22item_title%22%3A%22Content%20development%22%7D%5D&#8221;][tm_spacer size=&#8221;lg:40&#8243;][\/vc_column][\/vc_row][vc_row full_width=&#8221;stretch_row&#8221;][vc_column][tm_spacer size=&#8221;lg:50&#8243;][tm_grid centered_items=&#8221;1&#8243; columns=&#8221;xs:1;sm:1;lg:3&#8243; item_max_width=&#8221;sm:480&#8243; column_gutter=&#8221;lg:30&#8243; row_gutter=&#8221;lg:30&#8243;][tm_pricing period=&#8221;&#8221; title=&#8221;Basic package&#8221; price=&#8221;49&#8243; button=&#8221;url:%23|title:Sign%20up||&#8221; items=&#8221;%5B%7B%22text%22%3A%22Branding%20strategy%20%26%20identity%22%2C%22available%22%3A%221%22%7D%2C%7B%22text%22%3A%22Marketing%20campaign%20%26%20PR%22%2C%22available%22%3A%221%22%7D%2C%7B%22text%22%3A%22Website%20and%20app%20designing%22%7D%2C%7B%22text%22%3A%22Video%20production%20%26%20editing%22%7D%2C%7B%22text%22%3A%22User%20experience%20designing%22%7D%2C%7B%22text%22%3A%22Content%20development%22%7D%5D&#8221;][tm_pricing featured=&#8221;1&#8243; period=&#8221;&#8221; title=&#8221;Advanced package&#8221; price=&#8221;89&#8243; button=&#8221;url:%23|title:Sign%20up||&#8221; items=&#8221;%5B%7B%22text%22%3A%22Branding%20strategy%20%26%20identity%22%2C%22available%22%3A%221%22%7D%2C%7B%22text%22%3A%22Marketing%20campaign%20%26%20PR%22%2C%22available%22%3A%221%22%7D%2C%7B%22text%22%3A%22Website%20and%20app%20designing%22%2C%22available%22%3A%221%22%7D%2C%7B%22text%22%3A%22Video%20production%20%26%20editing%22%2C%22available%22%3A%221%22%7D%2C%7B%22text%22%3A%22User%20experience%20designing%22%2C%22available%22%3A%221%22%7D%2C%7B%22text%22%3A%22Content%20development%22%2C%22available%22%3A%221%22%7D%5D&#8221;][tm_pricing period=&#8221;&#8221; title=&#8221;Premium package&#8221; price=&#8221;249&#8243; button=&#8221;url:%23|title:Sign%20up||&#8221; items=&#8221;%5B%7B%22text%22%3A%22Branding%20strategy%20%26%20identity%22%2C%22available%22%3A%221%22%7D%2C%7B%22text%22%3A%22Marketing%20campaign%20%26%20PR%22%2C%22available%22%3A%221%22%7D%2C%7B%22text%22%3A%22Website%20and%20app%20designing%22%2C%22available%22%3A%221%22%7D%2C%7B%22text%22%3A%22Video%20production%20%26%20editing%22%2C%22available%22%3A%221%22%7D%2C%7B%22text%22%3A%22User%20experience%20designing%22%2C%22available%22%3A%221%22%7D%2C%7B%22text%22%3A%22Content%20development%22%2C%22available%22%3A%221%22%7D%5D&#8221;][\/tm_grid][tm_spacer size=&#8221;sm:100;lg:150&#8243;][\/vc_column][\/vc_row][\/vc_section][vc_row full_width=&#8221;stretch_row&#8221;][vc_column][tm_spacer size=&#8221;lg:114&#8243;][tm_heading custom_google_font=&#8221;&#8221; align=&#8221;center&#8221; text=&#8221;Start working together?&#8221; line_height=&#8221;1.44&#8243;][tm_spacer size=&#8221;lg:41&#8243;][tm_button button=&#8221;url:%23|title:Find%20out%20more||&#8221; align=&#8221;center&#8221;][tm_spacer size=&#8221;lg:121&#8243;][\/vc_column][\/vc_row]<\/p>\n<\/section>","protected":false},"excerpt":{"rendered":"<p>[vc_section full_width=&#8221;stretch_row&#8221; background_color=&#8221;custom&#8221; custom_background_color=&#8221;#f5f5f5&#8243; lg_spacing=&#8221;padding_top:148&#8243; sm_spacing=&#8221;padding_top:100&#8243;][vc_row][vc_column offset=&#8221;vc_col-md-4&#8243;][tm_heading custom_google_font=&#8221;&#8221; text=&#8221;Choose your plan&#8221; line_height=&#8221;1.44&#8243;][tm_spacer size=&#8221;lg:23&#8243;][tm_heading tag=&#8221;div&#8221; custom_google_font=&#8221;&#8221; text=&#8221;If you are unsure which pricing plan to choose, then register for a 14-day free trial to start building your business.&#8221;][tm_spacer size=&#8221;lg:40&#8243;][\/vc_column][vc_column offset=&#8221;vc_col-md-offset-1 vc_col-md-4&#8243;][vc_row_inner max_width=&#8221;355px&#8221;][vc_column_inner][tm_heading style=&#8221;modern-02&#8243; custom_google_font=&#8221;&#8221; text=&#8221;About&#8221;][tm_spacer size=&#8221;lg:24&#8243;][vc_column_text]We offer\u00a0competitive rates and amazing pricing plans\u00a0to help you find one that fits your needs and budget.\u00a0If you are unsure which\u00a0pricing plan\u00a0to choose, don&#8217;t worry, you can always get a refund from us.[\/vc_column_text][\/vc_column_inner][\/vc_row_inner][tm_spacer size=&#8221;lg:40&#8243;][\/vc_column][vc_column offset=&#8221;vc_col-md-3&#8243;][tm_heading style=&#8221;modern-02&#8243; custom_google_font=&#8221;&#8221; text=&#8221;Features&#8221;][tm_spacer size=&#8221;lg:24&#8243;][tm_list list_style=&#8221;check&#8221; columns=&#8221;xs:1;lg:1&#8243; items=&#8221;%5B%7B%22item_title%22%3A%22Branding%20strategy%20%26%20identity%22%7D%2C%7B%22item_title%22%3A%22Marketing%20campaign%20%26%20PR%22%7D%2C%7B%22item_title%22%3A%22Website%20and%20app%20designing%22%7D%2C%7B%22item_title%22%3A%22Video%20production%20%26%20editing%22%7D%2C%7B%22item_title%22%3A%22User%20experience%20designing%22%7D%2C%7B%22item_title%22%3A%22Content%20development%22%7D%5D&#8221;][tm_spacer size=&#8221;lg:40&#8243;][\/vc_column][\/vc_row][vc_row full_width=&#8221;stretch_row&#8221;][vc_column][tm_spacer size=&#8221;lg:50&#8243;][tm_grid centered_items=&#8221;1&#8243; columns=&#8221;xs:1;sm:1;lg:3&#8243; item_max_width=&#8221;sm:480&#8243; column_gutter=&#8221;lg:30&#8243; row_gutter=&#8221;lg:30&#8243;][tm_pricing period=&#8221;&#8221; title=&#8221;Basic package&#8221; price=&#8221;49&#8243; button=&#8221;url:%23|title:Sign%20up||&#8221; items=&#8221;%5B%7B%22text%22%3A%22Branding%20strategy%20%26%20identity%22%2C%22available%22%3A%221%22%7D%2C%7B%22text%22%3A%22Marketing%20campaign%20%26%20PR%22%2C%22available%22%3A%221%22%7D%2C%7B%22text%22%3A%22Website%20and%20app%20designing%22%7D%2C%7B%22text%22%3A%22Video%20production%20%26%20editing%22%7D%2C%7B%22text%22%3A%22User%20experience%20designing%22%7D%2C%7B%22text%22%3A%22Content%20development%22%7D%5D&#8221;][tm_pricing featured=&#8221;1&#8243; period=&#8221;&#8221; title=&#8221;Advanced package&#8221; price=&#8221;89&#8243; button=&#8221;url:%23|title:Sign%20up||&#8221; items=&#8221;%5B%7B%22text%22%3A%22Branding%20strategy%20%26%20identity%22%2C%22available%22%3A%221%22%7D%2C%7B%22text%22%3A%22Marketing%20campaign%20%26%20PR%22%2C%22available%22%3A%221%22%7D%2C%7B%22text%22%3A%22Website%20and%20app%20designing%22%2C%22available%22%3A%221%22%7D%2C%7B%22text%22%3A%22Video%20production%20%26%20editing%22%2C%22available%22%3A%221%22%7D%2C%7B%22text%22%3A%22User%20experience%20designing%22%2C%22available%22%3A%221%22%7D%2C%7B%22text%22%3A%22Content%20development%22%2C%22available%22%3A%221%22%7D%5D&#8221;][tm_pricing period=&#8221;&#8221; title=&#8221;Premium package&#8221; price=&#8221;249&#8243; button=&#8221;url:%23|title:Sign%20up||&#8221; items=&#8221;%5B%7B%22text%22%3A%22Branding%20strategy%20%26%20identity%22%2C%22available%22%3A%221%22%7D%2C%7B%22text%22%3A%22Marketing%20campaign%20%26%20PR%22%2C%22available%22%3A%221%22%7D%2C%7B%22text%22%3A%22Website%20and%20app%20designing%22%2C%22available%22%3A%221%22%7D%2C%7B%22text%22%3A%22Video%20production%20%26%20editing%22%2C%22available%22%3A%221%22%7D%2C%7B%22text%22%3A%22User%20experience%20designing%22%2C%22available%22%3A%221%22%7D%2C%7B%22text%22%3A%22Content%20development%22%2C%22available%22%3A%221%22%7D%5D&#8221;][\/tm_grid][tm_spacer size=&#8221;sm:100;lg:150&#8243;][\/vc_column][\/vc_row][\/vc_section][vc_row full_width=&#8221;stretch_row&#8221;][vc_column][tm_spacer size=&#8221;lg:114&#8243;][tm_heading custom_google_font=&#8221;&#8221; align=&#8221;center&#8221; text=&#8221;Start working together?&#8221; line_height=&#8221;1.44&#8243;][tm_spacer size=&#8221;lg:41&#8243;][tm_button button=&#8221;url:%23|title:Find%20out%20more||&#8221; align=&#8221;center&#8221;][tm_spacer size=&#8221;lg:121&#8243;][\/vc_column][\/vc_row]<\/p>\n","protected":false},"author":1,"featured_media":0,"parent":1144,"menu_order":0,"comment_status":"closed","ping_status":"closed","template":"","meta":{"footnotes":""},"class_list":["post-1212","page","type-page","status-publish","hentry","post-no-thumbnail"],"yoast_head":"<!-- This site is optimized with the Yoast SEO plugin v25.8 - https:\/\/yoast.com\/wordpress\/plugins\/seo\/ -->\n<title>Pricing plans - restaurantefrutosdelmar.com<\/title>\n<meta name=\"description\" content=\"El Restaurante Con tradici\u00f3n del chef Sergio Botero. Se encuentra ubicado en Marinilla, Antioquia. Durante los ultimos a\u00f1os ha recibido numerosos reconocimientos. Destacandose como uno de los mejores restaurantes de comida Colombiana del pa\u00eds.\" \/>\n<meta name=\"robots\" content=\"index, follow, max-snippet:-1, max-image-preview:large, max-video-preview:-1\" \/>\n<link rel=\"canonical\" href=\"https:\/\/restaurantefrutosdelmar.com\/index.php\/pages\/pricing-plans\/\" \/>\n<meta property=\"og:locale\" content=\"en_US\" \/>\n<meta property=\"og:type\" content=\"article\" \/>\n<meta property=\"og:title\" content=\"Pricing plans - restaurantefrutosdelmar.com\" \/>\n<meta property=\"og:description\" content=\"El Restaurante Con tradici\u00f3n del chef Sergio Botero. Se encuentra ubicado en Marinilla, Antioquia. Durante los ultimos a\u00f1os ha recibido numerosos reconocimientos. Destacandose como uno de los mejores restaurantes de comida Colombiana del pa\u00eds.\" \/>\n<meta property=\"og:url\" content=\"https:\/\/restaurantefrutosdelmar.com\/index.php\/pages\/pricing-plans\/\" \/>\n<meta property=\"og:site_name\" content=\"restaurantefrutosdelmar.com\" \/>\n<meta property=\"article:publisher\" content=\"https:\/\/es-la.facebook.com\/restaurantecontradicion\/\" \/>\n<meta name=\"twitter:card\" content=\"summary_large_image\" \/>\n<meta name=\"twitter:label1\" content=\"Est. reading time\" \/>\n\t<meta name=\"twitter:data1\" content=\"3 minutes\" \/>\n<script type=\"application\/ld+json\" class=\"yoast-schema-graph\">{\"@context\":\"https:\/\/schema.org\",\"@graph\":[{\"@type\":\"WebPage\",\"@id\":\"https:\/\/restaurantefrutosdelmar.com\/index.php\/pages\/pricing-plans\/\",\"url\":\"https:\/\/restaurantefrutosdelmar.com\/index.php\/pages\/pricing-plans\/\",\"name\":\"Pricing plans - restaurantefrutosdelmar.com\",\"isPartOf\":{\"@id\":\"https:\/\/restaurantefrutosdelmar.com\/#website\"},\"datePublished\":\"2018-08-08T09:00:23+00:00\",\"description\":\"El Restaurante Con tradici\u00f3n del chef Sergio Botero. Se encuentra ubicado en Marinilla, Antioquia. Durante los ultimos a\u00f1os ha recibido numerosos reconocimientos. Destacandose como uno de los mejores restaurantes de comida Colombiana del pa\u00eds.\",\"breadcrumb\":{\"@id\":\"https:\/\/restaurantefrutosdelmar.com\/index.php\/pages\/pricing-plans\/#breadcrumb\"},\"inLanguage\":\"en-US\",\"potentialAction\":[{\"@type\":\"ReadAction\",\"target\":[\"https:\/\/restaurantefrutosdelmar.com\/index.php\/pages\/pricing-plans\/\"]}]},{\"@type\":\"BreadcrumbList\",\"@id\":\"https:\/\/restaurantefrutosdelmar.com\/index.php\/pages\/pricing-plans\/#breadcrumb\",\"itemListElement\":[{\"@type\":\"ListItem\",\"position\":1,\"name\":\"Home\",\"item\":\"https:\/\/restaurantefrutosdelmar.com\/\"},{\"@type\":\"ListItem\",\"position\":2,\"name\":\"Pages\",\"item\":\"https:\/\/restaurantefrutosdelmar.com\/index.php\/pages\/\"},{\"@type\":\"ListItem\",\"position\":3,\"name\":\"Pricing plans\"}]},{\"@type\":\"WebSite\",\"@id\":\"https:\/\/restaurantefrutosdelmar.com\/#website\",\"url\":\"https:\/\/restaurantefrutosdelmar.com\/\",\"name\":\"restaurantefrutosdelmar.com\",\"description\":\"\",\"publisher\":{\"@id\":\"https:\/\/restaurantefrutosdelmar.com\/#organization\"},\"potentialAction\":[{\"@type\":\"SearchAction\",\"target\":{\"@type\":\"EntryPoint\",\"urlTemplate\":\"https:\/\/restaurantefrutosdelmar.com\/?s={search_term_string}\"},\"query-input\":{\"@type\":\"PropertyValueSpecification\",\"valueRequired\":true,\"valueName\":\"search_term_string\"}}],\"inLanguage\":\"en-US\"},{\"@type\":\"Organization\",\"@id\":\"https:\/\/restaurantefrutosdelmar.com\/#organization\",\"name\":\"Con tradicion Restaurante\",\"url\":\"https:\/\/restaurantefrutosdelmar.com\/\",\"logo\":{\"@type\":\"ImageObject\",\"inLanguage\":\"en-US\",\"@id\":\"https:\/\/restaurantefrutosdelmar.com\/#\/schema\/logo\/image\/\",\"url\":\"https:\/\/restaurantefrutosdelmar.com\/wp-content\/uploads\/2022\/12\/Contradicion-Restaurante.png\",\"contentUrl\":\"https:\/\/restaurantefrutosdelmar.com\/wp-content\/uploads\/2022\/12\/Contradicion-Restaurante.png\",\"width\":2090,\"height\":1324,\"caption\":\"Con tradicion Restaurante\"},\"image\":{\"@id\":\"https:\/\/restaurantefrutosdelmar.com\/#\/schema\/logo\/image\/\"},\"sameAs\":[\"https:\/\/es-la.facebook.com\/restaurantecontradicion\/\"]}]}<\/script>\n<!-- \/ Yoast SEO plugin. -->","yoast_head_json":{"title":"Pricing plans - restaurantefrutosdelmar.com","description":"El Restaurante Con tradici\u00f3n del chef Sergio Botero. Se encuentra ubicado en Marinilla, Antioquia. Durante los ultimos a\u00f1os ha recibido numerosos reconocimientos. Destacandose como uno de los mejores restaurantes de comida Colombiana del pa\u00eds.","robots":{"index":"index","follow":"follow","max-snippet":"max-snippet:-1","max-image-preview":"max-image-preview:large","max-video-preview":"max-video-preview:-1"},"canonical":"https:\/\/restaurantefrutosdelmar.com\/index.php\/pages\/pricing-plans\/","og_locale":"en_US","og_type":"article","og_title":"Pricing plans - restaurantefrutosdelmar.com","og_description":"El Restaurante Con tradici\u00f3n del chef Sergio Botero. Se encuentra ubicado en Marinilla, Antioquia. Durante los ultimos a\u00f1os ha recibido numerosos reconocimientos. Destacandose como uno de los mejores restaurantes de comida Colombiana del pa\u00eds.","og_url":"https:\/\/restaurantefrutosdelmar.com\/index.php\/pages\/pricing-plans\/","og_site_name":"restaurantefrutosdelmar.com","article_publisher":"https:\/\/es-la.facebook.com\/restaurantecontradicion\/","twitter_card":"summary_large_image","twitter_misc":{"Est. reading time":"3 minutes"},"schema":{"@context":"https:\/\/schema.org","@graph":[{"@type":"WebPage","@id":"https:\/\/restaurantefrutosdelmar.com\/index.php\/pages\/pricing-plans\/","url":"https:\/\/restaurantefrutosdelmar.com\/index.php\/pages\/pricing-plans\/","name":"Pricing plans - restaurantefrutosdelmar.com","isPartOf":{"@id":"https:\/\/restaurantefrutosdelmar.com\/#website"},"datePublished":"2018-08-08T09:00:23+00:00","description":"El Restaurante Con tradici\u00f3n del chef Sergio Botero. Se encuentra ubicado en Marinilla, Antioquia. Durante los ultimos a\u00f1os ha recibido numerosos reconocimientos. Destacandose como uno de los mejores restaurantes de comida Colombiana del pa\u00eds.","breadcrumb":{"@id":"https:\/\/restaurantefrutosdelmar.com\/index.php\/pages\/pricing-plans\/#breadcrumb"},"inLanguage":"en-US","potentialAction":[{"@type":"ReadAction","target":["https:\/\/restaurantefrutosdelmar.com\/index.php\/pages\/pricing-plans\/"]}]},{"@type":"BreadcrumbList","@id":"https:\/\/restaurantefrutosdelmar.com\/index.php\/pages\/pricing-plans\/#breadcrumb","itemListElement":[{"@type":"ListItem","position":1,"name":"Home","item":"https:\/\/restaurantefrutosdelmar.com\/"},{"@type":"ListItem","position":2,"name":"Pages","item":"https:\/\/restaurantefrutosdelmar.com\/index.php\/pages\/"},{"@type":"ListItem","position":3,"name":"Pricing plans"}]},{"@type":"WebSite","@id":"https:\/\/restaurantefrutosdelmar.com\/#website","url":"https:\/\/restaurantefrutosdelmar.com\/","name":"restaurantefrutosdelmar.com","description":"","publisher":{"@id":"https:\/\/restaurantefrutosdelmar.com\/#organization"},"potentialAction":[{"@type":"SearchAction","target":{"@type":"EntryPoint","urlTemplate":"https:\/\/restaurantefrutosdelmar.com\/?s={search_term_string}"},"query-input":{"@type":"PropertyValueSpecification","valueRequired":true,"valueName":"search_term_string"}}],"inLanguage":"en-US"},{"@type":"Organization","@id":"https:\/\/restaurantefrutosdelmar.com\/#organization","name":"Con tradicion Restaurante","url":"https:\/\/restaurantefrutosdelmar.com\/","logo":{"@type":"ImageObject","inLanguage":"en-US","@id":"https:\/\/restaurantefrutosdelmar.com\/#\/schema\/logo\/image\/","url":"https:\/\/restaurantefrutosdelmar.com\/wp-content\/uploads\/2022\/12\/Contradicion-Restaurante.png","contentUrl":"https:\/\/restaurantefrutosdelmar.com\/wp-content\/uploads\/2022\/12\/Contradicion-Restaurante.png","width":2090,"height":1324,"caption":"Con tradicion Restaurante"},"image":{"@id":"https:\/\/restaurantefrutosdelmar.com\/#\/schema\/logo\/image\/"},"sameAs":["https:\/\/es-la.facebook.com\/restaurantecontradicion\/"]}]}},"_links":{"self":[{"href":"https:\/\/restaurantefrutosdelmar.com\/index.php\/wp-json\/wp\/v2\/pages\/1212","targetHints":{"allow":["GET"]}}],"collection":[{"href":"https:\/\/restaurantefrutosdelmar.com\/index.php\/wp-json\/wp\/v2\/pages"}],"about":[{"href":"https:\/\/restaurantefrutosdelmar.com\/index.php\/wp-json\/wp\/v2\/types\/page"}],"author":[{"embeddable":true,"href":"https:\/\/restaurantefrutosdelmar.com\/index.php\/wp-json\/wp\/v2\/users\/1"}],"replies":[{"embeddable":true,"href":"https:\/\/restaurantefrutosdelmar.com\/index.php\/wp-json\/wp\/v2\/comments?post=1212"}],"version-history":[{"count":0,"href":"https:\/\/restaurantefrutosdelmar.com\/index.php\/wp-json\/wp\/v2\/pages\/1212\/revisions"}],"up":[{"embeddable":true,"href":"https:\/\/restaurantefrutosdelmar.com\/index.php\/wp-json\/wp\/v2\/pages\/1144"}],"wp:attachment":[{"href":"https:\/\/restaurantefrutosdelmar.com\/index.php\/wp-json\/wp\/v2\/media?parent=1212"}],"curies":[{"name":"wp","href":"https:\/\/api.w.org\/{rel}","templated":true}]}}