{"id":1237,"date":"2018-08-08T09:46:38","date_gmt":"2018-08-08T09:46:38","guid":{"rendered":"https:\/\/restaurantefrutosdelmar.com\/index.php\/pages\/our-team-grid\/"},"modified":"2018-08-08T09:46:38","modified_gmt":"2018-08-08T09:46:38","slug":"our-team-grid","status":"publish","type":"page","link":"https:\/\/restaurantefrutosdelmar.com\/index.php\/pages\/our-team-grid\/","title":{"rendered":"Our Team Grid"},"content":{"rendered":"<section class=\"wpb-content-wrapper\"><p>[vc_row][vc_column][tm_spacer size=&#8221;lg:124&#8243;][tm_heading custom_google_font=&#8221;&#8221; align=&#8221;center&#8221; text=&#8221;The A-team of <mark>awesomeness<\/mark> &#038; creative people&#8221; font_size=&#8221;xs:36;sm:44;md:52;lg:60&#8243; line_height=&#8221;1.5&#8243;][tm_spacer size=&#8221;lg:145&#8243;][\/vc_column][\/vc_row][vc_row full_width=&#8221;stretch_row&#8221;][vc_column][tm_grid columns=&#8221;xs:1;sm:2;lg:3&#8243; column_gutter=&#8221;md:30;lg:75&#8243; row_gutter=&#8221;lg:60&#8243;][tm_team_member social_networks=&#8221;%5B%7B%22icon_type%22%3A%22fontawesome5%22%2C%22icon_fontawesome5%22%3A%22fab%20fa-facebook%22%2C%22icon_ion%22%3A%22ion-alert%22%2C%22link%22%3A%22%23%22%2C%22title%22%3A%22Facebook%22%7D%2C%7B%22icon_type%22%3A%22fontawesome5%22%2C%22icon_fontawesome5%22%3A%22fab%20fa-twitter%22%2C%22icon_ion%22%3A%22ion-alert%22%2C%22link%22%3A%22%23%22%2C%22title%22%3A%22Twitter%22%7D%2C%7B%22icon_type%22%3A%22fontawesome5%22%2C%22icon_fontawesome5%22%3A%22fab%20fa-instagram%22%2C%22icon_ion%22%3A%22ion-alert%22%2C%22link%22%3A%22%23%22%2C%22title%22%3A%22Instagram%22%7D%5D&#8221; photo=&#8221;434&#8243; name=&#8221;John Doe&#8221; position=&#8221;Founder&#8221;][tm_team_member social_networks=&#8221;%5B%7B%22icon_type%22%3A%22fontawesome5%22%2C%22icon_fontawesome5%22%3A%22fab%20fa-facebook%22%2C%22icon_ion%22%3A%22ion-alert%22%2C%22link%22%3A%22%23%22%2C%22title%22%3A%22Facebook%22%7D%2C%7B%22icon_type%22%3A%22fontawesome5%22%2C%22icon_fontawesome5%22%3A%22fab%20fa-twitter%22%2C%22icon_ion%22%3A%22ion-alert%22%2C%22link%22%3A%22%23%22%2C%22title%22%3A%22Twitter%22%7D%2C%7B%22icon_type%22%3A%22fontawesome5%22%2C%22icon_fontawesome5%22%3A%22fab%20fa-instagram%22%2C%22icon_ion%22%3A%22ion-alert%22%2C%22link%22%3A%22%23%22%2C%22title%22%3A%22Instagram%22%7D%5D&#8221; photo=&#8221;435&#8243; name=&#8221;Kasahara May&#8221; position=&#8221;Project manager&#8221;][tm_team_member social_networks=&#8221;%5B%7B%22icon_type%22%3A%22fontawesome5%22%2C%22icon_fontawesome5%22%3A%22fab%20fa-facebook%22%2C%22icon_ion%22%3A%22ion-alert%22%2C%22link%22%3A%22%23%22%2C%22title%22%3A%22Facebook%22%7D%2C%7B%22icon_type%22%3A%22fontawesome5%22%2C%22icon_fontawesome5%22%3A%22fab%20fa-twitter%22%2C%22icon_ion%22%3A%22ion-alert%22%2C%22link%22%3A%22%23%22%2C%22title%22%3A%22Twitter%22%7D%2C%7B%22icon_type%22%3A%22fontawesome5%22%2C%22icon_fontawesome5%22%3A%22fab%20fa-instagram%22%2C%22icon_ion%22%3A%22ion-alert%22%2C%22link%22%3A%22%23%22%2C%22title%22%3A%22Instagram%22%7D%5D&#8221; photo=&#8221;438&#8243; name=&#8221;Blake Hamilton&#8221; position=&#8221;Engineer&#8221;][tm_team_member social_networks=&#8221;%5B%7B%22icon_type%22%3A%22fontawesome5%22%2C%22icon_fontawesome5%22%3A%22fab%20fa-facebook%22%2C%22icon_ion%22%3A%22ion-alert%22%2C%22link%22%3A%22%23%22%2C%22title%22%3A%22Facebook%22%7D%2C%7B%22icon_type%22%3A%22fontawesome5%22%2C%22icon_fontawesome5%22%3A%22fab%20fa-twitter%22%2C%22icon_ion%22%3A%22ion-alert%22%2C%22link%22%3A%22%23%22%2C%22title%22%3A%22Twitter%22%7D%2C%7B%22icon_type%22%3A%22fontawesome5%22%2C%22icon_fontawesome5%22%3A%22fab%20fa-instagram%22%2C%22icon_ion%22%3A%22ion-alert%22%2C%22link%22%3A%22%23%22%2C%22title%22%3A%22Instagram%22%7D%5D&#8221; photo=&#8221;433&#8243; name=&#8221;Caroline Roses&#8221; position=&#8221;Designer&#8221;][tm_team_member social_networks=&#8221;%5B%7B%22icon_type%22%3A%22fontawesome5%22%2C%22icon_fontawesome5%22%3A%22fab%20fa-facebook%22%2C%22icon_ion%22%3A%22ion-alert%22%2C%22link%22%3A%22%23%22%2C%22title%22%3A%22Facebook%22%7D%2C%7B%22icon_type%22%3A%22fontawesome5%22%2C%22icon_fontawesome5%22%3A%22fab%20fa-twitter%22%2C%22icon_ion%22%3A%22ion-alert%22%2C%22link%22%3A%22%23%22%2C%22title%22%3A%22Twitter%22%7D%2C%7B%22icon_type%22%3A%22fontawesome5%22%2C%22icon_fontawesome5%22%3A%22fab%20fa-instagram%22%2C%22icon_ion%22%3A%22ion-alert%22%2C%22link%22%3A%22%23%22%2C%22title%22%3A%22Instagram%22%7D%5D&#8221; photo=&#8221;437&#8243; name=&#8221;Sarah Vagan&#8221; position=&#8221;Marketing&#8221;][tm_team_member social_networks=&#8221;%5B%7B%22icon_type%22%3A%22fontawesome5%22%2C%22icon_fontawesome5%22%3A%22fab%20fa-facebook%22%2C%22icon_ion%22%3A%22ion-alert%22%2C%22link%22%3A%22%23%22%2C%22title%22%3A%22Facebook%22%7D%2C%7B%22icon_type%22%3A%22fontawesome5%22%2C%22icon_fontawesome5%22%3A%22fab%20fa-twitter%22%2C%22icon_ion%22%3A%22ion-alert%22%2C%22link%22%3A%22%23%22%2C%22title%22%3A%22Twitter%22%7D%2C%7B%22icon_type%22%3A%22fontawesome5%22%2C%22icon_fontawesome5%22%3A%22fab%20fa-instagram%22%2C%22icon_ion%22%3A%22ion-alert%22%2C%22link%22%3A%22%23%22%2C%22title%22%3A%22Instagram%22%7D%5D&#8221; photo=&#8221;436&#8243; name=&#8221;Peter Parker &#8221; position=&#8221;Marketing&#8221;][\/tm_grid][tm_spacer size=&#8221;lg:36&#8243;][\/vc_column][\/vc_row][vc_row full_width=&#8221;stretch_row&#8221;][vc_column][tm_spacer size=&#8221;lg:114&#8243;][tm_heading custom_google_font=&#8221;&#8221; align=&#8221;center&#8221; text=&#8221;Start working together?&#8221; line_height=&#8221;1.44&#8243;][tm_spacer size=&#8221;lg:41&#8243;][tm_button button=&#8221;url:%23|title:Find%20out%20more||&#8221; align=&#8221;center&#8221;][tm_spacer size=&#8221;lg:121&#8243;][\/vc_column][\/vc_row]<\/p>\n<\/section>","protected":false},"excerpt":{"rendered":"<p>[vc_row][vc_column][tm_spacer size=&#8221;lg:124&#8243;][tm_heading custom_google_font=&#8221;&#8221; align=&#8221;center&#8221; text=&#8221;The A-team of awesomeness &#038; creative people&#8221; font_size=&#8221;xs:36;sm:44;md:52;lg:60&#8243; line_height=&#8221;1.5&#8243;][tm_spacer size=&#8221;lg:145&#8243;][\/vc_column][\/vc_row][vc_row full_width=&#8221;stretch_row&#8221;][vc_column][tm_grid columns=&#8221;xs:1;sm:2;lg:3&#8243; column_gutter=&#8221;md:30;lg:75&#8243; row_gutter=&#8221;lg:60&#8243;][tm_team_member social_networks=&#8221;%5B%7B%22icon_type%22%3A%22fontawesome5%22%2C%22icon_fontawesome5%22%3A%22fab%20fa-facebook%22%2C%22icon_ion%22%3A%22ion-alert%22%2C%22link%22%3A%22%23%22%2C%22title%22%3A%22Facebook%22%7D%2C%7B%22icon_type%22%3A%22fontawesome5%22%2C%22icon_fontawesome5%22%3A%22fab%20fa-twitter%22%2C%22icon_ion%22%3A%22ion-alert%22%2C%22link%22%3A%22%23%22%2C%22title%22%3A%22Twitter%22%7D%2C%7B%22icon_type%22%3A%22fontawesome5%22%2C%22icon_fontawesome5%22%3A%22fab%20fa-instagram%22%2C%22icon_ion%22%3A%22ion-alert%22%2C%22link%22%3A%22%23%22%2C%22title%22%3A%22Instagram%22%7D%5D&#8221; photo=&#8221;434&#8243; name=&#8221;John Doe&#8221; position=&#8221;Founder&#8221;][tm_team_member social_networks=&#8221;%5B%7B%22icon_type%22%3A%22fontawesome5%22%2C%22icon_fontawesome5%22%3A%22fab%20fa-facebook%22%2C%22icon_ion%22%3A%22ion-alert%22%2C%22link%22%3A%22%23%22%2C%22title%22%3A%22Facebook%22%7D%2C%7B%22icon_type%22%3A%22fontawesome5%22%2C%22icon_fontawesome5%22%3A%22fab%20fa-twitter%22%2C%22icon_ion%22%3A%22ion-alert%22%2C%22link%22%3A%22%23%22%2C%22title%22%3A%22Twitter%22%7D%2C%7B%22icon_type%22%3A%22fontawesome5%22%2C%22icon_fontawesome5%22%3A%22fab%20fa-instagram%22%2C%22icon_ion%22%3A%22ion-alert%22%2C%22link%22%3A%22%23%22%2C%22title%22%3A%22Instagram%22%7D%5D&#8221; photo=&#8221;435&#8243; name=&#8221;Kasahara May&#8221; position=&#8221;Project manager&#8221;][tm_team_member social_networks=&#8221;%5B%7B%22icon_type%22%3A%22fontawesome5%22%2C%22icon_fontawesome5%22%3A%22fab%20fa-facebook%22%2C%22icon_ion%22%3A%22ion-alert%22%2C%22link%22%3A%22%23%22%2C%22title%22%3A%22Facebook%22%7D%2C%7B%22icon_type%22%3A%22fontawesome5%22%2C%22icon_fontawesome5%22%3A%22fab%20fa-twitter%22%2C%22icon_ion%22%3A%22ion-alert%22%2C%22link%22%3A%22%23%22%2C%22title%22%3A%22Twitter%22%7D%2C%7B%22icon_type%22%3A%22fontawesome5%22%2C%22icon_fontawesome5%22%3A%22fab%20fa-instagram%22%2C%22icon_ion%22%3A%22ion-alert%22%2C%22link%22%3A%22%23%22%2C%22title%22%3A%22Instagram%22%7D%5D&#8221; photo=&#8221;438&#8243; name=&#8221;Blake Hamilton&#8221; position=&#8221;Engineer&#8221;][tm_team_member social_networks=&#8221;%5B%7B%22icon_type%22%3A%22fontawesome5%22%2C%22icon_fontawesome5%22%3A%22fab%20fa-facebook%22%2C%22icon_ion%22%3A%22ion-alert%22%2C%22link%22%3A%22%23%22%2C%22title%22%3A%22Facebook%22%7D%2C%7B%22icon_type%22%3A%22fontawesome5%22%2C%22icon_fontawesome5%22%3A%22fab%20fa-twitter%22%2C%22icon_ion%22%3A%22ion-alert%22%2C%22link%22%3A%22%23%22%2C%22title%22%3A%22Twitter%22%7D%2C%7B%22icon_type%22%3A%22fontawesome5%22%2C%22icon_fontawesome5%22%3A%22fab%20fa-instagram%22%2C%22icon_ion%22%3A%22ion-alert%22%2C%22link%22%3A%22%23%22%2C%22title%22%3A%22Instagram%22%7D%5D&#8221; photo=&#8221;433&#8243; name=&#8221;Caroline Roses&#8221; position=&#8221;Designer&#8221;][tm_team_member social_networks=&#8221;%5B%7B%22icon_type%22%3A%22fontawesome5%22%2C%22icon_fontawesome5%22%3A%22fab%20fa-facebook%22%2C%22icon_ion%22%3A%22ion-alert%22%2C%22link%22%3A%22%23%22%2C%22title%22%3A%22Facebook%22%7D%2C%7B%22icon_type%22%3A%22fontawesome5%22%2C%22icon_fontawesome5%22%3A%22fab%20fa-twitter%22%2C%22icon_ion%22%3A%22ion-alert%22%2C%22link%22%3A%22%23%22%2C%22title%22%3A%22Twitter%22%7D%2C%7B%22icon_type%22%3A%22fontawesome5%22%2C%22icon_fontawesome5%22%3A%22fab%20fa-instagram%22%2C%22icon_ion%22%3A%22ion-alert%22%2C%22link%22%3A%22%23%22%2C%22title%22%3A%22Instagram%22%7D%5D&#8221; photo=&#8221;437&#8243; name=&#8221;Sarah Vagan&#8221; position=&#8221;Marketing&#8221;][tm_team_member social_networks=&#8221;%5B%7B%22icon_type%22%3A%22fontawesome5%22%2C%22icon_fontawesome5%22%3A%22fab%20fa-facebook%22%2C%22icon_ion%22%3A%22ion-alert%22%2C%22link%22%3A%22%23%22%2C%22title%22%3A%22Facebook%22%7D%2C%7B%22icon_type%22%3A%22fontawesome5%22%2C%22icon_fontawesome5%22%3A%22fab%20fa-twitter%22%2C%22icon_ion%22%3A%22ion-alert%22%2C%22link%22%3A%22%23%22%2C%22title%22%3A%22Twitter%22%7D%2C%7B%22icon_type%22%3A%22fontawesome5%22%2C%22icon_fontawesome5%22%3A%22fab%20fa-instagram%22%2C%22icon_ion%22%3A%22ion-alert%22%2C%22link%22%3A%22%23%22%2C%22title%22%3A%22Instagram%22%7D%5D&#8221; photo=&#8221;436&#8243; name=&#8221;Peter Parker &#8221; position=&#8221;Marketing&#8221;][\/tm_grid][tm_spacer size=&#8221;lg:36&#8243;][\/vc_column][\/vc_row][vc_row full_width=&#8221;stretch_row&#8221;][vc_column][tm_spacer size=&#8221;lg:114&#8243;][tm_heading custom_google_font=&#8221;&#8221; align=&#8221;center&#8221; text=&#8221;Start working together?&#8221; line_height=&#8221;1.44&#8243;][tm_spacer size=&#8221;lg:41&#8243;][tm_button button=&#8221;url:%23|title:Find%20out%20more||&#8221; align=&#8221;center&#8221;][tm_spacer size=&#8221;lg:121&#8243;][\/vc_column][\/vc_row]<\/p>\n","protected":false},"author":1,"featured_media":0,"parent":1144,"menu_order":0,"comment_status":"closed","ping_status":"closed","template":"","meta":{"footnotes":""},"class_list":["post-1237","page","type-page","status-publish","hentry","post-no-thumbnail"],"yoast_head":"<!-- This site is optimized with the Yoast SEO plugin v25.8 - https:\/\/yoast.com\/wordpress\/plugins\/seo\/ -->\n<title>Our Team Grid - restaurantefrutosdelmar.com<\/title>\n<meta name=\"description\" content=\"El Restaurante Con tradici\u00f3n del chef Sergio Botero. Se encuentra ubicado en Marinilla, Antioquia. Durante los ultimos a\u00f1os ha recibido numerosos reconocimientos. Destacandose como uno de los mejores restaurantes de comida Colombiana del pa\u00eds.\" \/>\n<meta name=\"robots\" content=\"index, follow, max-snippet:-1, max-image-preview:large, max-video-preview:-1\" \/>\n<link rel=\"canonical\" href=\"https:\/\/restaurantefrutosdelmar.com\/index.php\/pages\/our-team-grid\/\" \/>\n<meta property=\"og:locale\" content=\"en_US\" \/>\n<meta property=\"og:type\" content=\"article\" \/>\n<meta property=\"og:title\" content=\"Our Team Grid - restaurantefrutosdelmar.com\" \/>\n<meta property=\"og:description\" content=\"El Restaurante Con tradici\u00f3n del chef Sergio Botero. Se encuentra ubicado en Marinilla, Antioquia. Durante los ultimos a\u00f1os ha recibido numerosos reconocimientos. Destacandose como uno de los mejores restaurantes de comida Colombiana del pa\u00eds.\" \/>\n<meta property=\"og:url\" content=\"https:\/\/restaurantefrutosdelmar.com\/index.php\/pages\/our-team-grid\/\" \/>\n<meta property=\"og:site_name\" content=\"restaurantefrutosdelmar.com\" \/>\n<meta property=\"article:publisher\" content=\"https:\/\/es-la.facebook.com\/restaurantecontradicion\/\" \/>\n<meta name=\"twitter:card\" content=\"summary_large_image\" \/>\n<meta name=\"twitter:label1\" content=\"Est. reading time\" \/>\n\t<meta name=\"twitter:data1\" content=\"3 minutes\" \/>\n<script type=\"application\/ld+json\" class=\"yoast-schema-graph\">{\"@context\":\"https:\/\/schema.org\",\"@graph\":[{\"@type\":\"WebPage\",\"@id\":\"https:\/\/restaurantefrutosdelmar.com\/index.php\/pages\/our-team-grid\/\",\"url\":\"https:\/\/restaurantefrutosdelmar.com\/index.php\/pages\/our-team-grid\/\",\"name\":\"Our Team Grid - restaurantefrutosdelmar.com\",\"isPartOf\":{\"@id\":\"https:\/\/restaurantefrutosdelmar.com\/#website\"},\"datePublished\":\"2018-08-08T09:46:38+00:00\",\"description\":\"El Restaurante Con tradici\u00f3n del chef Sergio Botero. Se encuentra ubicado en Marinilla, Antioquia. Durante los ultimos a\u00f1os ha recibido numerosos reconocimientos. Destacandose como uno de los mejores restaurantes de comida Colombiana del pa\u00eds.\",\"breadcrumb\":{\"@id\":\"https:\/\/restaurantefrutosdelmar.com\/index.php\/pages\/our-team-grid\/#breadcrumb\"},\"inLanguage\":\"en-US\",\"potentialAction\":[{\"@type\":\"ReadAction\",\"target\":[\"https:\/\/restaurantefrutosdelmar.com\/index.php\/pages\/our-team-grid\/\"]}]},{\"@type\":\"BreadcrumbList\",\"@id\":\"https:\/\/restaurantefrutosdelmar.com\/index.php\/pages\/our-team-grid\/#breadcrumb\",\"itemListElement\":[{\"@type\":\"ListItem\",\"position\":1,\"name\":\"Home\",\"item\":\"https:\/\/restaurantefrutosdelmar.com\/\"},{\"@type\":\"ListItem\",\"position\":2,\"name\":\"Pages\",\"item\":\"https:\/\/restaurantefrutosdelmar.com\/index.php\/pages\/\"},{\"@type\":\"ListItem\",\"position\":3,\"name\":\"Our Team Grid\"}]},{\"@type\":\"WebSite\",\"@id\":\"https:\/\/restaurantefrutosdelmar.com\/#website\",\"url\":\"https:\/\/restaurantefrutosdelmar.com\/\",\"name\":\"restaurantefrutosdelmar.com\",\"description\":\"\",\"publisher\":{\"@id\":\"https:\/\/restaurantefrutosdelmar.com\/#organization\"},\"potentialAction\":[{\"@type\":\"SearchAction\",\"target\":{\"@type\":\"EntryPoint\",\"urlTemplate\":\"https:\/\/restaurantefrutosdelmar.com\/?s={search_term_string}\"},\"query-input\":{\"@type\":\"PropertyValueSpecification\",\"valueRequired\":true,\"valueName\":\"search_term_string\"}}],\"inLanguage\":\"en-US\"},{\"@type\":\"Organization\",\"@id\":\"https:\/\/restaurantefrutosdelmar.com\/#organization\",\"name\":\"Con tradicion Restaurante\",\"url\":\"https:\/\/restaurantefrutosdelmar.com\/\",\"logo\":{\"@type\":\"ImageObject\",\"inLanguage\":\"en-US\",\"@id\":\"https:\/\/restaurantefrutosdelmar.com\/#\/schema\/logo\/image\/\",\"url\":\"https:\/\/restaurantefrutosdelmar.com\/wp-content\/uploads\/2022\/12\/Contradicion-Restaurante.png\",\"contentUrl\":\"https:\/\/restaurantefrutosdelmar.com\/wp-content\/uploads\/2022\/12\/Contradicion-Restaurante.png\",\"width\":2090,\"height\":1324,\"caption\":\"Con tradicion Restaurante\"},\"image\":{\"@id\":\"https:\/\/restaurantefrutosdelmar.com\/#\/schema\/logo\/image\/\"},\"sameAs\":[\"https:\/\/es-la.facebook.com\/restaurantecontradicion\/\"]}]}<\/script>\n<!-- \/ Yoast SEO plugin. -->","yoast_head_json":{"title":"Our Team Grid - restaurantefrutosdelmar.com","description":"El Restaurante Con tradici\u00f3n del chef Sergio Botero. Se encuentra ubicado en Marinilla, Antioquia. Durante los ultimos a\u00f1os ha recibido numerosos reconocimientos. Destacandose como uno de los mejores restaurantes de comida Colombiana del pa\u00eds.","robots":{"index":"index","follow":"follow","max-snippet":"max-snippet:-1","max-image-preview":"max-image-preview:large","max-video-preview":"max-video-preview:-1"},"canonical":"https:\/\/restaurantefrutosdelmar.com\/index.php\/pages\/our-team-grid\/","og_locale":"en_US","og_type":"article","og_title":"Our Team Grid - restaurantefrutosdelmar.com","og_description":"El Restaurante Con tradici\u00f3n del chef Sergio Botero. Se encuentra ubicado en Marinilla, Antioquia. Durante los ultimos a\u00f1os ha recibido numerosos reconocimientos. Destacandose como uno de los mejores restaurantes de comida Colombiana del pa\u00eds.","og_url":"https:\/\/restaurantefrutosdelmar.com\/index.php\/pages\/our-team-grid\/","og_site_name":"restaurantefrutosdelmar.com","article_publisher":"https:\/\/es-la.facebook.com\/restaurantecontradicion\/","twitter_card":"summary_large_image","twitter_misc":{"Est. reading time":"3 minutes"},"schema":{"@context":"https:\/\/schema.org","@graph":[{"@type":"WebPage","@id":"https:\/\/restaurantefrutosdelmar.com\/index.php\/pages\/our-team-grid\/","url":"https:\/\/restaurantefrutosdelmar.com\/index.php\/pages\/our-team-grid\/","name":"Our Team Grid - restaurantefrutosdelmar.com","isPartOf":{"@id":"https:\/\/restaurantefrutosdelmar.com\/#website"},"datePublished":"2018-08-08T09:46:38+00:00","description":"El Restaurante Con tradici\u00f3n del chef Sergio Botero. Se encuentra ubicado en Marinilla, Antioquia. Durante los ultimos a\u00f1os ha recibido numerosos reconocimientos. Destacandose como uno de los mejores restaurantes de comida Colombiana del pa\u00eds.","breadcrumb":{"@id":"https:\/\/restaurantefrutosdelmar.com\/index.php\/pages\/our-team-grid\/#breadcrumb"},"inLanguage":"en-US","potentialAction":[{"@type":"ReadAction","target":["https:\/\/restaurantefrutosdelmar.com\/index.php\/pages\/our-team-grid\/"]}]},{"@type":"BreadcrumbList","@id":"https:\/\/restaurantefrutosdelmar.com\/index.php\/pages\/our-team-grid\/#breadcrumb","itemListElement":[{"@type":"ListItem","position":1,"name":"Home","item":"https:\/\/restaurantefrutosdelmar.com\/"},{"@type":"ListItem","position":2,"name":"Pages","item":"https:\/\/restaurantefrutosdelmar.com\/index.php\/pages\/"},{"@type":"ListItem","position":3,"name":"Our Team Grid"}]},{"@type":"WebSite","@id":"https:\/\/restaurantefrutosdelmar.com\/#website","url":"https:\/\/restaurantefrutosdelmar.com\/","name":"restaurantefrutosdelmar.com","description":"","publisher":{"@id":"https:\/\/restaurantefrutosdelmar.com\/#organization"},"potentialAction":[{"@type":"SearchAction","target":{"@type":"EntryPoint","urlTemplate":"https:\/\/restaurantefrutosdelmar.com\/?s={search_term_string}"},"query-input":{"@type":"PropertyValueSpecification","valueRequired":true,"valueName":"search_term_string"}}],"inLanguage":"en-US"},{"@type":"Organization","@id":"https:\/\/restaurantefrutosdelmar.com\/#organization","name":"Con tradicion Restaurante","url":"https:\/\/restaurantefrutosdelmar.com\/","logo":{"@type":"ImageObject","inLanguage":"en-US","@id":"https:\/\/restaurantefrutosdelmar.com\/#\/schema\/logo\/image\/","url":"https:\/\/restaurantefrutosdelmar.com\/wp-content\/uploads\/2022\/12\/Contradicion-Restaurante.png","contentUrl":"https:\/\/restaurantefrutosdelmar.com\/wp-content\/uploads\/2022\/12\/Contradicion-Restaurante.png","width":2090,"height":1324,"caption":"Con tradicion Restaurante"},"image":{"@id":"https:\/\/restaurantefrutosdelmar.com\/#\/schema\/logo\/image\/"},"sameAs":["https:\/\/es-la.facebook.com\/restaurantecontradicion\/"]}]}},"_links":{"self":[{"href":"https:\/\/restaurantefrutosdelmar.com\/index.php\/wp-json\/wp\/v2\/pages\/1237","targetHints":{"allow":["GET"]}}],"collection":[{"href":"https:\/\/restaurantefrutosdelmar.com\/index.php\/wp-json\/wp\/v2\/pages"}],"about":[{"href":"https:\/\/restaurantefrutosdelmar.com\/index.php\/wp-json\/wp\/v2\/types\/page"}],"author":[{"embeddable":true,"href":"https:\/\/restaurantefrutosdelmar.com\/index.php\/wp-json\/wp\/v2\/users\/1"}],"replies":[{"embeddable":true,"href":"https:\/\/restaurantefrutosdelmar.com\/index.php\/wp-json\/wp\/v2\/comments?post=1237"}],"version-history":[{"count":0,"href":"https:\/\/restaurantefrutosdelmar.com\/index.php\/wp-json\/wp\/v2\/pages\/1237\/revisions"}],"up":[{"embeddable":true,"href":"https:\/\/restaurantefrutosdelmar.com\/index.php\/wp-json\/wp\/v2\/pages\/1144"}],"wp:attachment":[{"href":"https:\/\/restaurantefrutosdelmar.com\/index.php\/wp-json\/wp\/v2\/media?parent=1237"}],"curies":[{"name":"wp","href":"https:\/\/api.w.org\/{rel}","templated":true}]}}