{"id":1973,"date":"2018-09-04T07:37:37","date_gmt":"2018-09-04T07:37:37","guid":{"rendered":"https:\/\/restaurantefrutosdelmar.com\/index.php\/homepages\/grid-blog\/"},"modified":"2018-09-04T07:37:37","modified_gmt":"2018-09-04T07:37:37","slug":"grid-blog","status":"publish","type":"page","link":"https:\/\/restaurantefrutosdelmar.com\/index.php\/homepages\/grid-blog\/","title":{"rendered":"Grid Blog"},"content":{"rendered":"<section class=\"wpb-content-wrapper\"><p>[vc_row full_width=&#8221;stretch_row_content_no_spaces&#8221;][vc_column][tm_blog style=&#8221;carousel-centered&#8221; carousel_nav=&#8221;06&#8243; carousel_gutter=&#8221;0&#8243; number=&#8221;9&#8243; carousel_items_display=&#8221;xs:1;sm:2;md:3;lg:3&#8243;][\/vc_column][\/vc_row][vc_row full_width=&#8221;stretch_row&#8221; background_color=&#8221;custom&#8221; custom_background_color=&#8221;#000000&#8243;][vc_column][tm_spacer size=&#8221;lg:113&#8243;][tm_heading custom_google_font=&#8221;&#8221; text_color=&#8221;custom&#8221; custom_text_color=&#8221;#ffffff&#8221; text=&#8221;Latest posts&#8221; font_size=&#8221;sm:24;md:30;lg:36&#8243;][tm_spacer size=&#8221;lg:56&#8243;][vc_row_inner][vc_column_inner lg_spacing=&#8221;padding_right:25&#8243; md_spacing=&#8221;padding_right:15&#8243; offset=&#8221;vc_col-md-8&#8243;][tm_blog style=&#8221;grid-classic&#8221; number=&#8221;8&#8243; pagination=&#8221;pagination&#8221; taxonomies=&#8221;post_tag:format&#8221; columns=&#8221;xs:1;lg:2&#8243; column_gutter=&#8221;sm:30;lg:60&#8243; row_gutter=&#8221;sm:30;lg:60&#8243;][tm_spacer size=&#8221;lg:50&#8243;][\/vc_column_inner][vc_column_inner offset=&#8221;vc_col-md-4&#8243;][vc_widget_sidebar sidebar_id=&#8221;blog_sidebar&#8221;][tm_spacer size=&#8221;lg:50&#8243;][\/vc_column_inner][\/vc_row_inner][tm_spacer size=&#8221;lg:50&#8243;][\/vc_column][\/vc_row][vc_row full_width=&#8221;stretch_row&#8221; background_color=&#8221;primary&#8221;][vc_column][tm_spacer size=&#8221;lg:30&#8243;][tm_social_networks style=&#8221;extra-large-icons&#8221; align=&#8221;center&#8221; tooltip_enable=&#8221;1&#8243; tooltip_skin=&#8221;white&#8221; icon_color=&#8221;custom&#8221; custom_icon_color=&#8221;#ffffff&#8221; icon_hover_color=&#8221;custom&#8221; custom_icon_hover_color=&#8221;rgba(255,255,255,0.5)&#8221;][tm_spacer size=&#8221;lg:30&#8243;][\/vc_column][\/vc_row]<\/p>\n<\/section>","protected":false},"excerpt":{"rendered":"<p>[vc_row full_width=&#8221;stretch_row_content_no_spaces&#8221;][vc_column][tm_blog style=&#8221;carousel-centered&#8221; carousel_nav=&#8221;06&#8243; carousel_gutter=&#8221;0&#8243; number=&#8221;9&#8243; carousel_items_display=&#8221;xs:1;sm:2;md:3;lg:3&#8243;][\/vc_column][\/vc_row][vc_row full_width=&#8221;stretch_row&#8221; background_color=&#8221;custom&#8221; custom_background_color=&#8221;#000000&#8243;][vc_column][tm_spacer size=&#8221;lg:113&#8243;][tm_heading custom_google_font=&#8221;&#8221; text_color=&#8221;custom&#8221; custom_text_color=&#8221;#ffffff&#8221; text=&#8221;Latest posts&#8221; font_size=&#8221;sm:24;md:30;lg:36&#8243;][tm_spacer size=&#8221;lg:56&#8243;][vc_row_inner][vc_column_inner lg_spacing=&#8221;padding_right:25&#8243; md_spacing=&#8221;padding_right:15&#8243; offset=&#8221;vc_col-md-8&#8243;][tm_blog style=&#8221;grid-classic&#8221; number=&#8221;8&#8243; pagination=&#8221;pagination&#8221; taxonomies=&#8221;post_tag:format&#8221; columns=&#8221;xs:1;lg:2&#8243; column_gutter=&#8221;sm:30;lg:60&#8243; row_gutter=&#8221;sm:30;lg:60&#8243;][tm_spacer size=&#8221;lg:50&#8243;][\/vc_column_inner][vc_column_inner offset=&#8221;vc_col-md-4&#8243;][vc_widget_sidebar sidebar_id=&#8221;blog_sidebar&#8221;][tm_spacer size=&#8221;lg:50&#8243;][\/vc_column_inner][\/vc_row_inner][tm_spacer size=&#8221;lg:50&#8243;][\/vc_column][\/vc_row][vc_row full_width=&#8221;stretch_row&#8221; background_color=&#8221;primary&#8221;][vc_column][tm_spacer size=&#8221;lg:30&#8243;][tm_social_networks style=&#8221;extra-large-icons&#8221; align=&#8221;center&#8221; tooltip_enable=&#8221;1&#8243; tooltip_skin=&#8221;white&#8221; icon_color=&#8221;custom&#8221; custom_icon_color=&#8221;#ffffff&#8221; icon_hover_color=&#8221;custom&#8221; custom_icon_hover_color=&#8221;rgba(255,255,255,0.5)&#8221;][tm_spacer size=&#8221;lg:30&#8243;][\/vc_column][\/vc_row]<\/p>\n","protected":false},"author":1,"featured_media":0,"parent":1335,"menu_order":0,"comment_status":"closed","ping_status":"closed","template":"","meta":{"footnotes":""},"class_list":["post-1973","page","type-page","status-publish","hentry","post-no-thumbnail"],"yoast_head":"<!-- This site is optimized with the Yoast SEO plugin v25.8 - https:\/\/yoast.com\/wordpress\/plugins\/seo\/ -->\n<title>Grid Blog - restaurantefrutosdelmar.com<\/title>\n<meta name=\"description\" content=\"El Restaurante Con tradici\u00f3n del chef Sergio Botero. Se encuentra ubicado en Marinilla, Antioquia. Durante los ultimos a\u00f1os ha recibido numerosos reconocimientos. Destacandose como uno de los mejores restaurantes de comida Colombiana del pa\u00eds.\" \/>\n<meta name=\"robots\" content=\"index, follow, max-snippet:-1, max-image-preview:large, max-video-preview:-1\" \/>\n<link rel=\"canonical\" href=\"https:\/\/restaurantefrutosdelmar.com\/index.php\/homepages\/grid-blog\/\" \/>\n<meta property=\"og:locale\" content=\"en_US\" \/>\n<meta property=\"og:type\" content=\"article\" \/>\n<meta property=\"og:title\" content=\"Grid Blog - restaurantefrutosdelmar.com\" \/>\n<meta property=\"og:description\" content=\"El Restaurante Con tradici\u00f3n del chef Sergio Botero. Se encuentra ubicado en Marinilla, Antioquia. Durante los ultimos a\u00f1os ha recibido numerosos reconocimientos. Destacandose como uno de los mejores restaurantes de comida Colombiana del pa\u00eds.\" \/>\n<meta property=\"og:url\" content=\"https:\/\/restaurantefrutosdelmar.com\/index.php\/homepages\/grid-blog\/\" \/>\n<meta property=\"og:site_name\" content=\"restaurantefrutosdelmar.com\" \/>\n<meta property=\"article:publisher\" content=\"https:\/\/es-la.facebook.com\/restaurantecontradicion\/\" \/>\n<meta name=\"twitter:card\" content=\"summary_large_image\" \/>\n<meta name=\"twitter:label1\" content=\"Est. reading time\" \/>\n\t<meta name=\"twitter:data1\" content=\"1 minute\" \/>\n<script type=\"application\/ld+json\" class=\"yoast-schema-graph\">{\"@context\":\"https:\/\/schema.org\",\"@graph\":[{\"@type\":\"WebPage\",\"@id\":\"https:\/\/restaurantefrutosdelmar.com\/index.php\/homepages\/grid-blog\/\",\"url\":\"https:\/\/restaurantefrutosdelmar.com\/index.php\/homepages\/grid-blog\/\",\"name\":\"Grid Blog - restaurantefrutosdelmar.com\",\"isPartOf\":{\"@id\":\"https:\/\/restaurantefrutosdelmar.com\/#website\"},\"datePublished\":\"2018-09-04T07:37:37+00:00\",\"description\":\"El Restaurante Con tradici\u00f3n del chef Sergio Botero. Se encuentra ubicado en Marinilla, Antioquia. Durante los ultimos a\u00f1os ha recibido numerosos reconocimientos. Destacandose como uno de los mejores restaurantes de comida Colombiana del pa\u00eds.\",\"breadcrumb\":{\"@id\":\"https:\/\/restaurantefrutosdelmar.com\/index.php\/homepages\/grid-blog\/#breadcrumb\"},\"inLanguage\":\"en-US\",\"potentialAction\":[{\"@type\":\"ReadAction\",\"target\":[\"https:\/\/restaurantefrutosdelmar.com\/index.php\/homepages\/grid-blog\/\"]}]},{\"@type\":\"BreadcrumbList\",\"@id\":\"https:\/\/restaurantefrutosdelmar.com\/index.php\/homepages\/grid-blog\/#breadcrumb\",\"itemListElement\":[{\"@type\":\"ListItem\",\"position\":1,\"name\":\"Home\",\"item\":\"https:\/\/restaurantefrutosdelmar.com\/\"},{\"@type\":\"ListItem\",\"position\":2,\"name\":\"Homepages\",\"item\":\"https:\/\/restaurantefrutosdelmar.com\/index.php\/homepages\/\"},{\"@type\":\"ListItem\",\"position\":3,\"name\":\"Grid Blog\"}]},{\"@type\":\"WebSite\",\"@id\":\"https:\/\/restaurantefrutosdelmar.com\/#website\",\"url\":\"https:\/\/restaurantefrutosdelmar.com\/\",\"name\":\"restaurantefrutosdelmar.com\",\"description\":\"\",\"publisher\":{\"@id\":\"https:\/\/restaurantefrutosdelmar.com\/#organization\"},\"potentialAction\":[{\"@type\":\"SearchAction\",\"target\":{\"@type\":\"EntryPoint\",\"urlTemplate\":\"https:\/\/restaurantefrutosdelmar.com\/?s={search_term_string}\"},\"query-input\":{\"@type\":\"PropertyValueSpecification\",\"valueRequired\":true,\"valueName\":\"search_term_string\"}}],\"inLanguage\":\"en-US\"},{\"@type\":\"Organization\",\"@id\":\"https:\/\/restaurantefrutosdelmar.com\/#organization\",\"name\":\"Con tradicion Restaurante\",\"url\":\"https:\/\/restaurantefrutosdelmar.com\/\",\"logo\":{\"@type\":\"ImageObject\",\"inLanguage\":\"en-US\",\"@id\":\"https:\/\/restaurantefrutosdelmar.com\/#\/schema\/logo\/image\/\",\"url\":\"https:\/\/restaurantefrutosdelmar.com\/wp-content\/uploads\/2022\/12\/Contradicion-Restaurante.png\",\"contentUrl\":\"https:\/\/restaurantefrutosdelmar.com\/wp-content\/uploads\/2022\/12\/Contradicion-Restaurante.png\",\"width\":2090,\"height\":1324,\"caption\":\"Con tradicion Restaurante\"},\"image\":{\"@id\":\"https:\/\/restaurantefrutosdelmar.com\/#\/schema\/logo\/image\/\"},\"sameAs\":[\"https:\/\/es-la.facebook.com\/restaurantecontradicion\/\"]}]}<\/script>\n<!-- \/ Yoast SEO plugin. -->","yoast_head_json":{"title":"Grid Blog - restaurantefrutosdelmar.com","description":"El Restaurante Con tradici\u00f3n del chef Sergio Botero. Se encuentra ubicado en Marinilla, Antioquia. Durante los ultimos a\u00f1os ha recibido numerosos reconocimientos. Destacandose como uno de los mejores restaurantes de comida Colombiana del pa\u00eds.","robots":{"index":"index","follow":"follow","max-snippet":"max-snippet:-1","max-image-preview":"max-image-preview:large","max-video-preview":"max-video-preview:-1"},"canonical":"https:\/\/restaurantefrutosdelmar.com\/index.php\/homepages\/grid-blog\/","og_locale":"en_US","og_type":"article","og_title":"Grid Blog - restaurantefrutosdelmar.com","og_description":"El Restaurante Con tradici\u00f3n del chef Sergio Botero. Se encuentra ubicado en Marinilla, Antioquia. Durante los ultimos a\u00f1os ha recibido numerosos reconocimientos. Destacandose como uno de los mejores restaurantes de comida Colombiana del pa\u00eds.","og_url":"https:\/\/restaurantefrutosdelmar.com\/index.php\/homepages\/grid-blog\/","og_site_name":"restaurantefrutosdelmar.com","article_publisher":"https:\/\/es-la.facebook.com\/restaurantecontradicion\/","twitter_card":"summary_large_image","twitter_misc":{"Est. reading time":"1 minute"},"schema":{"@context":"https:\/\/schema.org","@graph":[{"@type":"WebPage","@id":"https:\/\/restaurantefrutosdelmar.com\/index.php\/homepages\/grid-blog\/","url":"https:\/\/restaurantefrutosdelmar.com\/index.php\/homepages\/grid-blog\/","name":"Grid Blog - restaurantefrutosdelmar.com","isPartOf":{"@id":"https:\/\/restaurantefrutosdelmar.com\/#website"},"datePublished":"2018-09-04T07:37:37+00:00","description":"El Restaurante Con tradici\u00f3n del chef Sergio Botero. Se encuentra ubicado en Marinilla, Antioquia. Durante los ultimos a\u00f1os ha recibido numerosos reconocimientos. Destacandose como uno de los mejores restaurantes de comida Colombiana del pa\u00eds.","breadcrumb":{"@id":"https:\/\/restaurantefrutosdelmar.com\/index.php\/homepages\/grid-blog\/#breadcrumb"},"inLanguage":"en-US","potentialAction":[{"@type":"ReadAction","target":["https:\/\/restaurantefrutosdelmar.com\/index.php\/homepages\/grid-blog\/"]}]},{"@type":"BreadcrumbList","@id":"https:\/\/restaurantefrutosdelmar.com\/index.php\/homepages\/grid-blog\/#breadcrumb","itemListElement":[{"@type":"ListItem","position":1,"name":"Home","item":"https:\/\/restaurantefrutosdelmar.com\/"},{"@type":"ListItem","position":2,"name":"Homepages","item":"https:\/\/restaurantefrutosdelmar.com\/index.php\/homepages\/"},{"@type":"ListItem","position":3,"name":"Grid Blog"}]},{"@type":"WebSite","@id":"https:\/\/restaurantefrutosdelmar.com\/#website","url":"https:\/\/restaurantefrutosdelmar.com\/","name":"restaurantefrutosdelmar.com","description":"","publisher":{"@id":"https:\/\/restaurantefrutosdelmar.com\/#organization"},"potentialAction":[{"@type":"SearchAction","target":{"@type":"EntryPoint","urlTemplate":"https:\/\/restaurantefrutosdelmar.com\/?s={search_term_string}"},"query-input":{"@type":"PropertyValueSpecification","valueRequired":true,"valueName":"search_term_string"}}],"inLanguage":"en-US"},{"@type":"Organization","@id":"https:\/\/restaurantefrutosdelmar.com\/#organization","name":"Con tradicion Restaurante","url":"https:\/\/restaurantefrutosdelmar.com\/","logo":{"@type":"ImageObject","inLanguage":"en-US","@id":"https:\/\/restaurantefrutosdelmar.com\/#\/schema\/logo\/image\/","url":"https:\/\/restaurantefrutosdelmar.com\/wp-content\/uploads\/2022\/12\/Contradicion-Restaurante.png","contentUrl":"https:\/\/restaurantefrutosdelmar.com\/wp-content\/uploads\/2022\/12\/Contradicion-Restaurante.png","width":2090,"height":1324,"caption":"Con tradicion Restaurante"},"image":{"@id":"https:\/\/restaurantefrutosdelmar.com\/#\/schema\/logo\/image\/"},"sameAs":["https:\/\/es-la.facebook.com\/restaurantecontradicion\/"]}]}},"_links":{"self":[{"href":"https:\/\/restaurantefrutosdelmar.com\/index.php\/wp-json\/wp\/v2\/pages\/1973","targetHints":{"allow":["GET"]}}],"collection":[{"href":"https:\/\/restaurantefrutosdelmar.com\/index.php\/wp-json\/wp\/v2\/pages"}],"about":[{"href":"https:\/\/restaurantefrutosdelmar.com\/index.php\/wp-json\/wp\/v2\/types\/page"}],"author":[{"embeddable":true,"href":"https:\/\/restaurantefrutosdelmar.com\/index.php\/wp-json\/wp\/v2\/users\/1"}],"replies":[{"embeddable":true,"href":"https:\/\/restaurantefrutosdelmar.com\/index.php\/wp-json\/wp\/v2\/comments?post=1973"}],"version-history":[{"count":0,"href":"https:\/\/restaurantefrutosdelmar.com\/index.php\/wp-json\/wp\/v2\/pages\/1973\/revisions"}],"up":[{"embeddable":true,"href":"https:\/\/restaurantefrutosdelmar.com\/index.php\/wp-json\/wp\/v2\/pages\/1335"}],"wp:attachment":[{"href":"https:\/\/restaurantefrutosdelmar.com\/index.php\/wp-json\/wp\/v2\/media?parent=1973"}],"curies":[{"name":"wp","href":"https:\/\/api.w.org\/{rel}","templated":true}]}}