{"id":2031,"date":"2018-09-05T09:49:56","date_gmt":"2018-09-05T09:49:56","guid":{"rendered":"https:\/\/restaurantefrutosdelmar.com\/index.php\/homepages\/product-landing\/"},"modified":"2018-09-05T09:49:56","modified_gmt":"2018-09-05T09:49:56","slug":"product-landing","status":"publish","type":"page","link":"https:\/\/restaurantefrutosdelmar.com\/index.php\/homepages\/product-landing\/","title":{"rendered":"Product Landing"},"content":{"rendered":"<section class=\"wpb-content-wrapper\"><p>[vc_row full_width=&#8221;stretch_row&#8221; content_placement=&#8221;middle&#8221;][vc_column offset=&#8221;vc_col-md-5&#8243;][tm_spacer size=&#8221;lg:25&#8243;][tm_image align=&#8221;right&#8221; sm_align=&#8221;center&#8221; image=&#8221;2039&#8243; lg_spacing=&#8221;margin_left:-180&#8243; md_spacing=&#8221;margin_left:0&#8243;][tm_spacer size=&#8221;lg:28&#8243;][\/vc_column][vc_column offset=&#8221;vc_col-md-6&#8243;][tm_spacer size=&#8221;sm:20;lg:100&#8243;][tm_image image=&#8221;2043&#8243;][tm_spacer size=&#8221;lg:61&#8243;][tm_heading custom_google_font=&#8221;&#8221; text=&#8221;Home decoration.&#8221; font_size=&#8221;sm:24;md:30;lg:36&#8243; line_height=&#8221;1.42&#8243;][tm_spacer size=&#8221;lg:17&#8243;][tm_heading tag=&#8221;div&#8221; custom_google_font=&#8221;&#8221; text=&#8221;Add an extra-special touch to d\u00e9cor with this charming lantern that features sleek angles and a modern-edge design. A must-have for your house this holiday. Buy now to get a special discount for early bird order.&#8221; font_size=&#8221;sm:16;lg:18&#8243; line_height=&#8221;1.84&#8243;][tm_spacer size=&#8221;lg:67&#8243;][tm_separator style=&#8221;thin-line&#8221; color=&#8221;custom&#8221; custom_color=&#8221;#eeeeee&#8221;][tm_spacer size=&#8221;lg:57&#8243;][tm_accordion open_first_item=&#8221;1&#8243; items=&#8221;%5B%7B%22title%22%3A%22Minimal%20design%22%2C%22content%22%3A%22Lighting%20has%20the%20power%20to%20transform%20a%20room.%20From%20the%20way%20it%20casts%20a%20glow%20to%20the%20way%20it%20looks%2C%20there%20is%20a%20reason%20designers%20call%20it%20the%20jewelry%20of%20a%20room.%20Furthermore%2C%20lighting%20is%20probably%20the%20most%20easily%20recognizable%20and%20instantly%20iconic%20piece%20you%20can%20invest%20on.%20%22%7D%2C%7B%22title%22%3A%22Metallic%20gold-plated%22%2C%22content%22%3A%22Designed%20in%20the%201950s%20by%20Isamu%20Noguchi%2C%20these%20paper%20lanterns%20are%20seeing%20a%20resurgence%20this%20year%2C%20especially%20in%20hotel%20designs.%20Imagine%20it%20in%20its%20largest%20size%20making%20a%20bold%20statement%20in%20a%20space%20with%20ultra-high%20ceilings.%20%22%7D%2C%7B%22title%22%3A%22High%20quality%20materials%22%2C%22content%22%3A%22Inspired%20by%20white%20plaster%20Giacometti-style%20chandeliers%2C%20French%20designer%20Serge%20Castella%20designed%20a%20series%20of%20organic-shaped%20white%20plaster%20chandeliers%20that%20have%20become%20instant%20classics%20and%20are%20becoming%20increasingly%20in%20demand.%20%22%7D%5D&#8221;][tm_spacer size=&#8221;lg:100&#8243;][\/vc_column][\/vc_row][vc_row full_width=&#8221;stretch_row&#8221; content_placement=&#8221;middle&#8221; background_color=&#8221;custom&#8221; lg_spacing=&#8221;padding_top:167;padding_bottom:166&#8243; sm_spacing=&#8221;padding_top:100;padding_bottom:50&#8243; custom_background_color=&#8221;#f7f7f7&#8243;][vc_column offset=&#8221;vc_col-md-6&#8243;][tm_heading custom_google_font=&#8221;&#8221; text=&#8221;The metallic gold vase&#8221; font_size=&#8221;sm:24;md:30;lg:36&#8243; line_height=&#8221;1.42&#8243;][tm_spacer size=&#8221;lg:17&#8243;][tm_heading tag=&#8221;div&#8221; custom_google_font=&#8221;&#8221; text=&#8221;Bring a touch of contemporary style to your abode with this gold-plated table lamp set. A gold-finished metal base down below offers a touch of glamour, while the white light brings harmony and comfort to your eyes.&#8221; font_size=&#8221;sm:16;lg:18&#8243; line_height=&#8221;1.84&#8243;][tm_spacer size=&#8221;lg:67&#8243;][tm_grid columns=&#8221;xs:1;lg:2&#8243; column_gutter=&#8221;lg:30&#8243; row_gutter=&#8221;lg:50&#8243;][tm_counter align=&#8221;left&#8221; icon_type=&#8221;ion&#8221; icon_ion=&#8221;ion-ios-people-outline&#8221; number=&#8221;99&#8243; number_suffix=&#8221;%&#8221; text=&#8221;Satisfied clients&#8221;][tm_counter align=&#8221;left&#8221; icon_type=&#8221;ion&#8221; icon_ion=&#8221;ion-ios-eye-outline&#8221; number=&#8221;2034&#8243; text=&#8221;Total purchases&#8221;][\/tm_grid][tm_spacer size=&#8221;sm:40&#8243;][\/vc_column][vc_column offset=&#8221;vc_col-md-6&#8243;][tm_image align=&#8221;right&#8221; sm_align=&#8221;center&#8221; image=&#8221;2038&#8243;][\/vc_column][\/vc_row][vc_row full_width=&#8221;stretch_row&#8221; content_placement=&#8221;middle&#8221; lg_spacing=&#8221;padding_top:97;padding_bottom:107&#8243;][vc_column offset=&#8221;vc_col-md-6&#8243;][tm_image sm_align=&#8221;center&#8221; image=&#8221;2037&#8243;][tm_spacer size=&#8221;sm:40&#8243;][\/vc_column][vc_column offset=&#8221;vc_col-md-6&#8243;][tm_heading custom_google_font=&#8221;&#8221; text=&#8221;Cube lantern set.&#8221; font_size=&#8221;sm:24;md:30;lg:36&#8243; line_height=&#8221;1.42&#8243;][tm_spacer size=&#8221;lg:17&#8243;][tm_heading tag=&#8221;div&#8221; custom_google_font=&#8221;&#8221; text=&#8221;Add some life to your bedroom with this beautiful set of 10 cube golden lantern string solar lights. The lights turn on as darkness falls to add atmosphere and ambiance to your room.&#8221; font_size=&#8221;sm:16;lg:18&#8243; line_height=&#8221;1.84&#8243;][tm_spacer size=&#8221;lg:89&#8243;][vc_row_inner][vc_column_inner width=&#8221;1\/2&#8243;][tm_heading custom_google_font=&#8221;&#8221; text=&#8221;Feature one&#8221; font_size=&#8221;lg:18&#8243; line_height=&#8221;1.39&#8243;][tm_spacer size=&#8221;lg:15&#8243;][tm_heading tag=&#8221;div&#8221; custom_google_font=&#8221;&#8221; text=&#8221;A great attraction at any outdoor dining event, handy to light pathways and garden ornaments.&#8221;][tm_spacer size=&#8221;lg:40&#8243;][\/vc_column_inner][vc_column_inner width=&#8221;1\/2&#8243;][tm_heading custom_google_font=&#8221;&#8221; text=&#8221;Feature two&#8221; font_size=&#8221;lg:18&#8243; line_height=&#8221;1.39&#8243;][tm_spacer size=&#8221;lg:15&#8243;][tm_heading tag=&#8221;div&#8221; custom_google_font=&#8221;&#8221; text=&#8221;The solar panels absorb the sun in the daytime, powered the lights at night, can work for about 8 hours.&#8221;][tm_spacer size=&#8221;lg:40&#8243;][\/vc_column_inner][\/vc_row_inner][tm_spacer size=&#8221;xs:0;lg:38&#8243;][tm_button style=&#8221;flat-rounded&#8221; size=&#8221;custom&#8221; button=&#8221;url:%23|title:Shop%20collection||&#8221; width=&#8221;190&#8243;][\/vc_column][\/vc_row][vc_row full_width=&#8221;stretch_row&#8221; lg_spacing=&#8221;padding_top:150;padding_bottom:150&#8243; sm_spacing=&#8221;padding_top:100;padding_bottom:100&#8243; background_image=&#8221;2052&#8243; background_position=&#8221;center&#8221;][vc_column][vc_row_inner content_alignment=&#8221;center&#8221; max_width=&#8221;600px&#8221;][vc_column_inner][tm_mailchimp_form_box style=&#8221;03&#8243;][\/vc_column_inner][\/vc_row_inner][\/vc_column][\/vc_row]<\/p>\n<\/section>","protected":false},"excerpt":{"rendered":"<p>[vc_row full_width=&#8221;stretch_row&#8221; content_placement=&#8221;middle&#8221;][vc_column offset=&#8221;vc_col-md-5&#8243;][tm_spacer size=&#8221;lg:25&#8243;][tm_image align=&#8221;right&#8221; sm_align=&#8221;center&#8221; image=&#8221;2039&#8243; lg_spacing=&#8221;margin_left:-180&#8243; md_spacing=&#8221;margin_left:0&#8243;][tm_spacer size=&#8221;lg:28&#8243;][\/vc_column][vc_column offset=&#8221;vc_col-md-6&#8243;][tm_spacer size=&#8221;sm:20;lg:100&#8243;][tm_image image=&#8221;2043&#8243;][tm_spacer size=&#8221;lg:61&#8243;][tm_heading custom_google_font=&#8221;&#8221; text=&#8221;Home decoration.&#8221; font_size=&#8221;sm:24;md:30;lg:36&#8243; line_height=&#8221;1.42&#8243;][tm_spacer size=&#8221;lg:17&#8243;][tm_heading tag=&#8221;div&#8221; custom_google_font=&#8221;&#8221; text=&#8221;Add an extra-special touch to d\u00e9cor with this charming lantern that features sleek angles and a modern-edge design. A must-have for your house this holiday. Buy now to get a special discount for early bird order.&#8221; font_size=&#8221;sm:16;lg:18&#8243; line_height=&#8221;1.84&#8243;][tm_spacer size=&#8221;lg:67&#8243;][tm_separator style=&#8221;thin-line&#8221; color=&#8221;custom&#8221; custom_color=&#8221;#eeeeee&#8221;][tm_spacer size=&#8221;lg:57&#8243;][tm_accordion open_first_item=&#8221;1&#8243; items=&#8221;%5B%7B%22title%22%3A%22Minimal%20design%22%2C%22content%22%3A%22Lighting%20has%20the%20power%20to%20transform%20a%20room.%20From%20the%20way%20it%20casts%20a%20glow%20to%20the%20way%20it%20looks%2C%20there%20is%20a%20reason%20designers%20call%20it%20the%20jewelry%20of%20a%20room.%20Furthermore%2C%20lighting%20is%20probably%20the%20most%20easily%20recognizable%20and%20instantly%20iconic%20piece%20you%20can%20invest%20on.%20%22%7D%2C%7B%22title%22%3A%22Metallic%20gold-plated%22%2C%22content%22%3A%22Designed%20in%20the%201950s%20by%20Isamu%20Noguchi%2C%20these%20paper%20lanterns%20are%20seeing%20a%20resurgence%20this%20year%2C%20especially%20in%20hotel%20designs.%20Imagine%20it%20in%20its%20largest%20size%20making%20a%20bold%20statement%20in%20a%20space%20with%20ultra-high%20ceilings.%20%22%7D%2C%7B%22title%22%3A%22High%20quality%20materials%22%2C%22content%22%3A%22Inspired%20by%20white%20plaster%20Giacometti-style%20chandeliers%2C%20French%20designer%20Serge%20Castella%20designed%20a%20series%20of%20organic-shaped%20white%20plaster%20chandeliers%20that%20have%20become%20instant%20classics%20and%20are%20becoming%20increasingly%20in%20demand.%20%22%7D%5D&#8221;][tm_spacer size=&#8221;lg:100&#8243;][\/vc_column][\/vc_row][vc_row full_width=&#8221;stretch_row&#8221; content_placement=&#8221;middle&#8221; background_color=&#8221;custom&#8221; lg_spacing=&#8221;padding_top:167;padding_bottom:166&#8243; sm_spacing=&#8221;padding_top:100;padding_bottom:50&#8243; custom_background_color=&#8221;#f7f7f7&#8243;][vc_column offset=&#8221;vc_col-md-6&#8243;][tm_heading custom_google_font=&#8221;&#8221; text=&#8221;The metallic gold vase&#8221; font_size=&#8221;sm:24;md:30;lg:36&#8243; line_height=&#8221;1.42&#8243;][tm_spacer size=&#8221;lg:17&#8243;][tm_heading tag=&#8221;div&#8221; custom_google_font=&#8221;&#8221; text=&#8221;Bring a touch of contemporary style to your abode with this gold-plated table lamp set. A gold-finished metal base down below offers a touch of glamour, while the white light brings harmony and comfort to your eyes.&#8221; font_size=&#8221;sm:16;lg:18&#8243; line_height=&#8221;1.84&#8243;][tm_spacer size=&#8221;lg:67&#8243;][tm_grid columns=&#8221;xs:1;lg:2&#8243; column_gutter=&#8221;lg:30&#8243; row_gutter=&#8221;lg:50&#8243;][tm_counter align=&#8221;left&#8221; icon_type=&#8221;ion&#8221; icon_ion=&#8221;ion-ios-people-outline&#8221; number=&#8221;99&#8243; number_suffix=&#8221;%&#8221; text=&#8221;Satisfied clients&#8221;][tm_counter align=&#8221;left&#8221; icon_type=&#8221;ion&#8221; icon_ion=&#8221;ion-ios-eye-outline&#8221; number=&#8221;2034&#8243; text=&#8221;Total purchases&#8221;][\/tm_grid][tm_spacer size=&#8221;sm:40&#8243;][\/vc_column][vc_column offset=&#8221;vc_col-md-6&#8243;][tm_image align=&#8221;right&#8221; sm_align=&#8221;center&#8221; image=&#8221;2038&#8243;][\/vc_column][\/vc_row][vc_row full_width=&#8221;stretch_row&#8221; content_placement=&#8221;middle&#8221; lg_spacing=&#8221;padding_top:97;padding_bottom:107&#8243;][vc_column offset=&#8221;vc_col-md-6&#8243;][tm_image sm_align=&#8221;center&#8221; image=&#8221;2037&#8243;][tm_spacer size=&#8221;sm:40&#8243;][\/vc_column][vc_column offset=&#8221;vc_col-md-6&#8243;][tm_heading custom_google_font=&#8221;&#8221; text=&#8221;Cube lantern set.&#8221; font_size=&#8221;sm:24;md:30;lg:36&#8243; line_height=&#8221;1.42&#8243;][tm_spacer size=&#8221;lg:17&#8243;][tm_heading tag=&#8221;div&#8221; custom_google_font=&#8221;&#8221; text=&#8221;Add some life to your bedroom with this beautiful set of 10 cube golden lantern string solar lights. The lights turn on as darkness falls to add atmosphere and ambiance to your room.&#8221; font_size=&#8221;sm:16;lg:18&#8243; line_height=&#8221;1.84&#8243;][tm_spacer size=&#8221;lg:89&#8243;][vc_row_inner][vc_column_inner width=&#8221;1\/2&#8243;][tm_heading custom_google_font=&#8221;&#8221; text=&#8221;Feature one&#8221; font_size=&#8221;lg:18&#8243; line_height=&#8221;1.39&#8243;][tm_spacer size=&#8221;lg:15&#8243;][tm_heading tag=&#8221;div&#8221; custom_google_font=&#8221;&#8221; text=&#8221;A great attraction at any outdoor dining event, handy to light pathways and garden ornaments.&#8221;][tm_spacer size=&#8221;lg:40&#8243;][\/vc_column_inner][vc_column_inner width=&#8221;1\/2&#8243;][tm_heading custom_google_font=&#8221;&#8221; text=&#8221;Feature two&#8221; font_size=&#8221;lg:18&#8243; line_height=&#8221;1.39&#8243;][tm_spacer size=&#8221;lg:15&#8243;][tm_heading tag=&#8221;div&#8221; custom_google_font=&#8221;&#8221; text=&#8221;The solar panels absorb the sun in the daytime, powered the lights at night, can work for about 8 hours.&#8221;][tm_spacer size=&#8221;lg:40&#8243;][\/vc_column_inner][\/vc_row_inner][tm_spacer size=&#8221;xs:0;lg:38&#8243;][tm_button style=&#8221;flat-rounded&#8221; size=&#8221;custom&#8221; button=&#8221;url:%23|title:Shop%20collection||&#8221; width=&#8221;190&#8243;][\/vc_column][\/vc_row][vc_row full_width=&#8221;stretch_row&#8221; lg_spacing=&#8221;padding_top:150;padding_bottom:150&#8243; sm_spacing=&#8221;padding_top:100;padding_bottom:100&#8243; background_image=&#8221;2052&#8243; background_position=&#8221;center&#8221;][vc_column][vc_row_inner content_alignment=&#8221;center&#8221; max_width=&#8221;600px&#8221;][vc_column_inner][tm_mailchimp_form_box style=&#8221;03&#8243;][\/vc_column_inner][\/vc_row_inner][\/vc_column][\/vc_row]<\/p>\n","protected":false},"author":1,"featured_media":0,"parent":1335,"menu_order":0,"comment_status":"closed","ping_status":"closed","template":"","meta":{"footnotes":""},"class_list":["post-2031","page","type-page","status-publish","hentry","post-no-thumbnail"],"yoast_head":"<!-- This site is optimized with the Yoast SEO plugin v25.8 - https:\/\/yoast.com\/wordpress\/plugins\/seo\/ -->\n<title>Product Landing - restaurantefrutosdelmar.com<\/title>\n<meta name=\"description\" content=\"El Restaurante Con tradici\u00f3n del chef Sergio Botero. Se encuentra ubicado en Marinilla, Antioquia. Durante los ultimos a\u00f1os ha recibido numerosos reconocimientos. Destacandose como uno de los mejores restaurantes de comida Colombiana del pa\u00eds.\" \/>\n<meta name=\"robots\" content=\"index, follow, max-snippet:-1, max-image-preview:large, max-video-preview:-1\" \/>\n<link rel=\"canonical\" href=\"https:\/\/restaurantefrutosdelmar.com\/index.php\/homepages\/product-landing\/\" \/>\n<meta property=\"og:locale\" content=\"en_US\" \/>\n<meta property=\"og:type\" content=\"article\" \/>\n<meta property=\"og:title\" content=\"Product Landing - restaurantefrutosdelmar.com\" \/>\n<meta property=\"og:description\" content=\"El Restaurante Con tradici\u00f3n del chef Sergio Botero. Se encuentra ubicado en Marinilla, Antioquia. Durante los ultimos a\u00f1os ha recibido numerosos reconocimientos. Destacandose como uno de los mejores restaurantes de comida Colombiana del pa\u00eds.\" \/>\n<meta property=\"og:url\" content=\"https:\/\/restaurantefrutosdelmar.com\/index.php\/homepages\/product-landing\/\" \/>\n<meta property=\"og:site_name\" content=\"restaurantefrutosdelmar.com\" \/>\n<meta property=\"article:publisher\" content=\"https:\/\/es-la.facebook.com\/restaurantecontradicion\/\" \/>\n<meta name=\"twitter:card\" content=\"summary_large_image\" \/>\n<meta name=\"twitter:label1\" content=\"Est. reading time\" \/>\n\t<meta name=\"twitter:data1\" content=\"4 minutes\" \/>\n<script type=\"application\/ld+json\" class=\"yoast-schema-graph\">{\"@context\":\"https:\/\/schema.org\",\"@graph\":[{\"@type\":\"WebPage\",\"@id\":\"https:\/\/restaurantefrutosdelmar.com\/index.php\/homepages\/product-landing\/\",\"url\":\"https:\/\/restaurantefrutosdelmar.com\/index.php\/homepages\/product-landing\/\",\"name\":\"Product Landing - restaurantefrutosdelmar.com\",\"isPartOf\":{\"@id\":\"https:\/\/restaurantefrutosdelmar.com\/#website\"},\"datePublished\":\"2018-09-05T09:49:56+00:00\",\"description\":\"El Restaurante Con tradici\u00f3n del chef Sergio Botero. Se encuentra ubicado en Marinilla, Antioquia. Durante los ultimos a\u00f1os ha recibido numerosos reconocimientos. Destacandose como uno de los mejores restaurantes de comida Colombiana del pa\u00eds.\",\"breadcrumb\":{\"@id\":\"https:\/\/restaurantefrutosdelmar.com\/index.php\/homepages\/product-landing\/#breadcrumb\"},\"inLanguage\":\"en-US\",\"potentialAction\":[{\"@type\":\"ReadAction\",\"target\":[\"https:\/\/restaurantefrutosdelmar.com\/index.php\/homepages\/product-landing\/\"]}]},{\"@type\":\"BreadcrumbList\",\"@id\":\"https:\/\/restaurantefrutosdelmar.com\/index.php\/homepages\/product-landing\/#breadcrumb\",\"itemListElement\":[{\"@type\":\"ListItem\",\"position\":1,\"name\":\"Home\",\"item\":\"https:\/\/restaurantefrutosdelmar.com\/\"},{\"@type\":\"ListItem\",\"position\":2,\"name\":\"Homepages\",\"item\":\"https:\/\/restaurantefrutosdelmar.com\/index.php\/homepages\/\"},{\"@type\":\"ListItem\",\"position\":3,\"name\":\"Product Landing\"}]},{\"@type\":\"WebSite\",\"@id\":\"https:\/\/restaurantefrutosdelmar.com\/#website\",\"url\":\"https:\/\/restaurantefrutosdelmar.com\/\",\"name\":\"restaurantefrutosdelmar.com\",\"description\":\"\",\"publisher\":{\"@id\":\"https:\/\/restaurantefrutosdelmar.com\/#organization\"},\"potentialAction\":[{\"@type\":\"SearchAction\",\"target\":{\"@type\":\"EntryPoint\",\"urlTemplate\":\"https:\/\/restaurantefrutosdelmar.com\/?s={search_term_string}\"},\"query-input\":{\"@type\":\"PropertyValueSpecification\",\"valueRequired\":true,\"valueName\":\"search_term_string\"}}],\"inLanguage\":\"en-US\"},{\"@type\":\"Organization\",\"@id\":\"https:\/\/restaurantefrutosdelmar.com\/#organization\",\"name\":\"Con tradicion Restaurante\",\"url\":\"https:\/\/restaurantefrutosdelmar.com\/\",\"logo\":{\"@type\":\"ImageObject\",\"inLanguage\":\"en-US\",\"@id\":\"https:\/\/restaurantefrutosdelmar.com\/#\/schema\/logo\/image\/\",\"url\":\"https:\/\/restaurantefrutosdelmar.com\/wp-content\/uploads\/2022\/12\/Contradicion-Restaurante.png\",\"contentUrl\":\"https:\/\/restaurantefrutosdelmar.com\/wp-content\/uploads\/2022\/12\/Contradicion-Restaurante.png\",\"width\":2090,\"height\":1324,\"caption\":\"Con tradicion Restaurante\"},\"image\":{\"@id\":\"https:\/\/restaurantefrutosdelmar.com\/#\/schema\/logo\/image\/\"},\"sameAs\":[\"https:\/\/es-la.facebook.com\/restaurantecontradicion\/\"]}]}<\/script>\n<!-- \/ Yoast SEO plugin. -->","yoast_head_json":{"title":"Product Landing - restaurantefrutosdelmar.com","description":"El Restaurante Con tradici\u00f3n del chef Sergio Botero. Se encuentra ubicado en Marinilla, Antioquia. Durante los ultimos a\u00f1os ha recibido numerosos reconocimientos. Destacandose como uno de los mejores restaurantes de comida Colombiana del pa\u00eds.","robots":{"index":"index","follow":"follow","max-snippet":"max-snippet:-1","max-image-preview":"max-image-preview:large","max-video-preview":"max-video-preview:-1"},"canonical":"https:\/\/restaurantefrutosdelmar.com\/index.php\/homepages\/product-landing\/","og_locale":"en_US","og_type":"article","og_title":"Product Landing - restaurantefrutosdelmar.com","og_description":"El Restaurante Con tradici\u00f3n del chef Sergio Botero. Se encuentra ubicado en Marinilla, Antioquia. Durante los ultimos a\u00f1os ha recibido numerosos reconocimientos. Destacandose como uno de los mejores restaurantes de comida Colombiana del pa\u00eds.","og_url":"https:\/\/restaurantefrutosdelmar.com\/index.php\/homepages\/product-landing\/","og_site_name":"restaurantefrutosdelmar.com","article_publisher":"https:\/\/es-la.facebook.com\/restaurantecontradicion\/","twitter_card":"summary_large_image","twitter_misc":{"Est. reading time":"4 minutes"},"schema":{"@context":"https:\/\/schema.org","@graph":[{"@type":"WebPage","@id":"https:\/\/restaurantefrutosdelmar.com\/index.php\/homepages\/product-landing\/","url":"https:\/\/restaurantefrutosdelmar.com\/index.php\/homepages\/product-landing\/","name":"Product Landing - restaurantefrutosdelmar.com","isPartOf":{"@id":"https:\/\/restaurantefrutosdelmar.com\/#website"},"datePublished":"2018-09-05T09:49:56+00:00","description":"El Restaurante Con tradici\u00f3n del chef Sergio Botero. Se encuentra ubicado en Marinilla, Antioquia. Durante los ultimos a\u00f1os ha recibido numerosos reconocimientos. Destacandose como uno de los mejores restaurantes de comida Colombiana del pa\u00eds.","breadcrumb":{"@id":"https:\/\/restaurantefrutosdelmar.com\/index.php\/homepages\/product-landing\/#breadcrumb"},"inLanguage":"en-US","potentialAction":[{"@type":"ReadAction","target":["https:\/\/restaurantefrutosdelmar.com\/index.php\/homepages\/product-landing\/"]}]},{"@type":"BreadcrumbList","@id":"https:\/\/restaurantefrutosdelmar.com\/index.php\/homepages\/product-landing\/#breadcrumb","itemListElement":[{"@type":"ListItem","position":1,"name":"Home","item":"https:\/\/restaurantefrutosdelmar.com\/"},{"@type":"ListItem","position":2,"name":"Homepages","item":"https:\/\/restaurantefrutosdelmar.com\/index.php\/homepages\/"},{"@type":"ListItem","position":3,"name":"Product Landing"}]},{"@type":"WebSite","@id":"https:\/\/restaurantefrutosdelmar.com\/#website","url":"https:\/\/restaurantefrutosdelmar.com\/","name":"restaurantefrutosdelmar.com","description":"","publisher":{"@id":"https:\/\/restaurantefrutosdelmar.com\/#organization"},"potentialAction":[{"@type":"SearchAction","target":{"@type":"EntryPoint","urlTemplate":"https:\/\/restaurantefrutosdelmar.com\/?s={search_term_string}"},"query-input":{"@type":"PropertyValueSpecification","valueRequired":true,"valueName":"search_term_string"}}],"inLanguage":"en-US"},{"@type":"Organization","@id":"https:\/\/restaurantefrutosdelmar.com\/#organization","name":"Con tradicion Restaurante","url":"https:\/\/restaurantefrutosdelmar.com\/","logo":{"@type":"ImageObject","inLanguage":"en-US","@id":"https:\/\/restaurantefrutosdelmar.com\/#\/schema\/logo\/image\/","url":"https:\/\/restaurantefrutosdelmar.com\/wp-content\/uploads\/2022\/12\/Contradicion-Restaurante.png","contentUrl":"https:\/\/restaurantefrutosdelmar.com\/wp-content\/uploads\/2022\/12\/Contradicion-Restaurante.png","width":2090,"height":1324,"caption":"Con tradicion Restaurante"},"image":{"@id":"https:\/\/restaurantefrutosdelmar.com\/#\/schema\/logo\/image\/"},"sameAs":["https:\/\/es-la.facebook.com\/restaurantecontradicion\/"]}]}},"_links":{"self":[{"href":"https:\/\/restaurantefrutosdelmar.com\/index.php\/wp-json\/wp\/v2\/pages\/2031","targetHints":{"allow":["GET"]}}],"collection":[{"href":"https:\/\/restaurantefrutosdelmar.com\/index.php\/wp-json\/wp\/v2\/pages"}],"about":[{"href":"https:\/\/restaurantefrutosdelmar.com\/index.php\/wp-json\/wp\/v2\/types\/page"}],"author":[{"embeddable":true,"href":"https:\/\/restaurantefrutosdelmar.com\/index.php\/wp-json\/wp\/v2\/users\/1"}],"replies":[{"embeddable":true,"href":"https:\/\/restaurantefrutosdelmar.com\/index.php\/wp-json\/wp\/v2\/comments?post=2031"}],"version-history":[{"count":0,"href":"https:\/\/restaurantefrutosdelmar.com\/index.php\/wp-json\/wp\/v2\/pages\/2031\/revisions"}],"up":[{"embeddable":true,"href":"https:\/\/restaurantefrutosdelmar.com\/index.php\/wp-json\/wp\/v2\/pages\/1335"}],"wp:attachment":[{"href":"https:\/\/restaurantefrutosdelmar.com\/index.php\/wp-json\/wp\/v2\/media?parent=2031"}],"curies":[{"name":"wp","href":"https:\/\/api.w.org\/{rel}","templated":true}]}}