{"id":2093,"date":"2018-09-07T06:14:35","date_gmt":"2018-09-07T06:14:35","guid":{"rendered":"https:\/\/restaurantefrutosdelmar.com\/index.php\/homepages\/service\/"},"modified":"2018-09-07T06:14:35","modified_gmt":"2018-09-07T06:14:35","slug":"service","status":"publish","type":"page","link":"https:\/\/restaurantefrutosdelmar.com\/index.php\/homepages\/service\/","title":{"rendered":"Service"},"content":{"rendered":"<section class=\"wpb-content-wrapper\"><p>[vc_row full_width=&#8221;stretch_row&#8221; background_color=&#8221;custom&#8221; custom_background_color=&#8221;#000000&#8243;][vc_column][vc_row_inner content_placement=&#8221;bottom&#8221; lg_spacing=&#8221;padding_top:100&#8243;][vc_column_inner offset=&#8221;vc_col-md-4&#8243;][tm_image image=&#8221;2109&#8243; lg_spacing=&#8221;margin_top:-212&#8243; sm_spacing=&#8221;margin_top:0&#8243;][tm_spacer size=&#8221;sm:40&#8243;][\/vc_column_inner][vc_column_inner offset=&#8221;vc_col-md-offset-1 vc_col-md-6&#8243;][tm_heading custom_google_font=&#8221;&#8221; text_color=&#8221;custom&#8221; custom_text_color=&#8221;#ffffff&#8221; text=&#8221;plan. create. grow.&#8221; font_size=&#8221;sm:24;md:30;lg:36&#8243; line_height=&#8221;1.42&#8243;][tm_spacer size=&#8221;lg:17&#8243;][tm_heading tag=&#8221;div&#8221; custom_google_font=&#8221;&#8221; text=&#8221;Since its establishment in 2000, Brook Creative has been focusing on project management &amp; implementation through cooperation. In total, Brook Creative has created more than 2000 projects related to constructional designing and landscaping industries worldwide.&#8221; font_size=&#8221;sm:16;lg:18&#8243; line_height=&#8221;1.84&#8243;][tm_spacer size=&#8221;lg:62&#8243;][tm_button button=&#8221;url:%23|title:Shop%20collection||&#8221;][\/vc_column_inner][\/vc_row_inner][tm_spacer size=&#8221;sm:100;lg:147&#8243;][vc_row_inner][vc_column_inner offset=&#8221;vc_col-md-4&#8243;][tm_heading style=&#8221;modern&#8221; custom_google_font=&#8221;&#8221; text_color=&#8221;custom&#8221; custom_text_color=&#8221;#ffffff&#8221; text=&#8221;OUR SKILLS&#8221;][tm_spacer size=&#8221;sm:25;lg:55&#8243;][tm_heading custom_google_font=&#8221;&#8221; text_color=&#8221;custom&#8221; custom_text_color=&#8221;#ffffff&#8221; text=&#8221;We design &amp; build brands, campaigns and digital projects for businesses.&#8221; font_size=&#8221;sm:24;md:30;lg:36&#8243; line_height=&#8221;1.42&#8243;][tm_spacer size=&#8221;sm:50&#8243;][\/vc_column_inner][vc_column_inner offset=&#8221;vc_col-md-offset-1 vc_col-md-7&#8243;][tm_slider_gallery image_size=&#8221;custom&#8221; nav=&#8221;04&#8243; pagination=&#8221;03&#8243; gutter=&#8221;30&#8243; images=&#8221;1044,1045,1043&#8243; image_size_width=&#8221;670&#8243; image_size_height=&#8221;570&#8243; items_display=&#8221;xs:1;lg:1&#8243; lg_spacing=&#8221;margin_bottom:-194&#8243;][\/vc_column_inner][\/vc_row_inner][tm_spacer size=&#8221;lg:100&#8243;][\/vc_column][\/vc_row][vc_row full_width=&#8221;stretch_row&#8221; lg_spacing=&#8221;padding_top:181;padding_bottom:20&#8243;][vc_column offset=&#8221;vc_col-md-4&#8243;][tm_image sm_align=&#8221;center&#8221; image=&#8221;2101&#8243;][tm_spacer size=&#8221;sm:50&#8243;][\/vc_column][vc_column offset=&#8221;vc_col-md-offset-1 vc_col-md-7&#8243;][vc_progress_bar bar_height=&#8221;4&#8243; values=&#8221;%5B%7B%22label%22%3A%22UI%2FUX%22%2C%22value%22%3A%2285%22%2C%22custom_background_color%22%3A%22%23222222%22%2C%22custom_track_color%22%3A%22%23ededed%22%2C%22custom_text_color%22%3A%22%23333333%22%7D%2C%7B%22label%22%3A%22Ideas%22%2C%22value%22%3A%2270%22%2C%22custom_background_color%22%3A%22%23222222%22%2C%22custom_track_color%22%3A%22%23ededed%22%2C%22custom_text_color%22%3A%22%23333333%22%7D%2C%7B%22label%22%3A%22Marketing%22%2C%22value%22%3A%2290%22%2C%22custom_background_color%22%3A%22%23222222%22%2C%22custom_track_color%22%3A%22%23ededed%22%2C%22custom_text_color%22%3A%22%23333333%22%7D%5D&#8221; units=&#8221;%&#8221;][tm_spacer size=&#8221;sm:60;lg:122&#8243;][tm_grid columns=&#8221;xs:1;lg:2&#8243; column_gutter=&#8221;lg:30&#8243; row_gutter=&#8221;lg:50&#8243; max_width=&#8221;lg:570&#8243;][tm_counter align=&#8221;left&#8221; icon_type=&#8221;ion&#8221; icon_ion=&#8221;ion-ios-people-outline&#8221; number=&#8221;99&#8243; number_suffix=&#8221;%&#8221; text=&#8221;Satisfied clients&#8221;][tm_counter align=&#8221;left&#8221; icon_type=&#8221;ion&#8221; icon_ion=&#8221;ion-ios-eye-outline&#8221; number=&#8221;2034&#8243; text=&#8221;Unique designs&#8221;][\/tm_grid][\/vc_column][\/vc_row][vc_row full_width=&#8221;stretch_row&#8221; content_placement=&#8221;middle&#8221; lg_spacing=&#8221;padding_top:110;padding_bottom:110&#8243; sm_spacing=&#8221;padding_top:80;padding_bottom:80&#8243;][vc_column offset=&#8221;vc_col-md-8&#8243;][tm_heading custom_google_font=&#8221;&#8221; text=&#8221;Features you will love&#8221; font_size=&#8221;sm:24;md:30;lg:36&#8243; line_height=&#8221;1.42&#8243;][tm_spacer size=&#8221;sm:50;lg:83&#8243;][tm_grid columns=&#8221;xs:1;lg:2&#8243; column_gutter=&#8221;lg:30&#8243; row_gutter=&#8221;sm:50;lg:70&#8243;][tm_box_icon style=&#8221;02&#8243; icon_type=&#8221;ion&#8221; icon_ion=&#8221;ion-ios-infinite&#8221; heading=&#8221;Digital marketing&#8221; text=&#8221;We conduct the marketing of products &amp; services using latest digital technologies.&#8221;][tm_box_icon style=&#8221;02&#8243; icon_type=&#8221;ion&#8221; icon_ion=&#8221;ion-monitor&#8221; heading=&#8221;UI\/UX designs&#8221; text=&#8221;We successfully implemented numerous UI\/UX projects for both global &amp; local clients.&#8221;][tm_box_icon style=&#8221;02&#8243; icon_type=&#8221;ion&#8221; icon_ion=&#8221;ion-ios-baseball-outline&#8221; heading=&#8221;SEO marketing&#8221; text=&#8221;Our SEO approach is to focus on growing visibility in organic search engine results.&#8221;][tm_box_icon style=&#8221;02&#8243; icon_type=&#8221;ion&#8221; icon_ion=&#8221;ion-pinpoint&#8221; heading=&#8221;Resource use&#8221; text=&#8221;We participate in knowledge and technology transfers in resource use.&#8221;][\/tm_grid][tm_spacer size=&#8221;sm:50&#8243;][\/vc_column][vc_column offset=&#8221;vc_col-md-4&#8243;][tm_image align=&#8221;right&#8221; sm_align=&#8221;center&#8221; image=&#8221;1075&#8243;][\/vc_column][\/vc_row][vc_row full_width=&#8221;stretch_row&#8221; content_placement=&#8221;middle&#8221; background_attachment=&#8221;fixed&#8221; lg_spacing=&#8221;padding_top:150;padding_bottom:150&#8243; sm_spacing=&#8221;padding_top:100;padding_bottom:100&#8243; background_image=&#8221;2096&#8243; background_position=&#8221;center&#8221;][vc_column offset=&#8221;vc_col-md-6&#8243;][tm_mailchimp_form_box style=&#8221;02&#8243;][tm_spacer size=&#8221;sm:50&#8243;][\/vc_column][vc_column offset=&#8221;vc_col-md-6&#8243; lg_spacing=&#8221;padding_left:40&#8243; sm_spacing=&#8221;padding_left:15&#8243;][tm_heading custom_google_font=&#8221;&#8221; text_color=&#8221;custom&#8221; custom_text_color=&#8221;#ffffff&#8221; text=&#8221;Bringing the best experiences&#8221; font_size=&#8221;sm:24;md:30;lg:36&#8243; line_height=&#8221;1.42&#8243;][tm_spacer size=&#8221;lg:17&#8243;][tm_heading tag=&#8221;div&#8221; custom_google_font=&#8221;&#8221; text=&#8221;We work with clients from all over the world. We had worked with and serving over 2000 customers and 1000 global companies across 13 countries with over 90% satisfaction rate achieved.&#8221; font_size=&#8221;sm:16;lg:18&#8243; line_height=&#8221;1.84&#8243;][tm_spacer size=&#8221;lg:45&#8243;][tm_button button=&#8221;url:%23|title:Purchase%20now||&#8221;][\/vc_column][\/vc_row]<\/p>\n<\/section>","protected":false},"excerpt":{"rendered":"<p>[vc_row full_width=&#8221;stretch_row&#8221; background_color=&#8221;custom&#8221; custom_background_color=&#8221;#000000&#8243;][vc_column][vc_row_inner content_placement=&#8221;bottom&#8221; lg_spacing=&#8221;padding_top:100&#8243;][vc_column_inner offset=&#8221;vc_col-md-4&#8243;][tm_image image=&#8221;2109&#8243; lg_spacing=&#8221;margin_top:-212&#8243; sm_spacing=&#8221;margin_top:0&#8243;][tm_spacer size=&#8221;sm:40&#8243;][\/vc_column_inner][vc_column_inner offset=&#8221;vc_col-md-offset-1 vc_col-md-6&#8243;][tm_heading custom_google_font=&#8221;&#8221; text_color=&#8221;custom&#8221; custom_text_color=&#8221;#ffffff&#8221; text=&#8221;plan. create. grow.&#8221; font_size=&#8221;sm:24;md:30;lg:36&#8243; line_height=&#8221;1.42&#8243;][tm_spacer size=&#8221;lg:17&#8243;][tm_heading tag=&#8221;div&#8221; custom_google_font=&#8221;&#8221; text=&#8221;Since its establishment in 2000, Brook Creative has been focusing on project management &amp; implementation through cooperation. In total, Brook Creative has created more than 2000 projects related to constructional designing and landscaping industries worldwide.&#8221; font_size=&#8221;sm:16;lg:18&#8243; line_height=&#8221;1.84&#8243;][tm_spacer size=&#8221;lg:62&#8243;][tm_button button=&#8221;url:%23|title:Shop%20collection||&#8221;][\/vc_column_inner][\/vc_row_inner][tm_spacer size=&#8221;sm:100;lg:147&#8243;][vc_row_inner][vc_column_inner offset=&#8221;vc_col-md-4&#8243;][tm_heading style=&#8221;modern&#8221; custom_google_font=&#8221;&#8221; text_color=&#8221;custom&#8221; custom_text_color=&#8221;#ffffff&#8221; text=&#8221;OUR SKILLS&#8221;][tm_spacer size=&#8221;sm:25;lg:55&#8243;][tm_heading custom_google_font=&#8221;&#8221; text_color=&#8221;custom&#8221; custom_text_color=&#8221;#ffffff&#8221; text=&#8221;We design &amp; build brands, campaigns and digital projects for businesses.&#8221; font_size=&#8221;sm:24;md:30;lg:36&#8243; line_height=&#8221;1.42&#8243;][tm_spacer size=&#8221;sm:50&#8243;][\/vc_column_inner][vc_column_inner offset=&#8221;vc_col-md-offset-1 vc_col-md-7&#8243;][tm_slider_gallery image_size=&#8221;custom&#8221; nav=&#8221;04&#8243; pagination=&#8221;03&#8243; gutter=&#8221;30&#8243; images=&#8221;1044,1045,1043&#8243; image_size_width=&#8221;670&#8243; image_size_height=&#8221;570&#8243; items_display=&#8221;xs:1;lg:1&#8243; lg_spacing=&#8221;margin_bottom:-194&#8243;][\/vc_column_inner][\/vc_row_inner][tm_spacer size=&#8221;lg:100&#8243;][\/vc_column][\/vc_row][vc_row full_width=&#8221;stretch_row&#8221; lg_spacing=&#8221;padding_top:181;padding_bottom:20&#8243;][vc_column offset=&#8221;vc_col-md-4&#8243;][tm_image sm_align=&#8221;center&#8221; image=&#8221;2101&#8243;][tm_spacer size=&#8221;sm:50&#8243;][\/vc_column][vc_column offset=&#8221;vc_col-md-offset-1 vc_col-md-7&#8243;][vc_progress_bar bar_height=&#8221;4&#8243; values=&#8221;%5B%7B%22label%22%3A%22UI%2FUX%22%2C%22value%22%3A%2285%22%2C%22custom_background_color%22%3A%22%23222222%22%2C%22custom_track_color%22%3A%22%23ededed%22%2C%22custom_text_color%22%3A%22%23333333%22%7D%2C%7B%22label%22%3A%22Ideas%22%2C%22value%22%3A%2270%22%2C%22custom_background_color%22%3A%22%23222222%22%2C%22custom_track_color%22%3A%22%23ededed%22%2C%22custom_text_color%22%3A%22%23333333%22%7D%2C%7B%22label%22%3A%22Marketing%22%2C%22value%22%3A%2290%22%2C%22custom_background_color%22%3A%22%23222222%22%2C%22custom_track_color%22%3A%22%23ededed%22%2C%22custom_text_color%22%3A%22%23333333%22%7D%5D&#8221; units=&#8221;%&#8221;][tm_spacer size=&#8221;sm:60;lg:122&#8243;][tm_grid columns=&#8221;xs:1;lg:2&#8243; column_gutter=&#8221;lg:30&#8243; row_gutter=&#8221;lg:50&#8243; max_width=&#8221;lg:570&#8243;][tm_counter align=&#8221;left&#8221; icon_type=&#8221;ion&#8221; icon_ion=&#8221;ion-ios-people-outline&#8221; number=&#8221;99&#8243; number_suffix=&#8221;%&#8221; text=&#8221;Satisfied clients&#8221;][tm_counter align=&#8221;left&#8221; icon_type=&#8221;ion&#8221; icon_ion=&#8221;ion-ios-eye-outline&#8221; number=&#8221;2034&#8243; text=&#8221;Unique designs&#8221;][\/tm_grid][\/vc_column][\/vc_row][vc_row full_width=&#8221;stretch_row&#8221; content_placement=&#8221;middle&#8221; lg_spacing=&#8221;padding_top:110;padding_bottom:110&#8243; sm_spacing=&#8221;padding_top:80;padding_bottom:80&#8243;][vc_column offset=&#8221;vc_col-md-8&#8243;][tm_heading custom_google_font=&#8221;&#8221; text=&#8221;Features you will love&#8221; font_size=&#8221;sm:24;md:30;lg:36&#8243; line_height=&#8221;1.42&#8243;][tm_spacer size=&#8221;sm:50;lg:83&#8243;][tm_grid columns=&#8221;xs:1;lg:2&#8243; column_gutter=&#8221;lg:30&#8243; row_gutter=&#8221;sm:50;lg:70&#8243;][tm_box_icon style=&#8221;02&#8243; icon_type=&#8221;ion&#8221; icon_ion=&#8221;ion-ios-infinite&#8221; heading=&#8221;Digital marketing&#8221; text=&#8221;We conduct the marketing of products &amp; services using latest digital technologies.&#8221;][tm_box_icon style=&#8221;02&#8243; icon_type=&#8221;ion&#8221; icon_ion=&#8221;ion-monitor&#8221; heading=&#8221;UI\/UX designs&#8221; text=&#8221;We successfully implemented numerous UI\/UX projects for both global &amp; local clients.&#8221;][tm_box_icon style=&#8221;02&#8243; icon_type=&#8221;ion&#8221; icon_ion=&#8221;ion-ios-baseball-outline&#8221; heading=&#8221;SEO marketing&#8221; text=&#8221;Our SEO approach is to focus on growing visibility in organic search engine results.&#8221;][tm_box_icon style=&#8221;02&#8243; icon_type=&#8221;ion&#8221; icon_ion=&#8221;ion-pinpoint&#8221; heading=&#8221;Resource use&#8221; text=&#8221;We participate in knowledge and technology transfers in resource use.&#8221;][\/tm_grid][tm_spacer size=&#8221;sm:50&#8243;][\/vc_column][vc_column offset=&#8221;vc_col-md-4&#8243;][tm_image align=&#8221;right&#8221; sm_align=&#8221;center&#8221; image=&#8221;1075&#8243;][\/vc_column][\/vc_row][vc_row full_width=&#8221;stretch_row&#8221; content_placement=&#8221;middle&#8221; background_attachment=&#8221;fixed&#8221; lg_spacing=&#8221;padding_top:150;padding_bottom:150&#8243; sm_spacing=&#8221;padding_top:100;padding_bottom:100&#8243; background_image=&#8221;2096&#8243; background_position=&#8221;center&#8221;][vc_column offset=&#8221;vc_col-md-6&#8243;][tm_mailchimp_form_box style=&#8221;02&#8243;][tm_spacer size=&#8221;sm:50&#8243;][\/vc_column][vc_column offset=&#8221;vc_col-md-6&#8243; lg_spacing=&#8221;padding_left:40&#8243; sm_spacing=&#8221;padding_left:15&#8243;][tm_heading custom_google_font=&#8221;&#8221; text_color=&#8221;custom&#8221; custom_text_color=&#8221;#ffffff&#8221; text=&#8221;Bringing the best experiences&#8221; font_size=&#8221;sm:24;md:30;lg:36&#8243; line_height=&#8221;1.42&#8243;][tm_spacer size=&#8221;lg:17&#8243;][tm_heading tag=&#8221;div&#8221; custom_google_font=&#8221;&#8221; text=&#8221;We work with clients from all over the world. We had worked with and serving over 2000 customers and 1000 global companies across 13 countries with over 90% satisfaction rate achieved.&#8221; font_size=&#8221;sm:16;lg:18&#8243; line_height=&#8221;1.84&#8243;][tm_spacer size=&#8221;lg:45&#8243;][tm_button button=&#8221;url:%23|title:Purchase%20now||&#8221;][\/vc_column][\/vc_row]<\/p>\n","protected":false},"author":1,"featured_media":0,"parent":1335,"menu_order":0,"comment_status":"closed","ping_status":"closed","template":"","meta":{"footnotes":""},"class_list":["post-2093","page","type-page","status-publish","hentry","post-no-thumbnail"],"yoast_head":"<!-- This site is optimized with the Yoast SEO plugin v25.8 - https:\/\/yoast.com\/wordpress\/plugins\/seo\/ -->\n<title>Service - restaurantefrutosdelmar.com<\/title>\n<meta name=\"description\" content=\"El Restaurante Con tradici\u00f3n del chef Sergio Botero. Se encuentra ubicado en Marinilla, Antioquia. Durante los ultimos a\u00f1os ha recibido numerosos reconocimientos. Destacandose como uno de los mejores restaurantes de comida Colombiana del pa\u00eds.\" \/>\n<meta name=\"robots\" content=\"index, follow, max-snippet:-1, max-image-preview:large, max-video-preview:-1\" \/>\n<link rel=\"canonical\" href=\"https:\/\/restaurantefrutosdelmar.com\/index.php\/homepages\/service\/\" \/>\n<meta property=\"og:locale\" content=\"en_US\" \/>\n<meta property=\"og:type\" content=\"article\" \/>\n<meta property=\"og:title\" content=\"Service - restaurantefrutosdelmar.com\" \/>\n<meta property=\"og:description\" content=\"El Restaurante Con tradici\u00f3n del chef Sergio Botero. Se encuentra ubicado en Marinilla, Antioquia. Durante los ultimos a\u00f1os ha recibido numerosos reconocimientos. Destacandose como uno de los mejores restaurantes de comida Colombiana del pa\u00eds.\" \/>\n<meta property=\"og:url\" content=\"https:\/\/restaurantefrutosdelmar.com\/index.php\/homepages\/service\/\" \/>\n<meta property=\"og:site_name\" content=\"restaurantefrutosdelmar.com\" \/>\n<meta property=\"article:publisher\" content=\"https:\/\/es-la.facebook.com\/restaurantecontradicion\/\" \/>\n<meta name=\"twitter:card\" content=\"summary_large_image\" \/>\n<meta name=\"twitter:label1\" content=\"Est. reading time\" \/>\n\t<meta name=\"twitter:data1\" content=\"4 minutes\" \/>\n<script type=\"application\/ld+json\" class=\"yoast-schema-graph\">{\"@context\":\"https:\/\/schema.org\",\"@graph\":[{\"@type\":\"WebPage\",\"@id\":\"https:\/\/restaurantefrutosdelmar.com\/index.php\/homepages\/service\/\",\"url\":\"https:\/\/restaurantefrutosdelmar.com\/index.php\/homepages\/service\/\",\"name\":\"Service - restaurantefrutosdelmar.com\",\"isPartOf\":{\"@id\":\"https:\/\/restaurantefrutosdelmar.com\/#website\"},\"datePublished\":\"2018-09-07T06:14:35+00:00\",\"description\":\"El Restaurante Con tradici\u00f3n del chef Sergio Botero. Se encuentra ubicado en Marinilla, Antioquia. Durante los ultimos a\u00f1os ha recibido numerosos reconocimientos. Destacandose como uno de los mejores restaurantes de comida Colombiana del pa\u00eds.\",\"breadcrumb\":{\"@id\":\"https:\/\/restaurantefrutosdelmar.com\/index.php\/homepages\/service\/#breadcrumb\"},\"inLanguage\":\"en-US\",\"potentialAction\":[{\"@type\":\"ReadAction\",\"target\":[\"https:\/\/restaurantefrutosdelmar.com\/index.php\/homepages\/service\/\"]}]},{\"@type\":\"BreadcrumbList\",\"@id\":\"https:\/\/restaurantefrutosdelmar.com\/index.php\/homepages\/service\/#breadcrumb\",\"itemListElement\":[{\"@type\":\"ListItem\",\"position\":1,\"name\":\"Home\",\"item\":\"https:\/\/restaurantefrutosdelmar.com\/\"},{\"@type\":\"ListItem\",\"position\":2,\"name\":\"Homepages\",\"item\":\"https:\/\/restaurantefrutosdelmar.com\/index.php\/homepages\/\"},{\"@type\":\"ListItem\",\"position\":3,\"name\":\"Service\"}]},{\"@type\":\"WebSite\",\"@id\":\"https:\/\/restaurantefrutosdelmar.com\/#website\",\"url\":\"https:\/\/restaurantefrutosdelmar.com\/\",\"name\":\"restaurantefrutosdelmar.com\",\"description\":\"\",\"publisher\":{\"@id\":\"https:\/\/restaurantefrutosdelmar.com\/#organization\"},\"potentialAction\":[{\"@type\":\"SearchAction\",\"target\":{\"@type\":\"EntryPoint\",\"urlTemplate\":\"https:\/\/restaurantefrutosdelmar.com\/?s={search_term_string}\"},\"query-input\":{\"@type\":\"PropertyValueSpecification\",\"valueRequired\":true,\"valueName\":\"search_term_string\"}}],\"inLanguage\":\"en-US\"},{\"@type\":\"Organization\",\"@id\":\"https:\/\/restaurantefrutosdelmar.com\/#organization\",\"name\":\"Con tradicion Restaurante\",\"url\":\"https:\/\/restaurantefrutosdelmar.com\/\",\"logo\":{\"@type\":\"ImageObject\",\"inLanguage\":\"en-US\",\"@id\":\"https:\/\/restaurantefrutosdelmar.com\/#\/schema\/logo\/image\/\",\"url\":\"https:\/\/restaurantefrutosdelmar.com\/wp-content\/uploads\/2022\/12\/Contradicion-Restaurante.png\",\"contentUrl\":\"https:\/\/restaurantefrutosdelmar.com\/wp-content\/uploads\/2022\/12\/Contradicion-Restaurante.png\",\"width\":2090,\"height\":1324,\"caption\":\"Con tradicion Restaurante\"},\"image\":{\"@id\":\"https:\/\/restaurantefrutosdelmar.com\/#\/schema\/logo\/image\/\"},\"sameAs\":[\"https:\/\/es-la.facebook.com\/restaurantecontradicion\/\"]}]}<\/script>\n<!-- \/ Yoast SEO plugin. -->","yoast_head_json":{"title":"Service - restaurantefrutosdelmar.com","description":"El Restaurante Con tradici\u00f3n del chef Sergio Botero. Se encuentra ubicado en Marinilla, Antioquia. Durante los ultimos a\u00f1os ha recibido numerosos reconocimientos. Destacandose como uno de los mejores restaurantes de comida Colombiana del pa\u00eds.","robots":{"index":"index","follow":"follow","max-snippet":"max-snippet:-1","max-image-preview":"max-image-preview:large","max-video-preview":"max-video-preview:-1"},"canonical":"https:\/\/restaurantefrutosdelmar.com\/index.php\/homepages\/service\/","og_locale":"en_US","og_type":"article","og_title":"Service - restaurantefrutosdelmar.com","og_description":"El Restaurante Con tradici\u00f3n del chef Sergio Botero. Se encuentra ubicado en Marinilla, Antioquia. Durante los ultimos a\u00f1os ha recibido numerosos reconocimientos. Destacandose como uno de los mejores restaurantes de comida Colombiana del pa\u00eds.","og_url":"https:\/\/restaurantefrutosdelmar.com\/index.php\/homepages\/service\/","og_site_name":"restaurantefrutosdelmar.com","article_publisher":"https:\/\/es-la.facebook.com\/restaurantecontradicion\/","twitter_card":"summary_large_image","twitter_misc":{"Est. reading time":"4 minutes"},"schema":{"@context":"https:\/\/schema.org","@graph":[{"@type":"WebPage","@id":"https:\/\/restaurantefrutosdelmar.com\/index.php\/homepages\/service\/","url":"https:\/\/restaurantefrutosdelmar.com\/index.php\/homepages\/service\/","name":"Service - restaurantefrutosdelmar.com","isPartOf":{"@id":"https:\/\/restaurantefrutosdelmar.com\/#website"},"datePublished":"2018-09-07T06:14:35+00:00","description":"El Restaurante Con tradici\u00f3n del chef Sergio Botero. Se encuentra ubicado en Marinilla, Antioquia. Durante los ultimos a\u00f1os ha recibido numerosos reconocimientos. Destacandose como uno de los mejores restaurantes de comida Colombiana del pa\u00eds.","breadcrumb":{"@id":"https:\/\/restaurantefrutosdelmar.com\/index.php\/homepages\/service\/#breadcrumb"},"inLanguage":"en-US","potentialAction":[{"@type":"ReadAction","target":["https:\/\/restaurantefrutosdelmar.com\/index.php\/homepages\/service\/"]}]},{"@type":"BreadcrumbList","@id":"https:\/\/restaurantefrutosdelmar.com\/index.php\/homepages\/service\/#breadcrumb","itemListElement":[{"@type":"ListItem","position":1,"name":"Home","item":"https:\/\/restaurantefrutosdelmar.com\/"},{"@type":"ListItem","position":2,"name":"Homepages","item":"https:\/\/restaurantefrutosdelmar.com\/index.php\/homepages\/"},{"@type":"ListItem","position":3,"name":"Service"}]},{"@type":"WebSite","@id":"https:\/\/restaurantefrutosdelmar.com\/#website","url":"https:\/\/restaurantefrutosdelmar.com\/","name":"restaurantefrutosdelmar.com","description":"","publisher":{"@id":"https:\/\/restaurantefrutosdelmar.com\/#organization"},"potentialAction":[{"@type":"SearchAction","target":{"@type":"EntryPoint","urlTemplate":"https:\/\/restaurantefrutosdelmar.com\/?s={search_term_string}"},"query-input":{"@type":"PropertyValueSpecification","valueRequired":true,"valueName":"search_term_string"}}],"inLanguage":"en-US"},{"@type":"Organization","@id":"https:\/\/restaurantefrutosdelmar.com\/#organization","name":"Con tradicion Restaurante","url":"https:\/\/restaurantefrutosdelmar.com\/","logo":{"@type":"ImageObject","inLanguage":"en-US","@id":"https:\/\/restaurantefrutosdelmar.com\/#\/schema\/logo\/image\/","url":"https:\/\/restaurantefrutosdelmar.com\/wp-content\/uploads\/2022\/12\/Contradicion-Restaurante.png","contentUrl":"https:\/\/restaurantefrutosdelmar.com\/wp-content\/uploads\/2022\/12\/Contradicion-Restaurante.png","width":2090,"height":1324,"caption":"Con tradicion Restaurante"},"image":{"@id":"https:\/\/restaurantefrutosdelmar.com\/#\/schema\/logo\/image\/"},"sameAs":["https:\/\/es-la.facebook.com\/restaurantecontradicion\/"]}]}},"_links":{"self":[{"href":"https:\/\/restaurantefrutosdelmar.com\/index.php\/wp-json\/wp\/v2\/pages\/2093","targetHints":{"allow":["GET"]}}],"collection":[{"href":"https:\/\/restaurantefrutosdelmar.com\/index.php\/wp-json\/wp\/v2\/pages"}],"about":[{"href":"https:\/\/restaurantefrutosdelmar.com\/index.php\/wp-json\/wp\/v2\/types\/page"}],"author":[{"embeddable":true,"href":"https:\/\/restaurantefrutosdelmar.com\/index.php\/wp-json\/wp\/v2\/users\/1"}],"replies":[{"embeddable":true,"href":"https:\/\/restaurantefrutosdelmar.com\/index.php\/wp-json\/wp\/v2\/comments?post=2093"}],"version-history":[{"count":0,"href":"https:\/\/restaurantefrutosdelmar.com\/index.php\/wp-json\/wp\/v2\/pages\/2093\/revisions"}],"up":[{"embeddable":true,"href":"https:\/\/restaurantefrutosdelmar.com\/index.php\/wp-json\/wp\/v2\/pages\/1335"}],"wp:attachment":[{"href":"https:\/\/restaurantefrutosdelmar.com\/index.php\/wp-json\/wp\/v2\/media?parent=2093"}],"curies":[{"name":"wp","href":"https:\/\/api.w.org\/{rel}","templated":true}]}}