{"id":2247,"date":"2018-09-10T07:19:54","date_gmt":"2018-09-10T07:19:54","guid":{"rendered":"https:\/\/restaurantefrutosdelmar.com\/index.php\/homepages\/home-shop\/"},"modified":"2018-09-10T07:19:54","modified_gmt":"2018-09-10T07:19:54","slug":"home-shop","status":"publish","type":"page","link":"https:\/\/restaurantefrutosdelmar.com\/index.php\/homepages\/home-shop\/","title":{"rendered":"Shop"},"content":{"rendered":"<section class=\"wpb-content-wrapper\"><p>[vc_row full_width=&#8221;stretch_row_content&#8221; equal_height=&#8221;yes&#8221; content_placement=&#8221;middle&#8221;][vc_column offset=&#8221;vc_col-md-6&#8243; order=&#8221;sm:2&#8243;][tm_spacer size=&#8221;lg:150&#8243;][vc_row_inner content_alignment=&#8221;center&#8221; max_width=&#8221;700px&#8221;][vc_column_inner][tm_heading custom_google_font=&#8221;&#8221; text=&#8221;White &amp; transparent tableware&#8221; font_size=&#8221;xs:36;sm:44;md:52;lg:60&#8243; line_height=&#8221;1.4&#8243; max_width=&#8221;470px&#8221;][tm_spacer size=&#8221;lg:47&#8243;][tm_button size=&#8221;custom&#8221; button=&#8221;url:%23|title:Shop%20collection||&#8221; width=&#8221;190&#8243;][\/vc_column_inner][\/vc_row_inner][tm_spacer size=&#8221;lg:150&#8243;][\/vc_column][vc_column background_image=&#8221;2250&#8243; offset=&#8221;vc_col-md-6&#8243; background_position=&#8221;center&#8221; order=&#8221;sm:1&#8243;][tm_spacer size=&#8221;xs:600;sm:700;md:850;lg:1000&#8243;][\/vc_column][\/vc_row][vc_row full_width=&#8221;stretch_row_content_no_spaces&#8221; equal_height=&#8221;yes&#8221; content_placement=&#8221;middle&#8221; background_color=&#8221;custom&#8221; custom_background_color=&#8221;#f5f3ef&#8221;][vc_column offset=&#8221;vc_col-lg-3 vc_col-md-6&#8243;][tm_image full_wide=&#8221;1&#8243; image=&#8221;2286&#8243;][\/vc_column][vc_column lg_spacing=&#8221;padding_top:100;padding_right:60;padding_bottom:100;padding_left:60&#8243; sm_spacing=&#8221;padding_right:30;padding_left:30&#8243; offset=&#8221;vc_col-lg-3 vc_col-md-6&#8243;][tm_heading custom_google_font=&#8221;&#8221; text=&#8221;Products<br \/>\non sale.&#8221; font_size=&#8221;sm:24;md:30;lg:36&#8243; line_height=&#8221;1.42&#8243;][tm_spacer size=&#8221;lg:35&#8243;][tm_button button=&#8221;url:%23|title:Shop%20now||&#8221; color=&#8221;custom&#8221; button_bg_color=&#8221;custom&#8221; font_color=&#8221;custom&#8221; button_border_color=&#8221;custom&#8221; custom_button_bg_color=&#8221;#d0021b&#8221; custom_font_color=&#8221;#ffffff&#8221; custom_button_border_color=&#8221;#d0021b&#8221;][\/vc_column][vc_column offset=&#8221;vc_col-lg-3 vc_col-md-6&#8243;][tm_image full_wide=&#8221;1&#8243; image=&#8221;2287&#8243;][\/vc_column][vc_column lg_spacing=&#8221;padding_top:100;padding_right:60;padding_bottom:100;padding_left:60&#8243; sm_spacing=&#8221;padding_right:30;padding_left:30&#8243; offset=&#8221;vc_col-lg-3 vc_col-md-6&#8243;][tm_heading custom_google_font=&#8221;&#8221; text=&#8221;Metallic &amp;<br \/>\nWood Cutlery<br \/>\nseries.&#8221; font_size=&#8221;sm:24;md:30;lg:36&#8243; line_height=&#8221;1.42&#8243;][tm_spacer size=&#8221;lg:35&#8243;][tm_button button=&#8221;url:%23|title:Shop%20collection||&#8221;][\/vc_column][\/vc_row][vc_row full_width=&#8221;stretch_row&#8221;][vc_column][tm_spacer size=&#8221;sm:100;lg:150&#8243;][tm_heading custom_google_font=&#8221;&#8221; align=&#8221;center&#8221; text=&#8221;Latest items&#8221; font_size=&#8221;sm:24;md:30;lg:36&#8243;][tm_spacer size=&#8221;lg:47&#8243;][tm_product number=&#8221;9&#8243; columns=&#8221;xs:1;sm:2;lg:3&#8243; column_gutter=&#8221;lg:50&#8243; row_gutter=&#8221;lg:70&#8243;][tm_spacer size=&#8221;sm:100;lg:150&#8243;][\/vc_column][\/vc_row][vc_row equal_height=&#8221;yes&#8221; content_placement=&#8221;middle&#8221;][vc_column offset=&#8221;vc_col-md-6&#8243; lg_spacing=&#8221;padding_top:0;padding_right:0;padding_bottom:0;padding_left:0&#8243;][tm_mailchimp_form_box style=&#8221;02&#8243; custom_css=&#8221;JTI0c2VsZWN0b3IlMjAlN0IlMjBiYWNrZ3JvdW5kJTNBJTIwJTIzRjVGM0VGJTNCJTIwJTdE&#8221;][\/vc_column][vc_column background_image=&#8221;2261&#8243; background_position=&#8221;center&#8221; offset=&#8221;vc_col-md-6&#8243;][tm_spacer size=&#8221;sm:400;lg:500&#8243;][\/vc_column][\/vc_row][vc_row full_width=&#8221;stretch_row_content&#8221; lg_spacing=&#8221;padding_right:15;padding_left:15&#8243;][vc_column][tm_spacer size=&#8221;sm:100;lg:150&#8243;][tm_heading custom_google_font=&#8221;&#8221; align=&#8221;center&#8221; text=&#8221;Follow us on Instagram&#8221; font_size=&#8221;sm:24;md:30;lg:36&#8243; line_height=&#8221;1.42&#8243;][tm_spacer size=&#8221;lg:20&#8243;][tm_heading tag=&#8221;div&#8221; custom_google_font=&#8221;&#8221; align=&#8221;center&#8221; text=&#8221;@brookinstagram&#8221;][tm_spacer size=&#8221;lg:50&#8243;]\n            <div \n                class=\"elfsight-widget-instagram-feed elfsight-widget\" \n                data-elfsight-instagram-feed-options=\"%7B%22sourceType%22%3A%22personalAccount%22%2C%22apiChangesMessage%22%3Anull%2C%22source%22%3A%5B%22%40brook.studio%22%5D%2C%22personalAccessToken%22%3A%22729762e4-8188-455b-bf66-03151a1ba1b6%22%2C%22businessAccessToken%22%3A%22%22%2C%22businessAccount%22%3Anull%2C%22businessHashtag%22%3A%22%23eiffeltower%22%2C%22filterOnly%22%3A%5B%5D%2C%22filterExcept%22%3A%5B%5D%2C%22limit%22%3A0%2C%22order%22%3A%22date%22%2C%22layout%22%3A%22slider%22%2C%22postTemplate%22%3A%22tile%22%2C%22columns%22%3A6%2C%22rows%22%3A1%2C%22gutter%22%3A30%2C%22responsive%22%3A%5B%7B%22minWidth%22%3A375%2C%22columns%22%3A%221%22%2C%22rows%22%3A1%2C%22gutter%22%3A%220%22%7D%2C%7B%22minWidth%22%3A768%2C%22columns%22%3A3%2C%22rows%22%3A%221%22%2C%22gutter%22%3A%2230%22%7D%5D%2C%22width%22%3A%22auto%22%2C%22callToActionButtons%22%3A%5B%7B%22postUrl%22%3A%22https%3A%5C%2F%5C%2Fwww.instagram.com%5C%2Fp%5C%2FBmr7eH0nyxQ%5C%2F%22%2C%22buttonLabel%22%3A%22Install%20Instagram%20Feed%20now%22%2C%22buttonLink%22%3A%22https%3A%5C%2F%5C%2Felfsight.com%5C%2Finstagram-feed-instashow%5C%2F%22%7D%2C%7B%22postUrl%22%3A%22https%3A%5C%2F%5C%2Fwww.instagram.com%5C%2Fp%5C%2FBmgZy5FnnQB%5C%2F%22%2C%22buttonLabel%22%3A%22Install%20Instagram%20Feed%20now%22%2C%22buttonLink%22%3A%22https%3A%5C%2F%5C%2Felfsight.com%5C%2Finstagram-feed-instashow%5C%2F%22%7D%2C%7B%22postUrl%22%3A%22https%3A%5C%2F%5C%2Fwww.instagram.com%5C%2Fp%5C%2FBmbbCfBndRU%5C%2F%22%2C%22buttonLabel%22%3A%22Install%20Instagram%20Feed%20now%22%2C%22buttonLink%22%3A%22https%3A%5C%2F%5C%2Felfsight.com%5C%2Finstagram-feed-instashow%5C%2F%22%7D%5D%2C%22postElements%22%3A%5B%22user%22%2C%22date%22%2C%22instagramLink%22%2C%22likesCount%22%2C%22commentsCount%22%2C%22share%22%5D%2C%22popupElements%22%3A%5B%22user%22%2C%22location%22%2C%22followButton%22%2C%22instagramLink%22%2C%22likesCount%22%2C%22share%22%2C%22text%22%2C%22comments%22%2C%22date%22%5D%2C%22imageClickAction%22%3A%22popup%22%2C%22sliderArrows%22%3Afalse%2C%22sliderDrag%22%3Atrue%2C%22sliderSpeed%22%3A0.6%2C%22sliderAutoplay%22%3A%22%22%2C%22colorScheme%22%3A%22default%22%2C%22colorPostOverlayBg%22%3A%22rgba%280%2C%200%2C%200%2C%200.8%29%22%2C%22colorPostOverlayText%22%3A%22rgb%28255%2C%20255%2C%20255%29%22%2C%22colorPostBg%22%3A%22rgb%28255%2C%20255%2C%20255%29%22%2C%22colorPostText%22%3A%22rgb%280%2C%200%2C%200%29%22%2C%22colorPostLinks%22%3A%22rgb%280%2C%2053%2C%20107%29%22%2C%22colorSliderArrows%22%3A%22rgb%28255%2C%20255%2C%20255%29%22%2C%22colorSliderArrowsBg%22%3A%22rgba%280%2C%200%2C%200%2C%200.9%29%22%2C%22colorGridLoadMoreButton%22%3A%22rgb%2856%2C%20151%2C%20240%29%22%2C%22colorPopupOverlay%22%3A%22rgba%2843%2C%2043%2C%2043%2C%200.9%29%22%2C%22colorPopupBg%22%3A%22rgb%28255%2C%20255%2C%20255%29%22%2C%22colorPopupText%22%3A%22rgb%280%2C%200%2C%200%29%22%2C%22colorPopupLinks%22%3A%22rgb%280%2C%2053%2C%20105%29%22%2C%22colorPopupFollowButton%22%3A%22rgb%2856%2C%20151%2C%20240%29%22%2C%22colorPopupCtaButton%22%3A%22rgb%2856%2C%20151%2C%20240%29%22%2C%22widgetTitle%22%3A%22%22%2C%22lang%22%3A%22en%22%2C%22apiUrl%22%3A%22https%3A%5C%2F%5C%2Frestaurantefrutosdelmar.com%5C%2Findex.php%5C%2Fwp-json%5C%2Felfsight-instagram-feed%5C%2Fapi%22%2C%22apiProxyUrl%22%3A%22https%3A%5C%2F%5C%2Frestaurantefrutosdelmar.com%5C%2Findex.php%5C%2Fwp-json%5C%2Felfsight-instagram-feed%22%2C%22widgetId%22%3A%223%22%7D\" \n                data-elfsight-instagram-feed-version=\"4.0.3\"\n                data-elfsight-widget-id=\"elfsight-instagram-feed-3\">\n            <\/div>\n            [tm_spacer size=&#8221;lg:100&#8243;][\/vc_column][\/vc_row]<\/p>\n<\/section>","protected":false},"excerpt":{"rendered":"<p>[vc_row full_width=&#8221;stretch_row_content&#8221; equal_height=&#8221;yes&#8221; content_placement=&#8221;middle&#8221;][vc_column offset=&#8221;vc_col-md-6&#8243; order=&#8221;sm:2&#8243;][tm_spacer size=&#8221;lg:150&#8243;][vc_row_inner content_alignment=&#8221;center&#8221; max_width=&#8221;700px&#8221;][vc_column_inner][tm_heading custom_google_font=&#8221;&#8221; text=&#8221;White &amp; transparent tableware&#8221; font_size=&#8221;xs:36;sm:44;md:52;lg:60&#8243; line_height=&#8221;1.4&#8243; max_width=&#8221;470px&#8221;][tm_spacer size=&#8221;lg:47&#8243;][tm_button size=&#8221;custom&#8221; button=&#8221;url:%23|title:Shop%20collection||&#8221; width=&#8221;190&#8243;][\/vc_column_inner][\/vc_row_inner][tm_spacer size=&#8221;lg:150&#8243;][\/vc_column][vc_column background_image=&#8221;2250&#8243; offset=&#8221;vc_col-md-6&#8243; background_position=&#8221;center&#8221; order=&#8221;sm:1&#8243;][tm_spacer size=&#8221;xs:600;sm:700;md:850;lg:1000&#8243;][\/vc_column][\/vc_row][vc_row full_width=&#8221;stretch_row_content_no_spaces&#8221; equal_height=&#8221;yes&#8221; content_placement=&#8221;middle&#8221; background_color=&#8221;custom&#8221; custom_background_color=&#8221;#f5f3ef&#8221;][vc_column offset=&#8221;vc_col-lg-3 vc_col-md-6&#8243;][tm_image full_wide=&#8221;1&#8243; image=&#8221;2286&#8243;][\/vc_column][vc_column lg_spacing=&#8221;padding_top:100;padding_right:60;padding_bottom:100;padding_left:60&#8243; sm_spacing=&#8221;padding_right:30;padding_left:30&#8243; offset=&#8221;vc_col-lg-3 vc_col-md-6&#8243;][tm_heading custom_google_font=&#8221;&#8221; text=&#8221;Products on sale.&#8221; font_size=&#8221;sm:24;md:30;lg:36&#8243; line_height=&#8221;1.42&#8243;][tm_spacer size=&#8221;lg:35&#8243;][tm_button button=&#8221;url:%23|title:Shop%20now||&#8221; color=&#8221;custom&#8221; button_bg_color=&#8221;custom&#8221; font_color=&#8221;custom&#8221; button_border_color=&#8221;custom&#8221; custom_button_bg_color=&#8221;#d0021b&#8221; custom_font_color=&#8221;#ffffff&#8221; custom_button_border_color=&#8221;#d0021b&#8221;][\/vc_column][vc_column offset=&#8221;vc_col-lg-3 vc_col-md-6&#8243;][tm_image full_wide=&#8221;1&#8243; image=&#8221;2287&#8243;][\/vc_column][vc_column lg_spacing=&#8221;padding_top:100;padding_right:60;padding_bottom:100;padding_left:60&#8243; sm_spacing=&#8221;padding_right:30;padding_left:30&#8243; offset=&#8221;vc_col-lg-3 vc_col-md-6&#8243;][tm_heading custom_google_font=&#8221;&#8221; text=&#8221;Metallic &amp; Wood Cutlery series.&#8221; font_size=&#8221;sm:24;md:30;lg:36&#8243; line_height=&#8221;1.42&#8243;][tm_spacer size=&#8221;lg:35&#8243;][tm_button button=&#8221;url:%23|title:Shop%20collection||&#8221;][\/vc_column][\/vc_row][vc_row full_width=&#8221;stretch_row&#8221;][vc_column][tm_spacer size=&#8221;sm:100;lg:150&#8243;][tm_heading custom_google_font=&#8221;&#8221; align=&#8221;center&#8221; text=&#8221;Latest items&#8221; font_size=&#8221;sm:24;md:30;lg:36&#8243;][tm_spacer size=&#8221;lg:47&#8243;][tm_product number=&#8221;9&#8243; columns=&#8221;xs:1;sm:2;lg:3&#8243; column_gutter=&#8221;lg:50&#8243; row_gutter=&#8221;lg:70&#8243;][tm_spacer size=&#8221;sm:100;lg:150&#8243;][\/vc_column][\/vc_row][vc_row equal_height=&#8221;yes&#8221; content_placement=&#8221;middle&#8221;][vc_column offset=&#8221;vc_col-md-6&#8243; lg_spacing=&#8221;padding_top:0;padding_right:0;padding_bottom:0;padding_left:0&#8243;][tm_mailchimp_form_box style=&#8221;02&#8243; custom_css=&#8221;JTI0c2VsZWN0b3IlMjAlN0IlMjBiYWNrZ3JvdW5kJTNBJTIwJTIzRjVGM0VGJTNCJTIwJTdE&#8221;][\/vc_column][vc_column background_image=&#8221;2261&#8243; background_position=&#8221;center&#8221; offset=&#8221;vc_col-md-6&#8243;][tm_spacer size=&#8221;sm:400;lg:500&#8243;][\/vc_column][\/vc_row][vc_row full_width=&#8221;stretch_row_content&#8221; lg_spacing=&#8221;padding_right:15;padding_left:15&#8243;][vc_column][tm_spacer size=&#8221;sm:100;lg:150&#8243;][tm_heading custom_google_font=&#8221;&#8221; align=&#8221;center&#8221; text=&#8221;Follow us on Instagram&#8221; font_size=&#8221;sm:24;md:30;lg:36&#8243; line_height=&#8221;1.42&#8243;][tm_spacer size=&#8221;lg:20&#8243;][tm_heading tag=&#8221;div&#8221; custom_google_font=&#8221;&#8221; align=&#8221;center&#8221; text=&#8221;@brookinstagram&#8221;][tm_spacer size=&#8221;lg:50&#8243;][tm_spacer size=&#8221;lg:100&#8243;][\/vc_column][\/vc_row]<\/p>\n","protected":false},"author":1,"featured_media":0,"parent":1335,"menu_order":0,"comment_status":"closed","ping_status":"closed","template":"","meta":{"footnotes":""},"class_list":["post-2247","page","type-page","status-publish","hentry","post-no-thumbnail"],"yoast_head":"<!-- This site is optimized with the Yoast SEO plugin v25.8 - https:\/\/yoast.com\/wordpress\/plugins\/seo\/ -->\n<title>Shop - restaurantefrutosdelmar.com<\/title>\n<meta name=\"description\" content=\"El Restaurante Con tradici\u00f3n del chef Sergio Botero. Se encuentra ubicado en Marinilla, Antioquia. Durante los ultimos a\u00f1os ha recibido numerosos reconocimientos. Destacandose como uno de los mejores restaurantes de comida Colombiana del pa\u00eds.\" \/>\n<meta name=\"robots\" content=\"index, follow, max-snippet:-1, max-image-preview:large, max-video-preview:-1\" \/>\n<link rel=\"canonical\" href=\"https:\/\/restaurantefrutosdelmar.com\/index.php\/homepages\/home-shop\/\" \/>\n<meta property=\"og:locale\" content=\"en_US\" \/>\n<meta property=\"og:type\" content=\"article\" \/>\n<meta property=\"og:title\" content=\"Shop - restaurantefrutosdelmar.com\" \/>\n<meta property=\"og:description\" content=\"El Restaurante Con tradici\u00f3n del chef Sergio Botero. Se encuentra ubicado en Marinilla, Antioquia. Durante los ultimos a\u00f1os ha recibido numerosos reconocimientos. Destacandose como uno de los mejores restaurantes de comida Colombiana del pa\u00eds.\" \/>\n<meta property=\"og:url\" content=\"https:\/\/restaurantefrutosdelmar.com\/index.php\/homepages\/home-shop\/\" \/>\n<meta property=\"og:site_name\" content=\"restaurantefrutosdelmar.com\" \/>\n<meta property=\"article:publisher\" content=\"https:\/\/es-la.facebook.com\/restaurantecontradicion\/\" \/>\n<meta name=\"twitter:card\" content=\"summary_large_image\" \/>\n<meta name=\"twitter:label1\" content=\"Est. reading time\" \/>\n\t<meta name=\"twitter:data1\" content=\"2 minutes\" \/>\n<script type=\"application\/ld+json\" class=\"yoast-schema-graph\">{\"@context\":\"https:\/\/schema.org\",\"@graph\":[{\"@type\":\"WebPage\",\"@id\":\"https:\/\/restaurantefrutosdelmar.com\/index.php\/homepages\/home-shop\/\",\"url\":\"https:\/\/restaurantefrutosdelmar.com\/index.php\/homepages\/home-shop\/\",\"name\":\"Shop - restaurantefrutosdelmar.com\",\"isPartOf\":{\"@id\":\"https:\/\/restaurantefrutosdelmar.com\/#website\"},\"datePublished\":\"2018-09-10T07:19:54+00:00\",\"description\":\"El Restaurante Con tradici\u00f3n del chef Sergio Botero. Se encuentra ubicado en Marinilla, Antioquia. Durante los ultimos a\u00f1os ha recibido numerosos reconocimientos. Destacandose como uno de los mejores restaurantes de comida Colombiana del pa\u00eds.\",\"breadcrumb\":{\"@id\":\"https:\/\/restaurantefrutosdelmar.com\/index.php\/homepages\/home-shop\/#breadcrumb\"},\"inLanguage\":\"en-US\",\"potentialAction\":[{\"@type\":\"ReadAction\",\"target\":[\"https:\/\/restaurantefrutosdelmar.com\/index.php\/homepages\/home-shop\/\"]}]},{\"@type\":\"BreadcrumbList\",\"@id\":\"https:\/\/restaurantefrutosdelmar.com\/index.php\/homepages\/home-shop\/#breadcrumb\",\"itemListElement\":[{\"@type\":\"ListItem\",\"position\":1,\"name\":\"Home\",\"item\":\"https:\/\/restaurantefrutosdelmar.com\/\"},{\"@type\":\"ListItem\",\"position\":2,\"name\":\"Homepages\",\"item\":\"https:\/\/restaurantefrutosdelmar.com\/index.php\/homepages\/\"},{\"@type\":\"ListItem\",\"position\":3,\"name\":\"Shop\"}]},{\"@type\":\"WebSite\",\"@id\":\"https:\/\/restaurantefrutosdelmar.com\/#website\",\"url\":\"https:\/\/restaurantefrutosdelmar.com\/\",\"name\":\"restaurantefrutosdelmar.com\",\"description\":\"\",\"publisher\":{\"@id\":\"https:\/\/restaurantefrutosdelmar.com\/#organization\"},\"potentialAction\":[{\"@type\":\"SearchAction\",\"target\":{\"@type\":\"EntryPoint\",\"urlTemplate\":\"https:\/\/restaurantefrutosdelmar.com\/?s={search_term_string}\"},\"query-input\":{\"@type\":\"PropertyValueSpecification\",\"valueRequired\":true,\"valueName\":\"search_term_string\"}}],\"inLanguage\":\"en-US\"},{\"@type\":\"Organization\",\"@id\":\"https:\/\/restaurantefrutosdelmar.com\/#organization\",\"name\":\"Con tradicion Restaurante\",\"url\":\"https:\/\/restaurantefrutosdelmar.com\/\",\"logo\":{\"@type\":\"ImageObject\",\"inLanguage\":\"en-US\",\"@id\":\"https:\/\/restaurantefrutosdelmar.com\/#\/schema\/logo\/image\/\",\"url\":\"https:\/\/restaurantefrutosdelmar.com\/wp-content\/uploads\/2022\/12\/Contradicion-Restaurante.png\",\"contentUrl\":\"https:\/\/restaurantefrutosdelmar.com\/wp-content\/uploads\/2022\/12\/Contradicion-Restaurante.png\",\"width\":2090,\"height\":1324,\"caption\":\"Con tradicion Restaurante\"},\"image\":{\"@id\":\"https:\/\/restaurantefrutosdelmar.com\/#\/schema\/logo\/image\/\"},\"sameAs\":[\"https:\/\/es-la.facebook.com\/restaurantecontradicion\/\"]}]}<\/script>\n<!-- \/ Yoast SEO plugin. -->","yoast_head_json":{"title":"Shop - restaurantefrutosdelmar.com","description":"El Restaurante Con tradici\u00f3n del chef Sergio Botero. Se encuentra ubicado en Marinilla, Antioquia. Durante los ultimos a\u00f1os ha recibido numerosos reconocimientos. Destacandose como uno de los mejores restaurantes de comida Colombiana del pa\u00eds.","robots":{"index":"index","follow":"follow","max-snippet":"max-snippet:-1","max-image-preview":"max-image-preview:large","max-video-preview":"max-video-preview:-1"},"canonical":"https:\/\/restaurantefrutosdelmar.com\/index.php\/homepages\/home-shop\/","og_locale":"en_US","og_type":"article","og_title":"Shop - restaurantefrutosdelmar.com","og_description":"El Restaurante Con tradici\u00f3n del chef Sergio Botero. Se encuentra ubicado en Marinilla, Antioquia. Durante los ultimos a\u00f1os ha recibido numerosos reconocimientos. Destacandose como uno de los mejores restaurantes de comida Colombiana del pa\u00eds.","og_url":"https:\/\/restaurantefrutosdelmar.com\/index.php\/homepages\/home-shop\/","og_site_name":"restaurantefrutosdelmar.com","article_publisher":"https:\/\/es-la.facebook.com\/restaurantecontradicion\/","twitter_card":"summary_large_image","twitter_misc":{"Est. reading time":"2 minutes"},"schema":{"@context":"https:\/\/schema.org","@graph":[{"@type":"WebPage","@id":"https:\/\/restaurantefrutosdelmar.com\/index.php\/homepages\/home-shop\/","url":"https:\/\/restaurantefrutosdelmar.com\/index.php\/homepages\/home-shop\/","name":"Shop - restaurantefrutosdelmar.com","isPartOf":{"@id":"https:\/\/restaurantefrutosdelmar.com\/#website"},"datePublished":"2018-09-10T07:19:54+00:00","description":"El Restaurante Con tradici\u00f3n del chef Sergio Botero. Se encuentra ubicado en Marinilla, Antioquia. Durante los ultimos a\u00f1os ha recibido numerosos reconocimientos. Destacandose como uno de los mejores restaurantes de comida Colombiana del pa\u00eds.","breadcrumb":{"@id":"https:\/\/restaurantefrutosdelmar.com\/index.php\/homepages\/home-shop\/#breadcrumb"},"inLanguage":"en-US","potentialAction":[{"@type":"ReadAction","target":["https:\/\/restaurantefrutosdelmar.com\/index.php\/homepages\/home-shop\/"]}]},{"@type":"BreadcrumbList","@id":"https:\/\/restaurantefrutosdelmar.com\/index.php\/homepages\/home-shop\/#breadcrumb","itemListElement":[{"@type":"ListItem","position":1,"name":"Home","item":"https:\/\/restaurantefrutosdelmar.com\/"},{"@type":"ListItem","position":2,"name":"Homepages","item":"https:\/\/restaurantefrutosdelmar.com\/index.php\/homepages\/"},{"@type":"ListItem","position":3,"name":"Shop"}]},{"@type":"WebSite","@id":"https:\/\/restaurantefrutosdelmar.com\/#website","url":"https:\/\/restaurantefrutosdelmar.com\/","name":"restaurantefrutosdelmar.com","description":"","publisher":{"@id":"https:\/\/restaurantefrutosdelmar.com\/#organization"},"potentialAction":[{"@type":"SearchAction","target":{"@type":"EntryPoint","urlTemplate":"https:\/\/restaurantefrutosdelmar.com\/?s={search_term_string}"},"query-input":{"@type":"PropertyValueSpecification","valueRequired":true,"valueName":"search_term_string"}}],"inLanguage":"en-US"},{"@type":"Organization","@id":"https:\/\/restaurantefrutosdelmar.com\/#organization","name":"Con tradicion Restaurante","url":"https:\/\/restaurantefrutosdelmar.com\/","logo":{"@type":"ImageObject","inLanguage":"en-US","@id":"https:\/\/restaurantefrutosdelmar.com\/#\/schema\/logo\/image\/","url":"https:\/\/restaurantefrutosdelmar.com\/wp-content\/uploads\/2022\/12\/Contradicion-Restaurante.png","contentUrl":"https:\/\/restaurantefrutosdelmar.com\/wp-content\/uploads\/2022\/12\/Contradicion-Restaurante.png","width":2090,"height":1324,"caption":"Con tradicion Restaurante"},"image":{"@id":"https:\/\/restaurantefrutosdelmar.com\/#\/schema\/logo\/image\/"},"sameAs":["https:\/\/es-la.facebook.com\/restaurantecontradicion\/"]}]}},"_links":{"self":[{"href":"https:\/\/restaurantefrutosdelmar.com\/index.php\/wp-json\/wp\/v2\/pages\/2247","targetHints":{"allow":["GET"]}}],"collection":[{"href":"https:\/\/restaurantefrutosdelmar.com\/index.php\/wp-json\/wp\/v2\/pages"}],"about":[{"href":"https:\/\/restaurantefrutosdelmar.com\/index.php\/wp-json\/wp\/v2\/types\/page"}],"author":[{"embeddable":true,"href":"https:\/\/restaurantefrutosdelmar.com\/index.php\/wp-json\/wp\/v2\/users\/1"}],"replies":[{"embeddable":true,"href":"https:\/\/restaurantefrutosdelmar.com\/index.php\/wp-json\/wp\/v2\/comments?post=2247"}],"version-history":[{"count":0,"href":"https:\/\/restaurantefrutosdelmar.com\/index.php\/wp-json\/wp\/v2\/pages\/2247\/revisions"}],"up":[{"embeddable":true,"href":"https:\/\/restaurantefrutosdelmar.com\/index.php\/wp-json\/wp\/v2\/pages\/1335"}],"wp:attachment":[{"href":"https:\/\/restaurantefrutosdelmar.com\/index.php\/wp-json\/wp\/v2\/media?parent=2247"}],"curies":[{"name":"wp","href":"https:\/\/api.w.org\/{rel}","templated":true}]}}