{"id":2443,"date":"2018-09-14T06:09:20","date_gmt":"2018-09-14T06:09:20","guid":{"rendered":"https:\/\/restaurantefrutosdelmar.com\/index.php\/homepages\/architecture\/"},"modified":"2018-09-14T06:09:20","modified_gmt":"2018-09-14T06:09:20","slug":"architecture","status":"publish","type":"page","link":"https:\/\/restaurantefrutosdelmar.com\/index.php\/homepages\/architecture\/","title":{"rendered":"Architecture"},"content":{"rendered":"<section class=\"wpb-content-wrapper\"><p>[vc_row full_width=&#8221;stretch_row_content_no_spaces&#8221; content_placement=&#8221;middle&#8221; lg_spacing=&#8221;padding_top:90;padding_bottom:117&#8243;][vc_column offset=&#8221;vc_col-md-6&#8243;][vc_row_inner content_alignment=&#8221;right&#8221; sm_content_alignment=&#8221;center&#8221; max_width=&#8221;600px&#8221; lg_spacing=&#8221;padding_right:80&#8243; md_spacing=&#8221;padding_right:15&#8243; sm_spacing=&#8221;padding_right:0&#8243;][vc_column_inner][tm_heading style=&#8221;modern&#8221; tag=&#8221;h6&#8243; custom_google_font=&#8221;&#8221; text_color=&#8221;custom&#8221; custom_text_color=&#8221;#b8b8b8&#8243; text=&#8221;our story&#8221;][tm_spacer size=&#8221;lg:25&#8243;][tm_heading custom_google_font=&#8221;&#8221; text=&#8221;Running a<br \/>\nsuccessful business <mark>since 2000<\/mark>&#8221; font_size=&#8221;sm:36;md:42;lg:48&#8243; line_height=&#8221;1.25&#8243;][tm_spacer size=&#8221;lg:47&#8243;][tm_heading tag=&#8221;h5&#8243; custom_google_font=&#8221;&#8221; text=&#8221;Architecture is both the process and the product of planning, designing, and constructing buildings or any other structures. &#8221; font_size=&#8221;lg:18&#8243; line_height=&#8221;1.67&#8243;][tm_spacer size=&#8221;lg:21&#8243;][tm_heading tag=&#8221;div&#8221; custom_google_font=&#8221;&#8221; text=&#8221;Architectural works, in the material form of buildings, are often perceived as cultural symbols and as works of art. Historical civilizations are often identified with their surviving architectural achievements.&#8221;][tm_spacer size=&#8221;lg:57&#8243;][tm_image image=&#8221;3111&#8243;][\/vc_column_inner][\/vc_row_inner][tm_spacer size=&#8221;sm:60&#8243;][\/vc_column][vc_column offset=&#8221;vc_col-md-6&#8243;][tm_image full_wide=&#8221;1&#8243; image=&#8221;3114&#8243;][\/vc_column][\/vc_row][vc_row full_width=&#8221;stretch_row_content_no_spaces&#8221;][vc_column][tm_slider_modern items_display=&#8221;xs:1;sm:2;md:3;lg:4&#8243; items=&#8221;%5B%7B%22background_image%22%3A%223124%22%2C%22image%22%3A%223120%22%2C%22title%22%3A%22Planning%20Construction%22%2C%22text%22%3A%22Prepare%20a%20good%20construction%20plan%20to%20develop%20the%20budget%20and%20schedule%20the%20work%22%2C%22button%22%3A%22url%3A%2523%7Ctitle%3AMore%2520details%7C%7C%22%7D%2C%7B%22background_image%22%3A%223123%22%2C%22image%22%3A%223119%22%2C%22title%22%3A%22Landscape%20Architect%22%2C%22text%22%3A%22Analyze%2C%20plan%2C%20design%2C%20manage%2C%20and%20nurture%20the%20built%20and%20natural%20environments.%22%2C%22button%22%3A%22url%3A%2523%7Ctitle%3AMore%2520details%7C%7C%22%7D%2C%7B%22background_image%22%3A%223122%22%2C%22image%22%3A%223118%22%2C%22title%22%3A%22Urban%20Design%22%2C%22text%22%3A%22Include%20designing%20and%20shaping%20the%20physical%20features%20of%20cities%2C%20towns%20and%20buildings.%22%2C%22button%22%3A%22url%3A%2523%7Ctitle%3AMore%2520details%7C%7C%22%7D%2C%7B%22background_image%22%3A%223121%22%2C%22image%22%3A%223117%22%2C%22title%22%3A%22Infrastructure%20Analysis%22%2C%22text%22%3A%22Provide%20analyses%20of%20infrastructure%20and%20other%20essential%20constructional%20conditions.%22%2C%22button%22%3A%22url%3A%2523%7Ctitle%3AMore%2520details%7C%7C%22%7D%5D&#8221;][\/vc_column][\/vc_row][vc_row][vc_column][tm_spacer size=&#8221;lg:107&#8243;][tm_heading custom_google_font=&#8221;&#8221; text=&#8221;Latest Projects&#8221; font_size=&#8221;sm:36;md:42;lg:48&#8243; line_height=&#8221;1.25&#8243;][tm_spacer size=&#8221;lg:60&#8243;][tm_portfolio style=&#8221;metro-with-caption&#8221; metro_layout=&#8221;%5B%7B%22size%22%3A%221%3A1%22%7D%2C%7B%22size%22%3A%222%3A1%22%7D%2C%7B%22size%22%3A%221%3A1%22%7D%2C%7B%22size%22%3A%221%3A1%22%7D%2C%7B%22size%22%3A%221%3A1%22%7D%2C%7B%22size%22%3A%222%3A1%22%7D%5D&#8221; number=&#8221;6&#8243; filter_enable=&#8221;1&#8243; filter_counter=&#8221;1&#8243; filter_counter_style=&#8221;02&#8243; filter_align=&#8221;right&#8221; columns=&#8221;xs:1;sm:2;lg:4&#8243; column_gutter=&#8221;sm:30;lg:50&#8243; row_gutter=&#8221;sm:30;lg:50&#8243; lg_spacing=&#8221;margin_top:-110&#8243; sm_spacing=&#8221;margin_top:0&#8243; taxonomies=&#8221;portfolio_tags:architecture&#8221;][tm_spacer size=&#8221;lg:61&#8243;][tm_button button=&#8221;url:%23|title:Learn%20More||&#8221; align=&#8221;center&#8221; color=&#8221;custom&#8221; button_bg_color=&#8221;primary&#8221; font_color=&#8221;secondary&#8221; button_border_color=&#8221;primary&#8221; button_icon_color=&#8221;secondary&#8221;][tm_spacer size=&#8221;sm:100;lg:120&#8243;][\/vc_column][\/vc_row][vc_row full_width=&#8221;stretch_row_content&#8221; equal_height=&#8221;yes&#8221; background_color=&#8221;secondary&#8221;][vc_column width=&#8221;1\/2&#8243; background_size=&#8221;auto&#8221; background_image=&#8221;3108&#8243; background_position=&#8221;left bottom&#8221;][tm_spacer size=&#8221;lg:120&#8243;][vc_row_inner content_alignment=&#8221;center&#8221; max_width=&#8221;580px&#8221;][vc_column_inner][tm_testimonial style=&#8221;simple-slider&#8221; number=&#8221;9&#8243; text_color=&#8221;custom&#8221; custom_text_color=&#8221;#ffffff&#8221; name_color=&#8221;custom&#8221; custom_name_color=&#8221;#ffffff&#8221; by_line_color=&#8221;custom&#8221; custom_by_line_color=&#8221;#ffffff&#8221; auto_play=&#8221;5000&#8243; taxonomies=&#8221;testimonial_category:modern&#8221; carousel_gutter=&#8221;lg:30&#8243;][\/vc_column_inner][\/vc_row_inner][tm_spacer size=&#8221;lg:122&#8243;][\/vc_column][vc_column width=&#8221;1\/2&#8243; background_image=&#8221;3103&#8243;][tm_spacer size=&#8221;lg:500&#8243;][\/vc_column][\/vc_row][vc_row full_width=&#8221;stretch_row&#8221; background_color=&#8221;custom&#8221; custom_background_color=&#8221;#f7f7f7&#8243;][vc_column][tm_spacer size=&#8221;lg:120&#8243;][vc_row_inner content_placement=&#8221;middle&#8221;][vc_column_inner width=&#8221;1\/2&#8243;][tm_heading custom_google_font=&#8221;&#8221; text=&#8221;Blog Updates&#8221; font_size=&#8221;sm:36;md:42;lg:48&#8243; line_height=&#8221;1.25&#8243;][\/vc_column_inner][vc_column_inner width=&#8221;1\/2&#8243;][tm_button style=&#8221;text-long-arrow&#8221; button=&#8221;url:%23|title:View%20all%20posts||&#8221; align=&#8221;right&#8221; color=&#8221;custom&#8221; font_color=&#8221;secondary&#8221;][\/vc_column_inner][\/vc_row_inner][tm_spacer size=&#8221;lg:72&#8243;][tm_blog style=&#8221;grid-modern&#8221; number=&#8221;3&#8243; columns=&#8221;xs:1;sm:2;lg:3&#8243; column_gutter=&#8221;sm:30;lg:60&#8243; row_gutter=&#8221;lg:50&#8243; taxonomies=&#8221;post_tag:architecture&#8221;][tm_spacer size=&#8221;sm:100;lg:110&#8243;][\/vc_column][\/vc_row][vc_row full_width=&#8221;stretch_row&#8221; content_placement=&#8221;middle&#8221; background_color=&#8221;primary&#8221; lg_spacing=&#8221;padding_top:53;padding_bottom:53&#8243;][vc_column width=&#8221;2\/3&#8243;][tm_heading custom_google_font=&#8221;&#8221; xs_align=&#8221;center&#8221; text=&#8221;Start a New Project With Brook ?&#8221; font_size=&#8221;sm:24;md:28;lg:32&#8243; line_height=&#8221;1.41&#8243;][tm_spacer size=&#8221;xs:30&#8243;][\/vc_column][vc_column width=&#8221;1\/3&#8243;][tm_button button=&#8221;url:%23section-contact|title:Contact%20us||&#8221; action=&#8221;smooth_scroll&#8221; align=&#8221;right&#8221; xs_align=&#8221;center&#8221; color=&#8221;custom&#8221; button_bg_color=&#8221;custom&#8221; font_color=&#8221;secondary&#8221; button_border_color=&#8221;custom&#8221; custom_button_bg_color=&#8221;#ffffff&#8221; custom_button_border_color=&#8221;#ffffff&#8221;][\/vc_column][\/vc_row][vc_row full_width=&#8221;stretch_row&#8221; background_attachment=&#8221;fixed&#8221; lg_spacing=&#8221;padding_top:150;padding_bottom:150&#8243; sm_spacing=&#8221;padding_top:100;padding_bottom:100&#8243; background_image=&#8221;3079&#8243; background_position=&#8221;center&#8221; el_id=&#8221;section-contact&#8221;][vc_column offset=&#8221;vc_col-md-6&#8243;][tm_contact_form_7_box id=&#8221;3083&#8243;][\/vc_column][\/vc_row]<\/p>\n<\/section>","protected":false},"excerpt":{"rendered":"<p>[vc_row full_width=&#8221;stretch_row_content_no_spaces&#8221; content_placement=&#8221;middle&#8221; lg_spacing=&#8221;padding_top:90;padding_bottom:117&#8243;][vc_column offset=&#8221;vc_col-md-6&#8243;][vc_row_inner content_alignment=&#8221;right&#8221; sm_content_alignment=&#8221;center&#8221; max_width=&#8221;600px&#8221; lg_spacing=&#8221;padding_right:80&#8243; md_spacing=&#8221;padding_right:15&#8243; sm_spacing=&#8221;padding_right:0&#8243;][vc_column_inner][tm_heading style=&#8221;modern&#8221; tag=&#8221;h6&#8243; custom_google_font=&#8221;&#8221; text_color=&#8221;custom&#8221; custom_text_color=&#8221;#b8b8b8&#8243; text=&#8221;our story&#8221;][tm_spacer size=&#8221;lg:25&#8243;][tm_heading custom_google_font=&#8221;&#8221; text=&#8221;Running a successful business since 2000&#8221; font_size=&#8221;sm:36;md:42;lg:48&#8243; line_height=&#8221;1.25&#8243;][tm_spacer size=&#8221;lg:47&#8243;][tm_heading tag=&#8221;h5&#8243; custom_google_font=&#8221;&#8221; text=&#8221;Architecture is both the process and the product of planning, designing, and constructing buildings or any other structures. &#8221; font_size=&#8221;lg:18&#8243; line_height=&#8221;1.67&#8243;][tm_spacer size=&#8221;lg:21&#8243;][tm_heading tag=&#8221;div&#8221; custom_google_font=&#8221;&#8221; text=&#8221;Architectural works, in the material form of buildings, are often perceived as cultural symbols and as works of art. Historical civilizations are often identified with their surviving architectural achievements.&#8221;][tm_spacer size=&#8221;lg:57&#8243;][tm_image image=&#8221;3111&#8243;][\/vc_column_inner][\/vc_row_inner][tm_spacer size=&#8221;sm:60&#8243;][\/vc_column][vc_column offset=&#8221;vc_col-md-6&#8243;][tm_image full_wide=&#8221;1&#8243; image=&#8221;3114&#8243;][\/vc_column][\/vc_row][vc_row full_width=&#8221;stretch_row_content_no_spaces&#8221;][vc_column][tm_slider_modern items_display=&#8221;xs:1;sm:2;md:3;lg:4&#8243; items=&#8221;%5B%7B%22background_image%22%3A%223124%22%2C%22image%22%3A%223120%22%2C%22title%22%3A%22Planning%20Construction%22%2C%22text%22%3A%22Prepare%20a%20good%20construction%20plan%20to%20develop%20the%20budget%20and%20schedule%20the%20work%22%2C%22button%22%3A%22url%3A%2523%7Ctitle%3AMore%2520details%7C%7C%22%7D%2C%7B%22background_image%22%3A%223123%22%2C%22image%22%3A%223119%22%2C%22title%22%3A%22Landscape%20Architect%22%2C%22text%22%3A%22Analyze%2C%20plan%2C%20design%2C%20manage%2C%20and%20nurture%20the%20built%20and%20natural%20environments.%22%2C%22button%22%3A%22url%3A%2523%7Ctitle%3AMore%2520details%7C%7C%22%7D%2C%7B%22background_image%22%3A%223122%22%2C%22image%22%3A%223118%22%2C%22title%22%3A%22Urban%20Design%22%2C%22text%22%3A%22Include%20designing%20and%20shaping%20the%20physical%20features%20of%20cities%2C%20towns%20and%20buildings.%22%2C%22button%22%3A%22url%3A%2523%7Ctitle%3AMore%2520details%7C%7C%22%7D%2C%7B%22background_image%22%3A%223121%22%2C%22image%22%3A%223117%22%2C%22title%22%3A%22Infrastructure%20Analysis%22%2C%22text%22%3A%22Provide%20analyses%20of%20infrastructure%20and%20other%20essential%20constructional%20conditions.%22%2C%22button%22%3A%22url%3A%2523%7Ctitle%3AMore%2520details%7C%7C%22%7D%5D&#8221;][\/vc_column][\/vc_row][vc_row][vc_column][tm_spacer size=&#8221;lg:107&#8243;][tm_heading custom_google_font=&#8221;&#8221; text=&#8221;Latest Projects&#8221; font_size=&#8221;sm:36;md:42;lg:48&#8243; line_height=&#8221;1.25&#8243;][tm_spacer size=&#8221;lg:60&#8243;][tm_portfolio style=&#8221;metro-with-caption&#8221; metro_layout=&#8221;%5B%7B%22size%22%3A%221%3A1%22%7D%2C%7B%22size%22%3A%222%3A1%22%7D%2C%7B%22size%22%3A%221%3A1%22%7D%2C%7B%22size%22%3A%221%3A1%22%7D%2C%7B%22size%22%3A%221%3A1%22%7D%2C%7B%22size%22%3A%222%3A1%22%7D%5D&#8221; number=&#8221;6&#8243; filter_enable=&#8221;1&#8243; filter_counter=&#8221;1&#8243; filter_counter_style=&#8221;02&#8243; filter_align=&#8221;right&#8221; columns=&#8221;xs:1;sm:2;lg:4&#8243; column_gutter=&#8221;sm:30;lg:50&#8243; row_gutter=&#8221;sm:30;lg:50&#8243; lg_spacing=&#8221;margin_top:-110&#8243; sm_spacing=&#8221;margin_top:0&#8243; taxonomies=&#8221;portfolio_tags:architecture&#8221;][tm_spacer size=&#8221;lg:61&#8243;][tm_button button=&#8221;url:%23|title:Learn%20More||&#8221; align=&#8221;center&#8221; color=&#8221;custom&#8221; button_bg_color=&#8221;primary&#8221; font_color=&#8221;secondary&#8221; button_border_color=&#8221;primary&#8221; button_icon_color=&#8221;secondary&#8221;][tm_spacer size=&#8221;sm:100;lg:120&#8243;][\/vc_column][\/vc_row][vc_row full_width=&#8221;stretch_row_content&#8221; equal_height=&#8221;yes&#8221; background_color=&#8221;secondary&#8221;][vc_column width=&#8221;1\/2&#8243; background_size=&#8221;auto&#8221; background_image=&#8221;3108&#8243; background_position=&#8221;left bottom&#8221;][tm_spacer size=&#8221;lg:120&#8243;][vc_row_inner content_alignment=&#8221;center&#8221; max_width=&#8221;580px&#8221;][vc_column_inner][tm_testimonial style=&#8221;simple-slider&#8221; number=&#8221;9&#8243; text_color=&#8221;custom&#8221; custom_text_color=&#8221;#ffffff&#8221; name_color=&#8221;custom&#8221; custom_name_color=&#8221;#ffffff&#8221; by_line_color=&#8221;custom&#8221; custom_by_line_color=&#8221;#ffffff&#8221; auto_play=&#8221;5000&#8243; taxonomies=&#8221;testimonial_category:modern&#8221; carousel_gutter=&#8221;lg:30&#8243;][\/vc_column_inner][\/vc_row_inner][tm_spacer size=&#8221;lg:122&#8243;][\/vc_column][vc_column width=&#8221;1\/2&#8243; background_image=&#8221;3103&#8243;][tm_spacer size=&#8221;lg:500&#8243;][\/vc_column][\/vc_row][vc_row full_width=&#8221;stretch_row&#8221; background_color=&#8221;custom&#8221; custom_background_color=&#8221;#f7f7f7&#8243;][vc_column][tm_spacer size=&#8221;lg:120&#8243;][vc_row_inner content_placement=&#8221;middle&#8221;][vc_column_inner width=&#8221;1\/2&#8243;][tm_heading custom_google_font=&#8221;&#8221; text=&#8221;Blog Updates&#8221; font_size=&#8221;sm:36;md:42;lg:48&#8243; line_height=&#8221;1.25&#8243;][\/vc_column_inner][vc_column_inner width=&#8221;1\/2&#8243;][tm_button style=&#8221;text-long-arrow&#8221; button=&#8221;url:%23|title:View%20all%20posts||&#8221; align=&#8221;right&#8221; color=&#8221;custom&#8221; font_color=&#8221;secondary&#8221;][\/vc_column_inner][\/vc_row_inner][tm_spacer size=&#8221;lg:72&#8243;][tm_blog style=&#8221;grid-modern&#8221; number=&#8221;3&#8243; columns=&#8221;xs:1;sm:2;lg:3&#8243; column_gutter=&#8221;sm:30;lg:60&#8243; row_gutter=&#8221;lg:50&#8243; taxonomies=&#8221;post_tag:architecture&#8221;][tm_spacer size=&#8221;sm:100;lg:110&#8243;][\/vc_column][\/vc_row][vc_row full_width=&#8221;stretch_row&#8221; content_placement=&#8221;middle&#8221; background_color=&#8221;primary&#8221; lg_spacing=&#8221;padding_top:53;padding_bottom:53&#8243;][vc_column width=&#8221;2\/3&#8243;][tm_heading custom_google_font=&#8221;&#8221; xs_align=&#8221;center&#8221; text=&#8221;Start a New Project With Brook ?&#8221; font_size=&#8221;sm:24;md:28;lg:32&#8243; line_height=&#8221;1.41&#8243;][tm_spacer size=&#8221;xs:30&#8243;][\/vc_column][vc_column width=&#8221;1\/3&#8243;][tm_button button=&#8221;url:%23section-contact|title:Contact%20us||&#8221; action=&#8221;smooth_scroll&#8221; align=&#8221;right&#8221; xs_align=&#8221;center&#8221; color=&#8221;custom&#8221; button_bg_color=&#8221;custom&#8221; font_color=&#8221;secondary&#8221; button_border_color=&#8221;custom&#8221; custom_button_bg_color=&#8221;#ffffff&#8221; custom_button_border_color=&#8221;#ffffff&#8221;][\/vc_column][\/vc_row][vc_row full_width=&#8221;stretch_row&#8221; background_attachment=&#8221;fixed&#8221; lg_spacing=&#8221;padding_top:150;padding_bottom:150&#8243; sm_spacing=&#8221;padding_top:100;padding_bottom:100&#8243; background_image=&#8221;3079&#8243; background_position=&#8221;center&#8221; el_id=&#8221;section-contact&#8221;][vc_column offset=&#8221;vc_col-md-6&#8243;][tm_contact_form_7_box id=&#8221;3083&#8243;][\/vc_column][\/vc_row]<\/p>\n","protected":false},"author":1,"featured_media":0,"parent":1335,"menu_order":0,"comment_status":"closed","ping_status":"closed","template":"","meta":{"footnotes":""},"class_list":["post-2443","page","type-page","status-publish","hentry","post-no-thumbnail"],"yoast_head":"<!-- This site is optimized with the Yoast SEO plugin v25.8 - https:\/\/yoast.com\/wordpress\/plugins\/seo\/ -->\n<title>Architecture - restaurantefrutosdelmar.com<\/title>\n<meta name=\"description\" content=\"El Restaurante Con tradici\u00f3n del chef Sergio Botero. Se encuentra ubicado en Marinilla, Antioquia. Durante los ultimos a\u00f1os ha recibido numerosos reconocimientos. Destacandose como uno de los mejores restaurantes de comida Colombiana del pa\u00eds.\" \/>\n<meta name=\"robots\" content=\"index, follow, max-snippet:-1, max-image-preview:large, max-video-preview:-1\" \/>\n<link rel=\"canonical\" href=\"https:\/\/restaurantefrutosdelmar.com\/index.php\/homepages\/architecture\/\" \/>\n<meta property=\"og:locale\" content=\"en_US\" \/>\n<meta property=\"og:type\" content=\"article\" \/>\n<meta property=\"og:title\" content=\"Architecture - restaurantefrutosdelmar.com\" \/>\n<meta property=\"og:description\" content=\"El Restaurante Con tradici\u00f3n del chef Sergio Botero. Se encuentra ubicado en Marinilla, Antioquia. Durante los ultimos a\u00f1os ha recibido numerosos reconocimientos. Destacandose como uno de los mejores restaurantes de comida Colombiana del pa\u00eds.\" \/>\n<meta property=\"og:url\" content=\"https:\/\/restaurantefrutosdelmar.com\/index.php\/homepages\/architecture\/\" \/>\n<meta property=\"og:site_name\" content=\"restaurantefrutosdelmar.com\" \/>\n<meta property=\"article:publisher\" content=\"https:\/\/es-la.facebook.com\/restaurantecontradicion\/\" \/>\n<meta name=\"twitter:card\" content=\"summary_large_image\" \/>\n<meta name=\"twitter:label1\" content=\"Est. reading time\" \/>\n\t<meta name=\"twitter:data1\" content=\"4 minutes\" \/>\n<script type=\"application\/ld+json\" class=\"yoast-schema-graph\">{\"@context\":\"https:\/\/schema.org\",\"@graph\":[{\"@type\":\"WebPage\",\"@id\":\"https:\/\/restaurantefrutosdelmar.com\/index.php\/homepages\/architecture\/\",\"url\":\"https:\/\/restaurantefrutosdelmar.com\/index.php\/homepages\/architecture\/\",\"name\":\"Architecture - restaurantefrutosdelmar.com\",\"isPartOf\":{\"@id\":\"https:\/\/restaurantefrutosdelmar.com\/#website\"},\"datePublished\":\"2018-09-14T06:09:20+00:00\",\"description\":\"El Restaurante Con tradici\u00f3n del chef Sergio Botero. Se encuentra ubicado en Marinilla, Antioquia. Durante los ultimos a\u00f1os ha recibido numerosos reconocimientos. Destacandose como uno de los mejores restaurantes de comida Colombiana del pa\u00eds.\",\"breadcrumb\":{\"@id\":\"https:\/\/restaurantefrutosdelmar.com\/index.php\/homepages\/architecture\/#breadcrumb\"},\"inLanguage\":\"en-US\",\"potentialAction\":[{\"@type\":\"ReadAction\",\"target\":[\"https:\/\/restaurantefrutosdelmar.com\/index.php\/homepages\/architecture\/\"]}]},{\"@type\":\"BreadcrumbList\",\"@id\":\"https:\/\/restaurantefrutosdelmar.com\/index.php\/homepages\/architecture\/#breadcrumb\",\"itemListElement\":[{\"@type\":\"ListItem\",\"position\":1,\"name\":\"Home\",\"item\":\"https:\/\/restaurantefrutosdelmar.com\/\"},{\"@type\":\"ListItem\",\"position\":2,\"name\":\"Homepages\",\"item\":\"https:\/\/restaurantefrutosdelmar.com\/index.php\/homepages\/\"},{\"@type\":\"ListItem\",\"position\":3,\"name\":\"Architecture\"}]},{\"@type\":\"WebSite\",\"@id\":\"https:\/\/restaurantefrutosdelmar.com\/#website\",\"url\":\"https:\/\/restaurantefrutosdelmar.com\/\",\"name\":\"restaurantefrutosdelmar.com\",\"description\":\"\",\"publisher\":{\"@id\":\"https:\/\/restaurantefrutosdelmar.com\/#organization\"},\"potentialAction\":[{\"@type\":\"SearchAction\",\"target\":{\"@type\":\"EntryPoint\",\"urlTemplate\":\"https:\/\/restaurantefrutosdelmar.com\/?s={search_term_string}\"},\"query-input\":{\"@type\":\"PropertyValueSpecification\",\"valueRequired\":true,\"valueName\":\"search_term_string\"}}],\"inLanguage\":\"en-US\"},{\"@type\":\"Organization\",\"@id\":\"https:\/\/restaurantefrutosdelmar.com\/#organization\",\"name\":\"Con tradicion Restaurante\",\"url\":\"https:\/\/restaurantefrutosdelmar.com\/\",\"logo\":{\"@type\":\"ImageObject\",\"inLanguage\":\"en-US\",\"@id\":\"https:\/\/restaurantefrutosdelmar.com\/#\/schema\/logo\/image\/\",\"url\":\"https:\/\/restaurantefrutosdelmar.com\/wp-content\/uploads\/2022\/12\/Contradicion-Restaurante.png\",\"contentUrl\":\"https:\/\/restaurantefrutosdelmar.com\/wp-content\/uploads\/2022\/12\/Contradicion-Restaurante.png\",\"width\":2090,\"height\":1324,\"caption\":\"Con tradicion Restaurante\"},\"image\":{\"@id\":\"https:\/\/restaurantefrutosdelmar.com\/#\/schema\/logo\/image\/\"},\"sameAs\":[\"https:\/\/es-la.facebook.com\/restaurantecontradicion\/\"]}]}<\/script>\n<!-- \/ Yoast SEO plugin. -->","yoast_head_json":{"title":"Architecture - restaurantefrutosdelmar.com","description":"El Restaurante Con tradici\u00f3n del chef Sergio Botero. Se encuentra ubicado en Marinilla, Antioquia. Durante los ultimos a\u00f1os ha recibido numerosos reconocimientos. Destacandose como uno de los mejores restaurantes de comida Colombiana del pa\u00eds.","robots":{"index":"index","follow":"follow","max-snippet":"max-snippet:-1","max-image-preview":"max-image-preview:large","max-video-preview":"max-video-preview:-1"},"canonical":"https:\/\/restaurantefrutosdelmar.com\/index.php\/homepages\/architecture\/","og_locale":"en_US","og_type":"article","og_title":"Architecture - restaurantefrutosdelmar.com","og_description":"El Restaurante Con tradici\u00f3n del chef Sergio Botero. Se encuentra ubicado en Marinilla, Antioquia. Durante los ultimos a\u00f1os ha recibido numerosos reconocimientos. Destacandose como uno de los mejores restaurantes de comida Colombiana del pa\u00eds.","og_url":"https:\/\/restaurantefrutosdelmar.com\/index.php\/homepages\/architecture\/","og_site_name":"restaurantefrutosdelmar.com","article_publisher":"https:\/\/es-la.facebook.com\/restaurantecontradicion\/","twitter_card":"summary_large_image","twitter_misc":{"Est. reading time":"4 minutes"},"schema":{"@context":"https:\/\/schema.org","@graph":[{"@type":"WebPage","@id":"https:\/\/restaurantefrutosdelmar.com\/index.php\/homepages\/architecture\/","url":"https:\/\/restaurantefrutosdelmar.com\/index.php\/homepages\/architecture\/","name":"Architecture - restaurantefrutosdelmar.com","isPartOf":{"@id":"https:\/\/restaurantefrutosdelmar.com\/#website"},"datePublished":"2018-09-14T06:09:20+00:00","description":"El Restaurante Con tradici\u00f3n del chef Sergio Botero. Se encuentra ubicado en Marinilla, Antioquia. Durante los ultimos a\u00f1os ha recibido numerosos reconocimientos. Destacandose como uno de los mejores restaurantes de comida Colombiana del pa\u00eds.","breadcrumb":{"@id":"https:\/\/restaurantefrutosdelmar.com\/index.php\/homepages\/architecture\/#breadcrumb"},"inLanguage":"en-US","potentialAction":[{"@type":"ReadAction","target":["https:\/\/restaurantefrutosdelmar.com\/index.php\/homepages\/architecture\/"]}]},{"@type":"BreadcrumbList","@id":"https:\/\/restaurantefrutosdelmar.com\/index.php\/homepages\/architecture\/#breadcrumb","itemListElement":[{"@type":"ListItem","position":1,"name":"Home","item":"https:\/\/restaurantefrutosdelmar.com\/"},{"@type":"ListItem","position":2,"name":"Homepages","item":"https:\/\/restaurantefrutosdelmar.com\/index.php\/homepages\/"},{"@type":"ListItem","position":3,"name":"Architecture"}]},{"@type":"WebSite","@id":"https:\/\/restaurantefrutosdelmar.com\/#website","url":"https:\/\/restaurantefrutosdelmar.com\/","name":"restaurantefrutosdelmar.com","description":"","publisher":{"@id":"https:\/\/restaurantefrutosdelmar.com\/#organization"},"potentialAction":[{"@type":"SearchAction","target":{"@type":"EntryPoint","urlTemplate":"https:\/\/restaurantefrutosdelmar.com\/?s={search_term_string}"},"query-input":{"@type":"PropertyValueSpecification","valueRequired":true,"valueName":"search_term_string"}}],"inLanguage":"en-US"},{"@type":"Organization","@id":"https:\/\/restaurantefrutosdelmar.com\/#organization","name":"Con tradicion Restaurante","url":"https:\/\/restaurantefrutosdelmar.com\/","logo":{"@type":"ImageObject","inLanguage":"en-US","@id":"https:\/\/restaurantefrutosdelmar.com\/#\/schema\/logo\/image\/","url":"https:\/\/restaurantefrutosdelmar.com\/wp-content\/uploads\/2022\/12\/Contradicion-Restaurante.png","contentUrl":"https:\/\/restaurantefrutosdelmar.com\/wp-content\/uploads\/2022\/12\/Contradicion-Restaurante.png","width":2090,"height":1324,"caption":"Con tradicion Restaurante"},"image":{"@id":"https:\/\/restaurantefrutosdelmar.com\/#\/schema\/logo\/image\/"},"sameAs":["https:\/\/es-la.facebook.com\/restaurantecontradicion\/"]}]}},"_links":{"self":[{"href":"https:\/\/restaurantefrutosdelmar.com\/index.php\/wp-json\/wp\/v2\/pages\/2443","targetHints":{"allow":["GET"]}}],"collection":[{"href":"https:\/\/restaurantefrutosdelmar.com\/index.php\/wp-json\/wp\/v2\/pages"}],"about":[{"href":"https:\/\/restaurantefrutosdelmar.com\/index.php\/wp-json\/wp\/v2\/types\/page"}],"author":[{"embeddable":true,"href":"https:\/\/restaurantefrutosdelmar.com\/index.php\/wp-json\/wp\/v2\/users\/1"}],"replies":[{"embeddable":true,"href":"https:\/\/restaurantefrutosdelmar.com\/index.php\/wp-json\/wp\/v2\/comments?post=2443"}],"version-history":[{"count":0,"href":"https:\/\/restaurantefrutosdelmar.com\/index.php\/wp-json\/wp\/v2\/pages\/2443\/revisions"}],"up":[{"embeddable":true,"href":"https:\/\/restaurantefrutosdelmar.com\/index.php\/wp-json\/wp\/v2\/pages\/1335"}],"wp:attachment":[{"href":"https:\/\/restaurantefrutosdelmar.com\/index.php\/wp-json\/wp\/v2\/media?parent=2443"}],"curies":[{"name":"wp","href":"https:\/\/api.w.org\/{rel}","templated":true}]}}