{"id":305,"date":"2018-06-26T08:51:10","date_gmt":"2018-06-26T08:51:10","guid":{"rendered":"https:\/\/restaurantefrutosdelmar.com\/index.php\/portfolios\/portfolio-grid-metro-01\/"},"modified":"2018-06-26T08:51:10","modified_gmt":"2018-06-26T08:51:10","slug":"portfolio-grid-metro-01","status":"publish","type":"page","link":"https:\/\/restaurantefrutosdelmar.com\/index.php\/portfolios\/portfolio-grid-metro-01\/","title":{"rendered":"Portfolio Grid Metro 01"},"content":{"rendered":"<section class=\"wpb-content-wrapper\"><p>[vc_row full_width=&#8221;stretch_row_content_no_spaces&#8221;][vc_column][tm_spacer size=&#8221;lg:25&#8243;][tm_portfolio style=&#8221;metro&#8221; metro_layout=&#8221;%5B%7B%22size%22%3A%222%3A2%22%7D%2C%7B%22size%22%3A%222%3A1%22%7D%2C%7B%22size%22%3A%221%3A1%22%7D%2C%7B%22size%22%3A%221%3A1%22%7D%2C%7B%22size%22%3A%222%3A1%22%7D%2C%7B%22size%22%3A%222%3A2%22%7D%2C%7B%22size%22%3A%221%3A1%22%7D%2C%7B%22size%22%3A%221%3A1%22%7D%5D&#8221; overlay_style=&#8221;faded&#8221; number=&#8221;8&#8243; filter_enable=&#8221;1&#8243; filter_counter=&#8221;1&#8243; columns=&#8221;xs:1;sm:2;lg:4&#8243; taxonomies=&#8221;portfolio_tags:standard&#8221;][\/vc_column][\/vc_row]<\/p>\n<\/section>","protected":false},"excerpt":{"rendered":"<p>[vc_row full_width=&#8221;stretch_row_content_no_spaces&#8221;][vc_column][tm_spacer size=&#8221;lg:25&#8243;][tm_portfolio style=&#8221;metro&#8221; metro_layout=&#8221;%5B%7B%22size%22%3A%222%3A2%22%7D%2C%7B%22size%22%3A%222%3A1%22%7D%2C%7B%22size%22%3A%221%3A1%22%7D%2C%7B%22size%22%3A%221%3A1%22%7D%2C%7B%22size%22%3A%222%3A1%22%7D%2C%7B%22size%22%3A%222%3A2%22%7D%2C%7B%22size%22%3A%221%3A1%22%7D%2C%7B%22size%22%3A%221%3A1%22%7D%5D&#8221; overlay_style=&#8221;faded&#8221; number=&#8221;8&#8243; filter_enable=&#8221;1&#8243; filter_counter=&#8221;1&#8243; columns=&#8221;xs:1;sm:2;lg:4&#8243; taxonomies=&#8221;portfolio_tags:standard&#8221;][\/vc_column][\/vc_row]<\/p>\n","protected":false},"author":1,"featured_media":0,"parent":285,"menu_order":0,"comment_status":"closed","ping_status":"closed","template":"","meta":{"footnotes":""},"class_list":["post-305","page","type-page","status-publish","hentry","post-no-thumbnail"],"yoast_head":"<!-- This site is optimized with the Yoast SEO plugin v25.8 - https:\/\/yoast.com\/wordpress\/plugins\/seo\/ -->\n<title>Portfolio Grid Metro 01 - restaurantefrutosdelmar.com<\/title>\n<meta name=\"description\" content=\"El Restaurante Con tradici\u00f3n del chef Sergio Botero. Se encuentra ubicado en Marinilla, Antioquia. Durante los ultimos a\u00f1os ha recibido numerosos reconocimientos. Destacandose como uno de los mejores restaurantes de comida Colombiana del pa\u00eds.\" \/>\n<meta name=\"robots\" content=\"index, follow, max-snippet:-1, max-image-preview:large, max-video-preview:-1\" \/>\n<link rel=\"canonical\" href=\"https:\/\/restaurantefrutosdelmar.com\/index.php\/portfolios\/portfolio-grid-metro-01\/\" \/>\n<meta property=\"og:locale\" content=\"en_US\" \/>\n<meta property=\"og:type\" content=\"article\" \/>\n<meta property=\"og:title\" content=\"Portfolio Grid Metro 01 - restaurantefrutosdelmar.com\" \/>\n<meta property=\"og:description\" content=\"El Restaurante Con tradici\u00f3n del chef Sergio Botero. Se encuentra ubicado en Marinilla, Antioquia. Durante los ultimos a\u00f1os ha recibido numerosos reconocimientos. Destacandose como uno de los mejores restaurantes de comida Colombiana del pa\u00eds.\" \/>\n<meta property=\"og:url\" content=\"https:\/\/restaurantefrutosdelmar.com\/index.php\/portfolios\/portfolio-grid-metro-01\/\" \/>\n<meta property=\"og:site_name\" content=\"restaurantefrutosdelmar.com\" \/>\n<meta property=\"article:publisher\" content=\"https:\/\/es-la.facebook.com\/restaurantecontradicion\/\" \/>\n<meta name=\"twitter:card\" content=\"summary_large_image\" \/>\n<script type=\"application\/ld+json\" class=\"yoast-schema-graph\">{\"@context\":\"https:\/\/schema.org\",\"@graph\":[{\"@type\":\"WebPage\",\"@id\":\"https:\/\/restaurantefrutosdelmar.com\/index.php\/portfolios\/portfolio-grid-metro-01\/\",\"url\":\"https:\/\/restaurantefrutosdelmar.com\/index.php\/portfolios\/portfolio-grid-metro-01\/\",\"name\":\"Portfolio Grid Metro 01 - restaurantefrutosdelmar.com\",\"isPartOf\":{\"@id\":\"https:\/\/restaurantefrutosdelmar.com\/#website\"},\"datePublished\":\"2018-06-26T08:51:10+00:00\",\"description\":\"El Restaurante Con tradici\u00f3n del chef Sergio Botero. Se encuentra ubicado en Marinilla, Antioquia. Durante los ultimos a\u00f1os ha recibido numerosos reconocimientos. Destacandose como uno de los mejores restaurantes de comida Colombiana del pa\u00eds.\",\"breadcrumb\":{\"@id\":\"https:\/\/restaurantefrutosdelmar.com\/index.php\/portfolios\/portfolio-grid-metro-01\/#breadcrumb\"},\"inLanguage\":\"en-US\",\"potentialAction\":[{\"@type\":\"ReadAction\",\"target\":[\"https:\/\/restaurantefrutosdelmar.com\/index.php\/portfolios\/portfolio-grid-metro-01\/\"]}]},{\"@type\":\"BreadcrumbList\",\"@id\":\"https:\/\/restaurantefrutosdelmar.com\/index.php\/portfolios\/portfolio-grid-metro-01\/#breadcrumb\",\"itemListElement\":[{\"@type\":\"ListItem\",\"position\":1,\"name\":\"Home\",\"item\":\"https:\/\/restaurantefrutosdelmar.com\/\"},{\"@type\":\"ListItem\",\"position\":2,\"name\":\"Portfolios\",\"item\":\"https:\/\/restaurantefrutosdelmar.com\/index.php\/portfolios\/\"},{\"@type\":\"ListItem\",\"position\":3,\"name\":\"Portfolio Grid Metro 01\"}]},{\"@type\":\"WebSite\",\"@id\":\"https:\/\/restaurantefrutosdelmar.com\/#website\",\"url\":\"https:\/\/restaurantefrutosdelmar.com\/\",\"name\":\"restaurantefrutosdelmar.com\",\"description\":\"\",\"publisher\":{\"@id\":\"https:\/\/restaurantefrutosdelmar.com\/#organization\"},\"potentialAction\":[{\"@type\":\"SearchAction\",\"target\":{\"@type\":\"EntryPoint\",\"urlTemplate\":\"https:\/\/restaurantefrutosdelmar.com\/?s={search_term_string}\"},\"query-input\":{\"@type\":\"PropertyValueSpecification\",\"valueRequired\":true,\"valueName\":\"search_term_string\"}}],\"inLanguage\":\"en-US\"},{\"@type\":\"Organization\",\"@id\":\"https:\/\/restaurantefrutosdelmar.com\/#organization\",\"name\":\"Con tradicion Restaurante\",\"url\":\"https:\/\/restaurantefrutosdelmar.com\/\",\"logo\":{\"@type\":\"ImageObject\",\"inLanguage\":\"en-US\",\"@id\":\"https:\/\/restaurantefrutosdelmar.com\/#\/schema\/logo\/image\/\",\"url\":\"https:\/\/restaurantefrutosdelmar.com\/wp-content\/uploads\/2022\/12\/Contradicion-Restaurante.png\",\"contentUrl\":\"https:\/\/restaurantefrutosdelmar.com\/wp-content\/uploads\/2022\/12\/Contradicion-Restaurante.png\",\"width\":2090,\"height\":1324,\"caption\":\"Con tradicion Restaurante\"},\"image\":{\"@id\":\"https:\/\/restaurantefrutosdelmar.com\/#\/schema\/logo\/image\/\"},\"sameAs\":[\"https:\/\/es-la.facebook.com\/restaurantecontradicion\/\"]}]}<\/script>\n<!-- \/ Yoast SEO plugin. -->","yoast_head_json":{"title":"Portfolio Grid Metro 01 - restaurantefrutosdelmar.com","description":"El Restaurante Con tradici\u00f3n del chef Sergio Botero. Se encuentra ubicado en Marinilla, Antioquia. Durante los ultimos a\u00f1os ha recibido numerosos reconocimientos. Destacandose como uno de los mejores restaurantes de comida Colombiana del pa\u00eds.","robots":{"index":"index","follow":"follow","max-snippet":"max-snippet:-1","max-image-preview":"max-image-preview:large","max-video-preview":"max-video-preview:-1"},"canonical":"https:\/\/restaurantefrutosdelmar.com\/index.php\/portfolios\/portfolio-grid-metro-01\/","og_locale":"en_US","og_type":"article","og_title":"Portfolio Grid Metro 01 - restaurantefrutosdelmar.com","og_description":"El Restaurante Con tradici\u00f3n del chef Sergio Botero. Se encuentra ubicado en Marinilla, Antioquia. Durante los ultimos a\u00f1os ha recibido numerosos reconocimientos. Destacandose como uno de los mejores restaurantes de comida Colombiana del pa\u00eds.","og_url":"https:\/\/restaurantefrutosdelmar.com\/index.php\/portfolios\/portfolio-grid-metro-01\/","og_site_name":"restaurantefrutosdelmar.com","article_publisher":"https:\/\/es-la.facebook.com\/restaurantecontradicion\/","twitter_card":"summary_large_image","schema":{"@context":"https:\/\/schema.org","@graph":[{"@type":"WebPage","@id":"https:\/\/restaurantefrutosdelmar.com\/index.php\/portfolios\/portfolio-grid-metro-01\/","url":"https:\/\/restaurantefrutosdelmar.com\/index.php\/portfolios\/portfolio-grid-metro-01\/","name":"Portfolio Grid Metro 01 - restaurantefrutosdelmar.com","isPartOf":{"@id":"https:\/\/restaurantefrutosdelmar.com\/#website"},"datePublished":"2018-06-26T08:51:10+00:00","description":"El Restaurante Con tradici\u00f3n del chef Sergio Botero. Se encuentra ubicado en Marinilla, Antioquia. Durante los ultimos a\u00f1os ha recibido numerosos reconocimientos. Destacandose como uno de los mejores restaurantes de comida Colombiana del pa\u00eds.","breadcrumb":{"@id":"https:\/\/restaurantefrutosdelmar.com\/index.php\/portfolios\/portfolio-grid-metro-01\/#breadcrumb"},"inLanguage":"en-US","potentialAction":[{"@type":"ReadAction","target":["https:\/\/restaurantefrutosdelmar.com\/index.php\/portfolios\/portfolio-grid-metro-01\/"]}]},{"@type":"BreadcrumbList","@id":"https:\/\/restaurantefrutosdelmar.com\/index.php\/portfolios\/portfolio-grid-metro-01\/#breadcrumb","itemListElement":[{"@type":"ListItem","position":1,"name":"Home","item":"https:\/\/restaurantefrutosdelmar.com\/"},{"@type":"ListItem","position":2,"name":"Portfolios","item":"https:\/\/restaurantefrutosdelmar.com\/index.php\/portfolios\/"},{"@type":"ListItem","position":3,"name":"Portfolio Grid Metro 01"}]},{"@type":"WebSite","@id":"https:\/\/restaurantefrutosdelmar.com\/#website","url":"https:\/\/restaurantefrutosdelmar.com\/","name":"restaurantefrutosdelmar.com","description":"","publisher":{"@id":"https:\/\/restaurantefrutosdelmar.com\/#organization"},"potentialAction":[{"@type":"SearchAction","target":{"@type":"EntryPoint","urlTemplate":"https:\/\/restaurantefrutosdelmar.com\/?s={search_term_string}"},"query-input":{"@type":"PropertyValueSpecification","valueRequired":true,"valueName":"search_term_string"}}],"inLanguage":"en-US"},{"@type":"Organization","@id":"https:\/\/restaurantefrutosdelmar.com\/#organization","name":"Con tradicion Restaurante","url":"https:\/\/restaurantefrutosdelmar.com\/","logo":{"@type":"ImageObject","inLanguage":"en-US","@id":"https:\/\/restaurantefrutosdelmar.com\/#\/schema\/logo\/image\/","url":"https:\/\/restaurantefrutosdelmar.com\/wp-content\/uploads\/2022\/12\/Contradicion-Restaurante.png","contentUrl":"https:\/\/restaurantefrutosdelmar.com\/wp-content\/uploads\/2022\/12\/Contradicion-Restaurante.png","width":2090,"height":1324,"caption":"Con tradicion Restaurante"},"image":{"@id":"https:\/\/restaurantefrutosdelmar.com\/#\/schema\/logo\/image\/"},"sameAs":["https:\/\/es-la.facebook.com\/restaurantecontradicion\/"]}]}},"_links":{"self":[{"href":"https:\/\/restaurantefrutosdelmar.com\/index.php\/wp-json\/wp\/v2\/pages\/305","targetHints":{"allow":["GET"]}}],"collection":[{"href":"https:\/\/restaurantefrutosdelmar.com\/index.php\/wp-json\/wp\/v2\/pages"}],"about":[{"href":"https:\/\/restaurantefrutosdelmar.com\/index.php\/wp-json\/wp\/v2\/types\/page"}],"author":[{"embeddable":true,"href":"https:\/\/restaurantefrutosdelmar.com\/index.php\/wp-json\/wp\/v2\/users\/1"}],"replies":[{"embeddable":true,"href":"https:\/\/restaurantefrutosdelmar.com\/index.php\/wp-json\/wp\/v2\/comments?post=305"}],"version-history":[{"count":0,"href":"https:\/\/restaurantefrutosdelmar.com\/index.php\/wp-json\/wp\/v2\/pages\/305\/revisions"}],"up":[{"embeddable":true,"href":"https:\/\/restaurantefrutosdelmar.com\/index.php\/wp-json\/wp\/v2\/pages\/285"}],"wp:attachment":[{"href":"https:\/\/restaurantefrutosdelmar.com\/index.php\/wp-json\/wp\/v2\/media?parent=305"}],"curies":[{"name":"wp","href":"https:\/\/api.w.org\/{rel}","templated":true}]}}