{"id":3662,"date":"2018-10-18T01:30:46","date_gmt":"2018-10-18T01:30:46","guid":{"rendered":"https:\/\/restaurantefrutosdelmar.com\/index.php\/homepages\/news-bulletin\/"},"modified":"2018-10-18T01:30:46","modified_gmt":"2018-10-18T01:30:46","slug":"news-bulletin","status":"publish","type":"page","link":"https:\/\/restaurantefrutosdelmar.com\/index.php\/homepages\/news-bulletin\/","title":{"rendered":"News Bulletin"},"content":{"rendered":"<section class=\"wpb-content-wrapper\"><p>[vc_row full_width=&#8221;stretch_row_content&#8221; lg_spacing=&#8221;padding_right:125;padding_left:125&#8243; md_spacing=&#8221;padding_right:55;padding_left:55&#8243; sm_spacing=&#8221;padding_right:0;padding_left:0&#8243;][vc_column][tm_spacer size=&#8221;lg:74&#8243;][tm_portfolio style=&#8221;masonry-with-caption&#8221; gutter=&#8221;80&#8243; overlay_style=&#8221;parallax&#8221; animation=&#8221;&#8221; number=&#8221;8&#8243; filter_align=&#8221;left&#8221; columns=&#8221;xs:1;sm:2;md:3;lg:4&#8243; taxonomies=&#8221;portfolio_tags:standard&#8221;][\/vc_column][\/vc_row][vc_row full_width=&#8221;stretch_row_content&#8221; content_placement=&#8221;bottom&#8221; lg_spacing=&#8221;padding_top:100;padding_right:125;padding_bottom:108;padding_left:125&#8243; md_spacing=&#8221;padding_right:55;padding_left:55&#8243; sm_spacing=&#8221;padding_right:0;padding_left:0&#8243;][vc_column offset=&#8221;vc_col-md-7&#8243;][tm_heading custom_google_font=&#8221;&#8221; text=&#8221;Got a new idea ?<br \/>\nLet\u2019s talk&#8221; font_size=&#8221;xs:44;sm:56;md:68;lg:80&#8243; line_height=&#8221;1.25&#8243;][tm_spacer size=&#8221;sm:30&#8243;][\/vc_column][vc_column offset=&#8221;vc_col-md-5&#8243;][tm_heading tag=&#8221;div&#8221; custom_google_font=&#8221;&#8221; font_weight=&#8221;600&#8243; align=&#8221;right&#8221; sm_align=&#8221;left&#8221; text=&#8221;Send us message now&#8221; font_size=&#8221;sm:18;md:21;lg:24&#8243; line_height=&#8221;1.84&#8243;][tm_heading style=&#8221;link-style-01&#8243; tag=&#8221;h6&#8243; custom_google_font=&#8221;&#8221; font_weight=&#8221;600&#8243; align=&#8221;right&#8221; sm_align=&#8221;left&#8221; hover_text_color=&#8221;primary&#8221; text=&#8221;brookstudio@thememove.com&#8221; font_size=&#8221;sm:18;md:21;lg:24&#8243; line_height=&#8221;1.84&#8243; link=&#8221;mailto:brookstudio@thememove.com&#8221;][\/vc_column][\/vc_row][vc_row full_width=&#8221;stretch_row_content&#8221; lg_spacing=&#8221;padding_right:140;padding_left:140&#8243; md_spacing=&#8221;padding_right:55;padding_left:55&#8243; sm_spacing=&#8221;padding_right:0;padding_left:0&#8243;][vc_column][vc_row_inner content_placement=&#8221;middle&#8221; lg_spacing=&#8221;border_top:1;padding_top:32;padding_bottom:32&#8243;][vc_column_inner width=&#8221;1\/2&#8243; lg_spacing=&#8221;padding_left:0&#8243; sm_spacing=&#8221;padding_left:15&#8243;][tm_w_better_custom_menu style=&#8221;03&#8243; link_color=&#8221;custom&#8221; custom_link_color=&#8221;#222222&#8243; link_hover_color=&#8221;primary&#8221; nav_menu=&#8221;sub-footer-menu&#8221; custom_css=&#8221;JTI0c2VsZWN0b3IlMjAubWVudS1pdGVtLXRpdGxlJTIwJTdCJTBBJTIwJTIwZm9udC1zaXplJTNBJTIwMTZweCUzQiUwQSUyMCUyMGZvbnQtd2VpZ2h0JTNBJTIwNjAwJTNCJTBBJTdE&#8221;][\/vc_column_inner][vc_column_inner width=&#8221;1\/2&#8243; lg_spacing=&#8221;padding_right:0&#8243; sm_spacing=&#8221;padding_right:15&#8243;][tm_heading tag=&#8221;div&#8221; custom_google_font=&#8221;&#8221; font_weight=&#8221;400&#8243; align=&#8221;right&#8221; xs_align=&#8221;left&#8221; text=&#8221;\u00a9 2018 Brook. All Right Reserved.&#8221;][\/vc_column_inner][\/vc_row_inner][\/vc_column][\/vc_row]<\/p>\n<\/section>","protected":false},"excerpt":{"rendered":"<p>[vc_row full_width=&#8221;stretch_row_content&#8221; lg_spacing=&#8221;padding_right:125;padding_left:125&#8243; md_spacing=&#8221;padding_right:55;padding_left:55&#8243; sm_spacing=&#8221;padding_right:0;padding_left:0&#8243;][vc_column][tm_spacer size=&#8221;lg:74&#8243;][tm_portfolio style=&#8221;masonry-with-caption&#8221; gutter=&#8221;80&#8243; overlay_style=&#8221;parallax&#8221; animation=&#8221;&#8221; number=&#8221;8&#8243; filter_align=&#8221;left&#8221; columns=&#8221;xs:1;sm:2;md:3;lg:4&#8243; taxonomies=&#8221;portfolio_tags:standard&#8221;][\/vc_column][\/vc_row][vc_row full_width=&#8221;stretch_row_content&#8221; content_placement=&#8221;bottom&#8221; lg_spacing=&#8221;padding_top:100;padding_right:125;padding_bottom:108;padding_left:125&#8243; md_spacing=&#8221;padding_right:55;padding_left:55&#8243; sm_spacing=&#8221;padding_right:0;padding_left:0&#8243;][vc_column offset=&#8221;vc_col-md-7&#8243;][tm_heading custom_google_font=&#8221;&#8221; text=&#8221;Got a new idea ? Let\u2019s talk&#8221; font_size=&#8221;xs:44;sm:56;md:68;lg:80&#8243; line_height=&#8221;1.25&#8243;][tm_spacer size=&#8221;sm:30&#8243;][\/vc_column][vc_column offset=&#8221;vc_col-md-5&#8243;][tm_heading tag=&#8221;div&#8221; custom_google_font=&#8221;&#8221; font_weight=&#8221;600&#8243; align=&#8221;right&#8221; sm_align=&#8221;left&#8221; text=&#8221;Send us message now&#8221; font_size=&#8221;sm:18;md:21;lg:24&#8243; line_height=&#8221;1.84&#8243;][tm_heading style=&#8221;link-style-01&#8243; tag=&#8221;h6&#8243; custom_google_font=&#8221;&#8221; font_weight=&#8221;600&#8243; align=&#8221;right&#8221; sm_align=&#8221;left&#8221; hover_text_color=&#8221;primary&#8221; text=&#8221;brookstudio@thememove.com&#8221; font_size=&#8221;sm:18;md:21;lg:24&#8243; line_height=&#8221;1.84&#8243; link=&#8221;mailto:brookstudio@thememove.com&#8221;][\/vc_column][\/vc_row][vc_row full_width=&#8221;stretch_row_content&#8221; lg_spacing=&#8221;padding_right:140;padding_left:140&#8243; md_spacing=&#8221;padding_right:55;padding_left:55&#8243; sm_spacing=&#8221;padding_right:0;padding_left:0&#8243;][vc_column][vc_row_inner content_placement=&#8221;middle&#8221; lg_spacing=&#8221;border_top:1;padding_top:32;padding_bottom:32&#8243;][vc_column_inner width=&#8221;1\/2&#8243; lg_spacing=&#8221;padding_left:0&#8243; sm_spacing=&#8221;padding_left:15&#8243;][tm_w_better_custom_menu style=&#8221;03&#8243; link_color=&#8221;custom&#8221; custom_link_color=&#8221;#222222&#8243; link_hover_color=&#8221;primary&#8221; nav_menu=&#8221;sub-footer-menu&#8221; custom_css=&#8221;JTI0c2VsZWN0b3IlMjAubWVudS1pdGVtLXRpdGxlJTIwJTdCJTBBJTIwJTIwZm9udC1zaXplJTNBJTIwMTZweCUzQiUwQSUyMCUyMGZvbnQtd2VpZ2h0JTNBJTIwNjAwJTNCJTBBJTdE&#8221;][\/vc_column_inner][vc_column_inner width=&#8221;1\/2&#8243; lg_spacing=&#8221;padding_right:0&#8243; sm_spacing=&#8221;padding_right:15&#8243;][tm_heading tag=&#8221;div&#8221; custom_google_font=&#8221;&#8221; font_weight=&#8221;400&#8243; align=&#8221;right&#8221; xs_align=&#8221;left&#8221; text=&#8221;\u00a9 2018 Brook. All Right Reserved.&#8221;][\/vc_column_inner][\/vc_row_inner][\/vc_column][\/vc_row]<\/p>\n","protected":false},"author":1,"featured_media":0,"parent":1335,"menu_order":0,"comment_status":"closed","ping_status":"closed","template":"","meta":{"footnotes":""},"class_list":["post-3662","page","type-page","status-publish","hentry","post-no-thumbnail"],"yoast_head":"<!-- This site is optimized with the Yoast SEO plugin v25.8 - https:\/\/yoast.com\/wordpress\/plugins\/seo\/ -->\n<title>News Bulletin - restaurantefrutosdelmar.com<\/title>\n<meta name=\"description\" content=\"El Restaurante Con tradici\u00f3n del chef Sergio Botero. Se encuentra ubicado en Marinilla, Antioquia. Durante los ultimos a\u00f1os ha recibido numerosos reconocimientos. Destacandose como uno de los mejores restaurantes de comida Colombiana del pa\u00eds.\" \/>\n<meta name=\"robots\" content=\"index, follow, max-snippet:-1, max-image-preview:large, max-video-preview:-1\" \/>\n<link rel=\"canonical\" href=\"https:\/\/restaurantefrutosdelmar.com\/index.php\/homepages\/news-bulletin\/\" \/>\n<meta property=\"og:locale\" content=\"en_US\" \/>\n<meta property=\"og:type\" content=\"article\" \/>\n<meta property=\"og:title\" content=\"News Bulletin - restaurantefrutosdelmar.com\" \/>\n<meta property=\"og:description\" content=\"El Restaurante Con tradici\u00f3n del chef Sergio Botero. Se encuentra ubicado en Marinilla, Antioquia. Durante los ultimos a\u00f1os ha recibido numerosos reconocimientos. Destacandose como uno de los mejores restaurantes de comida Colombiana del pa\u00eds.\" \/>\n<meta property=\"og:url\" content=\"https:\/\/restaurantefrutosdelmar.com\/index.php\/homepages\/news-bulletin\/\" \/>\n<meta property=\"og:site_name\" content=\"restaurantefrutosdelmar.com\" \/>\n<meta property=\"article:publisher\" content=\"https:\/\/es-la.facebook.com\/restaurantecontradicion\/\" \/>\n<meta name=\"twitter:card\" content=\"summary_large_image\" \/>\n<meta name=\"twitter:label1\" content=\"Est. reading time\" \/>\n\t<meta name=\"twitter:data1\" content=\"2 minutes\" \/>\n<script type=\"application\/ld+json\" class=\"yoast-schema-graph\">{\"@context\":\"https:\/\/schema.org\",\"@graph\":[{\"@type\":\"WebPage\",\"@id\":\"https:\/\/restaurantefrutosdelmar.com\/index.php\/homepages\/news-bulletin\/\",\"url\":\"https:\/\/restaurantefrutosdelmar.com\/index.php\/homepages\/news-bulletin\/\",\"name\":\"News Bulletin - restaurantefrutosdelmar.com\",\"isPartOf\":{\"@id\":\"https:\/\/restaurantefrutosdelmar.com\/#website\"},\"datePublished\":\"2018-10-18T01:30:46+00:00\",\"description\":\"El Restaurante Con tradici\u00f3n del chef Sergio Botero. Se encuentra ubicado en Marinilla, Antioquia. Durante los ultimos a\u00f1os ha recibido numerosos reconocimientos. Destacandose como uno de los mejores restaurantes de comida Colombiana del pa\u00eds.\",\"breadcrumb\":{\"@id\":\"https:\/\/restaurantefrutosdelmar.com\/index.php\/homepages\/news-bulletin\/#breadcrumb\"},\"inLanguage\":\"en-US\",\"potentialAction\":[{\"@type\":\"ReadAction\",\"target\":[\"https:\/\/restaurantefrutosdelmar.com\/index.php\/homepages\/news-bulletin\/\"]}]},{\"@type\":\"BreadcrumbList\",\"@id\":\"https:\/\/restaurantefrutosdelmar.com\/index.php\/homepages\/news-bulletin\/#breadcrumb\",\"itemListElement\":[{\"@type\":\"ListItem\",\"position\":1,\"name\":\"Home\",\"item\":\"https:\/\/restaurantefrutosdelmar.com\/\"},{\"@type\":\"ListItem\",\"position\":2,\"name\":\"Homepages\",\"item\":\"https:\/\/restaurantefrutosdelmar.com\/index.php\/homepages\/\"},{\"@type\":\"ListItem\",\"position\":3,\"name\":\"News Bulletin\"}]},{\"@type\":\"WebSite\",\"@id\":\"https:\/\/restaurantefrutosdelmar.com\/#website\",\"url\":\"https:\/\/restaurantefrutosdelmar.com\/\",\"name\":\"restaurantefrutosdelmar.com\",\"description\":\"\",\"publisher\":{\"@id\":\"https:\/\/restaurantefrutosdelmar.com\/#organization\"},\"potentialAction\":[{\"@type\":\"SearchAction\",\"target\":{\"@type\":\"EntryPoint\",\"urlTemplate\":\"https:\/\/restaurantefrutosdelmar.com\/?s={search_term_string}\"},\"query-input\":{\"@type\":\"PropertyValueSpecification\",\"valueRequired\":true,\"valueName\":\"search_term_string\"}}],\"inLanguage\":\"en-US\"},{\"@type\":\"Organization\",\"@id\":\"https:\/\/restaurantefrutosdelmar.com\/#organization\",\"name\":\"Con tradicion Restaurante\",\"url\":\"https:\/\/restaurantefrutosdelmar.com\/\",\"logo\":{\"@type\":\"ImageObject\",\"inLanguage\":\"en-US\",\"@id\":\"https:\/\/restaurantefrutosdelmar.com\/#\/schema\/logo\/image\/\",\"url\":\"https:\/\/restaurantefrutosdelmar.com\/wp-content\/uploads\/2022\/12\/Contradicion-Restaurante.png\",\"contentUrl\":\"https:\/\/restaurantefrutosdelmar.com\/wp-content\/uploads\/2022\/12\/Contradicion-Restaurante.png\",\"width\":2090,\"height\":1324,\"caption\":\"Con tradicion Restaurante\"},\"image\":{\"@id\":\"https:\/\/restaurantefrutosdelmar.com\/#\/schema\/logo\/image\/\"},\"sameAs\":[\"https:\/\/es-la.facebook.com\/restaurantecontradicion\/\"]}]}<\/script>\n<!-- \/ Yoast SEO plugin. -->","yoast_head_json":{"title":"News Bulletin - restaurantefrutosdelmar.com","description":"El Restaurante Con tradici\u00f3n del chef Sergio Botero. Se encuentra ubicado en Marinilla, Antioquia. Durante los ultimos a\u00f1os ha recibido numerosos reconocimientos. Destacandose como uno de los mejores restaurantes de comida Colombiana del pa\u00eds.","robots":{"index":"index","follow":"follow","max-snippet":"max-snippet:-1","max-image-preview":"max-image-preview:large","max-video-preview":"max-video-preview:-1"},"canonical":"https:\/\/restaurantefrutosdelmar.com\/index.php\/homepages\/news-bulletin\/","og_locale":"en_US","og_type":"article","og_title":"News Bulletin - restaurantefrutosdelmar.com","og_description":"El Restaurante Con tradici\u00f3n del chef Sergio Botero. Se encuentra ubicado en Marinilla, Antioquia. Durante los ultimos a\u00f1os ha recibido numerosos reconocimientos. Destacandose como uno de los mejores restaurantes de comida Colombiana del pa\u00eds.","og_url":"https:\/\/restaurantefrutosdelmar.com\/index.php\/homepages\/news-bulletin\/","og_site_name":"restaurantefrutosdelmar.com","article_publisher":"https:\/\/es-la.facebook.com\/restaurantecontradicion\/","twitter_card":"summary_large_image","twitter_misc":{"Est. reading time":"2 minutes"},"schema":{"@context":"https:\/\/schema.org","@graph":[{"@type":"WebPage","@id":"https:\/\/restaurantefrutosdelmar.com\/index.php\/homepages\/news-bulletin\/","url":"https:\/\/restaurantefrutosdelmar.com\/index.php\/homepages\/news-bulletin\/","name":"News Bulletin - restaurantefrutosdelmar.com","isPartOf":{"@id":"https:\/\/restaurantefrutosdelmar.com\/#website"},"datePublished":"2018-10-18T01:30:46+00:00","description":"El Restaurante Con tradici\u00f3n del chef Sergio Botero. Se encuentra ubicado en Marinilla, Antioquia. Durante los ultimos a\u00f1os ha recibido numerosos reconocimientos. Destacandose como uno de los mejores restaurantes de comida Colombiana del pa\u00eds.","breadcrumb":{"@id":"https:\/\/restaurantefrutosdelmar.com\/index.php\/homepages\/news-bulletin\/#breadcrumb"},"inLanguage":"en-US","potentialAction":[{"@type":"ReadAction","target":["https:\/\/restaurantefrutosdelmar.com\/index.php\/homepages\/news-bulletin\/"]}]},{"@type":"BreadcrumbList","@id":"https:\/\/restaurantefrutosdelmar.com\/index.php\/homepages\/news-bulletin\/#breadcrumb","itemListElement":[{"@type":"ListItem","position":1,"name":"Home","item":"https:\/\/restaurantefrutosdelmar.com\/"},{"@type":"ListItem","position":2,"name":"Homepages","item":"https:\/\/restaurantefrutosdelmar.com\/index.php\/homepages\/"},{"@type":"ListItem","position":3,"name":"News Bulletin"}]},{"@type":"WebSite","@id":"https:\/\/restaurantefrutosdelmar.com\/#website","url":"https:\/\/restaurantefrutosdelmar.com\/","name":"restaurantefrutosdelmar.com","description":"","publisher":{"@id":"https:\/\/restaurantefrutosdelmar.com\/#organization"},"potentialAction":[{"@type":"SearchAction","target":{"@type":"EntryPoint","urlTemplate":"https:\/\/restaurantefrutosdelmar.com\/?s={search_term_string}"},"query-input":{"@type":"PropertyValueSpecification","valueRequired":true,"valueName":"search_term_string"}}],"inLanguage":"en-US"},{"@type":"Organization","@id":"https:\/\/restaurantefrutosdelmar.com\/#organization","name":"Con tradicion Restaurante","url":"https:\/\/restaurantefrutosdelmar.com\/","logo":{"@type":"ImageObject","inLanguage":"en-US","@id":"https:\/\/restaurantefrutosdelmar.com\/#\/schema\/logo\/image\/","url":"https:\/\/restaurantefrutosdelmar.com\/wp-content\/uploads\/2022\/12\/Contradicion-Restaurante.png","contentUrl":"https:\/\/restaurantefrutosdelmar.com\/wp-content\/uploads\/2022\/12\/Contradicion-Restaurante.png","width":2090,"height":1324,"caption":"Con tradicion Restaurante"},"image":{"@id":"https:\/\/restaurantefrutosdelmar.com\/#\/schema\/logo\/image\/"},"sameAs":["https:\/\/es-la.facebook.com\/restaurantecontradicion\/"]}]}},"_links":{"self":[{"href":"https:\/\/restaurantefrutosdelmar.com\/index.php\/wp-json\/wp\/v2\/pages\/3662","targetHints":{"allow":["GET"]}}],"collection":[{"href":"https:\/\/restaurantefrutosdelmar.com\/index.php\/wp-json\/wp\/v2\/pages"}],"about":[{"href":"https:\/\/restaurantefrutosdelmar.com\/index.php\/wp-json\/wp\/v2\/types\/page"}],"author":[{"embeddable":true,"href":"https:\/\/restaurantefrutosdelmar.com\/index.php\/wp-json\/wp\/v2\/users\/1"}],"replies":[{"embeddable":true,"href":"https:\/\/restaurantefrutosdelmar.com\/index.php\/wp-json\/wp\/v2\/comments?post=3662"}],"version-history":[{"count":0,"href":"https:\/\/restaurantefrutosdelmar.com\/index.php\/wp-json\/wp\/v2\/pages\/3662\/revisions"}],"up":[{"embeddable":true,"href":"https:\/\/restaurantefrutosdelmar.com\/index.php\/wp-json\/wp\/v2\/pages\/1335"}],"wp:attachment":[{"href":"https:\/\/restaurantefrutosdelmar.com\/index.php\/wp-json\/wp\/v2\/media?parent=3662"}],"curies":[{"name":"wp","href":"https:\/\/api.w.org\/{rel}","templated":true}]}}