{"id":367,"date":"2018-06-27T07:34:32","date_gmt":"2018-06-27T07:34:32","guid":{"rendered":"https:\/\/restaurantefrutosdelmar.com\/index.php\/elements\/testimonials\/"},"modified":"2018-06-27T07:34:32","modified_gmt":"2018-06-27T07:34:32","slug":"testimonials","status":"publish","type":"page","link":"https:\/\/restaurantefrutosdelmar.com\/index.php\/elements\/testimonials\/","title":{"rendered":"Testimonials"},"content":{"rendered":"<section class=\"wpb-content-wrapper\"><p>[vc_row full_width=&#8221;stretch_row_content_no_spaces&#8221; content_placement=&#8221;middle&#8221; background_color=&#8221;custom&#8221; custom_background_color=&#8221;#222222&#8243;][vc_column width=&#8221;1\/2&#8243;][vc_row_inner content_alignment=&#8221;right&#8221; sm_content_alignment=&#8221;center&#8221; max_width=&#8221;600px&#8221;][vc_column_inner][tm_heading custom_google_font=&#8221;&#8221; text_color=&#8221;custom&#8221; custom_text_color=&#8221;#ffffff&#8221; text=&#8221;What<br \/>\npeople say<br \/>\nabout us&#8221; font_size=&#8221;lg:36&#8243;][\/vc_column_inner][\/vc_row_inner][\/vc_column][vc_column width=&#8221;1\/2&#8243;][tm_testimonial style=&#8221;carousel-03&#8243; number=&#8221;9&#8243; auto_play=&#8221;&#8221; nav=&#8221;03&#8243; carousel_gutter=&#8221;lg:30&#8243; carousel_items_display=&#8221;xs:1;sm:2;lg:3&#8243; taxonomies=&#8221;testimonial_category:standard&#8221;][\/vc_column][\/vc_row][vc_row full_width=&#8221;stretch_row&#8221; background_color=&#8221;custom&#8221; custom_background_color=&#8221;#ecf3ff&#8221;][vc_column][tm_spacer size=&#8221;lg:100&#8243;][tm_testimonial gutter=&#8221;30&#8243; number=&#8221;6&#8243; columns=&#8221;xs:1;sm:2;lg:3&#8243; taxonomies=&#8221;testimonial_category:standard&#8221;][tm_spacer size=&#8221;lg:100&#8243;][\/vc_column][\/vc_row][vc_row full_width=&#8221;stretch_row&#8221; background_color=&#8221;custom&#8221; custom_background_color=&#8221;#222222&#8243;][vc_column][tm_spacer size=&#8221;lg:146&#8243;][tm_testimonial style=&#8221;carousel&#8221; number=&#8221;9&#8243; auto_play=&#8221;&#8221; nav=&#8221;02&#8243; pagination=&#8221;02&#8243; carousel_gutter=&#8221;lg:30&#8243; carousel_items_display=&#8221;xs:1;sm:2;lg:3&#8243; taxonomies=&#8221;testimonial_category:standard&#8221;][tm_spacer size=&#8221;lg:120&#8243;][\/vc_column][\/vc_row][vc_row full_width=&#8221;stretch_row&#8221; background_color=&#8221;custom&#8221; custom_background_color=&#8221;#f5f5f5&#8243;][vc_column][tm_spacer size=&#8221;lg:146&#8243;][tm_testimonial style=&#8221;carousel-02&#8243; number=&#8221;9&#8243; auto_play=&#8221;&#8221; nav=&#8221;01&#8243; pagination=&#8221;01&#8243; carousel_gutter=&#8221;lg:30&#8243; carousel_items_display=&#8221;xs:1;sm:2;lg:3&#8243; taxonomies=&#8221;testimonial_category:standard&#8221;][tm_spacer size=&#8221;lg:120&#8243;][\/vc_column][\/vc_row][vc_row full_width=&#8221;stretch_row&#8221; background_attachment=&#8221;fixed&#8221; background_image=&#8221;2096&#8243;][vc_column][tm_spacer size=&#8221;lg:92&#8243;][tm_testimonial style=&#8221;modern-slider&#8221; number=&#8221;9&#8243; auto_play=&#8221;&#8221; nav=&#8221;07&#8243; carousel_gutter=&#8221;lg:30&#8243; taxonomies=&#8221;testimonial_category:modern&#8221;][tm_spacer size=&#8221;lg:103&#8243;][\/vc_column][\/vc_row][vc_row full_width=&#8221;stretch_row&#8221; background_color=&#8221;custom&#8221; custom_background_color=&#8221;#f5f5f5&#8243;][vc_column][tm_spacer size=&#8221;lg:146&#8243;][tm_testimonial style=&#8221;carousel-04&#8243; number=&#8221;9&#8243; auto_play=&#8221;&#8221; nav=&#8221;09&#8243; pagination=&#8221;01&#8243; carousel_gutter=&#8221;lg:30&#8243; carousel_items_display=&#8221;xs:1;sm:2;lg:3&#8243; taxonomies=&#8221;testimonial_category:modern&#8221;][tm_spacer size=&#8221;lg:120&#8243;][\/vc_column][\/vc_row]<\/p>\n<\/section>","protected":false},"excerpt":{"rendered":"<p>[vc_row full_width=&#8221;stretch_row_content_no_spaces&#8221; content_placement=&#8221;middle&#8221; background_color=&#8221;custom&#8221; custom_background_color=&#8221;#222222&#8243;][vc_column width=&#8221;1\/2&#8243;][vc_row_inner content_alignment=&#8221;right&#8221; sm_content_alignment=&#8221;center&#8221; max_width=&#8221;600px&#8221;][vc_column_inner][tm_heading custom_google_font=&#8221;&#8221; text_color=&#8221;custom&#8221; custom_text_color=&#8221;#ffffff&#8221; text=&#8221;What people say about us&#8221; font_size=&#8221;lg:36&#8243;][\/vc_column_inner][\/vc_row_inner][\/vc_column][vc_column width=&#8221;1\/2&#8243;][tm_testimonial style=&#8221;carousel-03&#8243; number=&#8221;9&#8243; auto_play=&#8221;&#8221; nav=&#8221;03&#8243; carousel_gutter=&#8221;lg:30&#8243; carousel_items_display=&#8221;xs:1;sm:2;lg:3&#8243; taxonomies=&#8221;testimonial_category:standard&#8221;][\/vc_column][\/vc_row][vc_row full_width=&#8221;stretch_row&#8221; background_color=&#8221;custom&#8221; custom_background_color=&#8221;#ecf3ff&#8221;][vc_column][tm_spacer size=&#8221;lg:100&#8243;][tm_testimonial gutter=&#8221;30&#8243; number=&#8221;6&#8243; columns=&#8221;xs:1;sm:2;lg:3&#8243; taxonomies=&#8221;testimonial_category:standard&#8221;][tm_spacer size=&#8221;lg:100&#8243;][\/vc_column][\/vc_row][vc_row full_width=&#8221;stretch_row&#8221; background_color=&#8221;custom&#8221; custom_background_color=&#8221;#222222&#8243;][vc_column][tm_spacer size=&#8221;lg:146&#8243;][tm_testimonial style=&#8221;carousel&#8221; number=&#8221;9&#8243; auto_play=&#8221;&#8221; nav=&#8221;02&#8243; pagination=&#8221;02&#8243; carousel_gutter=&#8221;lg:30&#8243; carousel_items_display=&#8221;xs:1;sm:2;lg:3&#8243; taxonomies=&#8221;testimonial_category:standard&#8221;][tm_spacer size=&#8221;lg:120&#8243;][\/vc_column][\/vc_row][vc_row full_width=&#8221;stretch_row&#8221; background_color=&#8221;custom&#8221; custom_background_color=&#8221;#f5f5f5&#8243;][vc_column][tm_spacer size=&#8221;lg:146&#8243;][tm_testimonial style=&#8221;carousel-02&#8243; number=&#8221;9&#8243; auto_play=&#8221;&#8221; nav=&#8221;01&#8243; pagination=&#8221;01&#8243; carousel_gutter=&#8221;lg:30&#8243; carousel_items_display=&#8221;xs:1;sm:2;lg:3&#8243; taxonomies=&#8221;testimonial_category:standard&#8221;][tm_spacer size=&#8221;lg:120&#8243;][\/vc_column][\/vc_row][vc_row full_width=&#8221;stretch_row&#8221; background_attachment=&#8221;fixed&#8221; background_image=&#8221;2096&#8243;][vc_column][tm_spacer size=&#8221;lg:92&#8243;][tm_testimonial style=&#8221;modern-slider&#8221; number=&#8221;9&#8243; auto_play=&#8221;&#8221; nav=&#8221;07&#8243; carousel_gutter=&#8221;lg:30&#8243; taxonomies=&#8221;testimonial_category:modern&#8221;][tm_spacer size=&#8221;lg:103&#8243;][\/vc_column][\/vc_row][vc_row full_width=&#8221;stretch_row&#8221; background_color=&#8221;custom&#8221; custom_background_color=&#8221;#f5f5f5&#8243;][vc_column][tm_spacer size=&#8221;lg:146&#8243;][tm_testimonial style=&#8221;carousel-04&#8243; number=&#8221;9&#8243; auto_play=&#8221;&#8221; nav=&#8221;09&#8243; pagination=&#8221;01&#8243; carousel_gutter=&#8221;lg:30&#8243; carousel_items_display=&#8221;xs:1;sm:2;lg:3&#8243; taxonomies=&#8221;testimonial_category:modern&#8221;][tm_spacer size=&#8221;lg:120&#8243;][\/vc_column][\/vc_row]<\/p>\n","protected":false},"author":1,"featured_media":0,"parent":365,"menu_order":0,"comment_status":"closed","ping_status":"closed","template":"","meta":{"footnotes":""},"class_list":["post-367","page","type-page","status-publish","hentry","post-no-thumbnail"],"yoast_head":"<!-- This site is optimized with the Yoast SEO plugin v25.8 - https:\/\/yoast.com\/wordpress\/plugins\/seo\/ -->\n<title>Testimonials - restaurantefrutosdelmar.com<\/title>\n<meta name=\"description\" content=\"El Restaurante Con tradici\u00f3n del chef Sergio Botero. Se encuentra ubicado en Marinilla, Antioquia. Durante los ultimos a\u00f1os ha recibido numerosos reconocimientos. Destacandose como uno de los mejores restaurantes de comida Colombiana del pa\u00eds.\" \/>\n<meta name=\"robots\" content=\"index, follow, max-snippet:-1, max-image-preview:large, max-video-preview:-1\" \/>\n<link rel=\"canonical\" href=\"https:\/\/restaurantefrutosdelmar.com\/index.php\/elements\/testimonials\/\" \/>\n<meta property=\"og:locale\" content=\"en_US\" \/>\n<meta property=\"og:type\" content=\"article\" \/>\n<meta property=\"og:title\" content=\"Testimonials - restaurantefrutosdelmar.com\" \/>\n<meta property=\"og:description\" content=\"El Restaurante Con tradici\u00f3n del chef Sergio Botero. Se encuentra ubicado en Marinilla, Antioquia. Durante los ultimos a\u00f1os ha recibido numerosos reconocimientos. Destacandose como uno de los mejores restaurantes de comida Colombiana del pa\u00eds.\" \/>\n<meta property=\"og:url\" content=\"https:\/\/restaurantefrutosdelmar.com\/index.php\/elements\/testimonials\/\" \/>\n<meta property=\"og:site_name\" content=\"restaurantefrutosdelmar.com\" \/>\n<meta property=\"article:publisher\" content=\"https:\/\/es-la.facebook.com\/restaurantecontradicion\/\" \/>\n<meta name=\"twitter:card\" content=\"summary_large_image\" \/>\n<meta name=\"twitter:label1\" content=\"Est. reading time\" \/>\n\t<meta name=\"twitter:data1\" content=\"2 minutes\" \/>\n<script type=\"application\/ld+json\" class=\"yoast-schema-graph\">{\"@context\":\"https:\/\/schema.org\",\"@graph\":[{\"@type\":\"WebPage\",\"@id\":\"https:\/\/restaurantefrutosdelmar.com\/index.php\/elements\/testimonials\/\",\"url\":\"https:\/\/restaurantefrutosdelmar.com\/index.php\/elements\/testimonials\/\",\"name\":\"Testimonials - restaurantefrutosdelmar.com\",\"isPartOf\":{\"@id\":\"https:\/\/restaurantefrutosdelmar.com\/#website\"},\"datePublished\":\"2018-06-27T07:34:32+00:00\",\"description\":\"El Restaurante Con tradici\u00f3n del chef Sergio Botero. Se encuentra ubicado en Marinilla, Antioquia. Durante los ultimos a\u00f1os ha recibido numerosos reconocimientos. Destacandose como uno de los mejores restaurantes de comida Colombiana del pa\u00eds.\",\"breadcrumb\":{\"@id\":\"https:\/\/restaurantefrutosdelmar.com\/index.php\/elements\/testimonials\/#breadcrumb\"},\"inLanguage\":\"en-US\",\"potentialAction\":[{\"@type\":\"ReadAction\",\"target\":[\"https:\/\/restaurantefrutosdelmar.com\/index.php\/elements\/testimonials\/\"]}]},{\"@type\":\"BreadcrumbList\",\"@id\":\"https:\/\/restaurantefrutosdelmar.com\/index.php\/elements\/testimonials\/#breadcrumb\",\"itemListElement\":[{\"@type\":\"ListItem\",\"position\":1,\"name\":\"Home\",\"item\":\"https:\/\/restaurantefrutosdelmar.com\/\"},{\"@type\":\"ListItem\",\"position\":2,\"name\":\"Elements\",\"item\":\"https:\/\/restaurantefrutosdelmar.com\/index.php\/elements\/\"},{\"@type\":\"ListItem\",\"position\":3,\"name\":\"Testimonials\"}]},{\"@type\":\"WebSite\",\"@id\":\"https:\/\/restaurantefrutosdelmar.com\/#website\",\"url\":\"https:\/\/restaurantefrutosdelmar.com\/\",\"name\":\"restaurantefrutosdelmar.com\",\"description\":\"\",\"publisher\":{\"@id\":\"https:\/\/restaurantefrutosdelmar.com\/#organization\"},\"potentialAction\":[{\"@type\":\"SearchAction\",\"target\":{\"@type\":\"EntryPoint\",\"urlTemplate\":\"https:\/\/restaurantefrutosdelmar.com\/?s={search_term_string}\"},\"query-input\":{\"@type\":\"PropertyValueSpecification\",\"valueRequired\":true,\"valueName\":\"search_term_string\"}}],\"inLanguage\":\"en-US\"},{\"@type\":\"Organization\",\"@id\":\"https:\/\/restaurantefrutosdelmar.com\/#organization\",\"name\":\"Con tradicion Restaurante\",\"url\":\"https:\/\/restaurantefrutosdelmar.com\/\",\"logo\":{\"@type\":\"ImageObject\",\"inLanguage\":\"en-US\",\"@id\":\"https:\/\/restaurantefrutosdelmar.com\/#\/schema\/logo\/image\/\",\"url\":\"https:\/\/restaurantefrutosdelmar.com\/wp-content\/uploads\/2022\/12\/Contradicion-Restaurante.png\",\"contentUrl\":\"https:\/\/restaurantefrutosdelmar.com\/wp-content\/uploads\/2022\/12\/Contradicion-Restaurante.png\",\"width\":2090,\"height\":1324,\"caption\":\"Con tradicion Restaurante\"},\"image\":{\"@id\":\"https:\/\/restaurantefrutosdelmar.com\/#\/schema\/logo\/image\/\"},\"sameAs\":[\"https:\/\/es-la.facebook.com\/restaurantecontradicion\/\"]}]}<\/script>\n<!-- \/ Yoast SEO plugin. -->","yoast_head_json":{"title":"Testimonials - restaurantefrutosdelmar.com","description":"El Restaurante Con tradici\u00f3n del chef Sergio Botero. Se encuentra ubicado en Marinilla, Antioquia. Durante los ultimos a\u00f1os ha recibido numerosos reconocimientos. Destacandose como uno de los mejores restaurantes de comida Colombiana del pa\u00eds.","robots":{"index":"index","follow":"follow","max-snippet":"max-snippet:-1","max-image-preview":"max-image-preview:large","max-video-preview":"max-video-preview:-1"},"canonical":"https:\/\/restaurantefrutosdelmar.com\/index.php\/elements\/testimonials\/","og_locale":"en_US","og_type":"article","og_title":"Testimonials - restaurantefrutosdelmar.com","og_description":"El Restaurante Con tradici\u00f3n del chef Sergio Botero. Se encuentra ubicado en Marinilla, Antioquia. Durante los ultimos a\u00f1os ha recibido numerosos reconocimientos. Destacandose como uno de los mejores restaurantes de comida Colombiana del pa\u00eds.","og_url":"https:\/\/restaurantefrutosdelmar.com\/index.php\/elements\/testimonials\/","og_site_name":"restaurantefrutosdelmar.com","article_publisher":"https:\/\/es-la.facebook.com\/restaurantecontradicion\/","twitter_card":"summary_large_image","twitter_misc":{"Est. reading time":"2 minutes"},"schema":{"@context":"https:\/\/schema.org","@graph":[{"@type":"WebPage","@id":"https:\/\/restaurantefrutosdelmar.com\/index.php\/elements\/testimonials\/","url":"https:\/\/restaurantefrutosdelmar.com\/index.php\/elements\/testimonials\/","name":"Testimonials - restaurantefrutosdelmar.com","isPartOf":{"@id":"https:\/\/restaurantefrutosdelmar.com\/#website"},"datePublished":"2018-06-27T07:34:32+00:00","description":"El Restaurante Con tradici\u00f3n del chef Sergio Botero. Se encuentra ubicado en Marinilla, Antioquia. Durante los ultimos a\u00f1os ha recibido numerosos reconocimientos. Destacandose como uno de los mejores restaurantes de comida Colombiana del pa\u00eds.","breadcrumb":{"@id":"https:\/\/restaurantefrutosdelmar.com\/index.php\/elements\/testimonials\/#breadcrumb"},"inLanguage":"en-US","potentialAction":[{"@type":"ReadAction","target":["https:\/\/restaurantefrutosdelmar.com\/index.php\/elements\/testimonials\/"]}]},{"@type":"BreadcrumbList","@id":"https:\/\/restaurantefrutosdelmar.com\/index.php\/elements\/testimonials\/#breadcrumb","itemListElement":[{"@type":"ListItem","position":1,"name":"Home","item":"https:\/\/restaurantefrutosdelmar.com\/"},{"@type":"ListItem","position":2,"name":"Elements","item":"https:\/\/restaurantefrutosdelmar.com\/index.php\/elements\/"},{"@type":"ListItem","position":3,"name":"Testimonials"}]},{"@type":"WebSite","@id":"https:\/\/restaurantefrutosdelmar.com\/#website","url":"https:\/\/restaurantefrutosdelmar.com\/","name":"restaurantefrutosdelmar.com","description":"","publisher":{"@id":"https:\/\/restaurantefrutosdelmar.com\/#organization"},"potentialAction":[{"@type":"SearchAction","target":{"@type":"EntryPoint","urlTemplate":"https:\/\/restaurantefrutosdelmar.com\/?s={search_term_string}"},"query-input":{"@type":"PropertyValueSpecification","valueRequired":true,"valueName":"search_term_string"}}],"inLanguage":"en-US"},{"@type":"Organization","@id":"https:\/\/restaurantefrutosdelmar.com\/#organization","name":"Con tradicion Restaurante","url":"https:\/\/restaurantefrutosdelmar.com\/","logo":{"@type":"ImageObject","inLanguage":"en-US","@id":"https:\/\/restaurantefrutosdelmar.com\/#\/schema\/logo\/image\/","url":"https:\/\/restaurantefrutosdelmar.com\/wp-content\/uploads\/2022\/12\/Contradicion-Restaurante.png","contentUrl":"https:\/\/restaurantefrutosdelmar.com\/wp-content\/uploads\/2022\/12\/Contradicion-Restaurante.png","width":2090,"height":1324,"caption":"Con tradicion Restaurante"},"image":{"@id":"https:\/\/restaurantefrutosdelmar.com\/#\/schema\/logo\/image\/"},"sameAs":["https:\/\/es-la.facebook.com\/restaurantecontradicion\/"]}]}},"_links":{"self":[{"href":"https:\/\/restaurantefrutosdelmar.com\/index.php\/wp-json\/wp\/v2\/pages\/367","targetHints":{"allow":["GET"]}}],"collection":[{"href":"https:\/\/restaurantefrutosdelmar.com\/index.php\/wp-json\/wp\/v2\/pages"}],"about":[{"href":"https:\/\/restaurantefrutosdelmar.com\/index.php\/wp-json\/wp\/v2\/types\/page"}],"author":[{"embeddable":true,"href":"https:\/\/restaurantefrutosdelmar.com\/index.php\/wp-json\/wp\/v2\/users\/1"}],"replies":[{"embeddable":true,"href":"https:\/\/restaurantefrutosdelmar.com\/index.php\/wp-json\/wp\/v2\/comments?post=367"}],"version-history":[{"count":0,"href":"https:\/\/restaurantefrutosdelmar.com\/index.php\/wp-json\/wp\/v2\/pages\/367\/revisions"}],"up":[{"embeddable":true,"href":"https:\/\/restaurantefrutosdelmar.com\/index.php\/wp-json\/wp\/v2\/pages\/365"}],"wp:attachment":[{"href":"https:\/\/restaurantefrutosdelmar.com\/index.php\/wp-json\/wp\/v2\/media?parent=367"}],"curies":[{"name":"wp","href":"https:\/\/api.w.org\/{rel}","templated":true}]}}