{"id":371,"date":"2018-06-27T08:34:46","date_gmt":"2018-06-27T08:34:46","guid":{"rendered":"https:\/\/restaurantefrutosdelmar.com\/index.php\/elements\/icon-boxes\/"},"modified":"2018-06-27T08:34:46","modified_gmt":"2018-06-27T08:34:46","slug":"icon-boxes","status":"publish","type":"page","link":"https:\/\/restaurantefrutosdelmar.com\/index.php\/elements\/icon-boxes\/","title":{"rendered":"Icon Boxes"},"content":{"rendered":"<section class=\"wpb-content-wrapper\"><p>[vc_row full_width=&#8221;stretch_row&#8221;][vc_column][tm_spacer size=&#8221;sm:100;lg:120&#8243;][tm_heading custom_google_font=&#8221;&#8221; align=&#8221;center&#8221; text=&#8221;Style 01&#8243; font_size=&#8221;sm:24;md:30;lg:36&#8243;][tm_spacer size=&#8221;lg:60&#8243;][vc_row_inner][vc_column_inner width=&#8221;1\/3&#8243;][tm_box_icon icon_type=&#8221;ion&#8221; icon_ion=&#8221;ion-ios-eye-outline&#8221; heading=&#8221;Left-aligned&#8221; text=&#8221;Brook embraces a modern look with various enhanced pre-defined page elements.&#8221; button=&#8221;url:%23|title:More%20details||&#8221; box_link=&#8221;|||&#8221; link=&#8221;|||&#8221;][\/vc_column_inner][vc_column_inner width=&#8221;1\/3&#8243;][tm_box_icon align=&#8221;center&#8221; icon_type=&#8221;ion&#8221; icon_ion=&#8221;ion-ios-bookmarks-outline&#8221; heading=&#8221;Center-aligned&#8221; text=&#8221;This is the theme for businesses &amp; companies operating in a wide range of areas.&#8221; button=&#8221;url:%23|title:More%20details||&#8221;][\/vc_column_inner][vc_column_inner width=&#8221;1\/3&#8243;][tm_box_icon align=&#8221;right&#8221; icon_type=&#8221;ion&#8221; icon_ion=&#8221;ion-ios-browsers-outline&#8221; heading=&#8221;Right-aligned&#8221; text=&#8221;Brook is highly responsive thanks to built-in WPBakery Page Builder &amp; Slider Revolution.&#8221; button=&#8221;url:%23|title:More%20details||&#8221;][\/vc_column_inner][\/vc_row_inner][tm_spacer size=&#8221;sm:100;lg:120&#8243;][\/vc_column][\/vc_row][vc_row full_width=&#8221;stretch_row&#8221; background_color=&#8221;custom&#8221; custom_background_color=&#8221;#f5f5f5&#8243;][vc_column][tm_spacer size=&#8221;sm:100;lg:120&#8243;][tm_heading custom_google_font=&#8221;&#8221; align=&#8221;center&#8221; text=&#8221;Beautiful SVG <mark>Animate<\/mark>&#8221; font_size=&#8221;sm:24;md:30;lg:36&#8243;][tm_spacer size=&#8221;lg:60&#8243;][vc_row_inner][vc_column_inner width=&#8221;1\/3&#8243;][tm_box_icon align=&#8221;center&#8221; icon_type=&#8221;linea_svg&#8221; icon_linea_svg=&#8221;linea-basic-helm&#8221; heading=&#8221;Modern design&#8221; text=&#8221;Brook embraces a modern look with various enhanced pre-defined page elements.&#8221; button=&#8221;url:%23|title:More%20details||&#8221; box_link=&#8221;|||&#8221; link=&#8221;|||&#8221;][\/vc_column_inner][vc_column_inner width=&#8221;1\/3&#8243;][tm_box_icon align=&#8221;center&#8221; icon_type=&#8221;linea_svg&#8221; icon_linea_svg=&#8221;linea-basic-pencil-ruler&#8221; heading=&#8221;Multi-purpose&#8221; text=&#8221;This is the theme for businesses &amp; companies operating in a wide range of areas.&#8221; button=&#8221;url:%23|title:More%20details||&#8221;][\/vc_column_inner][vc_column_inner width=&#8221;1\/3&#8243;][tm_box_icon align=&#8221;center&#8221; icon_type=&#8221;linea_svg&#8221; icon_linea_svg=&#8221;linea-basic-tablet&#8221; heading=&#8221;Responsive layouts&#8221; text=&#8221;Brook is highly responsive thanks to built-in WPBakery Page Builder &amp; Slider Revolution.&#8221; button=&#8221;url:%23|title:More%20details||&#8221;][\/vc_column_inner][\/vc_row_inner][tm_spacer size=&#8221;sm:100;lg:120&#8243;][\/vc_column][\/vc_row][vc_row full_width=&#8221;stretch_row&#8221;][vc_column][tm_spacer size=&#8221;sm:100;lg:120&#8243;][tm_heading custom_google_font=&#8221;&#8221; align=&#8221;center&#8221; text=&#8221;Style 03&#8243; font_size=&#8221;sm:24;md:30;lg:36&#8243;][tm_spacer size=&#8221;lg:60&#8243;][tm_grid centered_items=&#8221;1&#8243; columns=&#8221;xs:1;sm:2;lg:3&#8243; column_gutter=&#8221;lg:30&#8243; row_gutter=&#8221;lg:50&#8243; item_max_width=&#8221;lg:290&#8243;][tm_box_icon style=&#8221;03&#8243; align=&#8221;center&#8221; icon_type=&#8221;ion&#8221; icon_ion=&#8221;ion-ios-eye-outline&#8221; heading=&#8221;Modern design&#8221; text=&#8221;Brook embraces a modern look with various enhanced pre-defined page elements.&#8221; button=&#8221;|||&#8221;][tm_box_icon style=&#8221;03&#8243; align=&#8221;center&#8221; icon_type=&#8221;ion&#8221; icon_ion=&#8221;ion-ios-bookmarks-outline&#8221; heading=&#8221;Multi-purpose&#8221; text=&#8221;This is the theme for businesses &amp; companies operating in a wide range of areas.&#8221; button=&#8221;|||&#8221;][tm_box_icon style=&#8221;03&#8243; align=&#8221;center&#8221; icon_type=&#8221;ion&#8221; icon_ion=&#8221;ion-ios-browsers-outline&#8221; heading=&#8221;Responsive layouts&#8221; text=&#8221;Brook is highly responsive thanks to built-in WPBakery Page Builder &amp; Slider Revolution.&#8221; button=&#8221;|||&#8221;][\/tm_grid][tm_spacer size=&#8221;sm:100;lg:120&#8243;][\/vc_column][\/vc_row][vc_row full_width=&#8221;stretch_row&#8221; background_color=&#8221;custom&#8221; lg_spacing=&#8221;border_bottom:1&#8243; custom_background_color=&#8221;#f5f5f5&#8243;][vc_column][tm_spacer size=&#8221;sm:100;lg:120&#8243;][tm_heading custom_google_font=&#8221;&#8221; align=&#8221;center&#8221; text=&#8221;Style 04&#8243; font_size=&#8221;sm:24;md:30;lg:36&#8243;][tm_spacer size=&#8221;lg:60&#8243;][vc_row_inner][vc_column_inner width=&#8221;1\/3&#8243;][tm_box_icon style=&#8221;04&#8243; align=&#8221;center&#8221; icon_type=&#8221;linea_svg&#8221; icon_linea_svg=&#8221;linea-basic-helm&#8221; heading=&#8221;Modern design&#8221; text=&#8221;Brook embraces a modern look with various enhanced pre-defined page elements.&#8221; button=&#8221;url:%23|title:More%20details||&#8221; box_link=&#8221;|||&#8221; link=&#8221;|||&#8221;][\/vc_column_inner][vc_column_inner width=&#8221;1\/3&#8243;][tm_box_icon style=&#8221;04&#8243; align=&#8221;center&#8221; icon_type=&#8221;linea_svg&#8221; icon_linea_svg=&#8221;linea-basic-pencil-ruler&#8221; heading=&#8221;Multi-purpose&#8221; text=&#8221;This is the theme for businesses &amp; companies operating in a wide range of areas.&#8221; button=&#8221;url:%23|title:More%20details||&#8221;][\/vc_column_inner][vc_column_inner width=&#8221;1\/3&#8243;][tm_box_icon style=&#8221;04&#8243; align=&#8221;center&#8221; icon_type=&#8221;linea_svg&#8221; icon_linea_svg=&#8221;linea-basic-tablet&#8221; heading=&#8221;Responsive layouts&#8221; text=&#8221;Brook is highly responsive thanks to built-in WPBakery Page Builder &amp; Slider Revolution.&#8221; button=&#8221;url:%23|title:More%20details||&#8221;][\/vc_column_inner][\/vc_row_inner][tm_spacer size=&#8221;sm:100;lg:120&#8243;][\/vc_column][\/vc_row]<\/p>\n<\/section>","protected":false},"excerpt":{"rendered":"<p>[vc_row full_width=&#8221;stretch_row&#8221;][vc_column][tm_spacer size=&#8221;sm:100;lg:120&#8243;][tm_heading custom_google_font=&#8221;&#8221; align=&#8221;center&#8221; text=&#8221;Style 01&#8243; font_size=&#8221;sm:24;md:30;lg:36&#8243;][tm_spacer size=&#8221;lg:60&#8243;][vc_row_inner][vc_column_inner width=&#8221;1\/3&#8243;][tm_box_icon icon_type=&#8221;ion&#8221; icon_ion=&#8221;ion-ios-eye-outline&#8221; heading=&#8221;Left-aligned&#8221; text=&#8221;Brook embraces a modern look with various enhanced pre-defined page elements.&#8221; button=&#8221;url:%23|title:More%20details||&#8221; box_link=&#8221;|||&#8221; link=&#8221;|||&#8221;][\/vc_column_inner][vc_column_inner width=&#8221;1\/3&#8243;][tm_box_icon align=&#8221;center&#8221; icon_type=&#8221;ion&#8221; icon_ion=&#8221;ion-ios-bookmarks-outline&#8221; heading=&#8221;Center-aligned&#8221; text=&#8221;This is the theme for businesses &amp; companies operating in a wide range of areas.&#8221; button=&#8221;url:%23|title:More%20details||&#8221;][\/vc_column_inner][vc_column_inner width=&#8221;1\/3&#8243;][tm_box_icon align=&#8221;right&#8221; icon_type=&#8221;ion&#8221; icon_ion=&#8221;ion-ios-browsers-outline&#8221; heading=&#8221;Right-aligned&#8221; text=&#8221;Brook is highly responsive thanks to built-in WPBakery Page Builder &amp; Slider Revolution.&#8221; button=&#8221;url:%23|title:More%20details||&#8221;][\/vc_column_inner][\/vc_row_inner][tm_spacer size=&#8221;sm:100;lg:120&#8243;][\/vc_column][\/vc_row][vc_row full_width=&#8221;stretch_row&#8221; background_color=&#8221;custom&#8221; custom_background_color=&#8221;#f5f5f5&#8243;][vc_column][tm_spacer size=&#8221;sm:100;lg:120&#8243;][tm_heading custom_google_font=&#8221;&#8221; align=&#8221;center&#8221; text=&#8221;Beautiful SVG Animate&#8221; font_size=&#8221;sm:24;md:30;lg:36&#8243;][tm_spacer size=&#8221;lg:60&#8243;][vc_row_inner][vc_column_inner width=&#8221;1\/3&#8243;][tm_box_icon align=&#8221;center&#8221; icon_type=&#8221;linea_svg&#8221; icon_linea_svg=&#8221;linea-basic-helm&#8221; heading=&#8221;Modern design&#8221; text=&#8221;Brook embraces a modern look with various enhanced pre-defined page elements.&#8221; button=&#8221;url:%23|title:More%20details||&#8221; box_link=&#8221;|||&#8221; link=&#8221;|||&#8221;][\/vc_column_inner][vc_column_inner width=&#8221;1\/3&#8243;][tm_box_icon align=&#8221;center&#8221; icon_type=&#8221;linea_svg&#8221; icon_linea_svg=&#8221;linea-basic-pencil-ruler&#8221; heading=&#8221;Multi-purpose&#8221; text=&#8221;This is the theme for businesses &amp; companies operating in a wide range of areas.&#8221; button=&#8221;url:%23|title:More%20details||&#8221;][\/vc_column_inner][vc_column_inner width=&#8221;1\/3&#8243;][tm_box_icon align=&#8221;center&#8221; icon_type=&#8221;linea_svg&#8221; icon_linea_svg=&#8221;linea-basic-tablet&#8221; heading=&#8221;Responsive layouts&#8221; text=&#8221;Brook is highly responsive thanks to built-in WPBakery Page Builder &amp; Slider Revolution.&#8221; button=&#8221;url:%23|title:More%20details||&#8221;][\/vc_column_inner][\/vc_row_inner][tm_spacer size=&#8221;sm:100;lg:120&#8243;][\/vc_column][\/vc_row][vc_row full_width=&#8221;stretch_row&#8221;][vc_column][tm_spacer size=&#8221;sm:100;lg:120&#8243;][tm_heading custom_google_font=&#8221;&#8221; align=&#8221;center&#8221; text=&#8221;Style 03&#8243; font_size=&#8221;sm:24;md:30;lg:36&#8243;][tm_spacer size=&#8221;lg:60&#8243;][tm_grid centered_items=&#8221;1&#8243; columns=&#8221;xs:1;sm:2;lg:3&#8243; column_gutter=&#8221;lg:30&#8243; row_gutter=&#8221;lg:50&#8243; item_max_width=&#8221;lg:290&#8243;][tm_box_icon style=&#8221;03&#8243; align=&#8221;center&#8221; icon_type=&#8221;ion&#8221; icon_ion=&#8221;ion-ios-eye-outline&#8221; heading=&#8221;Modern design&#8221; text=&#8221;Brook embraces a modern look with various enhanced pre-defined page elements.&#8221; button=&#8221;|||&#8221;][tm_box_icon style=&#8221;03&#8243; align=&#8221;center&#8221; icon_type=&#8221;ion&#8221; icon_ion=&#8221;ion-ios-bookmarks-outline&#8221; heading=&#8221;Multi-purpose&#8221; text=&#8221;This is the theme for businesses &amp; companies operating in a wide range of areas.&#8221; button=&#8221;|||&#8221;][tm_box_icon style=&#8221;03&#8243; align=&#8221;center&#8221; icon_type=&#8221;ion&#8221; icon_ion=&#8221;ion-ios-browsers-outline&#8221; heading=&#8221;Responsive layouts&#8221; text=&#8221;Brook is highly responsive thanks to built-in WPBakery Page Builder &amp; Slider Revolution.&#8221; button=&#8221;|||&#8221;][\/tm_grid][tm_spacer size=&#8221;sm:100;lg:120&#8243;][\/vc_column][\/vc_row][vc_row full_width=&#8221;stretch_row&#8221; background_color=&#8221;custom&#8221; lg_spacing=&#8221;border_bottom:1&#8243; custom_background_color=&#8221;#f5f5f5&#8243;][vc_column][tm_spacer size=&#8221;sm:100;lg:120&#8243;][tm_heading custom_google_font=&#8221;&#8221; align=&#8221;center&#8221; text=&#8221;Style 04&#8243; font_size=&#8221;sm:24;md:30;lg:36&#8243;][tm_spacer size=&#8221;lg:60&#8243;][vc_row_inner][vc_column_inner width=&#8221;1\/3&#8243;][tm_box_icon style=&#8221;04&#8243; align=&#8221;center&#8221; icon_type=&#8221;linea_svg&#8221; icon_linea_svg=&#8221;linea-basic-helm&#8221; heading=&#8221;Modern design&#8221; text=&#8221;Brook embraces a modern look with various enhanced pre-defined page elements.&#8221; button=&#8221;url:%23|title:More%20details||&#8221; box_link=&#8221;|||&#8221; link=&#8221;|||&#8221;][\/vc_column_inner][vc_column_inner width=&#8221;1\/3&#8243;][tm_box_icon style=&#8221;04&#8243; align=&#8221;center&#8221; icon_type=&#8221;linea_svg&#8221; icon_linea_svg=&#8221;linea-basic-pencil-ruler&#8221; heading=&#8221;Multi-purpose&#8221; text=&#8221;This is the theme for businesses &amp; companies operating in a wide range of areas.&#8221; button=&#8221;url:%23|title:More%20details||&#8221;][\/vc_column_inner][vc_column_inner width=&#8221;1\/3&#8243;][tm_box_icon style=&#8221;04&#8243; align=&#8221;center&#8221; icon_type=&#8221;linea_svg&#8221; icon_linea_svg=&#8221;linea-basic-tablet&#8221; heading=&#8221;Responsive layouts&#8221; text=&#8221;Brook is highly responsive thanks to built-in WPBakery Page Builder &amp; Slider Revolution.&#8221; button=&#8221;url:%23|title:More%20details||&#8221;][\/vc_column_inner][\/vc_row_inner][tm_spacer size=&#8221;sm:100;lg:120&#8243;][\/vc_column][\/vc_row]<\/p>\n","protected":false},"author":1,"featured_media":0,"parent":365,"menu_order":0,"comment_status":"closed","ping_status":"closed","template":"","meta":{"footnotes":""},"class_list":["post-371","page","type-page","status-publish","hentry","post-no-thumbnail"],"yoast_head":"<!-- This site is optimized with the Yoast SEO plugin v25.8 - https:\/\/yoast.com\/wordpress\/plugins\/seo\/ -->\n<title>Icon Boxes - restaurantefrutosdelmar.com<\/title>\n<meta name=\"description\" content=\"El Restaurante Con tradici\u00f3n del chef Sergio Botero. Se encuentra ubicado en Marinilla, Antioquia. Durante los ultimos a\u00f1os ha recibido numerosos reconocimientos. Destacandose como uno de los mejores restaurantes de comida Colombiana del pa\u00eds.\" \/>\n<meta name=\"robots\" content=\"index, follow, max-snippet:-1, max-image-preview:large, max-video-preview:-1\" \/>\n<link rel=\"canonical\" href=\"https:\/\/restaurantefrutosdelmar.com\/index.php\/elements\/icon-boxes\/\" \/>\n<meta property=\"og:locale\" content=\"en_US\" \/>\n<meta property=\"og:type\" content=\"article\" \/>\n<meta property=\"og:title\" content=\"Icon Boxes - restaurantefrutosdelmar.com\" \/>\n<meta property=\"og:description\" content=\"El Restaurante Con tradici\u00f3n del chef Sergio Botero. Se encuentra ubicado en Marinilla, Antioquia. Durante los ultimos a\u00f1os ha recibido numerosos reconocimientos. Destacandose como uno de los mejores restaurantes de comida Colombiana del pa\u00eds.\" \/>\n<meta property=\"og:url\" content=\"https:\/\/restaurantefrutosdelmar.com\/index.php\/elements\/icon-boxes\/\" \/>\n<meta property=\"og:site_name\" content=\"restaurantefrutosdelmar.com\" \/>\n<meta property=\"article:publisher\" content=\"https:\/\/es-la.facebook.com\/restaurantecontradicion\/\" \/>\n<meta name=\"twitter:card\" content=\"summary_large_image\" \/>\n<meta name=\"twitter:label1\" content=\"Est. reading time\" \/>\n\t<meta name=\"twitter:data1\" content=\"3 minutes\" \/>\n<script type=\"application\/ld+json\" class=\"yoast-schema-graph\">{\"@context\":\"https:\/\/schema.org\",\"@graph\":[{\"@type\":\"WebPage\",\"@id\":\"https:\/\/restaurantefrutosdelmar.com\/index.php\/elements\/icon-boxes\/\",\"url\":\"https:\/\/restaurantefrutosdelmar.com\/index.php\/elements\/icon-boxes\/\",\"name\":\"Icon Boxes - restaurantefrutosdelmar.com\",\"isPartOf\":{\"@id\":\"https:\/\/restaurantefrutosdelmar.com\/#website\"},\"datePublished\":\"2018-06-27T08:34:46+00:00\",\"description\":\"El Restaurante Con tradici\u00f3n del chef Sergio Botero. Se encuentra ubicado en Marinilla, Antioquia. Durante los ultimos a\u00f1os ha recibido numerosos reconocimientos. Destacandose como uno de los mejores restaurantes de comida Colombiana del pa\u00eds.\",\"breadcrumb\":{\"@id\":\"https:\/\/restaurantefrutosdelmar.com\/index.php\/elements\/icon-boxes\/#breadcrumb\"},\"inLanguage\":\"en-US\",\"potentialAction\":[{\"@type\":\"ReadAction\",\"target\":[\"https:\/\/restaurantefrutosdelmar.com\/index.php\/elements\/icon-boxes\/\"]}]},{\"@type\":\"BreadcrumbList\",\"@id\":\"https:\/\/restaurantefrutosdelmar.com\/index.php\/elements\/icon-boxes\/#breadcrumb\",\"itemListElement\":[{\"@type\":\"ListItem\",\"position\":1,\"name\":\"Home\",\"item\":\"https:\/\/restaurantefrutosdelmar.com\/\"},{\"@type\":\"ListItem\",\"position\":2,\"name\":\"Elements\",\"item\":\"https:\/\/restaurantefrutosdelmar.com\/index.php\/elements\/\"},{\"@type\":\"ListItem\",\"position\":3,\"name\":\"Icon Boxes\"}]},{\"@type\":\"WebSite\",\"@id\":\"https:\/\/restaurantefrutosdelmar.com\/#website\",\"url\":\"https:\/\/restaurantefrutosdelmar.com\/\",\"name\":\"restaurantefrutosdelmar.com\",\"description\":\"\",\"publisher\":{\"@id\":\"https:\/\/restaurantefrutosdelmar.com\/#organization\"},\"potentialAction\":[{\"@type\":\"SearchAction\",\"target\":{\"@type\":\"EntryPoint\",\"urlTemplate\":\"https:\/\/restaurantefrutosdelmar.com\/?s={search_term_string}\"},\"query-input\":{\"@type\":\"PropertyValueSpecification\",\"valueRequired\":true,\"valueName\":\"search_term_string\"}}],\"inLanguage\":\"en-US\"},{\"@type\":\"Organization\",\"@id\":\"https:\/\/restaurantefrutosdelmar.com\/#organization\",\"name\":\"Con tradicion Restaurante\",\"url\":\"https:\/\/restaurantefrutosdelmar.com\/\",\"logo\":{\"@type\":\"ImageObject\",\"inLanguage\":\"en-US\",\"@id\":\"https:\/\/restaurantefrutosdelmar.com\/#\/schema\/logo\/image\/\",\"url\":\"https:\/\/restaurantefrutosdelmar.com\/wp-content\/uploads\/2022\/12\/Contradicion-Restaurante.png\",\"contentUrl\":\"https:\/\/restaurantefrutosdelmar.com\/wp-content\/uploads\/2022\/12\/Contradicion-Restaurante.png\",\"width\":2090,\"height\":1324,\"caption\":\"Con tradicion Restaurante\"},\"image\":{\"@id\":\"https:\/\/restaurantefrutosdelmar.com\/#\/schema\/logo\/image\/\"},\"sameAs\":[\"https:\/\/es-la.facebook.com\/restaurantecontradicion\/\"]}]}<\/script>\n<!-- \/ Yoast SEO plugin. -->","yoast_head_json":{"title":"Icon Boxes - restaurantefrutosdelmar.com","description":"El Restaurante Con tradici\u00f3n del chef Sergio Botero. Se encuentra ubicado en Marinilla, Antioquia. Durante los ultimos a\u00f1os ha recibido numerosos reconocimientos. Destacandose como uno de los mejores restaurantes de comida Colombiana del pa\u00eds.","robots":{"index":"index","follow":"follow","max-snippet":"max-snippet:-1","max-image-preview":"max-image-preview:large","max-video-preview":"max-video-preview:-1"},"canonical":"https:\/\/restaurantefrutosdelmar.com\/index.php\/elements\/icon-boxes\/","og_locale":"en_US","og_type":"article","og_title":"Icon Boxes - restaurantefrutosdelmar.com","og_description":"El Restaurante Con tradici\u00f3n del chef Sergio Botero. Se encuentra ubicado en Marinilla, Antioquia. Durante los ultimos a\u00f1os ha recibido numerosos reconocimientos. Destacandose como uno de los mejores restaurantes de comida Colombiana del pa\u00eds.","og_url":"https:\/\/restaurantefrutosdelmar.com\/index.php\/elements\/icon-boxes\/","og_site_name":"restaurantefrutosdelmar.com","article_publisher":"https:\/\/es-la.facebook.com\/restaurantecontradicion\/","twitter_card":"summary_large_image","twitter_misc":{"Est. reading time":"3 minutes"},"schema":{"@context":"https:\/\/schema.org","@graph":[{"@type":"WebPage","@id":"https:\/\/restaurantefrutosdelmar.com\/index.php\/elements\/icon-boxes\/","url":"https:\/\/restaurantefrutosdelmar.com\/index.php\/elements\/icon-boxes\/","name":"Icon Boxes - restaurantefrutosdelmar.com","isPartOf":{"@id":"https:\/\/restaurantefrutosdelmar.com\/#website"},"datePublished":"2018-06-27T08:34:46+00:00","description":"El Restaurante Con tradici\u00f3n del chef Sergio Botero. Se encuentra ubicado en Marinilla, Antioquia. Durante los ultimos a\u00f1os ha recibido numerosos reconocimientos. Destacandose como uno de los mejores restaurantes de comida Colombiana del pa\u00eds.","breadcrumb":{"@id":"https:\/\/restaurantefrutosdelmar.com\/index.php\/elements\/icon-boxes\/#breadcrumb"},"inLanguage":"en-US","potentialAction":[{"@type":"ReadAction","target":["https:\/\/restaurantefrutosdelmar.com\/index.php\/elements\/icon-boxes\/"]}]},{"@type":"BreadcrumbList","@id":"https:\/\/restaurantefrutosdelmar.com\/index.php\/elements\/icon-boxes\/#breadcrumb","itemListElement":[{"@type":"ListItem","position":1,"name":"Home","item":"https:\/\/restaurantefrutosdelmar.com\/"},{"@type":"ListItem","position":2,"name":"Elements","item":"https:\/\/restaurantefrutosdelmar.com\/index.php\/elements\/"},{"@type":"ListItem","position":3,"name":"Icon Boxes"}]},{"@type":"WebSite","@id":"https:\/\/restaurantefrutosdelmar.com\/#website","url":"https:\/\/restaurantefrutosdelmar.com\/","name":"restaurantefrutosdelmar.com","description":"","publisher":{"@id":"https:\/\/restaurantefrutosdelmar.com\/#organization"},"potentialAction":[{"@type":"SearchAction","target":{"@type":"EntryPoint","urlTemplate":"https:\/\/restaurantefrutosdelmar.com\/?s={search_term_string}"},"query-input":{"@type":"PropertyValueSpecification","valueRequired":true,"valueName":"search_term_string"}}],"inLanguage":"en-US"},{"@type":"Organization","@id":"https:\/\/restaurantefrutosdelmar.com\/#organization","name":"Con tradicion Restaurante","url":"https:\/\/restaurantefrutosdelmar.com\/","logo":{"@type":"ImageObject","inLanguage":"en-US","@id":"https:\/\/restaurantefrutosdelmar.com\/#\/schema\/logo\/image\/","url":"https:\/\/restaurantefrutosdelmar.com\/wp-content\/uploads\/2022\/12\/Contradicion-Restaurante.png","contentUrl":"https:\/\/restaurantefrutosdelmar.com\/wp-content\/uploads\/2022\/12\/Contradicion-Restaurante.png","width":2090,"height":1324,"caption":"Con tradicion Restaurante"},"image":{"@id":"https:\/\/restaurantefrutosdelmar.com\/#\/schema\/logo\/image\/"},"sameAs":["https:\/\/es-la.facebook.com\/restaurantecontradicion\/"]}]}},"_links":{"self":[{"href":"https:\/\/restaurantefrutosdelmar.com\/index.php\/wp-json\/wp\/v2\/pages\/371","targetHints":{"allow":["GET"]}}],"collection":[{"href":"https:\/\/restaurantefrutosdelmar.com\/index.php\/wp-json\/wp\/v2\/pages"}],"about":[{"href":"https:\/\/restaurantefrutosdelmar.com\/index.php\/wp-json\/wp\/v2\/types\/page"}],"author":[{"embeddable":true,"href":"https:\/\/restaurantefrutosdelmar.com\/index.php\/wp-json\/wp\/v2\/users\/1"}],"replies":[{"embeddable":true,"href":"https:\/\/restaurantefrutosdelmar.com\/index.php\/wp-json\/wp\/v2\/comments?post=371"}],"version-history":[{"count":0,"href":"https:\/\/restaurantefrutosdelmar.com\/index.php\/wp-json\/wp\/v2\/pages\/371\/revisions"}],"up":[{"embeddable":true,"href":"https:\/\/restaurantefrutosdelmar.com\/index.php\/wp-json\/wp\/v2\/pages\/365"}],"wp:attachment":[{"href":"https:\/\/restaurantefrutosdelmar.com\/index.php\/wp-json\/wp\/v2\/media?parent=371"}],"curies":[{"name":"wp","href":"https:\/\/api.w.org\/{rel}","templated":true}]}}