{"id":391,"date":"2018-06-28T04:12:49","date_gmt":"2018-06-28T04:12:49","guid":{"rendered":"https:\/\/restaurantefrutosdelmar.com\/index.php\/elements\/progress-charts\/"},"modified":"2018-06-28T04:12:49","modified_gmt":"2018-06-28T04:12:49","slug":"progress-charts","status":"publish","type":"page","link":"https:\/\/restaurantefrutosdelmar.com\/index.php\/elements\/progress-charts\/","title":{"rendered":"Progress Charts"},"content":{"rendered":"<section class=\"wpb-content-wrapper\"><p>[vc_row][vc_column][tm_spacer size=&#8221;sm:100;lg:120&#8243;][vc_row_inner][vc_column_inner width=&#8221;1\/2&#8243;][tm_heading custom_google_font=&#8221;&#8221; text=&#8221;Primary color&#8221; font_size=&#8221;lg:24&#8243;][tm_spacer size=&#8221;lg:60&#8243;][vc_progress_bar bar_height=&#8221;4&#8243; values=&#8221;%5B%7B%22label%22%3A%22UI%2FUX%22%2C%22value%22%3A%2285%22%2C%22custom_background_color%22%3A%22%23222222%22%2C%22custom_track_color%22%3A%22%23ededed%22%2C%22custom_text_color%22%3A%22%23333333%22%7D%2C%7B%22label%22%3A%22Ideas%22%2C%22value%22%3A%2285%22%2C%22custom_background_color%22%3A%22%23222222%22%2C%22custom_track_color%22%3A%22%23ededed%22%2C%22custom_text_color%22%3A%22%23333333%22%7D%2C%7B%22label%22%3A%22Marketing%22%2C%22value%22%3A%2270%22%2C%22custom_background_color%22%3A%22%23222222%22%2C%22custom_track_color%22%3A%22%23ededed%22%2C%22custom_text_color%22%3A%22%23333333%22%7D%2C%7B%22label%22%3A%22Consulting%22%2C%22value%22%3A%2290%22%2C%22custom_background_color%22%3A%22%23222222%22%2C%22custom_track_color%22%3A%22%23ededed%22%2C%22custom_text_color%22%3A%22%23333333%22%7D%5D&#8221; units=&#8221;%&#8221;][\/vc_column_inner][vc_column_inner width=&#8221;1\/2&#8243;][tm_heading custom_google_font=&#8221;&#8221; text=&#8221;Custom colors&#8221; font_size=&#8221;lg:24&#8243;][tm_spacer size=&#8221;lg:60&#8243;][vc_progress_bar style=&#8221;2&#8243; bar_height=&#8221;4&#8243; values=&#8221;%5B%7B%22label%22%3A%22UI%2FUX%22%2C%22value%22%3A%2285%22%2C%22background_color%22%3A%22custom%22%2C%22custom_background_color%22%3A%22%237ed321%22%2C%22custom_track_color%22%3A%22%23ededed%22%2C%22custom_text_color%22%3A%22%23333333%22%7D%2C%7B%22label%22%3A%22Ideas%22%2C%22value%22%3A%2285%22%2C%22background_color%22%3A%22custom%22%2C%22custom_background_color%22%3A%22%23f2b636%22%2C%22custom_track_color%22%3A%22%23ededed%22%2C%22custom_text_color%22%3A%22%23333333%22%7D%2C%7B%22label%22%3A%22Marketing%22%2C%22value%22%3A%2270%22%2C%22background_color%22%3A%22custom%22%2C%22custom_background_color%22%3A%22%23f55d4e%22%2C%22custom_track_color%22%3A%22%23ededed%22%2C%22custom_text_color%22%3A%22%23333333%22%7D%2C%7B%22label%22%3A%22Consulting%22%2C%22value%22%3A%2290%22%2C%22custom_background_color%22%3A%22%23222222%22%2C%22custom_track_color%22%3A%22%23ededed%22%2C%22custom_text_color%22%3A%22%23333333%22%7D%5D&#8221; units=&#8221;%&#8221;][\/vc_column_inner][\/vc_row_inner][tm_spacer size=&#8221;sm:100;lg:150&#8243;][vc_row_inner][vc_column_inner width=&#8221;1\/2&#8243;][tm_circle_progress_chart style=&#8221;02&#8243; number=&#8221;90&#8243; size=&#8221;200&#8243; line_width=&#8221;8&#8243; title=&#8221;Left-aligned&#8221; subtitle=&#8221;In order for you to achieve the things you are capable of, you need to constantly be creating goals for yourself. Nothing is more important than having a desire deep down to achieve goals.&#8221;][tm_spacer size=&#8221;lg:80&#8243;][tm_circle_progress_chart style=&#8221;03&#8243; number=&#8221;90&#8243; size=&#8221;200&#8243; line_width=&#8221;8&#8243; bar_color=&#8221;gradient&#8221; title=&#8221;Left-aligned&#8221; subtitle=&#8221;In order for you to achieve the things you are capable of, you need to constantly be creating goals for yourself. Nothing is more important than having a desire deep down to achieve goals.&#8221;][\/vc_column_inner][vc_column_inner width=&#8221;1\/2&#8243; offset=&#8221;vc_col-md-offset-1 vc_col-md-4&#8243;][tm_circle_progress_chart number=&#8221;90&#8243; size=&#8221;200&#8243; line_width=&#8221;8&#8243; bar_color=&#8221;custom&#8221; title=&#8221;Left-aligned&#8221; subtitle=&#8221;In order for you to achieve the things you are capable of, you need to constantly be creating goals for yourself. Nothing is more important than having a desire deep down to achieve goals.&#8221; custom_bar_color=&#8221;#f55d4e&#8221;][\/vc_column_inner][\/vc_row_inner][tm_spacer size=&#8221;sm:100;lg:150&#8243;][\/vc_column][\/vc_row]<\/p>\n<\/section>","protected":false},"excerpt":{"rendered":"<p>[vc_row][vc_column][tm_spacer size=&#8221;sm:100;lg:120&#8243;][vc_row_inner][vc_column_inner width=&#8221;1\/2&#8243;][tm_heading custom_google_font=&#8221;&#8221; text=&#8221;Primary color&#8221; font_size=&#8221;lg:24&#8243;][tm_spacer size=&#8221;lg:60&#8243;][vc_progress_bar bar_height=&#8221;4&#8243; values=&#8221;%5B%7B%22label%22%3A%22UI%2FUX%22%2C%22value%22%3A%2285%22%2C%22custom_background_color%22%3A%22%23222222%22%2C%22custom_track_color%22%3A%22%23ededed%22%2C%22custom_text_color%22%3A%22%23333333%22%7D%2C%7B%22label%22%3A%22Ideas%22%2C%22value%22%3A%2285%22%2C%22custom_background_color%22%3A%22%23222222%22%2C%22custom_track_color%22%3A%22%23ededed%22%2C%22custom_text_color%22%3A%22%23333333%22%7D%2C%7B%22label%22%3A%22Marketing%22%2C%22value%22%3A%2270%22%2C%22custom_background_color%22%3A%22%23222222%22%2C%22custom_track_color%22%3A%22%23ededed%22%2C%22custom_text_color%22%3A%22%23333333%22%7D%2C%7B%22label%22%3A%22Consulting%22%2C%22value%22%3A%2290%22%2C%22custom_background_color%22%3A%22%23222222%22%2C%22custom_track_color%22%3A%22%23ededed%22%2C%22custom_text_color%22%3A%22%23333333%22%7D%5D&#8221; units=&#8221;%&#8221;][\/vc_column_inner][vc_column_inner width=&#8221;1\/2&#8243;][tm_heading custom_google_font=&#8221;&#8221; text=&#8221;Custom colors&#8221; font_size=&#8221;lg:24&#8243;][tm_spacer size=&#8221;lg:60&#8243;][vc_progress_bar style=&#8221;2&#8243; bar_height=&#8221;4&#8243; values=&#8221;%5B%7B%22label%22%3A%22UI%2FUX%22%2C%22value%22%3A%2285%22%2C%22background_color%22%3A%22custom%22%2C%22custom_background_color%22%3A%22%237ed321%22%2C%22custom_track_color%22%3A%22%23ededed%22%2C%22custom_text_color%22%3A%22%23333333%22%7D%2C%7B%22label%22%3A%22Ideas%22%2C%22value%22%3A%2285%22%2C%22background_color%22%3A%22custom%22%2C%22custom_background_color%22%3A%22%23f2b636%22%2C%22custom_track_color%22%3A%22%23ededed%22%2C%22custom_text_color%22%3A%22%23333333%22%7D%2C%7B%22label%22%3A%22Marketing%22%2C%22value%22%3A%2270%22%2C%22background_color%22%3A%22custom%22%2C%22custom_background_color%22%3A%22%23f55d4e%22%2C%22custom_track_color%22%3A%22%23ededed%22%2C%22custom_text_color%22%3A%22%23333333%22%7D%2C%7B%22label%22%3A%22Consulting%22%2C%22value%22%3A%2290%22%2C%22custom_background_color%22%3A%22%23222222%22%2C%22custom_track_color%22%3A%22%23ededed%22%2C%22custom_text_color%22%3A%22%23333333%22%7D%5D&#8221; units=&#8221;%&#8221;][\/vc_column_inner][\/vc_row_inner][tm_spacer size=&#8221;sm:100;lg:150&#8243;][vc_row_inner][vc_column_inner width=&#8221;1\/2&#8243;][tm_circle_progress_chart style=&#8221;02&#8243; number=&#8221;90&#8243; size=&#8221;200&#8243; line_width=&#8221;8&#8243; title=&#8221;Left-aligned&#8221; subtitle=&#8221;In order for you to achieve the things you are capable of, you need to constantly be creating goals for yourself. Nothing is more important than having a desire deep down to achieve goals.&#8221;][tm_spacer size=&#8221;lg:80&#8243;][tm_circle_progress_chart style=&#8221;03&#8243; number=&#8221;90&#8243; size=&#8221;200&#8243; line_width=&#8221;8&#8243; bar_color=&#8221;gradient&#8221; title=&#8221;Left-aligned&#8221; subtitle=&#8221;In order for you to achieve the things you are capable of, you need to constantly be creating goals for yourself. Nothing is more important than having a desire deep down to achieve goals.&#8221;][\/vc_column_inner][vc_column_inner width=&#8221;1\/2&#8243; offset=&#8221;vc_col-md-offset-1 vc_col-md-4&#8243;][tm_circle_progress_chart number=&#8221;90&#8243; size=&#8221;200&#8243; line_width=&#8221;8&#8243; bar_color=&#8221;custom&#8221; title=&#8221;Left-aligned&#8221; subtitle=&#8221;In order for you to achieve the things you are capable of, you need to constantly be creating goals for yourself. Nothing is more important than having a desire deep down to achieve goals.&#8221; custom_bar_color=&#8221;#f55d4e&#8221;][\/vc_column_inner][\/vc_row_inner][tm_spacer size=&#8221;sm:100;lg:150&#8243;][\/vc_column][\/vc_row]<\/p>\n","protected":false},"author":1,"featured_media":0,"parent":365,"menu_order":0,"comment_status":"closed","ping_status":"closed","template":"","meta":{"footnotes":""},"class_list":["post-391","page","type-page","status-publish","hentry","post-no-thumbnail"],"yoast_head":"<!-- This site is optimized with the Yoast SEO plugin v25.8 - https:\/\/yoast.com\/wordpress\/plugins\/seo\/ -->\n<title>Progress Charts - restaurantefrutosdelmar.com<\/title>\n<meta name=\"description\" content=\"El Restaurante Con tradici\u00f3n del chef Sergio Botero. Se encuentra ubicado en Marinilla, Antioquia. Durante los ultimos a\u00f1os ha recibido numerosos reconocimientos. Destacandose como uno de los mejores restaurantes de comida Colombiana del pa\u00eds.\" \/>\n<meta name=\"robots\" content=\"index, follow, max-snippet:-1, max-image-preview:large, max-video-preview:-1\" \/>\n<link rel=\"canonical\" href=\"https:\/\/restaurantefrutosdelmar.com\/index.php\/elements\/progress-charts\/\" \/>\n<meta property=\"og:locale\" content=\"en_US\" \/>\n<meta property=\"og:type\" content=\"article\" \/>\n<meta property=\"og:title\" content=\"Progress Charts - restaurantefrutosdelmar.com\" \/>\n<meta property=\"og:description\" content=\"El Restaurante Con tradici\u00f3n del chef Sergio Botero. Se encuentra ubicado en Marinilla, Antioquia. Durante los ultimos a\u00f1os ha recibido numerosos reconocimientos. Destacandose como uno de los mejores restaurantes de comida Colombiana del pa\u00eds.\" \/>\n<meta property=\"og:url\" content=\"https:\/\/restaurantefrutosdelmar.com\/index.php\/elements\/progress-charts\/\" \/>\n<meta property=\"og:site_name\" content=\"restaurantefrutosdelmar.com\" \/>\n<meta property=\"article:publisher\" content=\"https:\/\/es-la.facebook.com\/restaurantecontradicion\/\" \/>\n<meta name=\"twitter:card\" content=\"summary_large_image\" \/>\n<meta name=\"twitter:label1\" content=\"Est. reading time\" \/>\n\t<meta name=\"twitter:data1\" content=\"2 minutes\" \/>\n<script type=\"application\/ld+json\" class=\"yoast-schema-graph\">{\"@context\":\"https:\/\/schema.org\",\"@graph\":[{\"@type\":\"WebPage\",\"@id\":\"https:\/\/restaurantefrutosdelmar.com\/index.php\/elements\/progress-charts\/\",\"url\":\"https:\/\/restaurantefrutosdelmar.com\/index.php\/elements\/progress-charts\/\",\"name\":\"Progress Charts - restaurantefrutosdelmar.com\",\"isPartOf\":{\"@id\":\"https:\/\/restaurantefrutosdelmar.com\/#website\"},\"datePublished\":\"2018-06-28T04:12:49+00:00\",\"description\":\"El Restaurante Con tradici\u00f3n del chef Sergio Botero. Se encuentra ubicado en Marinilla, Antioquia. Durante los ultimos a\u00f1os ha recibido numerosos reconocimientos. Destacandose como uno de los mejores restaurantes de comida Colombiana del pa\u00eds.\",\"breadcrumb\":{\"@id\":\"https:\/\/restaurantefrutosdelmar.com\/index.php\/elements\/progress-charts\/#breadcrumb\"},\"inLanguage\":\"en-US\",\"potentialAction\":[{\"@type\":\"ReadAction\",\"target\":[\"https:\/\/restaurantefrutosdelmar.com\/index.php\/elements\/progress-charts\/\"]}]},{\"@type\":\"BreadcrumbList\",\"@id\":\"https:\/\/restaurantefrutosdelmar.com\/index.php\/elements\/progress-charts\/#breadcrumb\",\"itemListElement\":[{\"@type\":\"ListItem\",\"position\":1,\"name\":\"Home\",\"item\":\"https:\/\/restaurantefrutosdelmar.com\/\"},{\"@type\":\"ListItem\",\"position\":2,\"name\":\"Elements\",\"item\":\"https:\/\/restaurantefrutosdelmar.com\/index.php\/elements\/\"},{\"@type\":\"ListItem\",\"position\":3,\"name\":\"Progress Charts\"}]},{\"@type\":\"WebSite\",\"@id\":\"https:\/\/restaurantefrutosdelmar.com\/#website\",\"url\":\"https:\/\/restaurantefrutosdelmar.com\/\",\"name\":\"restaurantefrutosdelmar.com\",\"description\":\"\",\"publisher\":{\"@id\":\"https:\/\/restaurantefrutosdelmar.com\/#organization\"},\"potentialAction\":[{\"@type\":\"SearchAction\",\"target\":{\"@type\":\"EntryPoint\",\"urlTemplate\":\"https:\/\/restaurantefrutosdelmar.com\/?s={search_term_string}\"},\"query-input\":{\"@type\":\"PropertyValueSpecification\",\"valueRequired\":true,\"valueName\":\"search_term_string\"}}],\"inLanguage\":\"en-US\"},{\"@type\":\"Organization\",\"@id\":\"https:\/\/restaurantefrutosdelmar.com\/#organization\",\"name\":\"Con tradicion Restaurante\",\"url\":\"https:\/\/restaurantefrutosdelmar.com\/\",\"logo\":{\"@type\":\"ImageObject\",\"inLanguage\":\"en-US\",\"@id\":\"https:\/\/restaurantefrutosdelmar.com\/#\/schema\/logo\/image\/\",\"url\":\"https:\/\/restaurantefrutosdelmar.com\/wp-content\/uploads\/2022\/12\/Contradicion-Restaurante.png\",\"contentUrl\":\"https:\/\/restaurantefrutosdelmar.com\/wp-content\/uploads\/2022\/12\/Contradicion-Restaurante.png\",\"width\":2090,\"height\":1324,\"caption\":\"Con tradicion Restaurante\"},\"image\":{\"@id\":\"https:\/\/restaurantefrutosdelmar.com\/#\/schema\/logo\/image\/\"},\"sameAs\":[\"https:\/\/es-la.facebook.com\/restaurantecontradicion\/\"]}]}<\/script>\n<!-- \/ Yoast SEO plugin. -->","yoast_head_json":{"title":"Progress Charts - restaurantefrutosdelmar.com","description":"El Restaurante Con tradici\u00f3n del chef Sergio Botero. Se encuentra ubicado en Marinilla, Antioquia. Durante los ultimos a\u00f1os ha recibido numerosos reconocimientos. Destacandose como uno de los mejores restaurantes de comida Colombiana del pa\u00eds.","robots":{"index":"index","follow":"follow","max-snippet":"max-snippet:-1","max-image-preview":"max-image-preview:large","max-video-preview":"max-video-preview:-1"},"canonical":"https:\/\/restaurantefrutosdelmar.com\/index.php\/elements\/progress-charts\/","og_locale":"en_US","og_type":"article","og_title":"Progress Charts - restaurantefrutosdelmar.com","og_description":"El Restaurante Con tradici\u00f3n del chef Sergio Botero. Se encuentra ubicado en Marinilla, Antioquia. Durante los ultimos a\u00f1os ha recibido numerosos reconocimientos. Destacandose como uno de los mejores restaurantes de comida Colombiana del pa\u00eds.","og_url":"https:\/\/restaurantefrutosdelmar.com\/index.php\/elements\/progress-charts\/","og_site_name":"restaurantefrutosdelmar.com","article_publisher":"https:\/\/es-la.facebook.com\/restaurantecontradicion\/","twitter_card":"summary_large_image","twitter_misc":{"Est. reading time":"2 minutes"},"schema":{"@context":"https:\/\/schema.org","@graph":[{"@type":"WebPage","@id":"https:\/\/restaurantefrutosdelmar.com\/index.php\/elements\/progress-charts\/","url":"https:\/\/restaurantefrutosdelmar.com\/index.php\/elements\/progress-charts\/","name":"Progress Charts - restaurantefrutosdelmar.com","isPartOf":{"@id":"https:\/\/restaurantefrutosdelmar.com\/#website"},"datePublished":"2018-06-28T04:12:49+00:00","description":"El Restaurante Con tradici\u00f3n del chef Sergio Botero. Se encuentra ubicado en Marinilla, Antioquia. Durante los ultimos a\u00f1os ha recibido numerosos reconocimientos. Destacandose como uno de los mejores restaurantes de comida Colombiana del pa\u00eds.","breadcrumb":{"@id":"https:\/\/restaurantefrutosdelmar.com\/index.php\/elements\/progress-charts\/#breadcrumb"},"inLanguage":"en-US","potentialAction":[{"@type":"ReadAction","target":["https:\/\/restaurantefrutosdelmar.com\/index.php\/elements\/progress-charts\/"]}]},{"@type":"BreadcrumbList","@id":"https:\/\/restaurantefrutosdelmar.com\/index.php\/elements\/progress-charts\/#breadcrumb","itemListElement":[{"@type":"ListItem","position":1,"name":"Home","item":"https:\/\/restaurantefrutosdelmar.com\/"},{"@type":"ListItem","position":2,"name":"Elements","item":"https:\/\/restaurantefrutosdelmar.com\/index.php\/elements\/"},{"@type":"ListItem","position":3,"name":"Progress Charts"}]},{"@type":"WebSite","@id":"https:\/\/restaurantefrutosdelmar.com\/#website","url":"https:\/\/restaurantefrutosdelmar.com\/","name":"restaurantefrutosdelmar.com","description":"","publisher":{"@id":"https:\/\/restaurantefrutosdelmar.com\/#organization"},"potentialAction":[{"@type":"SearchAction","target":{"@type":"EntryPoint","urlTemplate":"https:\/\/restaurantefrutosdelmar.com\/?s={search_term_string}"},"query-input":{"@type":"PropertyValueSpecification","valueRequired":true,"valueName":"search_term_string"}}],"inLanguage":"en-US"},{"@type":"Organization","@id":"https:\/\/restaurantefrutosdelmar.com\/#organization","name":"Con tradicion Restaurante","url":"https:\/\/restaurantefrutosdelmar.com\/","logo":{"@type":"ImageObject","inLanguage":"en-US","@id":"https:\/\/restaurantefrutosdelmar.com\/#\/schema\/logo\/image\/","url":"https:\/\/restaurantefrutosdelmar.com\/wp-content\/uploads\/2022\/12\/Contradicion-Restaurante.png","contentUrl":"https:\/\/restaurantefrutosdelmar.com\/wp-content\/uploads\/2022\/12\/Contradicion-Restaurante.png","width":2090,"height":1324,"caption":"Con tradicion Restaurante"},"image":{"@id":"https:\/\/restaurantefrutosdelmar.com\/#\/schema\/logo\/image\/"},"sameAs":["https:\/\/es-la.facebook.com\/restaurantecontradicion\/"]}]}},"_links":{"self":[{"href":"https:\/\/restaurantefrutosdelmar.com\/index.php\/wp-json\/wp\/v2\/pages\/391","targetHints":{"allow":["GET"]}}],"collection":[{"href":"https:\/\/restaurantefrutosdelmar.com\/index.php\/wp-json\/wp\/v2\/pages"}],"about":[{"href":"https:\/\/restaurantefrutosdelmar.com\/index.php\/wp-json\/wp\/v2\/types\/page"}],"author":[{"embeddable":true,"href":"https:\/\/restaurantefrutosdelmar.com\/index.php\/wp-json\/wp\/v2\/users\/1"}],"replies":[{"embeddable":true,"href":"https:\/\/restaurantefrutosdelmar.com\/index.php\/wp-json\/wp\/v2\/comments?post=391"}],"version-history":[{"count":0,"href":"https:\/\/restaurantefrutosdelmar.com\/index.php\/wp-json\/wp\/v2\/pages\/391\/revisions"}],"up":[{"embeddable":true,"href":"https:\/\/restaurantefrutosdelmar.com\/index.php\/wp-json\/wp\/v2\/pages\/365"}],"wp:attachment":[{"href":"https:\/\/restaurantefrutosdelmar.com\/index.php\/wp-json\/wp\/v2\/media?parent=391"}],"curies":[{"name":"wp","href":"https:\/\/api.w.org\/{rel}","templated":true}]}}