{"id":494,"date":"2018-07-03T10:32:53","date_gmt":"2018-07-03T10:32:53","guid":{"rendered":"https:\/\/restaurantefrutosdelmar.com\/index.php\/elements\/client-logos\/"},"modified":"2018-07-03T10:32:53","modified_gmt":"2018-07-03T10:32:53","slug":"client-logos","status":"publish","type":"page","link":"https:\/\/restaurantefrutosdelmar.com\/index.php\/elements\/client-logos\/","title":{"rendered":"Client Logos"},"content":{"rendered":"<section class=\"wpb-content-wrapper\"><p>[vc_row full_width=&#8221;stretch_row&#8221; lg_spacing=&#8221;border_bottom:1&#8243;][vc_column][tm_spacer size=&#8221;lg:150&#8243;][tm_client gutter=&#8221;30&#8243; auto_play=&#8221;5000&#8243; items_display=&#8221;xs:2;sm:3;md:4;lg:5&#8243; items=&#8221;%5B%7B%22image%22%3A%22500%22%2C%22link%22%3A%22url%3A%2523%7Ctitle%3AClient%2520Logo%252001%7C%7C%22%7D%2C%7B%22image%22%3A%22499%22%2C%22link%22%3A%22url%3A%2523%7Ctitle%3AClient%2520Logo%252001%7C%7C%22%7D%2C%7B%22image%22%3A%22498%22%2C%22link%22%3A%22url%3A%2523%7Ctitle%3AClient%2520Logo%252003%7C%7C%22%7D%2C%7B%22image%22%3A%22497%22%2C%22link%22%3A%22url%3A%2523%7Ctitle%3AClient%2520Logo%252004%7C%7C%22%7D%2C%7B%22image%22%3A%22496%22%2C%22link%22%3A%22url%3A%2523%7Ctitle%3AClient%2520Logo%252005%7C%7C%22%7D%2C%7B%22image%22%3A%22495%22%2C%22link%22%3A%22url%3A%2523%7Ctitle%3AClient%2520Logo%252006%7C%7C%22%7D%5D&#8221;][tm_spacer size=&#8221;lg:150&#8243;][\/vc_column][\/vc_row][vc_row full_width=&#8221;stretch_row&#8221; lg_spacing=&#8221;border_bottom:1&#8243;][vc_column][tm_spacer size=&#8221;lg:150&#8243;][tm_client gutter=&#8221;30&#8243; auto_play=&#8221;5000&#8243; carousel_nav=&#8221;01&#8243; carousel_pagination=&#8221;01&#8243; items_display=&#8221;xs:2;sm:3;md:4;lg:5&#8243; items=&#8221;%5B%7B%22image%22%3A%22500%22%2C%22link%22%3A%22url%3A%2523%7Ctitle%3AClient%2520Logo%252001%7C%7C%22%7D%2C%7B%22image%22%3A%22499%22%2C%22link%22%3A%22url%3A%2523%7Ctitle%3AClient%2520Logo%252001%7C%7C%22%7D%2C%7B%22image%22%3A%22498%22%2C%22link%22%3A%22url%3A%2523%7Ctitle%3AClient%2520Logo%252003%7C%7C%22%7D%2C%7B%22image%22%3A%22497%22%2C%22link%22%3A%22url%3A%2523%7Ctitle%3AClient%2520Logo%252004%7C%7C%22%7D%2C%7B%22image%22%3A%22496%22%2C%22link%22%3A%22url%3A%2523%7Ctitle%3AClient%2520Logo%252005%7C%7C%22%7D%2C%7B%22image%22%3A%22495%22%2C%22link%22%3A%22url%3A%2523%7Ctitle%3AClient%2520Logo%252006%7C%7C%22%7D%5D&#8221;][tm_spacer size=&#8221;lg:150&#8243;][\/vc_column][\/vc_row][vc_row full_width=&#8221;stretch_row&#8221; lg_spacing=&#8221;border_bottom:1&#8243;][vc_column][tm_spacer size=&#8221;lg:150&#8243;][tm_client style=&#8221;grid&#8221; gutter=&#8221;0&#8243; items=&#8221;%5B%7B%22image%22%3A%22500%22%2C%22link%22%3A%22url%3A%2523%7Ctitle%3AClient%2520Logo%252001%7C%7C%22%7D%2C%7B%22image%22%3A%22499%22%2C%22link%22%3A%22url%3A%2523%7Ctitle%3AClient%2520Logo%252002%7C%7C%22%7D%2C%7B%22image%22%3A%22498%22%2C%22link%22%3A%22url%3A%2523%7Ctitle%3AClient%2520Logo%252003%7C%7C%22%7D%2C%7B%22image%22%3A%22497%22%2C%22link%22%3A%22url%3A%2523%7Ctitle%3AClient%2520Logo%252004%7C%7C%22%7D%2C%7B%22image%22%3A%22496%22%2C%22link%22%3A%22url%3A%2523%7Ctitle%3AClient%2520Logo%252005%7C%7C%22%7D%2C%7B%22image%22%3A%22495%22%2C%22link%22%3A%22url%3A%2523%7Ctitle%3AClient%2520Logo%252006%7C%7C%22%7D%5D&#8221; columns=&#8221;xs:1;sm:2;lg:3&#8243;][tm_spacer size=&#8221;lg:150&#8243;][\/vc_column][\/vc_row]<\/p>\n<\/section>","protected":false},"excerpt":{"rendered":"<p>[vc_row full_width=&#8221;stretch_row&#8221; lg_spacing=&#8221;border_bottom:1&#8243;][vc_column][tm_spacer size=&#8221;lg:150&#8243;][tm_client gutter=&#8221;30&#8243; auto_play=&#8221;5000&#8243; items_display=&#8221;xs:2;sm:3;md:4;lg:5&#8243; items=&#8221;%5B%7B%22image%22%3A%22500%22%2C%22link%22%3A%22url%3A%2523%7Ctitle%3AClient%2520Logo%252001%7C%7C%22%7D%2C%7B%22image%22%3A%22499%22%2C%22link%22%3A%22url%3A%2523%7Ctitle%3AClient%2520Logo%252001%7C%7C%22%7D%2C%7B%22image%22%3A%22498%22%2C%22link%22%3A%22url%3A%2523%7Ctitle%3AClient%2520Logo%252003%7C%7C%22%7D%2C%7B%22image%22%3A%22497%22%2C%22link%22%3A%22url%3A%2523%7Ctitle%3AClient%2520Logo%252004%7C%7C%22%7D%2C%7B%22image%22%3A%22496%22%2C%22link%22%3A%22url%3A%2523%7Ctitle%3AClient%2520Logo%252005%7C%7C%22%7D%2C%7B%22image%22%3A%22495%22%2C%22link%22%3A%22url%3A%2523%7Ctitle%3AClient%2520Logo%252006%7C%7C%22%7D%5D&#8221;][tm_spacer size=&#8221;lg:150&#8243;][\/vc_column][\/vc_row][vc_row full_width=&#8221;stretch_row&#8221; lg_spacing=&#8221;border_bottom:1&#8243;][vc_column][tm_spacer size=&#8221;lg:150&#8243;][tm_client gutter=&#8221;30&#8243; auto_play=&#8221;5000&#8243; carousel_nav=&#8221;01&#8243; carousel_pagination=&#8221;01&#8243; items_display=&#8221;xs:2;sm:3;md:4;lg:5&#8243; items=&#8221;%5B%7B%22image%22%3A%22500%22%2C%22link%22%3A%22url%3A%2523%7Ctitle%3AClient%2520Logo%252001%7C%7C%22%7D%2C%7B%22image%22%3A%22499%22%2C%22link%22%3A%22url%3A%2523%7Ctitle%3AClient%2520Logo%252001%7C%7C%22%7D%2C%7B%22image%22%3A%22498%22%2C%22link%22%3A%22url%3A%2523%7Ctitle%3AClient%2520Logo%252003%7C%7C%22%7D%2C%7B%22image%22%3A%22497%22%2C%22link%22%3A%22url%3A%2523%7Ctitle%3AClient%2520Logo%252004%7C%7C%22%7D%2C%7B%22image%22%3A%22496%22%2C%22link%22%3A%22url%3A%2523%7Ctitle%3AClient%2520Logo%252005%7C%7C%22%7D%2C%7B%22image%22%3A%22495%22%2C%22link%22%3A%22url%3A%2523%7Ctitle%3AClient%2520Logo%252006%7C%7C%22%7D%5D&#8221;][tm_spacer size=&#8221;lg:150&#8243;][\/vc_column][\/vc_row][vc_row full_width=&#8221;stretch_row&#8221; lg_spacing=&#8221;border_bottom:1&#8243;][vc_column][tm_spacer size=&#8221;lg:150&#8243;][tm_client style=&#8221;grid&#8221; gutter=&#8221;0&#8243; items=&#8221;%5B%7B%22image%22%3A%22500%22%2C%22link%22%3A%22url%3A%2523%7Ctitle%3AClient%2520Logo%252001%7C%7C%22%7D%2C%7B%22image%22%3A%22499%22%2C%22link%22%3A%22url%3A%2523%7Ctitle%3AClient%2520Logo%252002%7C%7C%22%7D%2C%7B%22image%22%3A%22498%22%2C%22link%22%3A%22url%3A%2523%7Ctitle%3AClient%2520Logo%252003%7C%7C%22%7D%2C%7B%22image%22%3A%22497%22%2C%22link%22%3A%22url%3A%2523%7Ctitle%3AClient%2520Logo%252004%7C%7C%22%7D%2C%7B%22image%22%3A%22496%22%2C%22link%22%3A%22url%3A%2523%7Ctitle%3AClient%2520Logo%252005%7C%7C%22%7D%2C%7B%22image%22%3A%22495%22%2C%22link%22%3A%22url%3A%2523%7Ctitle%3AClient%2520Logo%252006%7C%7C%22%7D%5D&#8221; columns=&#8221;xs:1;sm:2;lg:3&#8243;][tm_spacer size=&#8221;lg:150&#8243;][\/vc_column][\/vc_row]<\/p>\n","protected":false},"author":1,"featured_media":0,"parent":365,"menu_order":0,"comment_status":"closed","ping_status":"closed","template":"","meta":{"footnotes":""},"class_list":["post-494","page","type-page","status-publish","hentry","post-no-thumbnail"],"yoast_head":"<!-- This site is optimized with the Yoast SEO plugin v25.8 - https:\/\/yoast.com\/wordpress\/plugins\/seo\/ -->\n<title>Client Logos - restaurantefrutosdelmar.com<\/title>\n<meta name=\"description\" content=\"El Restaurante Con tradici\u00f3n del chef Sergio Botero. Se encuentra ubicado en Marinilla, Antioquia. Durante los ultimos a\u00f1os ha recibido numerosos reconocimientos. Destacandose como uno de los mejores restaurantes de comida Colombiana del pa\u00eds.\" \/>\n<meta name=\"robots\" content=\"index, follow, max-snippet:-1, max-image-preview:large, max-video-preview:-1\" \/>\n<link rel=\"canonical\" href=\"https:\/\/restaurantefrutosdelmar.com\/index.php\/elements\/client-logos\/\" \/>\n<meta property=\"og:locale\" content=\"en_US\" \/>\n<meta property=\"og:type\" content=\"article\" \/>\n<meta property=\"og:title\" content=\"Client Logos - restaurantefrutosdelmar.com\" \/>\n<meta property=\"og:description\" content=\"El Restaurante Con tradici\u00f3n del chef Sergio Botero. Se encuentra ubicado en Marinilla, Antioquia. Durante los ultimos a\u00f1os ha recibido numerosos reconocimientos. Destacandose como uno de los mejores restaurantes de comida Colombiana del pa\u00eds.\" \/>\n<meta property=\"og:url\" content=\"https:\/\/restaurantefrutosdelmar.com\/index.php\/elements\/client-logos\/\" \/>\n<meta property=\"og:site_name\" content=\"restaurantefrutosdelmar.com\" \/>\n<meta property=\"article:publisher\" content=\"https:\/\/es-la.facebook.com\/restaurantecontradicion\/\" \/>\n<meta name=\"twitter:card\" content=\"summary_large_image\" \/>\n<meta name=\"twitter:label1\" content=\"Est. reading time\" \/>\n\t<meta name=\"twitter:data1\" content=\"2 minutes\" \/>\n<script type=\"application\/ld+json\" class=\"yoast-schema-graph\">{\"@context\":\"https:\/\/schema.org\",\"@graph\":[{\"@type\":\"WebPage\",\"@id\":\"https:\/\/restaurantefrutosdelmar.com\/index.php\/elements\/client-logos\/\",\"url\":\"https:\/\/restaurantefrutosdelmar.com\/index.php\/elements\/client-logos\/\",\"name\":\"Client Logos - restaurantefrutosdelmar.com\",\"isPartOf\":{\"@id\":\"https:\/\/restaurantefrutosdelmar.com\/#website\"},\"datePublished\":\"2018-07-03T10:32:53+00:00\",\"description\":\"El Restaurante Con tradici\u00f3n del chef Sergio Botero. Se encuentra ubicado en Marinilla, Antioquia. Durante los ultimos a\u00f1os ha recibido numerosos reconocimientos. Destacandose como uno de los mejores restaurantes de comida Colombiana del pa\u00eds.\",\"breadcrumb\":{\"@id\":\"https:\/\/restaurantefrutosdelmar.com\/index.php\/elements\/client-logos\/#breadcrumb\"},\"inLanguage\":\"en-US\",\"potentialAction\":[{\"@type\":\"ReadAction\",\"target\":[\"https:\/\/restaurantefrutosdelmar.com\/index.php\/elements\/client-logos\/\"]}]},{\"@type\":\"BreadcrumbList\",\"@id\":\"https:\/\/restaurantefrutosdelmar.com\/index.php\/elements\/client-logos\/#breadcrumb\",\"itemListElement\":[{\"@type\":\"ListItem\",\"position\":1,\"name\":\"Home\",\"item\":\"https:\/\/restaurantefrutosdelmar.com\/\"},{\"@type\":\"ListItem\",\"position\":2,\"name\":\"Elements\",\"item\":\"https:\/\/restaurantefrutosdelmar.com\/index.php\/elements\/\"},{\"@type\":\"ListItem\",\"position\":3,\"name\":\"Client Logos\"}]},{\"@type\":\"WebSite\",\"@id\":\"https:\/\/restaurantefrutosdelmar.com\/#website\",\"url\":\"https:\/\/restaurantefrutosdelmar.com\/\",\"name\":\"restaurantefrutosdelmar.com\",\"description\":\"\",\"publisher\":{\"@id\":\"https:\/\/restaurantefrutosdelmar.com\/#organization\"},\"potentialAction\":[{\"@type\":\"SearchAction\",\"target\":{\"@type\":\"EntryPoint\",\"urlTemplate\":\"https:\/\/restaurantefrutosdelmar.com\/?s={search_term_string}\"},\"query-input\":{\"@type\":\"PropertyValueSpecification\",\"valueRequired\":true,\"valueName\":\"search_term_string\"}}],\"inLanguage\":\"en-US\"},{\"@type\":\"Organization\",\"@id\":\"https:\/\/restaurantefrutosdelmar.com\/#organization\",\"name\":\"Con tradicion Restaurante\",\"url\":\"https:\/\/restaurantefrutosdelmar.com\/\",\"logo\":{\"@type\":\"ImageObject\",\"inLanguage\":\"en-US\",\"@id\":\"https:\/\/restaurantefrutosdelmar.com\/#\/schema\/logo\/image\/\",\"url\":\"https:\/\/restaurantefrutosdelmar.com\/wp-content\/uploads\/2022\/12\/Contradicion-Restaurante.png\",\"contentUrl\":\"https:\/\/restaurantefrutosdelmar.com\/wp-content\/uploads\/2022\/12\/Contradicion-Restaurante.png\",\"width\":2090,\"height\":1324,\"caption\":\"Con tradicion Restaurante\"},\"image\":{\"@id\":\"https:\/\/restaurantefrutosdelmar.com\/#\/schema\/logo\/image\/\"},\"sameAs\":[\"https:\/\/es-la.facebook.com\/restaurantecontradicion\/\"]}]}<\/script>\n<!-- \/ Yoast SEO plugin. -->","yoast_head_json":{"title":"Client Logos - restaurantefrutosdelmar.com","description":"El Restaurante Con tradici\u00f3n del chef Sergio Botero. Se encuentra ubicado en Marinilla, Antioquia. Durante los ultimos a\u00f1os ha recibido numerosos reconocimientos. Destacandose como uno de los mejores restaurantes de comida Colombiana del pa\u00eds.","robots":{"index":"index","follow":"follow","max-snippet":"max-snippet:-1","max-image-preview":"max-image-preview:large","max-video-preview":"max-video-preview:-1"},"canonical":"https:\/\/restaurantefrutosdelmar.com\/index.php\/elements\/client-logos\/","og_locale":"en_US","og_type":"article","og_title":"Client Logos - restaurantefrutosdelmar.com","og_description":"El Restaurante Con tradici\u00f3n del chef Sergio Botero. Se encuentra ubicado en Marinilla, Antioquia. Durante los ultimos a\u00f1os ha recibido numerosos reconocimientos. Destacandose como uno de los mejores restaurantes de comida Colombiana del pa\u00eds.","og_url":"https:\/\/restaurantefrutosdelmar.com\/index.php\/elements\/client-logos\/","og_site_name":"restaurantefrutosdelmar.com","article_publisher":"https:\/\/es-la.facebook.com\/restaurantecontradicion\/","twitter_card":"summary_large_image","twitter_misc":{"Est. reading time":"2 minutes"},"schema":{"@context":"https:\/\/schema.org","@graph":[{"@type":"WebPage","@id":"https:\/\/restaurantefrutosdelmar.com\/index.php\/elements\/client-logos\/","url":"https:\/\/restaurantefrutosdelmar.com\/index.php\/elements\/client-logos\/","name":"Client Logos - restaurantefrutosdelmar.com","isPartOf":{"@id":"https:\/\/restaurantefrutosdelmar.com\/#website"},"datePublished":"2018-07-03T10:32:53+00:00","description":"El Restaurante Con tradici\u00f3n del chef Sergio Botero. Se encuentra ubicado en Marinilla, Antioquia. Durante los ultimos a\u00f1os ha recibido numerosos reconocimientos. Destacandose como uno de los mejores restaurantes de comida Colombiana del pa\u00eds.","breadcrumb":{"@id":"https:\/\/restaurantefrutosdelmar.com\/index.php\/elements\/client-logos\/#breadcrumb"},"inLanguage":"en-US","potentialAction":[{"@type":"ReadAction","target":["https:\/\/restaurantefrutosdelmar.com\/index.php\/elements\/client-logos\/"]}]},{"@type":"BreadcrumbList","@id":"https:\/\/restaurantefrutosdelmar.com\/index.php\/elements\/client-logos\/#breadcrumb","itemListElement":[{"@type":"ListItem","position":1,"name":"Home","item":"https:\/\/restaurantefrutosdelmar.com\/"},{"@type":"ListItem","position":2,"name":"Elements","item":"https:\/\/restaurantefrutosdelmar.com\/index.php\/elements\/"},{"@type":"ListItem","position":3,"name":"Client Logos"}]},{"@type":"WebSite","@id":"https:\/\/restaurantefrutosdelmar.com\/#website","url":"https:\/\/restaurantefrutosdelmar.com\/","name":"restaurantefrutosdelmar.com","description":"","publisher":{"@id":"https:\/\/restaurantefrutosdelmar.com\/#organization"},"potentialAction":[{"@type":"SearchAction","target":{"@type":"EntryPoint","urlTemplate":"https:\/\/restaurantefrutosdelmar.com\/?s={search_term_string}"},"query-input":{"@type":"PropertyValueSpecification","valueRequired":true,"valueName":"search_term_string"}}],"inLanguage":"en-US"},{"@type":"Organization","@id":"https:\/\/restaurantefrutosdelmar.com\/#organization","name":"Con tradicion Restaurante","url":"https:\/\/restaurantefrutosdelmar.com\/","logo":{"@type":"ImageObject","inLanguage":"en-US","@id":"https:\/\/restaurantefrutosdelmar.com\/#\/schema\/logo\/image\/","url":"https:\/\/restaurantefrutosdelmar.com\/wp-content\/uploads\/2022\/12\/Contradicion-Restaurante.png","contentUrl":"https:\/\/restaurantefrutosdelmar.com\/wp-content\/uploads\/2022\/12\/Contradicion-Restaurante.png","width":2090,"height":1324,"caption":"Con tradicion Restaurante"},"image":{"@id":"https:\/\/restaurantefrutosdelmar.com\/#\/schema\/logo\/image\/"},"sameAs":["https:\/\/es-la.facebook.com\/restaurantecontradicion\/"]}]}},"_links":{"self":[{"href":"https:\/\/restaurantefrutosdelmar.com\/index.php\/wp-json\/wp\/v2\/pages\/494","targetHints":{"allow":["GET"]}}],"collection":[{"href":"https:\/\/restaurantefrutosdelmar.com\/index.php\/wp-json\/wp\/v2\/pages"}],"about":[{"href":"https:\/\/restaurantefrutosdelmar.com\/index.php\/wp-json\/wp\/v2\/types\/page"}],"author":[{"embeddable":true,"href":"https:\/\/restaurantefrutosdelmar.com\/index.php\/wp-json\/wp\/v2\/users\/1"}],"replies":[{"embeddable":true,"href":"https:\/\/restaurantefrutosdelmar.com\/index.php\/wp-json\/wp\/v2\/comments?post=494"}],"version-history":[{"count":0,"href":"https:\/\/restaurantefrutosdelmar.com\/index.php\/wp-json\/wp\/v2\/pages\/494\/revisions"}],"up":[{"embeddable":true,"href":"https:\/\/restaurantefrutosdelmar.com\/index.php\/wp-json\/wp\/v2\/pages\/365"}],"wp:attachment":[{"href":"https:\/\/restaurantefrutosdelmar.com\/index.php\/wp-json\/wp\/v2\/media?parent=494"}],"curies":[{"name":"wp","href":"https:\/\/api.w.org\/{rel}","templated":true}]}}