{"id":543,"date":"2018-07-04T04:37:29","date_gmt":"2018-07-04T04:37:29","guid":{"rendered":"https:\/\/restaurantefrutosdelmar.com\/index.php\/elements\/typography\/"},"modified":"2018-07-04T04:37:29","modified_gmt":"2018-07-04T04:37:29","slug":"typography","status":"publish","type":"page","link":"https:\/\/restaurantefrutosdelmar.com\/index.php\/elements\/typography\/","title":{"rendered":"Typography"},"content":{"rendered":"<section class=\"wpb-content-wrapper\"><p>[vc_row full_width=&#8221;stretch_row&#8221; lg_spacing=&#8221;padding_top:150;padding_bottom:150&#8243; xs_spacing=&#8221;padding_top:120;padding_bottom:120&#8243;][vc_column offset=&#8221;vc_col-md-4&#8243;][tm_heading tag=&#8221;h1&#8243; custom_google_font=&#8221;&#8221; text=&#8221;Heading 1&#8243;][tm_spacer size=&#8221;lg:36&#8243;][tm_heading tag=&#8221;h2&#8243; custom_google_font=&#8221;&#8221; text=&#8221;Heading 2&#8243;][tm_spacer size=&#8221;lg:43&#8243;][tm_heading custom_google_font=&#8221;&#8221; text=&#8221;Heading 3&#8243;][tm_spacer size=&#8221;lg:34&#8243;][tm_heading tag=&#8221;h4&#8243; custom_google_font=&#8221;&#8221; text=&#8221;Heading 4&#8243;][tm_spacer size=&#8221;lg:37&#8243;][tm_heading tag=&#8221;h5&#8243; custom_google_font=&#8221;&#8221; text=&#8221;Heading 5&#8243;][tm_spacer size=&#8221;lg:35&#8243;][tm_heading tag=&#8221;h6&#8243; custom_google_font=&#8221;&#8221; text=&#8221;Heading 6&#8243;][tm_spacer size=&#8221;lg:30&#8243;][tm_heading tag=&#8221;div&#8221; custom_google_font=&#8221;&#8221; text=&#8221;Brook presents your services with flexible, convenient and multipurpose layouts. You can select your favorite layouts &amp; elements for particular projects with unlimited customization possibilities.&#8221;][tm_spacer size=&#8221;lg:102&#8243;][tm_drop_cap text=&#8221;Brook presents your services with flexible, convenient and multipurpose layouts. You can select your favorite layouts &amp; elements for particular projects with unlimited customization possibilities.&#8221;][\/vc_column][vc_column offset=&#8221;vc_col-md-8&#8243;][vc_row_inner][vc_column_inner width=&#8221;1\/2&#8243;][tm_heading tag=&#8221;h5&#8243; custom_google_font=&#8221;&#8221; text=&#8221;Paragraph with title&#8221;][tm_spacer size=&#8221;lg:23&#8243;][tm_heading tag=&#8221;div&#8221; custom_google_font=&#8221;&#8221; text=&#8221;Brook presents your services with flexible, convenient and multipurpose layouts. You can select your favorite layouts &amp; elements for particular projects with unlimited customization possibilities.&#8221;][\/vc_column_inner][vc_column_inner width=&#8221;1\/2&#8243;][tm_heading tag=&#8221;h4&#8243; custom_google_font=&#8221;&#8221; text=&#8221;Bigger title&#8221;][tm_spacer size=&#8221;lg:27&#8243;][tm_heading tag=&#8221;div&#8221; custom_google_font=&#8221;&#8221; text=&#8221;Brook presents your services with flexible, convenient and multipurpose layouts. You can select your favorite layouts &amp; elements for particular projects with unlimited customization possibilities.&#8221;][\/vc_column_inner][\/vc_row_inner][tm_spacer size=&#8221;lg:30&#8243;][tm_blockquote style=&#8221;02&#8243; heading=&#8221;&#8221; text=&#8221;Brook presents your services with flexible, convenient and multipurpose layouts. &#8221; photo=&#8221;&#8221; position=&#8221;&#8221;][vc_row_inner][vc_column_inner width=&#8221;1\/2&#8243;][tm_spacer size=&#8221;lg:30&#8243;][tm_text_box heading=&#8221;Text box&#8221; text=&#8221;Brook presents your services with flexible, convenient and multipurpose layouts. You can select your favorite layouts &amp; elements for particular projects with unlimited customization possibilities.&#8221;][\/vc_column_inner][vc_column_inner width=&#8221;1\/2&#8243;][tm_spacer size=&#8221;lg:30&#8243;][tm_text_box style=&#8221;02&#8243; heading=&#8221;Text box&#8221; text=&#8221;Brook presents your services with flexible, convenient and multipurpose layouts. You can select your favorite layouts &amp; elements for particular projects with unlimited customization possibilities.&#8221;][\/vc_column_inner][\/vc_row_inner][tm_spacer size=&#8221;sm:0;lg:50&#8243;][vc_row_inner][vc_column_inner width=&#8221;1\/2&#8243;][tm_spacer size=&#8221;lg:30&#8243;][tm_text_box style=&#8221;03&#8243; heading=&#8221;Text box&#8221; text=&#8221;Brook presents your services with flexible, convenient and multipurpose layouts. You can select your favorite layouts &amp; elements for particular projects with unlimited customization possibilities.&#8221;][\/vc_column_inner][vc_column_inner width=&#8221;1\/2&#8243;][tm_spacer size=&#8221;lg:30&#8243;][tm_text_box style=&#8221;04&#8243; heading=&#8221;Text box&#8221; text=&#8221;Brook presents your services with flexible, convenient and multipurpose layouts. You can select your favorite layouts &amp; elements for particular projects with unlimited customization possibilities.&#8221;][\/vc_column_inner][\/vc_row_inner][\/vc_column][\/vc_row]<\/p>\n<\/section>","protected":false},"excerpt":{"rendered":"<p>[vc_row full_width=&#8221;stretch_row&#8221; lg_spacing=&#8221;padding_top:150;padding_bottom:150&#8243; xs_spacing=&#8221;padding_top:120;padding_bottom:120&#8243;][vc_column offset=&#8221;vc_col-md-4&#8243;][tm_heading tag=&#8221;h1&#8243; custom_google_font=&#8221;&#8221; text=&#8221;Heading 1&#8243;][tm_spacer size=&#8221;lg:36&#8243;][tm_heading tag=&#8221;h2&#8243; custom_google_font=&#8221;&#8221; text=&#8221;Heading 2&#8243;][tm_spacer size=&#8221;lg:43&#8243;][tm_heading custom_google_font=&#8221;&#8221; text=&#8221;Heading 3&#8243;][tm_spacer size=&#8221;lg:34&#8243;][tm_heading tag=&#8221;h4&#8243; custom_google_font=&#8221;&#8221; text=&#8221;Heading 4&#8243;][tm_spacer size=&#8221;lg:37&#8243;][tm_heading tag=&#8221;h5&#8243; custom_google_font=&#8221;&#8221; text=&#8221;Heading 5&#8243;][tm_spacer size=&#8221;lg:35&#8243;][tm_heading tag=&#8221;h6&#8243; custom_google_font=&#8221;&#8221; text=&#8221;Heading 6&#8243;][tm_spacer size=&#8221;lg:30&#8243;][tm_heading tag=&#8221;div&#8221; custom_google_font=&#8221;&#8221; text=&#8221;Brook presents your services with flexible, convenient and multipurpose layouts. You can select your favorite layouts &amp; elements for particular projects with unlimited customization possibilities.&#8221;][tm_spacer size=&#8221;lg:102&#8243;][tm_drop_cap text=&#8221;Brook presents your services with flexible, convenient and multipurpose layouts. You can select your favorite layouts &amp; elements for particular projects with unlimited customization possibilities.&#8221;][\/vc_column][vc_column offset=&#8221;vc_col-md-8&#8243;][vc_row_inner][vc_column_inner width=&#8221;1\/2&#8243;][tm_heading tag=&#8221;h5&#8243; custom_google_font=&#8221;&#8221; text=&#8221;Paragraph with title&#8221;][tm_spacer size=&#8221;lg:23&#8243;][tm_heading tag=&#8221;div&#8221; custom_google_font=&#8221;&#8221; text=&#8221;Brook presents your services with flexible, convenient and multipurpose layouts. You can select your favorite layouts &amp; elements for particular projects with unlimited customization possibilities.&#8221;][\/vc_column_inner][vc_column_inner width=&#8221;1\/2&#8243;][tm_heading tag=&#8221;h4&#8243; custom_google_font=&#8221;&#8221; text=&#8221;Bigger title&#8221;][tm_spacer size=&#8221;lg:27&#8243;][tm_heading tag=&#8221;div&#8221; custom_google_font=&#8221;&#8221; text=&#8221;Brook presents your services with flexible, convenient and multipurpose layouts. You can select your favorite layouts &amp; elements for particular projects with unlimited customization possibilities.&#8221;][\/vc_column_inner][\/vc_row_inner][tm_spacer size=&#8221;lg:30&#8243;][tm_blockquote style=&#8221;02&#8243; heading=&#8221;&#8221; text=&#8221;Brook presents your services with flexible, convenient and multipurpose layouts. &#8221; photo=&#8221;&#8221; position=&#8221;&#8221;][vc_row_inner][vc_column_inner width=&#8221;1\/2&#8243;][tm_spacer size=&#8221;lg:30&#8243;][tm_text_box heading=&#8221;Text box&#8221; text=&#8221;Brook presents your services with flexible, convenient and multipurpose layouts. You can select your favorite layouts &amp; elements for particular projects with unlimited customization possibilities.&#8221;][\/vc_column_inner][vc_column_inner width=&#8221;1\/2&#8243;][tm_spacer size=&#8221;lg:30&#8243;][tm_text_box style=&#8221;02&#8243; heading=&#8221;Text box&#8221; text=&#8221;Brook presents your services with flexible, convenient and multipurpose layouts. You can select your favorite layouts &amp; elements for particular projects with unlimited customization possibilities.&#8221;][\/vc_column_inner][\/vc_row_inner][tm_spacer size=&#8221;sm:0;lg:50&#8243;][vc_row_inner][vc_column_inner width=&#8221;1\/2&#8243;][tm_spacer size=&#8221;lg:30&#8243;][tm_text_box style=&#8221;03&#8243; heading=&#8221;Text box&#8221; text=&#8221;Brook presents your services with flexible, convenient and multipurpose layouts. You can select your favorite layouts &amp; elements for particular projects with unlimited customization possibilities.&#8221;][\/vc_column_inner][vc_column_inner width=&#8221;1\/2&#8243;][tm_spacer size=&#8221;lg:30&#8243;][tm_text_box style=&#8221;04&#8243; heading=&#8221;Text box&#8221; text=&#8221;Brook presents your services with flexible, convenient and multipurpose layouts. You can select your favorite layouts &amp; elements for particular projects with unlimited customization possibilities.&#8221;][\/vc_column_inner][\/vc_row_inner][\/vc_column][\/vc_row]<\/p>\n","protected":false},"author":1,"featured_media":0,"parent":365,"menu_order":0,"comment_status":"closed","ping_status":"closed","template":"","meta":{"footnotes":""},"class_list":["post-543","page","type-page","status-publish","hentry","post-no-thumbnail"],"yoast_head":"<!-- This site is optimized with the Yoast SEO plugin v25.8 - https:\/\/yoast.com\/wordpress\/plugins\/seo\/ -->\n<title>Typography - restaurantefrutosdelmar.com<\/title>\n<meta name=\"description\" content=\"El Restaurante Con tradici\u00f3n del chef Sergio Botero. Se encuentra ubicado en Marinilla, Antioquia. Durante los ultimos a\u00f1os ha recibido numerosos reconocimientos. Destacandose como uno de los mejores restaurantes de comida Colombiana del pa\u00eds.\" \/>\n<meta name=\"robots\" content=\"index, follow, max-snippet:-1, max-image-preview:large, max-video-preview:-1\" \/>\n<link rel=\"canonical\" href=\"https:\/\/restaurantefrutosdelmar.com\/index.php\/elements\/typography\/\" \/>\n<meta property=\"og:locale\" content=\"en_US\" \/>\n<meta property=\"og:type\" content=\"article\" \/>\n<meta property=\"og:title\" content=\"Typography - restaurantefrutosdelmar.com\" \/>\n<meta property=\"og:description\" content=\"El Restaurante Con tradici\u00f3n del chef Sergio Botero. Se encuentra ubicado en Marinilla, Antioquia. Durante los ultimos a\u00f1os ha recibido numerosos reconocimientos. Destacandose como uno de los mejores restaurantes de comida Colombiana del pa\u00eds.\" \/>\n<meta property=\"og:url\" content=\"https:\/\/restaurantefrutosdelmar.com\/index.php\/elements\/typography\/\" \/>\n<meta property=\"og:site_name\" content=\"restaurantefrutosdelmar.com\" \/>\n<meta property=\"article:publisher\" content=\"https:\/\/es-la.facebook.com\/restaurantecontradicion\/\" \/>\n<meta name=\"twitter:card\" content=\"summary_large_image\" \/>\n<meta name=\"twitter:label1\" content=\"Est. reading time\" \/>\n\t<meta name=\"twitter:data1\" content=\"3 minutes\" \/>\n<script type=\"application\/ld+json\" class=\"yoast-schema-graph\">{\"@context\":\"https:\/\/schema.org\",\"@graph\":[{\"@type\":\"WebPage\",\"@id\":\"https:\/\/restaurantefrutosdelmar.com\/index.php\/elements\/typography\/\",\"url\":\"https:\/\/restaurantefrutosdelmar.com\/index.php\/elements\/typography\/\",\"name\":\"Typography - restaurantefrutosdelmar.com\",\"isPartOf\":{\"@id\":\"https:\/\/restaurantefrutosdelmar.com\/#website\"},\"datePublished\":\"2018-07-04T04:37:29+00:00\",\"description\":\"El Restaurante Con tradici\u00f3n del chef Sergio Botero. Se encuentra ubicado en Marinilla, Antioquia. Durante los ultimos a\u00f1os ha recibido numerosos reconocimientos. Destacandose como uno de los mejores restaurantes de comida Colombiana del pa\u00eds.\",\"breadcrumb\":{\"@id\":\"https:\/\/restaurantefrutosdelmar.com\/index.php\/elements\/typography\/#breadcrumb\"},\"inLanguage\":\"en-US\",\"potentialAction\":[{\"@type\":\"ReadAction\",\"target\":[\"https:\/\/restaurantefrutosdelmar.com\/index.php\/elements\/typography\/\"]}]},{\"@type\":\"BreadcrumbList\",\"@id\":\"https:\/\/restaurantefrutosdelmar.com\/index.php\/elements\/typography\/#breadcrumb\",\"itemListElement\":[{\"@type\":\"ListItem\",\"position\":1,\"name\":\"Home\",\"item\":\"https:\/\/restaurantefrutosdelmar.com\/\"},{\"@type\":\"ListItem\",\"position\":2,\"name\":\"Elements\",\"item\":\"https:\/\/restaurantefrutosdelmar.com\/index.php\/elements\/\"},{\"@type\":\"ListItem\",\"position\":3,\"name\":\"Typography\"}]},{\"@type\":\"WebSite\",\"@id\":\"https:\/\/restaurantefrutosdelmar.com\/#website\",\"url\":\"https:\/\/restaurantefrutosdelmar.com\/\",\"name\":\"restaurantefrutosdelmar.com\",\"description\":\"\",\"publisher\":{\"@id\":\"https:\/\/restaurantefrutosdelmar.com\/#organization\"},\"potentialAction\":[{\"@type\":\"SearchAction\",\"target\":{\"@type\":\"EntryPoint\",\"urlTemplate\":\"https:\/\/restaurantefrutosdelmar.com\/?s={search_term_string}\"},\"query-input\":{\"@type\":\"PropertyValueSpecification\",\"valueRequired\":true,\"valueName\":\"search_term_string\"}}],\"inLanguage\":\"en-US\"},{\"@type\":\"Organization\",\"@id\":\"https:\/\/restaurantefrutosdelmar.com\/#organization\",\"name\":\"Con tradicion Restaurante\",\"url\":\"https:\/\/restaurantefrutosdelmar.com\/\",\"logo\":{\"@type\":\"ImageObject\",\"inLanguage\":\"en-US\",\"@id\":\"https:\/\/restaurantefrutosdelmar.com\/#\/schema\/logo\/image\/\",\"url\":\"https:\/\/restaurantefrutosdelmar.com\/wp-content\/uploads\/2022\/12\/Contradicion-Restaurante.png\",\"contentUrl\":\"https:\/\/restaurantefrutosdelmar.com\/wp-content\/uploads\/2022\/12\/Contradicion-Restaurante.png\",\"width\":2090,\"height\":1324,\"caption\":\"Con tradicion Restaurante\"},\"image\":{\"@id\":\"https:\/\/restaurantefrutosdelmar.com\/#\/schema\/logo\/image\/\"},\"sameAs\":[\"https:\/\/es-la.facebook.com\/restaurantecontradicion\/\"]}]}<\/script>\n<!-- \/ Yoast SEO plugin. -->","yoast_head_json":{"title":"Typography - restaurantefrutosdelmar.com","description":"El Restaurante Con tradici\u00f3n del chef Sergio Botero. Se encuentra ubicado en Marinilla, Antioquia. Durante los ultimos a\u00f1os ha recibido numerosos reconocimientos. Destacandose como uno de los mejores restaurantes de comida Colombiana del pa\u00eds.","robots":{"index":"index","follow":"follow","max-snippet":"max-snippet:-1","max-image-preview":"max-image-preview:large","max-video-preview":"max-video-preview:-1"},"canonical":"https:\/\/restaurantefrutosdelmar.com\/index.php\/elements\/typography\/","og_locale":"en_US","og_type":"article","og_title":"Typography - restaurantefrutosdelmar.com","og_description":"El Restaurante Con tradici\u00f3n del chef Sergio Botero. Se encuentra ubicado en Marinilla, Antioquia. Durante los ultimos a\u00f1os ha recibido numerosos reconocimientos. Destacandose como uno de los mejores restaurantes de comida Colombiana del pa\u00eds.","og_url":"https:\/\/restaurantefrutosdelmar.com\/index.php\/elements\/typography\/","og_site_name":"restaurantefrutosdelmar.com","article_publisher":"https:\/\/es-la.facebook.com\/restaurantecontradicion\/","twitter_card":"summary_large_image","twitter_misc":{"Est. reading time":"3 minutes"},"schema":{"@context":"https:\/\/schema.org","@graph":[{"@type":"WebPage","@id":"https:\/\/restaurantefrutosdelmar.com\/index.php\/elements\/typography\/","url":"https:\/\/restaurantefrutosdelmar.com\/index.php\/elements\/typography\/","name":"Typography - restaurantefrutosdelmar.com","isPartOf":{"@id":"https:\/\/restaurantefrutosdelmar.com\/#website"},"datePublished":"2018-07-04T04:37:29+00:00","description":"El Restaurante Con tradici\u00f3n del chef Sergio Botero. Se encuentra ubicado en Marinilla, Antioquia. Durante los ultimos a\u00f1os ha recibido numerosos reconocimientos. Destacandose como uno de los mejores restaurantes de comida Colombiana del pa\u00eds.","breadcrumb":{"@id":"https:\/\/restaurantefrutosdelmar.com\/index.php\/elements\/typography\/#breadcrumb"},"inLanguage":"en-US","potentialAction":[{"@type":"ReadAction","target":["https:\/\/restaurantefrutosdelmar.com\/index.php\/elements\/typography\/"]}]},{"@type":"BreadcrumbList","@id":"https:\/\/restaurantefrutosdelmar.com\/index.php\/elements\/typography\/#breadcrumb","itemListElement":[{"@type":"ListItem","position":1,"name":"Home","item":"https:\/\/restaurantefrutosdelmar.com\/"},{"@type":"ListItem","position":2,"name":"Elements","item":"https:\/\/restaurantefrutosdelmar.com\/index.php\/elements\/"},{"@type":"ListItem","position":3,"name":"Typography"}]},{"@type":"WebSite","@id":"https:\/\/restaurantefrutosdelmar.com\/#website","url":"https:\/\/restaurantefrutosdelmar.com\/","name":"restaurantefrutosdelmar.com","description":"","publisher":{"@id":"https:\/\/restaurantefrutosdelmar.com\/#organization"},"potentialAction":[{"@type":"SearchAction","target":{"@type":"EntryPoint","urlTemplate":"https:\/\/restaurantefrutosdelmar.com\/?s={search_term_string}"},"query-input":{"@type":"PropertyValueSpecification","valueRequired":true,"valueName":"search_term_string"}}],"inLanguage":"en-US"},{"@type":"Organization","@id":"https:\/\/restaurantefrutosdelmar.com\/#organization","name":"Con tradicion Restaurante","url":"https:\/\/restaurantefrutosdelmar.com\/","logo":{"@type":"ImageObject","inLanguage":"en-US","@id":"https:\/\/restaurantefrutosdelmar.com\/#\/schema\/logo\/image\/","url":"https:\/\/restaurantefrutosdelmar.com\/wp-content\/uploads\/2022\/12\/Contradicion-Restaurante.png","contentUrl":"https:\/\/restaurantefrutosdelmar.com\/wp-content\/uploads\/2022\/12\/Contradicion-Restaurante.png","width":2090,"height":1324,"caption":"Con tradicion Restaurante"},"image":{"@id":"https:\/\/restaurantefrutosdelmar.com\/#\/schema\/logo\/image\/"},"sameAs":["https:\/\/es-la.facebook.com\/restaurantecontradicion\/"]}]}},"_links":{"self":[{"href":"https:\/\/restaurantefrutosdelmar.com\/index.php\/wp-json\/wp\/v2\/pages\/543","targetHints":{"allow":["GET"]}}],"collection":[{"href":"https:\/\/restaurantefrutosdelmar.com\/index.php\/wp-json\/wp\/v2\/pages"}],"about":[{"href":"https:\/\/restaurantefrutosdelmar.com\/index.php\/wp-json\/wp\/v2\/types\/page"}],"author":[{"embeddable":true,"href":"https:\/\/restaurantefrutosdelmar.com\/index.php\/wp-json\/wp\/v2\/users\/1"}],"replies":[{"embeddable":true,"href":"https:\/\/restaurantefrutosdelmar.com\/index.php\/wp-json\/wp\/v2\/comments?post=543"}],"version-history":[{"count":0,"href":"https:\/\/restaurantefrutosdelmar.com\/index.php\/wp-json\/wp\/v2\/pages\/543\/revisions"}],"up":[{"embeddable":true,"href":"https:\/\/restaurantefrutosdelmar.com\/index.php\/wp-json\/wp\/v2\/pages\/365"}],"wp:attachment":[{"href":"https:\/\/restaurantefrutosdelmar.com\/index.php\/wp-json\/wp\/v2\/media?parent=543"}],"curies":[{"name":"wp","href":"https:\/\/api.w.org\/{rel}","templated":true}]}}