{"id":560,"date":"2018-07-04T07:36:06","date_gmt":"2018-07-04T07:36:06","guid":{"rendered":"https:\/\/restaurantefrutosdelmar.com\/index.php\/elements\/buttons\/"},"modified":"2018-07-04T07:36:06","modified_gmt":"2018-07-04T07:36:06","slug":"buttons","status":"publish","type":"page","link":"https:\/\/restaurantefrutosdelmar.com\/index.php\/elements\/buttons\/","title":{"rendered":"Buttons"},"content":{"rendered":"<section class=\"wpb-content-wrapper\"><p>[vc_row][vc_column][tm_spacer size=&#8221;lg:110&#8243;][tm_heading tag=&#8221;h5&#8243; custom_google_font=&#8221;&#8221; text=&#8221;Button size&#8221;][tm_spacer size=&#8221;lg:46&#8243;][tm_button_group gutter=&#8221;10&#8243;][tm_button size=&#8221;xs&#8221; button=&#8221;url:%23|title:Extra%20small%20size||&#8221;][tm_button size=&#8221;sm&#8221; button=&#8221;url:%23|title:Small%20size||&#8221;][tm_button button=&#8221;url:%23|title:Standard%20size||&#8221;][tm_button size=&#8221;lg&#8221; button=&#8221;url:%23|title:Large%20size||&#8221;][\/tm_button_group][tm_spacer size=&#8221;lg:100&#8243;][tm_heading tag=&#8221;h5&#8243; custom_google_font=&#8221;&#8221; text=&#8221;Button style&#8221;][tm_spacer size=&#8221;lg:46&#8243;][tm_button_group gutter=&#8221;10&#8243;][tm_button button=&#8221;url:%23|title:Primary%20button||&#8221;][tm_button button=&#8221;url:%23|title:Secondary%20button||&#8221; color=&#8221;secondary&#8221;][tm_button button=&#8221;url:%23|title:White%20button||&#8221; color=&#8221;custom&#8221; button_bg_color=&#8221;custom&#8221; font_color=&#8221;custom&#8221; button_border_color=&#8221;custom&#8221; custom_button_bg_color=&#8221;#ffffff&#8221; custom_font_color=&#8221;#222222&#8243; custom_button_border_color=&#8221;#ffffff&#8221;][tm_button button=&#8221;url:%23|title:Custom%20color||&#8221; color=&#8221;custom&#8221; button_bg_color=&#8221;custom&#8221; font_color=&#8221;custom&#8221; button_border_color=&#8221;custom&#8221; custom_button_bg_color=&#8221;#f55d4e&#8221; custom_font_color=&#8221;#ffffff&#8221; custom_button_border_color=&#8221;#f55d4e&#8221;][tm_button button=&#8221;url:%23|title:Gradient%20color||&#8221; color=&#8221;custom&#8221; button_bg_color=&#8221;gradient&#8221; font_color=&#8221;custom&#8221; button_border_color=&#8221;transparent&#8221; custom_font_color=&#8221;#ffffff&#8221; button_bg_gradient=&#8221;background: -webkit-gradient(linear, left top, left bottom, color-stop(40%, #FF3F85), color-stop(85%, #FAA720));background: -moz-linear-gradient(150deg,#FF3F85 40%,#FAA720 85%);background: -webkit-linear-gradient(150deg,#FF3F85 40%,#FAA720 85%);background: -o-linear-gradient(150deg,#FF3F85 40%,#FAA720 85%);background: -ms-linear-gradient(150deg,#FF3F85 40%,#FAA720 85%);background: linear-gradient(150deg,#FF3F85 40%,#FAA720 85%);&#8221;][\/tm_button_group][tm_spacer size=&#8221;lg:30&#8243;][tm_button_group gutter=&#8221;10&#8243;][tm_button style=&#8221;solid&#8221; button=&#8221;url:%23|title:Primary%20button||&#8221;][tm_button style=&#8221;solid&#8221; button=&#8221;url:%23|title:Secondary%20button||&#8221; color=&#8221;secondary&#8221;][tm_button style=&#8221;solid&#8221; button=&#8221;url:%23|title:White%20button||&#8221; color=&#8221;custom&#8221; font_color=&#8221;custom&#8221; button_border_color=&#8221;custom&#8221; custom_font_color=&#8221;#222222&#8243; custom_button_border_color=&#8221;#dddddd&#8221;][tm_button style=&#8221;solid&#8221; button=&#8221;url:%23|title:Custom%20color||&#8221; color=&#8221;custom&#8221; font_color=&#8221;custom&#8221; button_border_color=&#8221;custom&#8221; button_bg_color_hover=&#8221;custom&#8221; font_color_hover=&#8221;custom&#8221; custom_font_color=&#8221;#f55d4e&#8221; custom_button_border_color=&#8221;#f55d4e&#8221; custom_button_bg_color_hover=&#8221;#f55d4e&#8221; custom_font_color_hover=&#8221;#ffffff&#8221;][\/tm_button_group][tm_spacer size=&#8221;lg:30&#8243;][tm_button_group gutter=&#8221;10&#8243;][tm_button button=&#8221;url:%23|title:With%20shadow||&#8221;][tm_button button=&#8221;url:%23|title:No%20shadow||&#8221; box_shadow=&#8221;none&#8221;][\/tm_button_group][tm_spacer size=&#8221;lg:30&#8243;][tm_button_group gutter=&#8221;10&#8243;][tm_button button=&#8221;url:%23|title:Rectangle||&#8221; rounded=&#8221;0&#8243;][tm_button button=&#8221;url:%23|title:Rounded||&#8221;][tm_button button=&#8221;url:%23|title:Bullet||&#8221; rounded=&#8221;40px&#8221;][\/tm_button_group][tm_spacer size=&#8221;sm:120;lg:150&#8243;][\/vc_column][\/vc_row]<\/p>\n<\/section>","protected":false},"excerpt":{"rendered":"<p>[vc_row][vc_column][tm_spacer size=&#8221;lg:110&#8243;][tm_heading tag=&#8221;h5&#8243; custom_google_font=&#8221;&#8221; text=&#8221;Button size&#8221;][tm_spacer size=&#8221;lg:46&#8243;][tm_button_group gutter=&#8221;10&#8243;][tm_button size=&#8221;xs&#8221; button=&#8221;url:%23|title:Extra%20small%20size||&#8221;][tm_button size=&#8221;sm&#8221; button=&#8221;url:%23|title:Small%20size||&#8221;][tm_button button=&#8221;url:%23|title:Standard%20size||&#8221;][tm_button size=&#8221;lg&#8221; button=&#8221;url:%23|title:Large%20size||&#8221;][\/tm_button_group][tm_spacer size=&#8221;lg:100&#8243;][tm_heading tag=&#8221;h5&#8243; custom_google_font=&#8221;&#8221; text=&#8221;Button style&#8221;][tm_spacer size=&#8221;lg:46&#8243;][tm_button_group gutter=&#8221;10&#8243;][tm_button button=&#8221;url:%23|title:Primary%20button||&#8221;][tm_button button=&#8221;url:%23|title:Secondary%20button||&#8221; color=&#8221;secondary&#8221;][tm_button button=&#8221;url:%23|title:White%20button||&#8221; color=&#8221;custom&#8221; button_bg_color=&#8221;custom&#8221; font_color=&#8221;custom&#8221; button_border_color=&#8221;custom&#8221; custom_button_bg_color=&#8221;#ffffff&#8221; custom_font_color=&#8221;#222222&#8243; custom_button_border_color=&#8221;#ffffff&#8221;][tm_button button=&#8221;url:%23|title:Custom%20color||&#8221; color=&#8221;custom&#8221; button_bg_color=&#8221;custom&#8221; font_color=&#8221;custom&#8221; button_border_color=&#8221;custom&#8221; custom_button_bg_color=&#8221;#f55d4e&#8221; custom_font_color=&#8221;#ffffff&#8221; custom_button_border_color=&#8221;#f55d4e&#8221;][tm_button button=&#8221;url:%23|title:Gradient%20color||&#8221; color=&#8221;custom&#8221; button_bg_color=&#8221;gradient&#8221; font_color=&#8221;custom&#8221; button_border_color=&#8221;transparent&#8221; custom_font_color=&#8221;#ffffff&#8221; button_bg_gradient=&#8221;background: -webkit-gradient(linear, left top, left bottom, color-stop(40%, #FF3F85), color-stop(85%, #FAA720));background: -moz-linear-gradient(150deg,#FF3F85 40%,#FAA720 85%);background: -webkit-linear-gradient(150deg,#FF3F85 40%,#FAA720 85%);background: -o-linear-gradient(150deg,#FF3F85 40%,#FAA720 85%);background: -ms-linear-gradient(150deg,#FF3F85 40%,#FAA720 85%);background: linear-gradient(150deg,#FF3F85 40%,#FAA720 85%);&#8221;][\/tm_button_group][tm_spacer size=&#8221;lg:30&#8243;][tm_button_group gutter=&#8221;10&#8243;][tm_button style=&#8221;solid&#8221; button=&#8221;url:%23|title:Primary%20button||&#8221;][tm_button style=&#8221;solid&#8221; button=&#8221;url:%23|title:Secondary%20button||&#8221; color=&#8221;secondary&#8221;][tm_button style=&#8221;solid&#8221; button=&#8221;url:%23|title:White%20button||&#8221; color=&#8221;custom&#8221; font_color=&#8221;custom&#8221; button_border_color=&#8221;custom&#8221; custom_font_color=&#8221;#222222&#8243; custom_button_border_color=&#8221;#dddddd&#8221;][tm_button style=&#8221;solid&#8221; button=&#8221;url:%23|title:Custom%20color||&#8221; color=&#8221;custom&#8221; font_color=&#8221;custom&#8221; button_border_color=&#8221;custom&#8221; button_bg_color_hover=&#8221;custom&#8221; font_color_hover=&#8221;custom&#8221; custom_font_color=&#8221;#f55d4e&#8221; custom_button_border_color=&#8221;#f55d4e&#8221; custom_button_bg_color_hover=&#8221;#f55d4e&#8221; custom_font_color_hover=&#8221;#ffffff&#8221;][\/tm_button_group][tm_spacer size=&#8221;lg:30&#8243;][tm_button_group gutter=&#8221;10&#8243;][tm_button button=&#8221;url:%23|title:With%20shadow||&#8221;][tm_button button=&#8221;url:%23|title:No%20shadow||&#8221; box_shadow=&#8221;none&#8221;][\/tm_button_group][tm_spacer size=&#8221;lg:30&#8243;][tm_button_group gutter=&#8221;10&#8243;][tm_button button=&#8221;url:%23|title:Rectangle||&#8221; rounded=&#8221;0&#8243;][tm_button button=&#8221;url:%23|title:Rounded||&#8221;][tm_button button=&#8221;url:%23|title:Bullet||&#8221; rounded=&#8221;40px&#8221;][\/tm_button_group][tm_spacer size=&#8221;sm:120;lg:150&#8243;][\/vc_column][\/vc_row]<\/p>\n","protected":false},"author":1,"featured_media":0,"parent":365,"menu_order":0,"comment_status":"closed","ping_status":"closed","template":"","meta":{"footnotes":""},"class_list":["post-560","page","type-page","status-publish","hentry","post-no-thumbnail"],"yoast_head":"<!-- This site is optimized with the Yoast SEO plugin v25.8 - https:\/\/yoast.com\/wordpress\/plugins\/seo\/ -->\n<title>Buttons - restaurantefrutosdelmar.com<\/title>\n<meta name=\"description\" content=\"El Restaurante Con tradici\u00f3n del chef Sergio Botero. Se encuentra ubicado en Marinilla, Antioquia. Durante los ultimos a\u00f1os ha recibido numerosos reconocimientos. Destacandose como uno de los mejores restaurantes de comida Colombiana del pa\u00eds.\" \/>\n<meta name=\"robots\" content=\"index, follow, max-snippet:-1, max-image-preview:large, max-video-preview:-1\" \/>\n<link rel=\"canonical\" href=\"https:\/\/restaurantefrutosdelmar.com\/index.php\/elements\/buttons\/\" \/>\n<meta property=\"og:locale\" content=\"en_US\" \/>\n<meta property=\"og:type\" content=\"article\" \/>\n<meta property=\"og:title\" content=\"Buttons - restaurantefrutosdelmar.com\" \/>\n<meta property=\"og:description\" content=\"El Restaurante Con tradici\u00f3n del chef Sergio Botero. Se encuentra ubicado en Marinilla, Antioquia. Durante los ultimos a\u00f1os ha recibido numerosos reconocimientos. Destacandose como uno de los mejores restaurantes de comida Colombiana del pa\u00eds.\" \/>\n<meta property=\"og:url\" content=\"https:\/\/restaurantefrutosdelmar.com\/index.php\/elements\/buttons\/\" \/>\n<meta property=\"og:site_name\" content=\"restaurantefrutosdelmar.com\" \/>\n<meta property=\"article:publisher\" content=\"https:\/\/es-la.facebook.com\/restaurantecontradicion\/\" \/>\n<meta name=\"twitter:card\" content=\"summary_large_image\" \/>\n<meta name=\"twitter:label1\" content=\"Est. reading time\" \/>\n\t<meta name=\"twitter:data1\" content=\"2 minutes\" \/>\n<script type=\"application\/ld+json\" class=\"yoast-schema-graph\">{\"@context\":\"https:\/\/schema.org\",\"@graph\":[{\"@type\":\"WebPage\",\"@id\":\"https:\/\/restaurantefrutosdelmar.com\/index.php\/elements\/buttons\/\",\"url\":\"https:\/\/restaurantefrutosdelmar.com\/index.php\/elements\/buttons\/\",\"name\":\"Buttons - restaurantefrutosdelmar.com\",\"isPartOf\":{\"@id\":\"https:\/\/restaurantefrutosdelmar.com\/#website\"},\"datePublished\":\"2018-07-04T07:36:06+00:00\",\"description\":\"El Restaurante Con tradici\u00f3n del chef Sergio Botero. Se encuentra ubicado en Marinilla, Antioquia. Durante los ultimos a\u00f1os ha recibido numerosos reconocimientos. Destacandose como uno de los mejores restaurantes de comida Colombiana del pa\u00eds.\",\"breadcrumb\":{\"@id\":\"https:\/\/restaurantefrutosdelmar.com\/index.php\/elements\/buttons\/#breadcrumb\"},\"inLanguage\":\"en-US\",\"potentialAction\":[{\"@type\":\"ReadAction\",\"target\":[\"https:\/\/restaurantefrutosdelmar.com\/index.php\/elements\/buttons\/\"]}]},{\"@type\":\"BreadcrumbList\",\"@id\":\"https:\/\/restaurantefrutosdelmar.com\/index.php\/elements\/buttons\/#breadcrumb\",\"itemListElement\":[{\"@type\":\"ListItem\",\"position\":1,\"name\":\"Home\",\"item\":\"https:\/\/restaurantefrutosdelmar.com\/\"},{\"@type\":\"ListItem\",\"position\":2,\"name\":\"Elements\",\"item\":\"https:\/\/restaurantefrutosdelmar.com\/index.php\/elements\/\"},{\"@type\":\"ListItem\",\"position\":3,\"name\":\"Buttons\"}]},{\"@type\":\"WebSite\",\"@id\":\"https:\/\/restaurantefrutosdelmar.com\/#website\",\"url\":\"https:\/\/restaurantefrutosdelmar.com\/\",\"name\":\"restaurantefrutosdelmar.com\",\"description\":\"\",\"publisher\":{\"@id\":\"https:\/\/restaurantefrutosdelmar.com\/#organization\"},\"potentialAction\":[{\"@type\":\"SearchAction\",\"target\":{\"@type\":\"EntryPoint\",\"urlTemplate\":\"https:\/\/restaurantefrutosdelmar.com\/?s={search_term_string}\"},\"query-input\":{\"@type\":\"PropertyValueSpecification\",\"valueRequired\":true,\"valueName\":\"search_term_string\"}}],\"inLanguage\":\"en-US\"},{\"@type\":\"Organization\",\"@id\":\"https:\/\/restaurantefrutosdelmar.com\/#organization\",\"name\":\"Con tradicion Restaurante\",\"url\":\"https:\/\/restaurantefrutosdelmar.com\/\",\"logo\":{\"@type\":\"ImageObject\",\"inLanguage\":\"en-US\",\"@id\":\"https:\/\/restaurantefrutosdelmar.com\/#\/schema\/logo\/image\/\",\"url\":\"https:\/\/restaurantefrutosdelmar.com\/wp-content\/uploads\/2022\/12\/Contradicion-Restaurante.png\",\"contentUrl\":\"https:\/\/restaurantefrutosdelmar.com\/wp-content\/uploads\/2022\/12\/Contradicion-Restaurante.png\",\"width\":2090,\"height\":1324,\"caption\":\"Con tradicion Restaurante\"},\"image\":{\"@id\":\"https:\/\/restaurantefrutosdelmar.com\/#\/schema\/logo\/image\/\"},\"sameAs\":[\"https:\/\/es-la.facebook.com\/restaurantecontradicion\/\"]}]}<\/script>\n<!-- \/ Yoast SEO plugin. -->","yoast_head_json":{"title":"Buttons - restaurantefrutosdelmar.com","description":"El Restaurante Con tradici\u00f3n del chef Sergio Botero. Se encuentra ubicado en Marinilla, Antioquia. Durante los ultimos a\u00f1os ha recibido numerosos reconocimientos. Destacandose como uno de los mejores restaurantes de comida Colombiana del pa\u00eds.","robots":{"index":"index","follow":"follow","max-snippet":"max-snippet:-1","max-image-preview":"max-image-preview:large","max-video-preview":"max-video-preview:-1"},"canonical":"https:\/\/restaurantefrutosdelmar.com\/index.php\/elements\/buttons\/","og_locale":"en_US","og_type":"article","og_title":"Buttons - restaurantefrutosdelmar.com","og_description":"El Restaurante Con tradici\u00f3n del chef Sergio Botero. Se encuentra ubicado en Marinilla, Antioquia. Durante los ultimos a\u00f1os ha recibido numerosos reconocimientos. Destacandose como uno de los mejores restaurantes de comida Colombiana del pa\u00eds.","og_url":"https:\/\/restaurantefrutosdelmar.com\/index.php\/elements\/buttons\/","og_site_name":"restaurantefrutosdelmar.com","article_publisher":"https:\/\/es-la.facebook.com\/restaurantecontradicion\/","twitter_card":"summary_large_image","twitter_misc":{"Est. reading time":"2 minutes"},"schema":{"@context":"https:\/\/schema.org","@graph":[{"@type":"WebPage","@id":"https:\/\/restaurantefrutosdelmar.com\/index.php\/elements\/buttons\/","url":"https:\/\/restaurantefrutosdelmar.com\/index.php\/elements\/buttons\/","name":"Buttons - restaurantefrutosdelmar.com","isPartOf":{"@id":"https:\/\/restaurantefrutosdelmar.com\/#website"},"datePublished":"2018-07-04T07:36:06+00:00","description":"El Restaurante Con tradici\u00f3n del chef Sergio Botero. Se encuentra ubicado en Marinilla, Antioquia. Durante los ultimos a\u00f1os ha recibido numerosos reconocimientos. Destacandose como uno de los mejores restaurantes de comida Colombiana del pa\u00eds.","breadcrumb":{"@id":"https:\/\/restaurantefrutosdelmar.com\/index.php\/elements\/buttons\/#breadcrumb"},"inLanguage":"en-US","potentialAction":[{"@type":"ReadAction","target":["https:\/\/restaurantefrutosdelmar.com\/index.php\/elements\/buttons\/"]}]},{"@type":"BreadcrumbList","@id":"https:\/\/restaurantefrutosdelmar.com\/index.php\/elements\/buttons\/#breadcrumb","itemListElement":[{"@type":"ListItem","position":1,"name":"Home","item":"https:\/\/restaurantefrutosdelmar.com\/"},{"@type":"ListItem","position":2,"name":"Elements","item":"https:\/\/restaurantefrutosdelmar.com\/index.php\/elements\/"},{"@type":"ListItem","position":3,"name":"Buttons"}]},{"@type":"WebSite","@id":"https:\/\/restaurantefrutosdelmar.com\/#website","url":"https:\/\/restaurantefrutosdelmar.com\/","name":"restaurantefrutosdelmar.com","description":"","publisher":{"@id":"https:\/\/restaurantefrutosdelmar.com\/#organization"},"potentialAction":[{"@type":"SearchAction","target":{"@type":"EntryPoint","urlTemplate":"https:\/\/restaurantefrutosdelmar.com\/?s={search_term_string}"},"query-input":{"@type":"PropertyValueSpecification","valueRequired":true,"valueName":"search_term_string"}}],"inLanguage":"en-US"},{"@type":"Organization","@id":"https:\/\/restaurantefrutosdelmar.com\/#organization","name":"Con tradicion Restaurante","url":"https:\/\/restaurantefrutosdelmar.com\/","logo":{"@type":"ImageObject","inLanguage":"en-US","@id":"https:\/\/restaurantefrutosdelmar.com\/#\/schema\/logo\/image\/","url":"https:\/\/restaurantefrutosdelmar.com\/wp-content\/uploads\/2022\/12\/Contradicion-Restaurante.png","contentUrl":"https:\/\/restaurantefrutosdelmar.com\/wp-content\/uploads\/2022\/12\/Contradicion-Restaurante.png","width":2090,"height":1324,"caption":"Con tradicion Restaurante"},"image":{"@id":"https:\/\/restaurantefrutosdelmar.com\/#\/schema\/logo\/image\/"},"sameAs":["https:\/\/es-la.facebook.com\/restaurantecontradicion\/"]}]}},"_links":{"self":[{"href":"https:\/\/restaurantefrutosdelmar.com\/index.php\/wp-json\/wp\/v2\/pages\/560","targetHints":{"allow":["GET"]}}],"collection":[{"href":"https:\/\/restaurantefrutosdelmar.com\/index.php\/wp-json\/wp\/v2\/pages"}],"about":[{"href":"https:\/\/restaurantefrutosdelmar.com\/index.php\/wp-json\/wp\/v2\/types\/page"}],"author":[{"embeddable":true,"href":"https:\/\/restaurantefrutosdelmar.com\/index.php\/wp-json\/wp\/v2\/users\/1"}],"replies":[{"embeddable":true,"href":"https:\/\/restaurantefrutosdelmar.com\/index.php\/wp-json\/wp\/v2\/comments?post=560"}],"version-history":[{"count":0,"href":"https:\/\/restaurantefrutosdelmar.com\/index.php\/wp-json\/wp\/v2\/pages\/560\/revisions"}],"up":[{"embeddable":true,"href":"https:\/\/restaurantefrutosdelmar.com\/index.php\/wp-json\/wp\/v2\/pages\/365"}],"wp:attachment":[{"href":"https:\/\/restaurantefrutosdelmar.com\/index.php\/wp-json\/wp\/v2\/media?parent=560"}],"curies":[{"name":"wp","href":"https:\/\/api.w.org\/{rel}","templated":true}]}}