{"id":585,"date":"2018-07-04T08:39:10","date_gmt":"2018-07-04T08:39:10","guid":{"rendered":"https:\/\/restaurantefrutosdelmar.com\/index.php\/elements\/accordions-toggles\/"},"modified":"2018-07-04T08:39:10","modified_gmt":"2018-07-04T08:39:10","slug":"accordions-toggles","status":"publish","type":"page","link":"https:\/\/restaurantefrutosdelmar.com\/index.php\/elements\/accordions-toggles\/","title":{"rendered":"Accordions &#038; Toggles"},"content":{"rendered":"<section class=\"wpb-content-wrapper\"><p>[vc_row][vc_column][tm_spacer size=&#8221;sm:120;lg:150&#8243;][vc_row_inner][vc_column_inner width=&#8221;1\/2&#8243;][tm_accordion items=&#8221;%5B%7B%22title%22%3A%22Digital%20strategy%22%2C%22content%22%3A%22We%20learn%20from%20landing%20page&#8217;s%20best%20practices%20and%20great%20landing%20pages%20in%20order%20to%20create%20a%20clear%2C%20crisp%20design%20that%20suits%20all%20your%20needs%20for%20a%20responsive%20landing%20site.%22%7D%2C%7B%22title%22%3A%22UI%2FUX%20design%20and%20development%22%2C%22content%22%3A%22Brook%20presents%20your%20services%20with%20flexible%2C%20convenient%20and%20multipurpose%20layouts.%20You%20can%20select%20your%20favorite%20layouts%20%26%20elements%20for%20particular%20projects%20with%20unlimited%20customization%20possibilities.%22%7D%2C%7B%22title%22%3A%22Brand%20building%22%2C%22content%22%3A%22Pixel-perfect%20replication%20of%20the%20designers%20is%20intended%20for%20both%20front-end%20%26%20back-end%20developers%20to%20build%20their%20pages%20with%20greater%20comfort%20thanks%20to%20the%20higher%20customizability%2C%20adaptability%20as%20well%20as%20flexibility.%22%7D%5D&#8221;][\/vc_column_inner][vc_column_inner width=&#8221;1\/2&#8243;][tm_accordion multi_open=&#8221;1&#8243; items=&#8221;%5B%7B%22title%22%3A%22Digital%20strategy%22%2C%22content%22%3A%22We%20learn%20from%20landing%20page&#8217;s%20best%20practices%20and%20great%20landing%20pages%20in%20order%20to%20create%20a%20clear%2C%20crisp%20design%20that%20suits%20all%20your%20needs%20for%20a%20responsive%20landing%20site.%22%7D%2C%7B%22title%22%3A%22UI%2FUX%20design%20and%20development%22%2C%22content%22%3A%22Brook%20presents%20your%20services%20with%20flexible%2C%20convenient%20and%20multipurpose%20layouts.%20You%20can%20select%20your%20favorite%20layouts%20%26%20elements%20for%20particular%20projects%20with%20unlimited%20customization%20possibilities.%22%7D%2C%7B%22title%22%3A%22Brand%20building%22%2C%22content%22%3A%22Pixel-perfect%20replication%20of%20the%20designers%20is%20intended%20for%20both%20front-end%20%26%20back-end%20developers%20to%20build%20their%20pages%20with%20greater%20comfort%20thanks%20to%20the%20higher%20customizability%2C%20adaptability%20as%20well%20as%20flexibility.%22%7D%5D&#8221;][\/vc_column_inner][\/vc_row_inner][tm_spacer size=&#8221;lg:100&#8243;][vc_row_inner][vc_column_inner width=&#8221;1\/2&#8243;][tm_accordion style=&#8221;02&#8243; items=&#8221;%5B%7B%22title%22%3A%22Digital%20strategy%22%2C%22content%22%3A%22We%20learn%20from%20landing%20page&#8217;s%20best%20practices%20and%20great%20landing%20pages%20in%20order%20to%20create%20a%20clear%2C%20crisp%20design%20that%20suits%20all%20your%20needs%20for%20a%20responsive%20landing%20site.%22%7D%2C%7B%22title%22%3A%22UI%2FUX%20design%20and%20development%22%2C%22content%22%3A%22Brook%20presents%20your%20services%20with%20flexible%2C%20convenient%20and%20multipurpose%20layouts.%20You%20can%20select%20your%20favorite%20layouts%20%26%20elements%20for%20particular%20projects%20with%20unlimited%20customization%20possibilities.%22%7D%2C%7B%22title%22%3A%22Brand%20building%22%2C%22content%22%3A%22Pixel-perfect%20replication%20of%20the%20designers%20is%20intended%20for%20both%20front-end%20%26%20back-end%20developers%20to%20build%20their%20pages%20with%20greater%20comfort%20thanks%20to%20the%20higher%20customizability%2C%20adaptability%20as%20well%20as%20flexibility.%22%7D%5D&#8221;][\/vc_column_inner][vc_column_inner width=&#8221;1\/2&#8243;][tm_accordion style=&#8221;02&#8243; multi_open=&#8221;1&#8243; items=&#8221;%5B%7B%22title%22%3A%22Digital%20strategy%22%2C%22content%22%3A%22We%20learn%20from%20landing%20page&#8217;s%20best%20practices%20and%20great%20landing%20pages%20in%20order%20to%20create%20a%20clear%2C%20crisp%20design%20that%20suits%20all%20your%20needs%20for%20a%20responsive%20landing%20site.%22%7D%2C%7B%22title%22%3A%22UI%2FUX%20design%20and%20development%22%2C%22content%22%3A%22Brook%20presents%20your%20services%20with%20flexible%2C%20convenient%20and%20multipurpose%20layouts.%20You%20can%20select%20your%20favorite%20layouts%20%26%20elements%20for%20particular%20projects%20with%20unlimited%20customization%20possibilities.%22%7D%2C%7B%22title%22%3A%22Brand%20building%22%2C%22content%22%3A%22Pixel-perfect%20replication%20of%20the%20designers%20is%20intended%20for%20both%20front-end%20%26%20back-end%20developers%20to%20build%20their%20pages%20with%20greater%20comfort%20thanks%20to%20the%20higher%20customizability%2C%20adaptability%20as%20well%20as%20flexibility.%22%7D%5D&#8221;][\/vc_column_inner][\/vc_row_inner][tm_spacer size=&#8221;sm:120;lg:150&#8243;][\/vc_column][\/vc_row]<\/p>\n<\/section>","protected":false},"excerpt":{"rendered":"<p>[vc_row][vc_column][tm_spacer size=&#8221;sm:120;lg:150&#8243;][vc_row_inner][vc_column_inner width=&#8221;1\/2&#8243;][tm_accordion items=&#8221;%5B%7B%22title%22%3A%22Digital%20strategy%22%2C%22content%22%3A%22We%20learn%20from%20landing%20page&#8217;s%20best%20practices%20and%20great%20landing%20pages%20in%20order%20to%20create%20a%20clear%2C%20crisp%20design%20that%20suits%20all%20your%20needs%20for%20a%20responsive%20landing%20site.%22%7D%2C%7B%22title%22%3A%22UI%2FUX%20design%20and%20development%22%2C%22content%22%3A%22Brook%20presents%20your%20services%20with%20flexible%2C%20convenient%20and%20multipurpose%20layouts.%20You%20can%20select%20your%20favorite%20layouts%20%26%20elements%20for%20particular%20projects%20with%20unlimited%20customization%20possibilities.%22%7D%2C%7B%22title%22%3A%22Brand%20building%22%2C%22content%22%3A%22Pixel-perfect%20replication%20of%20the%20designers%20is%20intended%20for%20both%20front-end%20%26%20back-end%20developers%20to%20build%20their%20pages%20with%20greater%20comfort%20thanks%20to%20the%20higher%20customizability%2C%20adaptability%20as%20well%20as%20flexibility.%22%7D%5D&#8221;][\/vc_column_inner][vc_column_inner width=&#8221;1\/2&#8243;][tm_accordion multi_open=&#8221;1&#8243; items=&#8221;%5B%7B%22title%22%3A%22Digital%20strategy%22%2C%22content%22%3A%22We%20learn%20from%20landing%20page&#8217;s%20best%20practices%20and%20great%20landing%20pages%20in%20order%20to%20create%20a%20clear%2C%20crisp%20design%20that%20suits%20all%20your%20needs%20for%20a%20responsive%20landing%20site.%22%7D%2C%7B%22title%22%3A%22UI%2FUX%20design%20and%20development%22%2C%22content%22%3A%22Brook%20presents%20your%20services%20with%20flexible%2C%20convenient%20and%20multipurpose%20layouts.%20You%20can%20select%20your%20favorite%20layouts%20%26%20elements%20for%20particular%20projects%20with%20unlimited%20customization%20possibilities.%22%7D%2C%7B%22title%22%3A%22Brand%20building%22%2C%22content%22%3A%22Pixel-perfect%20replication%20of%20the%20designers%20is%20intended%20for%20both%20front-end%20%26%20back-end%20developers%20to%20build%20their%20pages%20with%20greater%20comfort%20thanks%20to%20the%20higher%20customizability%2C%20adaptability%20as%20well%20as%20flexibility.%22%7D%5D&#8221;][\/vc_column_inner][\/vc_row_inner][tm_spacer size=&#8221;lg:100&#8243;][vc_row_inner][vc_column_inner width=&#8221;1\/2&#8243;][tm_accordion style=&#8221;02&#8243; items=&#8221;%5B%7B%22title%22%3A%22Digital%20strategy%22%2C%22content%22%3A%22We%20learn%20from%20landing%20page&#8217;s%20best%20practices%20and%20great%20landing%20pages%20in%20order%20to%20create%20a%20clear%2C%20crisp%20design%20that%20suits%20all%20your%20needs%20for%20a%20responsive%20landing%20site.%22%7D%2C%7B%22title%22%3A%22UI%2FUX%20design%20and%20development%22%2C%22content%22%3A%22Brook%20presents%20your%20services%20with%20flexible%2C%20convenient%20and%20multipurpose%20layouts.%20You%20can%20select%20your%20favorite%20layouts%20%26%20elements%20for%20particular%20projects%20with%20unlimited%20customization%20possibilities.%22%7D%2C%7B%22title%22%3A%22Brand%20building%22%2C%22content%22%3A%22Pixel-perfect%20replication%20of%20the%20designers%20is%20intended%20for%20both%20front-end%20%26%20back-end%20developers%20to%20build%20their%20pages%20with%20greater%20comfort%20thanks%20to%20the%20higher%20customizability%2C%20adaptability%20as%20well%20as%20flexibility.%22%7D%5D&#8221;][\/vc_column_inner][vc_column_inner width=&#8221;1\/2&#8243;][tm_accordion style=&#8221;02&#8243; multi_open=&#8221;1&#8243; items=&#8221;%5B%7B%22title%22%3A%22Digital%20strategy%22%2C%22content%22%3A%22We%20learn%20from%20landing%20page&#8217;s%20best%20practices%20and%20great%20landing%20pages%20in%20order%20to%20create%20a%20clear%2C%20crisp%20design%20that%20suits%20all%20your%20needs%20for%20a%20responsive%20landing%20site.%22%7D%2C%7B%22title%22%3A%22UI%2FUX%20design%20and%20development%22%2C%22content%22%3A%22Brook%20presents%20your%20services%20with%20flexible%2C%20convenient%20and%20multipurpose%20layouts.%20You%20can%20select%20your%20favorite%20layouts%20%26%20elements%20for%20particular%20projects%20with%20unlimited%20customization%20possibilities.%22%7D%2C%7B%22title%22%3A%22Brand%20building%22%2C%22content%22%3A%22Pixel-perfect%20replication%20of%20the%20designers%20is%20intended%20for%20both%20front-end%20%26%20back-end%20developers%20to%20build%20their%20pages%20with%20greater%20comfort%20thanks%20to%20the%20higher%20customizability%2C%20adaptability%20as%20well%20as%20flexibility.%22%7D%5D&#8221;][\/vc_column_inner][\/vc_row_inner][tm_spacer size=&#8221;sm:120;lg:150&#8243;][\/vc_column][\/vc_row]<\/p>\n","protected":false},"author":1,"featured_media":0,"parent":365,"menu_order":0,"comment_status":"closed","ping_status":"closed","template":"","meta":{"footnotes":""},"class_list":["post-585","page","type-page","status-publish","hentry","post-no-thumbnail"],"yoast_head":"<!-- This site is optimized with the Yoast SEO plugin v25.8 - https:\/\/yoast.com\/wordpress\/plugins\/seo\/ -->\n<title>Accordions &amp; Toggles - restaurantefrutosdelmar.com<\/title>\n<meta name=\"description\" content=\"El Restaurante Con tradici\u00f3n del chef Sergio Botero. Se encuentra ubicado en Marinilla, Antioquia. Durante los ultimos a\u00f1os ha recibido numerosos reconocimientos. Destacandose como uno de los mejores restaurantes de comida Colombiana del pa\u00eds.\" \/>\n<meta name=\"robots\" content=\"index, follow, max-snippet:-1, max-image-preview:large, max-video-preview:-1\" \/>\n<link rel=\"canonical\" href=\"https:\/\/restaurantefrutosdelmar.com\/index.php\/elements\/accordions-toggles\/\" \/>\n<meta property=\"og:locale\" content=\"en_US\" \/>\n<meta property=\"og:type\" content=\"article\" \/>\n<meta property=\"og:title\" content=\"Accordions &amp; Toggles - restaurantefrutosdelmar.com\" \/>\n<meta property=\"og:description\" content=\"El Restaurante Con tradici\u00f3n del chef Sergio Botero. Se encuentra ubicado en Marinilla, Antioquia. Durante los ultimos a\u00f1os ha recibido numerosos reconocimientos. Destacandose como uno de los mejores restaurantes de comida Colombiana del pa\u00eds.\" \/>\n<meta property=\"og:url\" content=\"https:\/\/restaurantefrutosdelmar.com\/index.php\/elements\/accordions-toggles\/\" \/>\n<meta property=\"og:site_name\" content=\"restaurantefrutosdelmar.com\" \/>\n<meta property=\"article:publisher\" content=\"https:\/\/es-la.facebook.com\/restaurantecontradicion\/\" \/>\n<meta name=\"twitter:card\" content=\"summary_large_image\" \/>\n<meta name=\"twitter:label1\" content=\"Est. reading time\" \/>\n\t<meta name=\"twitter:data1\" content=\"3 minutes\" \/>\n<script type=\"application\/ld+json\" class=\"yoast-schema-graph\">{\"@context\":\"https:\/\/schema.org\",\"@graph\":[{\"@type\":\"WebPage\",\"@id\":\"https:\/\/restaurantefrutosdelmar.com\/index.php\/elements\/accordions-toggles\/\",\"url\":\"https:\/\/restaurantefrutosdelmar.com\/index.php\/elements\/accordions-toggles\/\",\"name\":\"Accordions & Toggles - restaurantefrutosdelmar.com\",\"isPartOf\":{\"@id\":\"https:\/\/restaurantefrutosdelmar.com\/#website\"},\"datePublished\":\"2018-07-04T08:39:10+00:00\",\"description\":\"El Restaurante Con tradici\u00f3n del chef Sergio Botero. Se encuentra ubicado en Marinilla, Antioquia. Durante los ultimos a\u00f1os ha recibido numerosos reconocimientos. Destacandose como uno de los mejores restaurantes de comida Colombiana del pa\u00eds.\",\"breadcrumb\":{\"@id\":\"https:\/\/restaurantefrutosdelmar.com\/index.php\/elements\/accordions-toggles\/#breadcrumb\"},\"inLanguage\":\"en-US\",\"potentialAction\":[{\"@type\":\"ReadAction\",\"target\":[\"https:\/\/restaurantefrutosdelmar.com\/index.php\/elements\/accordions-toggles\/\"]}]},{\"@type\":\"BreadcrumbList\",\"@id\":\"https:\/\/restaurantefrutosdelmar.com\/index.php\/elements\/accordions-toggles\/#breadcrumb\",\"itemListElement\":[{\"@type\":\"ListItem\",\"position\":1,\"name\":\"Home\",\"item\":\"https:\/\/restaurantefrutosdelmar.com\/\"},{\"@type\":\"ListItem\",\"position\":2,\"name\":\"Elements\",\"item\":\"https:\/\/restaurantefrutosdelmar.com\/index.php\/elements\/\"},{\"@type\":\"ListItem\",\"position\":3,\"name\":\"Accordions &#038; Toggles\"}]},{\"@type\":\"WebSite\",\"@id\":\"https:\/\/restaurantefrutosdelmar.com\/#website\",\"url\":\"https:\/\/restaurantefrutosdelmar.com\/\",\"name\":\"restaurantefrutosdelmar.com\",\"description\":\"\",\"publisher\":{\"@id\":\"https:\/\/restaurantefrutosdelmar.com\/#organization\"},\"potentialAction\":[{\"@type\":\"SearchAction\",\"target\":{\"@type\":\"EntryPoint\",\"urlTemplate\":\"https:\/\/restaurantefrutosdelmar.com\/?s={search_term_string}\"},\"query-input\":{\"@type\":\"PropertyValueSpecification\",\"valueRequired\":true,\"valueName\":\"search_term_string\"}}],\"inLanguage\":\"en-US\"},{\"@type\":\"Organization\",\"@id\":\"https:\/\/restaurantefrutosdelmar.com\/#organization\",\"name\":\"Con tradicion Restaurante\",\"url\":\"https:\/\/restaurantefrutosdelmar.com\/\",\"logo\":{\"@type\":\"ImageObject\",\"inLanguage\":\"en-US\",\"@id\":\"https:\/\/restaurantefrutosdelmar.com\/#\/schema\/logo\/image\/\",\"url\":\"https:\/\/restaurantefrutosdelmar.com\/wp-content\/uploads\/2022\/12\/Contradicion-Restaurante.png\",\"contentUrl\":\"https:\/\/restaurantefrutosdelmar.com\/wp-content\/uploads\/2022\/12\/Contradicion-Restaurante.png\",\"width\":2090,\"height\":1324,\"caption\":\"Con tradicion Restaurante\"},\"image\":{\"@id\":\"https:\/\/restaurantefrutosdelmar.com\/#\/schema\/logo\/image\/\"},\"sameAs\":[\"https:\/\/es-la.facebook.com\/restaurantecontradicion\/\"]}]}<\/script>\n<!-- \/ Yoast SEO plugin. -->","yoast_head_json":{"title":"Accordions & Toggles - restaurantefrutosdelmar.com","description":"El Restaurante Con tradici\u00f3n del chef Sergio Botero. Se encuentra ubicado en Marinilla, Antioquia. Durante los ultimos a\u00f1os ha recibido numerosos reconocimientos. Destacandose como uno de los mejores restaurantes de comida Colombiana del pa\u00eds.","robots":{"index":"index","follow":"follow","max-snippet":"max-snippet:-1","max-image-preview":"max-image-preview:large","max-video-preview":"max-video-preview:-1"},"canonical":"https:\/\/restaurantefrutosdelmar.com\/index.php\/elements\/accordions-toggles\/","og_locale":"en_US","og_type":"article","og_title":"Accordions & Toggles - restaurantefrutosdelmar.com","og_description":"El Restaurante Con tradici\u00f3n del chef Sergio Botero. Se encuentra ubicado en Marinilla, Antioquia. Durante los ultimos a\u00f1os ha recibido numerosos reconocimientos. Destacandose como uno de los mejores restaurantes de comida Colombiana del pa\u00eds.","og_url":"https:\/\/restaurantefrutosdelmar.com\/index.php\/elements\/accordions-toggles\/","og_site_name":"restaurantefrutosdelmar.com","article_publisher":"https:\/\/es-la.facebook.com\/restaurantecontradicion\/","twitter_card":"summary_large_image","twitter_misc":{"Est. reading time":"3 minutes"},"schema":{"@context":"https:\/\/schema.org","@graph":[{"@type":"WebPage","@id":"https:\/\/restaurantefrutosdelmar.com\/index.php\/elements\/accordions-toggles\/","url":"https:\/\/restaurantefrutosdelmar.com\/index.php\/elements\/accordions-toggles\/","name":"Accordions & Toggles - restaurantefrutosdelmar.com","isPartOf":{"@id":"https:\/\/restaurantefrutosdelmar.com\/#website"},"datePublished":"2018-07-04T08:39:10+00:00","description":"El Restaurante Con tradici\u00f3n del chef Sergio Botero. Se encuentra ubicado en Marinilla, Antioquia. Durante los ultimos a\u00f1os ha recibido numerosos reconocimientos. Destacandose como uno de los mejores restaurantes de comida Colombiana del pa\u00eds.","breadcrumb":{"@id":"https:\/\/restaurantefrutosdelmar.com\/index.php\/elements\/accordions-toggles\/#breadcrumb"},"inLanguage":"en-US","potentialAction":[{"@type":"ReadAction","target":["https:\/\/restaurantefrutosdelmar.com\/index.php\/elements\/accordions-toggles\/"]}]},{"@type":"BreadcrumbList","@id":"https:\/\/restaurantefrutosdelmar.com\/index.php\/elements\/accordions-toggles\/#breadcrumb","itemListElement":[{"@type":"ListItem","position":1,"name":"Home","item":"https:\/\/restaurantefrutosdelmar.com\/"},{"@type":"ListItem","position":2,"name":"Elements","item":"https:\/\/restaurantefrutosdelmar.com\/index.php\/elements\/"},{"@type":"ListItem","position":3,"name":"Accordions &#038; Toggles"}]},{"@type":"WebSite","@id":"https:\/\/restaurantefrutosdelmar.com\/#website","url":"https:\/\/restaurantefrutosdelmar.com\/","name":"restaurantefrutosdelmar.com","description":"","publisher":{"@id":"https:\/\/restaurantefrutosdelmar.com\/#organization"},"potentialAction":[{"@type":"SearchAction","target":{"@type":"EntryPoint","urlTemplate":"https:\/\/restaurantefrutosdelmar.com\/?s={search_term_string}"},"query-input":{"@type":"PropertyValueSpecification","valueRequired":true,"valueName":"search_term_string"}}],"inLanguage":"en-US"},{"@type":"Organization","@id":"https:\/\/restaurantefrutosdelmar.com\/#organization","name":"Con tradicion Restaurante","url":"https:\/\/restaurantefrutosdelmar.com\/","logo":{"@type":"ImageObject","inLanguage":"en-US","@id":"https:\/\/restaurantefrutosdelmar.com\/#\/schema\/logo\/image\/","url":"https:\/\/restaurantefrutosdelmar.com\/wp-content\/uploads\/2022\/12\/Contradicion-Restaurante.png","contentUrl":"https:\/\/restaurantefrutosdelmar.com\/wp-content\/uploads\/2022\/12\/Contradicion-Restaurante.png","width":2090,"height":1324,"caption":"Con tradicion Restaurante"},"image":{"@id":"https:\/\/restaurantefrutosdelmar.com\/#\/schema\/logo\/image\/"},"sameAs":["https:\/\/es-la.facebook.com\/restaurantecontradicion\/"]}]}},"_links":{"self":[{"href":"https:\/\/restaurantefrutosdelmar.com\/index.php\/wp-json\/wp\/v2\/pages\/585","targetHints":{"allow":["GET"]}}],"collection":[{"href":"https:\/\/restaurantefrutosdelmar.com\/index.php\/wp-json\/wp\/v2\/pages"}],"about":[{"href":"https:\/\/restaurantefrutosdelmar.com\/index.php\/wp-json\/wp\/v2\/types\/page"}],"author":[{"embeddable":true,"href":"https:\/\/restaurantefrutosdelmar.com\/index.php\/wp-json\/wp\/v2\/users\/1"}],"replies":[{"embeddable":true,"href":"https:\/\/restaurantefrutosdelmar.com\/index.php\/wp-json\/wp\/v2\/comments?post=585"}],"version-history":[{"count":0,"href":"https:\/\/restaurantefrutosdelmar.com\/index.php\/wp-json\/wp\/v2\/pages\/585\/revisions"}],"up":[{"embeddable":true,"href":"https:\/\/restaurantefrutosdelmar.com\/index.php\/wp-json\/wp\/v2\/pages\/365"}],"wp:attachment":[{"href":"https:\/\/restaurantefrutosdelmar.com\/index.php\/wp-json\/wp\/v2\/media?parent=585"}],"curies":[{"name":"wp","href":"https:\/\/api.w.org\/{rel}","templated":true}]}}