{"id":591,"date":"2018-07-04T10:19:17","date_gmt":"2018-07-04T10:19:17","guid":{"rendered":"https:\/\/restaurantefrutosdelmar.com\/index.php\/elements\/message-box\/"},"modified":"2018-07-04T10:19:17","modified_gmt":"2018-07-04T10:19:17","slug":"message-box","status":"publish","type":"page","link":"https:\/\/restaurantefrutosdelmar.com\/index.php\/elements\/message-box\/","title":{"rendered":"Message box"},"content":{"rendered":"<section class=\"wpb-content-wrapper\"><p>[vc_row][vc_column][tm_spacer size=&#8221;sm:120;lg:150&#8243;][vc_row_inner][vc_column_inner width=&#8221;1\/2&#8243;][tm_message_box icon_type=&#8221;fontawesome5&#8243; icon_fontawesome5=&#8221;far fa-flag&#8221;]Our quality of service assessment involves controlling and managing resources to ensure customers&#8217; satisfaction.[\/tm_message_box][tm_spacer size=&#8221;lg:30&#8243;][\/vc_column_inner][vc_column_inner width=&#8221;1\/2&#8243;][tm_message_box style=&#8221;error&#8221; icon_type=&#8221;fontawesome5&#8243; icon_fontawesome5=&#8221;far fa-bell&#8221;]Our quality of service assessment involves controlling and managing resources to ensure customers&#8217; satisfaction.[\/tm_message_box][tm_spacer size=&#8221;lg:30&#8243;][\/vc_column_inner][\/vc_row_inner][vc_row_inner][vc_column_inner width=&#8221;1\/2&#8243;][tm_message_box style=&#8221;success&#8221; icon_type=&#8221;fontawesome5&#8243; icon_fontawesome5=&#8221;far fa-check-circle&#8221;]Our quality of service assessment involves controlling and managing resources to ensure customers&#8217; satisfaction.[\/tm_message_box][tm_spacer size=&#8221;lg:30&#8243;][\/vc_column_inner][vc_column_inner width=&#8221;1\/2&#8243;][tm_message_box style=&#8221;info&#8221; icon_type=&#8221;fontawesome5&#8243; icon_fontawesome5=&#8221;fa fa-info-circle&#8221; background_color=&#8221;primary&#8221; text_color=&#8221;custom&#8221; custom_text_color=&#8221;#ffffff&#8221;]Our quality of service assessment involves controlling and managing resources to ensure customers&#8217; satisfaction.[\/tm_message_box][tm_spacer size=&#8221;lg:30&#8243;][\/vc_column_inner][\/vc_row_inner][tm_spacer size=&#8221;sm:90;lg:120&#8243;][\/vc_column][\/vc_row]<\/p>\n<\/section>","protected":false},"excerpt":{"rendered":"<p>[vc_row][vc_column][tm_spacer size=&#8221;sm:120;lg:150&#8243;][vc_row_inner][vc_column_inner width=&#8221;1\/2&#8243;][tm_message_box icon_type=&#8221;fontawesome5&#8243; icon_fontawesome5=&#8221;far fa-flag&#8221;]Our quality of service assessment involves controlling and managing resources to ensure customers&#8217; satisfaction.[\/tm_message_box][tm_spacer size=&#8221;lg:30&#8243;][\/vc_column_inner][vc_column_inner width=&#8221;1\/2&#8243;][tm_message_box style=&#8221;error&#8221; icon_type=&#8221;fontawesome5&#8243; icon_fontawesome5=&#8221;far fa-bell&#8221;]Our quality of service assessment involves controlling and managing resources to ensure customers&#8217; satisfaction.[\/tm_message_box][tm_spacer size=&#8221;lg:30&#8243;][\/vc_column_inner][\/vc_row_inner][vc_row_inner][vc_column_inner width=&#8221;1\/2&#8243;][tm_message_box style=&#8221;success&#8221; icon_type=&#8221;fontawesome5&#8243; icon_fontawesome5=&#8221;far fa-check-circle&#8221;]Our quality of service assessment involves controlling and managing resources to ensure customers&#8217; satisfaction.[\/tm_message_box][tm_spacer size=&#8221;lg:30&#8243;][\/vc_column_inner][vc_column_inner width=&#8221;1\/2&#8243;][tm_message_box style=&#8221;info&#8221; icon_type=&#8221;fontawesome5&#8243; icon_fontawesome5=&#8221;fa fa-info-circle&#8221; background_color=&#8221;primary&#8221; text_color=&#8221;custom&#8221; custom_text_color=&#8221;#ffffff&#8221;]Our quality of service assessment involves controlling and managing resources to ensure customers&#8217; satisfaction.[\/tm_message_box][tm_spacer size=&#8221;lg:30&#8243;][\/vc_column_inner][\/vc_row_inner][tm_spacer size=&#8221;sm:90;lg:120&#8243;][\/vc_column][\/vc_row]<\/p>\n","protected":false},"author":1,"featured_media":0,"parent":365,"menu_order":0,"comment_status":"closed","ping_status":"closed","template":"","meta":{"footnotes":""},"class_list":["post-591","page","type-page","status-publish","hentry","post-no-thumbnail"],"yoast_head":"<!-- This site is optimized with the Yoast SEO plugin v25.8 - https:\/\/yoast.com\/wordpress\/plugins\/seo\/ -->\n<title>Message box - restaurantefrutosdelmar.com<\/title>\n<meta name=\"description\" content=\"El Restaurante Con tradici\u00f3n del chef Sergio Botero. Se encuentra ubicado en Marinilla, Antioquia. Durante los ultimos a\u00f1os ha recibido numerosos reconocimientos. Destacandose como uno de los mejores restaurantes de comida Colombiana del pa\u00eds.\" \/>\n<meta name=\"robots\" content=\"index, follow, max-snippet:-1, max-image-preview:large, max-video-preview:-1\" \/>\n<link rel=\"canonical\" href=\"https:\/\/restaurantefrutosdelmar.com\/index.php\/elements\/message-box\/\" \/>\n<meta property=\"og:locale\" content=\"en_US\" \/>\n<meta property=\"og:type\" content=\"article\" \/>\n<meta property=\"og:title\" content=\"Message box - restaurantefrutosdelmar.com\" \/>\n<meta property=\"og:description\" content=\"El Restaurante Con tradici\u00f3n del chef Sergio Botero. Se encuentra ubicado en Marinilla, Antioquia. Durante los ultimos a\u00f1os ha recibido numerosos reconocimientos. Destacandose como uno de los mejores restaurantes de comida Colombiana del pa\u00eds.\" \/>\n<meta property=\"og:url\" content=\"https:\/\/restaurantefrutosdelmar.com\/index.php\/elements\/message-box\/\" \/>\n<meta property=\"og:site_name\" content=\"restaurantefrutosdelmar.com\" \/>\n<meta property=\"article:publisher\" content=\"https:\/\/es-la.facebook.com\/restaurantecontradicion\/\" \/>\n<meta name=\"twitter:card\" content=\"summary_large_image\" \/>\n<meta name=\"twitter:label1\" content=\"Est. reading time\" \/>\n\t<meta name=\"twitter:data1\" content=\"1 minute\" \/>\n<script type=\"application\/ld+json\" class=\"yoast-schema-graph\">{\"@context\":\"https:\/\/schema.org\",\"@graph\":[{\"@type\":\"WebPage\",\"@id\":\"https:\/\/restaurantefrutosdelmar.com\/index.php\/elements\/message-box\/\",\"url\":\"https:\/\/restaurantefrutosdelmar.com\/index.php\/elements\/message-box\/\",\"name\":\"Message box - restaurantefrutosdelmar.com\",\"isPartOf\":{\"@id\":\"https:\/\/restaurantefrutosdelmar.com\/#website\"},\"datePublished\":\"2018-07-04T10:19:17+00:00\",\"description\":\"El Restaurante Con tradici\u00f3n del chef Sergio Botero. Se encuentra ubicado en Marinilla, Antioquia. Durante los ultimos a\u00f1os ha recibido numerosos reconocimientos. Destacandose como uno de los mejores restaurantes de comida Colombiana del pa\u00eds.\",\"breadcrumb\":{\"@id\":\"https:\/\/restaurantefrutosdelmar.com\/index.php\/elements\/message-box\/#breadcrumb\"},\"inLanguage\":\"en-US\",\"potentialAction\":[{\"@type\":\"ReadAction\",\"target\":[\"https:\/\/restaurantefrutosdelmar.com\/index.php\/elements\/message-box\/\"]}]},{\"@type\":\"BreadcrumbList\",\"@id\":\"https:\/\/restaurantefrutosdelmar.com\/index.php\/elements\/message-box\/#breadcrumb\",\"itemListElement\":[{\"@type\":\"ListItem\",\"position\":1,\"name\":\"Home\",\"item\":\"https:\/\/restaurantefrutosdelmar.com\/\"},{\"@type\":\"ListItem\",\"position\":2,\"name\":\"Elements\",\"item\":\"https:\/\/restaurantefrutosdelmar.com\/index.php\/elements\/\"},{\"@type\":\"ListItem\",\"position\":3,\"name\":\"Message box\"}]},{\"@type\":\"WebSite\",\"@id\":\"https:\/\/restaurantefrutosdelmar.com\/#website\",\"url\":\"https:\/\/restaurantefrutosdelmar.com\/\",\"name\":\"restaurantefrutosdelmar.com\",\"description\":\"\",\"publisher\":{\"@id\":\"https:\/\/restaurantefrutosdelmar.com\/#organization\"},\"potentialAction\":[{\"@type\":\"SearchAction\",\"target\":{\"@type\":\"EntryPoint\",\"urlTemplate\":\"https:\/\/restaurantefrutosdelmar.com\/?s={search_term_string}\"},\"query-input\":{\"@type\":\"PropertyValueSpecification\",\"valueRequired\":true,\"valueName\":\"search_term_string\"}}],\"inLanguage\":\"en-US\"},{\"@type\":\"Organization\",\"@id\":\"https:\/\/restaurantefrutosdelmar.com\/#organization\",\"name\":\"Con tradicion Restaurante\",\"url\":\"https:\/\/restaurantefrutosdelmar.com\/\",\"logo\":{\"@type\":\"ImageObject\",\"inLanguage\":\"en-US\",\"@id\":\"https:\/\/restaurantefrutosdelmar.com\/#\/schema\/logo\/image\/\",\"url\":\"https:\/\/restaurantefrutosdelmar.com\/wp-content\/uploads\/2022\/12\/Contradicion-Restaurante.png\",\"contentUrl\":\"https:\/\/restaurantefrutosdelmar.com\/wp-content\/uploads\/2022\/12\/Contradicion-Restaurante.png\",\"width\":2090,\"height\":1324,\"caption\":\"Con tradicion Restaurante\"},\"image\":{\"@id\":\"https:\/\/restaurantefrutosdelmar.com\/#\/schema\/logo\/image\/\"},\"sameAs\":[\"https:\/\/es-la.facebook.com\/restaurantecontradicion\/\"]}]}<\/script>\n<!-- \/ Yoast SEO plugin. -->","yoast_head_json":{"title":"Message box - restaurantefrutosdelmar.com","description":"El Restaurante Con tradici\u00f3n del chef Sergio Botero. Se encuentra ubicado en Marinilla, Antioquia. Durante los ultimos a\u00f1os ha recibido numerosos reconocimientos. Destacandose como uno de los mejores restaurantes de comida Colombiana del pa\u00eds.","robots":{"index":"index","follow":"follow","max-snippet":"max-snippet:-1","max-image-preview":"max-image-preview:large","max-video-preview":"max-video-preview:-1"},"canonical":"https:\/\/restaurantefrutosdelmar.com\/index.php\/elements\/message-box\/","og_locale":"en_US","og_type":"article","og_title":"Message box - restaurantefrutosdelmar.com","og_description":"El Restaurante Con tradici\u00f3n del chef Sergio Botero. Se encuentra ubicado en Marinilla, Antioquia. Durante los ultimos a\u00f1os ha recibido numerosos reconocimientos. Destacandose como uno de los mejores restaurantes de comida Colombiana del pa\u00eds.","og_url":"https:\/\/restaurantefrutosdelmar.com\/index.php\/elements\/message-box\/","og_site_name":"restaurantefrutosdelmar.com","article_publisher":"https:\/\/es-la.facebook.com\/restaurantecontradicion\/","twitter_card":"summary_large_image","twitter_misc":{"Est. reading time":"1 minute"},"schema":{"@context":"https:\/\/schema.org","@graph":[{"@type":"WebPage","@id":"https:\/\/restaurantefrutosdelmar.com\/index.php\/elements\/message-box\/","url":"https:\/\/restaurantefrutosdelmar.com\/index.php\/elements\/message-box\/","name":"Message box - restaurantefrutosdelmar.com","isPartOf":{"@id":"https:\/\/restaurantefrutosdelmar.com\/#website"},"datePublished":"2018-07-04T10:19:17+00:00","description":"El Restaurante Con tradici\u00f3n del chef Sergio Botero. Se encuentra ubicado en Marinilla, Antioquia. Durante los ultimos a\u00f1os ha recibido numerosos reconocimientos. Destacandose como uno de los mejores restaurantes de comida Colombiana del pa\u00eds.","breadcrumb":{"@id":"https:\/\/restaurantefrutosdelmar.com\/index.php\/elements\/message-box\/#breadcrumb"},"inLanguage":"en-US","potentialAction":[{"@type":"ReadAction","target":["https:\/\/restaurantefrutosdelmar.com\/index.php\/elements\/message-box\/"]}]},{"@type":"BreadcrumbList","@id":"https:\/\/restaurantefrutosdelmar.com\/index.php\/elements\/message-box\/#breadcrumb","itemListElement":[{"@type":"ListItem","position":1,"name":"Home","item":"https:\/\/restaurantefrutosdelmar.com\/"},{"@type":"ListItem","position":2,"name":"Elements","item":"https:\/\/restaurantefrutosdelmar.com\/index.php\/elements\/"},{"@type":"ListItem","position":3,"name":"Message box"}]},{"@type":"WebSite","@id":"https:\/\/restaurantefrutosdelmar.com\/#website","url":"https:\/\/restaurantefrutosdelmar.com\/","name":"restaurantefrutosdelmar.com","description":"","publisher":{"@id":"https:\/\/restaurantefrutosdelmar.com\/#organization"},"potentialAction":[{"@type":"SearchAction","target":{"@type":"EntryPoint","urlTemplate":"https:\/\/restaurantefrutosdelmar.com\/?s={search_term_string}"},"query-input":{"@type":"PropertyValueSpecification","valueRequired":true,"valueName":"search_term_string"}}],"inLanguage":"en-US"},{"@type":"Organization","@id":"https:\/\/restaurantefrutosdelmar.com\/#organization","name":"Con tradicion Restaurante","url":"https:\/\/restaurantefrutosdelmar.com\/","logo":{"@type":"ImageObject","inLanguage":"en-US","@id":"https:\/\/restaurantefrutosdelmar.com\/#\/schema\/logo\/image\/","url":"https:\/\/restaurantefrutosdelmar.com\/wp-content\/uploads\/2022\/12\/Contradicion-Restaurante.png","contentUrl":"https:\/\/restaurantefrutosdelmar.com\/wp-content\/uploads\/2022\/12\/Contradicion-Restaurante.png","width":2090,"height":1324,"caption":"Con tradicion Restaurante"},"image":{"@id":"https:\/\/restaurantefrutosdelmar.com\/#\/schema\/logo\/image\/"},"sameAs":["https:\/\/es-la.facebook.com\/restaurantecontradicion\/"]}]}},"_links":{"self":[{"href":"https:\/\/restaurantefrutosdelmar.com\/index.php\/wp-json\/wp\/v2\/pages\/591","targetHints":{"allow":["GET"]}}],"collection":[{"href":"https:\/\/restaurantefrutosdelmar.com\/index.php\/wp-json\/wp\/v2\/pages"}],"about":[{"href":"https:\/\/restaurantefrutosdelmar.com\/index.php\/wp-json\/wp\/v2\/types\/page"}],"author":[{"embeddable":true,"href":"https:\/\/restaurantefrutosdelmar.com\/index.php\/wp-json\/wp\/v2\/users\/1"}],"replies":[{"embeddable":true,"href":"https:\/\/restaurantefrutosdelmar.com\/index.php\/wp-json\/wp\/v2\/comments?post=591"}],"version-history":[{"count":0,"href":"https:\/\/restaurantefrutosdelmar.com\/index.php\/wp-json\/wp\/v2\/pages\/591\/revisions"}],"up":[{"embeddable":true,"href":"https:\/\/restaurantefrutosdelmar.com\/index.php\/wp-json\/wp\/v2\/pages\/365"}],"wp:attachment":[{"href":"https:\/\/restaurantefrutosdelmar.com\/index.php\/wp-json\/wp\/v2\/media?parent=591"}],"curies":[{"name":"wp","href":"https:\/\/api.w.org\/{rel}","templated":true}]}}