{"id":6126,"date":"2024-04-07T23:34:22","date_gmt":"2024-04-07T23:34:22","guid":{"rendered":"https:\/\/restaurantefrutosdelmar.com\/?page_id=6126"},"modified":"2024-05-16T00:33:26","modified_gmt":"2024-05-16T00:33:26","slug":"historia","status":"publish","type":"page","link":"https:\/\/restaurantefrutosdelmar.com\/index.php\/historia\/","title":{"rendered":"Historia"},"content":{"rendered":"<section class=\"wpb-content-wrapper\"><p>[vc_row full_width=&#8221;stretch_row&#8221;][vc_column width=&#8221;1\/2&#8243;][tm_spacer size=&#8221;xs:10;sm:10;md:10;lg:10&#8243;][tm_heading style=&#8221;highlight-secondary-color&#8221; custom_google_font=&#8221;&#8221; text=&#8221;Fundado desde 1980&#8243;][tm_spacer size=&#8221;xs:10;sm:10;md:10;lg:25&#8243;][tm_image image=&#8221;6171&#8243;][tm_spacer size=&#8221;xs:10;sm:10;md:10;lg:25&#8243;][tm_image image=&#8221;6142&#8243;][tm_spacer size=&#8221;xs:10;sm:10;md:10;lg:25&#8243;][tm_image image=&#8221;6172&#8243;][tm_spacer size=&#8221;xs:10;sm:10;md:10;lg:25&#8243;][tm_image image=&#8221;6155&#8243;][tm_spacer size=&#8221;xs:10;sm:10;md:10;lg:25&#8243;][tm_image image=&#8221;6176&#8243;][tm_spacer size=&#8221;xs:10;sm:10;md:10;lg:25&#8243;][tm_image image=&#8221;6086&#8243;][\/vc_column][vc_column width=&#8221;1\/2&#8243;][tm_spacer size=&#8221;xs:10;sm:10;md:10;lg:80&#8243;][vc_column_text]<\/p>\n<p class=\"v1MsoNormal\" style=\"text-align: center;\">En el coraz\u00f3n del barrio El Poblado en Medell\u00edn, desde 1980, se erige un templo gastron\u00f3mico que ha conquistado los paladares m\u00e1s exigentes: Frutos del Mar. Fundado por el visionario In\u00e1cio Mar\u00eda, un apasionado de la cocina portuguesa, este restaurante naci\u00f3 del amor por el barrio Manila y el deseo de compartir los exquisitos sabores del mar con la vibrante ciudad de Medell\u00edn.<\/p>\n<p class=\"v1MsoNormal\" style=\"text-align: center;\">In\u00e1cio Mar\u00eda no solo trajo consigo las recetas tradicionales de su tierra natal, sino tambi\u00e9n su esp\u00edritu emprendedor y su inigualable saz\u00f3n, dando vida a platos que se convirtieron en verdaderos tesoros culinarios para los comensales que buscaban una experiencia gastron\u00f3mica aut\u00e9ntica.<\/p>\n<p class=\"v1MsoNormal\" style=\"text-align: center;\">Con el paso de los a\u00f1os, Frutos del Mar se convirti\u00f3 en un \u00edcono del buen comer en Medell\u00edn, pero su historia no se detuvo ah\u00ed. Guiados por el legado dejado por el querido Don In\u00e1cio, nuevos socios se unieron al proyecto con el firme prop\u00f3sito de preservar la esencia y la tradici\u00f3n del restaurante, al tiempo que lo llevaban hacia una nueva era de modernidad y frescura.<\/p>\n<p class=\"v1MsoNormal\" style=\"text-align: center;\">Hoy, en Frutos del Mar, honramos la memoria de nuestro fundador cada d\u00eda, manteniendo vivos sus sue\u00f1os y su pasi\u00f3n por la gastronom\u00eda. Cada plato que sale de nuestra cocina es un tributo a su legado, pero tambi\u00e9n una muestra de nuestra constante b\u00fasqueda de la buena comida mediterr\u00e1nea.<\/p>\n<p class=\"v1MsoNormal\" style=\"text-align: center;\">Nuestro espacio ha evolucionado con el tiempo, fusionando la calidez y el encanto de lo cl\u00e1sico con la sofisticaci\u00f3n y el dinamismo de lo contempor\u00e1neo. Las paredes de nuestro restaurante cuentan historias de d\u00e9cadas pasadas, mientras que nuestro ambiente y servicio reflejan la frescura y vitalidad del presente.<\/p>\n<p class=\"v1MsoNormal\" style=\"text-align: center;\">En Frutos del Mar, te invitamos a embarcarte en un viaje culinario \u00fanico, donde cada bocado es una experiencia sensorial que te transportar\u00e1 al mediterr\u00e1neo.<\/p>\n<p class=\"v1MsoNormal\" style=\"text-align: center;\">Acomp\u00e1\u00f1anos en esta aventura gastron\u00f3mica, donde la tradici\u00f3n y la innovaci\u00f3n se entrelazan para crear momentos inolvidables.<\/p>\n<p class=\"v1MsoNormal\" style=\"text-align: center;\">\u00a1Bienvenidos a Frutos del Mar, donde los sabores del mar cobran vida!<\/p>\n<p>[\/vc_column_text][tm_spacer size=&#8221;xs:10;sm:10;md:10;lg:10&#8243;][\/vc_column][\/vc_row][vc_row][vc_column][tm_spacer size=&#8221;xs:10;sm:10;md:10;lg:100&#8243;][tm_button size=&#8221;lg&#8221; button=&#8221;url:https%3A%2F%2Fwww.google.com%2Fmaps%2Freserve%2Fdine%3Fc%3DUmb_XR8Jtwg%26ssst%3D2024-04-25T23%253A00%253A00.000Z%26ld%3D20240425T180000%26ps%3D5%26gei%3DZvESZvnPFJ-XwbkPiYqUmAQ%26hl%3Des-419%26opi%3D89978449%26source%3Dpa%26sourceurl%3Dhttps%253A%252F%252Fwww.google.com%252Fsearch%253Fclient%253Dsafari%2526rls%253Den%2526q%253Dfrutos%252Bdel%252Bmar%252Brestaurante%2526ie%253DUTF-8%2526oe%253DUTF-8%26ihs%3D6|title:RESERVA|target:_blank&#8221; align=&#8221;center&#8221; md_align=&#8221;center&#8221; sm_align=&#8221;center&#8221; xs_align=&#8221;center&#8221;][tm_spacer size=&#8221;xs:10;sm:10;md:10;lg:100&#8243;][\/vc_column][\/vc_row][vc_row][vc_column width=&#8221;1\/3&#8243;][tm_spacer size=&#8221;lg:20&#8243;][tm_heading style=&#8221;highlight&#8221; custom_google_font=&#8221;&#8221; link=&#8221;CONTACTO&#8221;][tm_spacer size=&#8221;lg:20&#8243;][vc_column_text]<\/p>\n<p class=\"\" style=\"text-align: center;\">Tel\u00e9fono<br \/>\n<a href=\"tel:reservas@restaurantefrutosdelmar.com\">+57 3157968944<\/a><\/p>\n<p style=\"text-align: center;\">Direcci\u00f3n<br \/>\nCra. 43B #11 51,<\/p>\n<p style=\"text-align: center;\">El Poblado, Medell\u00edn \u2013 Antioquia<\/p>\n<p>[\/vc_column_text][tm_spacer size=&#8221;lg:20&#8243;][\/vc_column][vc_column width=&#8221;1\/3&#8243;][tm_spacer size=&#8221;lg:20&#8243;][tm_image image_size=&#8221;custom&#8221; align=&#8221;center&#8221; md_align=&#8221;center&#8221; sm_align=&#8221;center&#8221; xs_align=&#8221;center&#8221; image=&#8221;6011&#8243; image_size_width=&#8221;150&#8243; image_size_height=&#8221;150&#8243;][tm_spacer size=&#8221;lg:20&#8243;][tm_social_networks align=&#8221;center&#8221; md_align=&#8221;center&#8221; sm_align=&#8221;center&#8221; xs_align=&#8221;center&#8221; items=&#8221;%5B%7B%22title%22%3A%22Facebook%22%2C%22link%22%3A%22%23%22%2C%22icon_fontawesome5%22%3A%22fab%20fa-facebook%22%7D%2C%7B%22title%22%3A%22Instagram%22%2C%22link%22%3A%22%23%22%2C%22icon_fontawesome5%22%3A%22fab%20fa-instagram%22%7D%2C%7B%22title%22%3A%22Tripadvisor%22%2C%22link%22%3A%22https%3A%2F%2Fwww.tripadvisor.co%2FRestaurant_Review-g297478-d1036632-Reviews-Frutos_del_Mar_Restaurante-Medellin_Antioquia_Department.html%22%2C%22icon_fontawesome5%22%3A%22fab%20fa-tripadvisor%22%7D%5D&#8221;][tm_spacer size=&#8221;lg:50&#8243;][vc_column_text]<\/p>\n<p style=\"text-align: center;\">Terminos y Condiciones<\/p>\n<p>[\/vc_column_text][\/vc_column][vc_column width=&#8221;1\/3&#8243;][tm_spacer size=&#8221;lg:20&#8243;][tm_heading style=&#8221;highlight&#8221; custom_google_font=&#8221;&#8221; link=&#8221;HORARIOS&#8221;][tm_spacer size=&#8221;lg:20&#8243;][vc_column_text]<\/p>\n<p class=\"\" style=\"text-align: center;\">Lunes &#8211; S\u00e1bado:<\/p>\n<p class=\"\" style=\"text-align: center;\">12: 00 &#8211; 04:00 \/\/ 6:00 pm &#8211; 10:00 pm<\/p>\n<p class=\"\" style=\"text-align: center;\">Domingos:<\/p>\n<p class=\"\" style=\"text-align: center;\">12:00 &#8211; 04:00 pm<\/p>\n<p>[\/vc_column_text][\/vc_column][\/vc_row]<\/p>\n<\/section>","protected":false},"excerpt":{"rendered":"<p>[vc_row full_width=&#8221;stretch_row&#8221;][vc_column width=&#8221;1\/2&#8243;][tm_spacer size=&#8221;xs:10;sm:10;md:10;lg:10&#8243;][tm_heading style=&#8221;highlight-secondary-color&#8221; custom_google_font=&#8221;&#8221; text=&#8221;Fundado desde 1980&#8243;][tm_spacer size=&#8221;xs:10;sm:10;md:10;lg:25&#8243;][tm_image image=&#8221;6171&#8243;][tm_spacer size=&#8221;xs:10;sm:10;md:10;lg:25&#8243;][tm_image image=&#8221;6142&#8243;][tm_spacer size=&#8221;xs:10;sm:10;md:10;lg:25&#8243;][tm_image image=&#8221;6172&#8243;][tm_spacer size=&#8221;xs:10;sm:10;md:10;lg:25&#8243;][tm_image image=&#8221;6155&#8243;][tm_spacer size=&#8221;xs:10;sm:10;md:10;lg:25&#8243;][tm_image image=&#8221;6176&#8243;][tm_spacer size=&#8221;xs:10;sm:10;md:10;lg:25&#8243;][tm_image image=&#8221;6086&#8243;][\/vc_column][vc_column width=&#8221;1\/2&#8243;][tm_spacer size=&#8221;xs:10;sm:10;md:10;lg:80&#8243;][vc_column_text] En el coraz\u00f3n del barrio El Poblado en Medell\u00edn, desde 1980, se erige un templo gastron\u00f3mico que ha conquistado los paladares m\u00e1s exigentes: Frutos del Mar. Fundado por el visionario In\u00e1cio Mar\u00eda, un apasionado de la cocina portuguesa, este restaurante naci\u00f3 del amor por el barrio Manila y el deseo de compartir los exquisitos sabores del mar con la vibrante ciudad de Medell\u00edn. In\u00e1cio Mar\u00eda no solo trajo consigo las recetas tradicionales de su tierra natal, sino tambi\u00e9n su esp\u00edritu emprendedor y su inigualable saz\u00f3n, dando vida a platos que se convirtieron en verdaderos tesoros culinarios para los comensales que buscaban una experiencia gastron\u00f3mica aut\u00e9ntica. Con el paso de los a\u00f1os, Frutos del Mar se convirti\u00f3 en un \u00edcono del buen comer en Medell\u00edn, pero su historia no se detuvo ah\u00ed. Guiados por el legado dejado por el querido Don In\u00e1cio, nuevos socios se unieron al proyecto con el firme prop\u00f3sito de preservar la esencia y la tradici\u00f3n del restaurante, al tiempo que lo llevaban hacia una nueva era de modernidad y frescura. Hoy, en Frutos del Mar, honramos la memoria de nuestro fundador cada d\u00eda, manteniendo vivos sus sue\u00f1os y su pasi\u00f3n por la gastronom\u00eda. Cada plato que sale de nuestra cocina es un tributo a su legado, pero tambi\u00e9n una muestra de nuestra constante b\u00fasqueda de la buena comida mediterr\u00e1nea. Nuestro espacio ha evolucionado con el tiempo, fusionando la calidez y el encanto de lo cl\u00e1sico con la sofisticaci\u00f3n y el dinamismo de lo contempor\u00e1neo. Las paredes de nuestro restaurante cuentan historias de d\u00e9cadas pasadas, mientras que nuestro ambiente y servicio reflejan la frescura y vitalidad del presente. En Frutos del Mar, te invitamos a embarcarte en un viaje culinario \u00fanico, donde cada bocado es una experiencia sensorial que te transportar\u00e1 al mediterr\u00e1neo. Acomp\u00e1\u00f1anos en esta aventura gastron\u00f3mica, donde la tradici\u00f3n y la innovaci\u00f3n se entrelazan para crear momentos inolvidables. \u00a1Bienvenidos a Frutos del Mar, donde los sabores del mar cobran vida! [\/vc_column_text][tm_spacer size=&#8221;xs:10;sm:10;md:10;lg:10&#8243;][\/vc_column][\/vc_row][vc_row][vc_column][tm_spacer size=&#8221;xs:10;sm:10;md:10;lg:100&#8243;][tm_button size=&#8221;lg&#8221; button=&#8221;url:https%3A%2F%2Fwww.google.com%2Fmaps%2Freserve%2Fdine%3Fc%3DUmb_XR8Jtwg%26ssst%3D2024-04-25T23%253A00%253A00.000Z%26ld%3D20240425T180000%26ps%3D5%26gei%3DZvESZvnPFJ-XwbkPiYqUmAQ%26hl%3Des-419%26opi%3D89978449%26source%3Dpa%26sourceurl%3Dhttps%253A%252F%252Fwww.google.com%252Fsearch%253Fclient%253Dsafari%2526rls%253Den%2526q%253Dfrutos%252Bdel%252Bmar%252Brestaurante%2526ie%253DUTF-8%2526oe%253DUTF-8%26ihs%3D6|title:RESERVA|target:_blank&#8221; align=&#8221;center&#8221; md_align=&#8221;center&#8221; sm_align=&#8221;center&#8221; xs_align=&#8221;center&#8221;][tm_spacer size=&#8221;xs:10;sm:10;md:10;lg:100&#8243;][\/vc_column][\/vc_row][vc_row][vc_column width=&#8221;1\/3&#8243;][tm_spacer size=&#8221;lg:20&#8243;][tm_heading style=&#8221;highlight&#8221; custom_google_font=&#8221;&#8221; link=&#8221;CONTACTO&#8221;][tm_spacer size=&#8221;lg:20&#8243;][vc_column_text] Tel\u00e9fono +57 3157968944 Direcci\u00f3n Cra. 43B #11 51, El Poblado, Medell\u00edn \u2013 Antioquia [\/vc_column_text][tm_spacer size=&#8221;lg:20&#8243;][\/vc_column][vc_column width=&#8221;1\/3&#8243;][tm_spacer size=&#8221;lg:20&#8243;][tm_image image_size=&#8221;custom&#8221; align=&#8221;center&#8221; md_align=&#8221;center&#8221; sm_align=&#8221;center&#8221; xs_align=&#8221;center&#8221; image=&#8221;6011&#8243; image_size_width=&#8221;150&#8243; image_size_height=&#8221;150&#8243;][tm_spacer size=&#8221;lg:20&#8243;][tm_social_networks align=&#8221;center&#8221; md_align=&#8221;center&#8221; sm_align=&#8221;center&#8221; xs_align=&#8221;center&#8221; items=&#8221;%5B%7B%22title%22%3A%22Facebook%22%2C%22link%22%3A%22%23%22%2C%22icon_fontawesome5%22%3A%22fab%20fa-facebook%22%7D%2C%7B%22title%22%3A%22Instagram%22%2C%22link%22%3A%22%23%22%2C%22icon_fontawesome5%22%3A%22fab%20fa-instagram%22%7D%2C%7B%22title%22%3A%22Tripadvisor%22%2C%22link%22%3A%22https%3A%2F%2Fwww.tripadvisor.co%2FRestaurant_Review-g297478-d1036632-Reviews-Frutos_del_Mar_Restaurante-Medellin_Antioquia_Department.html%22%2C%22icon_fontawesome5%22%3A%22fab%20fa-tripadvisor%22%7D%5D&#8221;][tm_spacer size=&#8221;lg:50&#8243;][vc_column_text] Terminos y Condiciones [\/vc_column_text][\/vc_column][vc_column width=&#8221;1\/3&#8243;][tm_spacer size=&#8221;lg:20&#8243;][tm_heading style=&#8221;highlight&#8221; custom_google_font=&#8221;&#8221; link=&#8221;HORARIOS&#8221;][tm_spacer size=&#8221;lg:20&#8243;][vc_column_text] Lunes &#8211; S\u00e1bado: 12: 00 &#8211; 04:00 \/\/ 6:00 pm &#8211; 10:00 pm Domingos: 12:00 &#8211; 04:00 pm [\/vc_column_text][\/vc_column][\/vc_row]<\/p>\n","protected":false},"author":1,"featured_media":0,"parent":0,"menu_order":0,"comment_status":"closed","ping_status":"closed","template":"","meta":{"footnotes":""},"class_list":["post-6126","page","type-page","status-publish","hentry","post-no-thumbnail"],"yoast_head":"<!-- This site is optimized with the Yoast SEO plugin v25.8 - https:\/\/yoast.com\/wordpress\/plugins\/seo\/ -->\n<title>Historia - restaurantefrutosdelmar.com<\/title>\n<meta name=\"description\" content=\"El Restaurante Con tradici\u00f3n del chef Sergio Botero. Se encuentra ubicado en Marinilla, Antioquia. Durante los ultimos a\u00f1os ha recibido numerosos reconocimientos. Destacandose como uno de los mejores restaurantes de comida Colombiana del pa\u00eds.\" \/>\n<meta name=\"robots\" content=\"index, follow, max-snippet:-1, max-image-preview:large, max-video-preview:-1\" \/>\n<link rel=\"canonical\" href=\"https:\/\/restaurantefrutosdelmar.com\/index.php\/historia\/\" \/>\n<meta property=\"og:locale\" content=\"en_US\" \/>\n<meta property=\"og:type\" content=\"article\" \/>\n<meta property=\"og:title\" content=\"Historia - restaurantefrutosdelmar.com\" \/>\n<meta property=\"og:description\" content=\"El Restaurante Con tradici\u00f3n del chef Sergio Botero. Se encuentra ubicado en Marinilla, Antioquia. Durante los ultimos a\u00f1os ha recibido numerosos reconocimientos. Destacandose como uno de los mejores restaurantes de comida Colombiana del pa\u00eds.\" \/>\n<meta property=\"og:url\" content=\"https:\/\/restaurantefrutosdelmar.com\/index.php\/historia\/\" \/>\n<meta property=\"og:site_name\" content=\"restaurantefrutosdelmar.com\" \/>\n<meta property=\"article:publisher\" content=\"https:\/\/es-la.facebook.com\/restaurantecontradicion\/\" \/>\n<meta property=\"article:modified_time\" content=\"2024-05-16T00:33:26+00:00\" \/>\n<meta name=\"twitter:card\" content=\"summary_large_image\" \/>\n<meta name=\"twitter:label1\" content=\"Est. reading time\" \/>\n\t<meta name=\"twitter:data1\" content=\"4 minutes\" \/>\n<script type=\"application\/ld+json\" class=\"yoast-schema-graph\">{\"@context\":\"https:\/\/schema.org\",\"@graph\":[{\"@type\":\"WebPage\",\"@id\":\"https:\/\/restaurantefrutosdelmar.com\/index.php\/historia\/\",\"url\":\"https:\/\/restaurantefrutosdelmar.com\/index.php\/historia\/\",\"name\":\"Historia - restaurantefrutosdelmar.com\",\"isPartOf\":{\"@id\":\"https:\/\/restaurantefrutosdelmar.com\/#website\"},\"datePublished\":\"2024-04-07T23:34:22+00:00\",\"dateModified\":\"2024-05-16T00:33:26+00:00\",\"description\":\"El Restaurante Con tradici\u00f3n del chef Sergio Botero. Se encuentra ubicado en Marinilla, Antioquia. Durante los ultimos a\u00f1os ha recibido numerosos reconocimientos. Destacandose como uno de los mejores restaurantes de comida Colombiana del pa\u00eds.\",\"breadcrumb\":{\"@id\":\"https:\/\/restaurantefrutosdelmar.com\/index.php\/historia\/#breadcrumb\"},\"inLanguage\":\"en-US\",\"potentialAction\":[{\"@type\":\"ReadAction\",\"target\":[\"https:\/\/restaurantefrutosdelmar.com\/index.php\/historia\/\"]}]},{\"@type\":\"BreadcrumbList\",\"@id\":\"https:\/\/restaurantefrutosdelmar.com\/index.php\/historia\/#breadcrumb\",\"itemListElement\":[{\"@type\":\"ListItem\",\"position\":1,\"name\":\"Home\",\"item\":\"https:\/\/restaurantefrutosdelmar.com\/\"},{\"@type\":\"ListItem\",\"position\":2,\"name\":\"Historia\"}]},{\"@type\":\"WebSite\",\"@id\":\"https:\/\/restaurantefrutosdelmar.com\/#website\",\"url\":\"https:\/\/restaurantefrutosdelmar.com\/\",\"name\":\"restaurantefrutosdelmar.com\",\"description\":\"\",\"publisher\":{\"@id\":\"https:\/\/restaurantefrutosdelmar.com\/#organization\"},\"potentialAction\":[{\"@type\":\"SearchAction\",\"target\":{\"@type\":\"EntryPoint\",\"urlTemplate\":\"https:\/\/restaurantefrutosdelmar.com\/?s={search_term_string}\"},\"query-input\":{\"@type\":\"PropertyValueSpecification\",\"valueRequired\":true,\"valueName\":\"search_term_string\"}}],\"inLanguage\":\"en-US\"},{\"@type\":\"Organization\",\"@id\":\"https:\/\/restaurantefrutosdelmar.com\/#organization\",\"name\":\"Con tradicion Restaurante\",\"url\":\"https:\/\/restaurantefrutosdelmar.com\/\",\"logo\":{\"@type\":\"ImageObject\",\"inLanguage\":\"en-US\",\"@id\":\"https:\/\/restaurantefrutosdelmar.com\/#\/schema\/logo\/image\/\",\"url\":\"https:\/\/restaurantefrutosdelmar.com\/wp-content\/uploads\/2022\/12\/Contradicion-Restaurante.png\",\"contentUrl\":\"https:\/\/restaurantefrutosdelmar.com\/wp-content\/uploads\/2022\/12\/Contradicion-Restaurante.png\",\"width\":2090,\"height\":1324,\"caption\":\"Con tradicion Restaurante\"},\"image\":{\"@id\":\"https:\/\/restaurantefrutosdelmar.com\/#\/schema\/logo\/image\/\"},\"sameAs\":[\"https:\/\/es-la.facebook.com\/restaurantecontradicion\/\"]}]}<\/script>\n<!-- \/ Yoast SEO plugin. -->","yoast_head_json":{"title":"Historia - restaurantefrutosdelmar.com","description":"El Restaurante Con tradici\u00f3n del chef Sergio Botero. Se encuentra ubicado en Marinilla, Antioquia. Durante los ultimos a\u00f1os ha recibido numerosos reconocimientos. Destacandose como uno de los mejores restaurantes de comida Colombiana del pa\u00eds.","robots":{"index":"index","follow":"follow","max-snippet":"max-snippet:-1","max-image-preview":"max-image-preview:large","max-video-preview":"max-video-preview:-1"},"canonical":"https:\/\/restaurantefrutosdelmar.com\/index.php\/historia\/","og_locale":"en_US","og_type":"article","og_title":"Historia - restaurantefrutosdelmar.com","og_description":"El Restaurante Con tradici\u00f3n del chef Sergio Botero. Se encuentra ubicado en Marinilla, Antioquia. Durante los ultimos a\u00f1os ha recibido numerosos reconocimientos. Destacandose como uno de los mejores restaurantes de comida Colombiana del pa\u00eds.","og_url":"https:\/\/restaurantefrutosdelmar.com\/index.php\/historia\/","og_site_name":"restaurantefrutosdelmar.com","article_publisher":"https:\/\/es-la.facebook.com\/restaurantecontradicion\/","article_modified_time":"2024-05-16T00:33:26+00:00","twitter_card":"summary_large_image","twitter_misc":{"Est. reading time":"4 minutes"},"schema":{"@context":"https:\/\/schema.org","@graph":[{"@type":"WebPage","@id":"https:\/\/restaurantefrutosdelmar.com\/index.php\/historia\/","url":"https:\/\/restaurantefrutosdelmar.com\/index.php\/historia\/","name":"Historia - restaurantefrutosdelmar.com","isPartOf":{"@id":"https:\/\/restaurantefrutosdelmar.com\/#website"},"datePublished":"2024-04-07T23:34:22+00:00","dateModified":"2024-05-16T00:33:26+00:00","description":"El Restaurante Con tradici\u00f3n del chef Sergio Botero. Se encuentra ubicado en Marinilla, Antioquia. Durante los ultimos a\u00f1os ha recibido numerosos reconocimientos. Destacandose como uno de los mejores restaurantes de comida Colombiana del pa\u00eds.","breadcrumb":{"@id":"https:\/\/restaurantefrutosdelmar.com\/index.php\/historia\/#breadcrumb"},"inLanguage":"en-US","potentialAction":[{"@type":"ReadAction","target":["https:\/\/restaurantefrutosdelmar.com\/index.php\/historia\/"]}]},{"@type":"BreadcrumbList","@id":"https:\/\/restaurantefrutosdelmar.com\/index.php\/historia\/#breadcrumb","itemListElement":[{"@type":"ListItem","position":1,"name":"Home","item":"https:\/\/restaurantefrutosdelmar.com\/"},{"@type":"ListItem","position":2,"name":"Historia"}]},{"@type":"WebSite","@id":"https:\/\/restaurantefrutosdelmar.com\/#website","url":"https:\/\/restaurantefrutosdelmar.com\/","name":"restaurantefrutosdelmar.com","description":"","publisher":{"@id":"https:\/\/restaurantefrutosdelmar.com\/#organization"},"potentialAction":[{"@type":"SearchAction","target":{"@type":"EntryPoint","urlTemplate":"https:\/\/restaurantefrutosdelmar.com\/?s={search_term_string}"},"query-input":{"@type":"PropertyValueSpecification","valueRequired":true,"valueName":"search_term_string"}}],"inLanguage":"en-US"},{"@type":"Organization","@id":"https:\/\/restaurantefrutosdelmar.com\/#organization","name":"Con tradicion Restaurante","url":"https:\/\/restaurantefrutosdelmar.com\/","logo":{"@type":"ImageObject","inLanguage":"en-US","@id":"https:\/\/restaurantefrutosdelmar.com\/#\/schema\/logo\/image\/","url":"https:\/\/restaurantefrutosdelmar.com\/wp-content\/uploads\/2022\/12\/Contradicion-Restaurante.png","contentUrl":"https:\/\/restaurantefrutosdelmar.com\/wp-content\/uploads\/2022\/12\/Contradicion-Restaurante.png","width":2090,"height":1324,"caption":"Con tradicion Restaurante"},"image":{"@id":"https:\/\/restaurantefrutosdelmar.com\/#\/schema\/logo\/image\/"},"sameAs":["https:\/\/es-la.facebook.com\/restaurantecontradicion\/"]}]}},"_links":{"self":[{"href":"https:\/\/restaurantefrutosdelmar.com\/index.php\/wp-json\/wp\/v2\/pages\/6126","targetHints":{"allow":["GET"]}}],"collection":[{"href":"https:\/\/restaurantefrutosdelmar.com\/index.php\/wp-json\/wp\/v2\/pages"}],"about":[{"href":"https:\/\/restaurantefrutosdelmar.com\/index.php\/wp-json\/wp\/v2\/types\/page"}],"author":[{"embeddable":true,"href":"https:\/\/restaurantefrutosdelmar.com\/index.php\/wp-json\/wp\/v2\/users\/1"}],"replies":[{"embeddable":true,"href":"https:\/\/restaurantefrutosdelmar.com\/index.php\/wp-json\/wp\/v2\/comments?post=6126"}],"version-history":[{"count":19,"href":"https:\/\/restaurantefrutosdelmar.com\/index.php\/wp-json\/wp\/v2\/pages\/6126\/revisions"}],"predecessor-version":[{"id":6185,"href":"https:\/\/restaurantefrutosdelmar.com\/index.php\/wp-json\/wp\/v2\/pages\/6126\/revisions\/6185"}],"wp:attachment":[{"href":"https:\/\/restaurantefrutosdelmar.com\/index.php\/wp-json\/wp\/v2\/media?parent=6126"}],"curies":[{"name":"wp","href":"https:\/\/api.w.org\/{rel}","templated":true}]}}