{"id":66,"date":"2018-05-17T04:33:14","date_gmt":"2018-05-17T04:33:14","guid":{"rendered":"https:\/\/restaurantefrutosdelmar.com\/index.php\/blog\/grid-sticky\/"},"modified":"2018-05-17T04:33:14","modified_gmt":"2018-05-17T04:33:14","slug":"grid-sticky","status":"publish","type":"page","link":"https:\/\/restaurantefrutosdelmar.com\/index.php\/blog\/grid-sticky\/","title":{"rendered":"Grid Sticky"},"content":{"rendered":"<section class=\"wpb-content-wrapper\"><p>[vc_row full_width=&#8221;stretch_row_content_no_spaces&#8221;][vc_column][vc_row_inner content_alignment=&#8221;center&#8221; max_width=&#8221;1470px&#8221;][vc_column_inner][tm_blog style=&#8221;grid-sticky&#8221; number=&#8221;9&#8243; pagination=&#8221;infinite&#8221; pagination_align=&#8221;center&#8221; taxonomies=&#8221;post_tag:format&#8221; columns=&#8221;xs:1;sm:2;lg:3&#8243;][\/vc_column_inner][\/vc_row_inner][\/vc_column][\/vc_row]<\/p>\n<\/section>","protected":false},"excerpt":{"rendered":"<p>[vc_row full_width=&#8221;stretch_row_content_no_spaces&#8221;][vc_column][vc_row_inner content_alignment=&#8221;center&#8221; max_width=&#8221;1470px&#8221;][vc_column_inner][tm_blog style=&#8221;grid-sticky&#8221; number=&#8221;9&#8243; pagination=&#8221;infinite&#8221; pagination_align=&#8221;center&#8221; taxonomies=&#8221;post_tag:format&#8221; columns=&#8221;xs:1;sm:2;lg:3&#8243;][\/vc_column_inner][\/vc_row_inner][\/vc_column][\/vc_row]<\/p>\n","protected":false},"author":1,"featured_media":0,"parent":49,"menu_order":0,"comment_status":"closed","ping_status":"closed","template":"","meta":{"footnotes":""},"class_list":["post-66","page","type-page","status-publish","hentry","post-no-thumbnail"],"yoast_head":"<!-- This site is optimized with the Yoast SEO plugin v25.8 - https:\/\/yoast.com\/wordpress\/plugins\/seo\/ -->\n<title>Grid Sticky - restaurantefrutosdelmar.com<\/title>\n<meta name=\"description\" content=\"El Restaurante Con tradici\u00f3n del chef Sergio Botero. Se encuentra ubicado en Marinilla, Antioquia. Durante los ultimos a\u00f1os ha recibido numerosos reconocimientos. Destacandose como uno de los mejores restaurantes de comida Colombiana del pa\u00eds.\" \/>\n<meta name=\"robots\" content=\"index, follow, max-snippet:-1, max-image-preview:large, max-video-preview:-1\" \/>\n<link rel=\"canonical\" href=\"https:\/\/restaurantefrutosdelmar.com\/index.php\/blog\/grid-sticky\/\" \/>\n<meta property=\"og:locale\" content=\"en_US\" \/>\n<meta property=\"og:type\" content=\"article\" \/>\n<meta property=\"og:title\" content=\"Grid Sticky - restaurantefrutosdelmar.com\" \/>\n<meta property=\"og:description\" content=\"El Restaurante Con tradici\u00f3n del chef Sergio Botero. Se encuentra ubicado en Marinilla, Antioquia. Durante los ultimos a\u00f1os ha recibido numerosos reconocimientos. Destacandose como uno de los mejores restaurantes de comida Colombiana del pa\u00eds.\" \/>\n<meta property=\"og:url\" content=\"https:\/\/restaurantefrutosdelmar.com\/index.php\/blog\/grid-sticky\/\" \/>\n<meta property=\"og:site_name\" content=\"restaurantefrutosdelmar.com\" \/>\n<meta property=\"article:publisher\" content=\"https:\/\/es-la.facebook.com\/restaurantecontradicion\/\" \/>\n<meta name=\"twitter:card\" content=\"summary_large_image\" \/>\n<script type=\"application\/ld+json\" class=\"yoast-schema-graph\">{\"@context\":\"https:\/\/schema.org\",\"@graph\":[{\"@type\":\"WebPage\",\"@id\":\"https:\/\/restaurantefrutosdelmar.com\/index.php\/blog\/grid-sticky\/\",\"url\":\"https:\/\/restaurantefrutosdelmar.com\/index.php\/blog\/grid-sticky\/\",\"name\":\"Grid Sticky - restaurantefrutosdelmar.com\",\"isPartOf\":{\"@id\":\"https:\/\/restaurantefrutosdelmar.com\/#website\"},\"datePublished\":\"2018-05-17T04:33:14+00:00\",\"description\":\"El Restaurante Con tradici\u00f3n del chef Sergio Botero. Se encuentra ubicado en Marinilla, Antioquia. Durante los ultimos a\u00f1os ha recibido numerosos reconocimientos. Destacandose como uno de los mejores restaurantes de comida Colombiana del pa\u00eds.\",\"breadcrumb\":{\"@id\":\"https:\/\/restaurantefrutosdelmar.com\/index.php\/blog\/grid-sticky\/#breadcrumb\"},\"inLanguage\":\"en-US\",\"potentialAction\":[{\"@type\":\"ReadAction\",\"target\":[\"https:\/\/restaurantefrutosdelmar.com\/index.php\/blog\/grid-sticky\/\"]}]},{\"@type\":\"BreadcrumbList\",\"@id\":\"https:\/\/restaurantefrutosdelmar.com\/index.php\/blog\/grid-sticky\/#breadcrumb\",\"itemListElement\":[{\"@type\":\"ListItem\",\"position\":1,\"name\":\"Home\",\"item\":\"https:\/\/restaurantefrutosdelmar.com\/\"},{\"@type\":\"ListItem\",\"position\":2,\"name\":\"Blog\",\"item\":\"https:\/\/restaurantefrutosdelmar.com\/index.php\/blog\/\"},{\"@type\":\"ListItem\",\"position\":3,\"name\":\"Grid Sticky\"}]},{\"@type\":\"WebSite\",\"@id\":\"https:\/\/restaurantefrutosdelmar.com\/#website\",\"url\":\"https:\/\/restaurantefrutosdelmar.com\/\",\"name\":\"restaurantefrutosdelmar.com\",\"description\":\"\",\"publisher\":{\"@id\":\"https:\/\/restaurantefrutosdelmar.com\/#organization\"},\"potentialAction\":[{\"@type\":\"SearchAction\",\"target\":{\"@type\":\"EntryPoint\",\"urlTemplate\":\"https:\/\/restaurantefrutosdelmar.com\/?s={search_term_string}\"},\"query-input\":{\"@type\":\"PropertyValueSpecification\",\"valueRequired\":true,\"valueName\":\"search_term_string\"}}],\"inLanguage\":\"en-US\"},{\"@type\":\"Organization\",\"@id\":\"https:\/\/restaurantefrutosdelmar.com\/#organization\",\"name\":\"Con tradicion Restaurante\",\"url\":\"https:\/\/restaurantefrutosdelmar.com\/\",\"logo\":{\"@type\":\"ImageObject\",\"inLanguage\":\"en-US\",\"@id\":\"https:\/\/restaurantefrutosdelmar.com\/#\/schema\/logo\/image\/\",\"url\":\"https:\/\/restaurantefrutosdelmar.com\/wp-content\/uploads\/2022\/12\/Contradicion-Restaurante.png\",\"contentUrl\":\"https:\/\/restaurantefrutosdelmar.com\/wp-content\/uploads\/2022\/12\/Contradicion-Restaurante.png\",\"width\":2090,\"height\":1324,\"caption\":\"Con tradicion Restaurante\"},\"image\":{\"@id\":\"https:\/\/restaurantefrutosdelmar.com\/#\/schema\/logo\/image\/\"},\"sameAs\":[\"https:\/\/es-la.facebook.com\/restaurantecontradicion\/\"]}]}<\/script>\n<!-- \/ Yoast SEO plugin. -->","yoast_head_json":{"title":"Grid Sticky - restaurantefrutosdelmar.com","description":"El Restaurante Con tradici\u00f3n del chef Sergio Botero. Se encuentra ubicado en Marinilla, Antioquia. Durante los ultimos a\u00f1os ha recibido numerosos reconocimientos. Destacandose como uno de los mejores restaurantes de comida Colombiana del pa\u00eds.","robots":{"index":"index","follow":"follow","max-snippet":"max-snippet:-1","max-image-preview":"max-image-preview:large","max-video-preview":"max-video-preview:-1"},"canonical":"https:\/\/restaurantefrutosdelmar.com\/index.php\/blog\/grid-sticky\/","og_locale":"en_US","og_type":"article","og_title":"Grid Sticky - restaurantefrutosdelmar.com","og_description":"El Restaurante Con tradici\u00f3n del chef Sergio Botero. Se encuentra ubicado en Marinilla, Antioquia. Durante los ultimos a\u00f1os ha recibido numerosos reconocimientos. Destacandose como uno de los mejores restaurantes de comida Colombiana del pa\u00eds.","og_url":"https:\/\/restaurantefrutosdelmar.com\/index.php\/blog\/grid-sticky\/","og_site_name":"restaurantefrutosdelmar.com","article_publisher":"https:\/\/es-la.facebook.com\/restaurantecontradicion\/","twitter_card":"summary_large_image","schema":{"@context":"https:\/\/schema.org","@graph":[{"@type":"WebPage","@id":"https:\/\/restaurantefrutosdelmar.com\/index.php\/blog\/grid-sticky\/","url":"https:\/\/restaurantefrutosdelmar.com\/index.php\/blog\/grid-sticky\/","name":"Grid Sticky - restaurantefrutosdelmar.com","isPartOf":{"@id":"https:\/\/restaurantefrutosdelmar.com\/#website"},"datePublished":"2018-05-17T04:33:14+00:00","description":"El Restaurante Con tradici\u00f3n del chef Sergio Botero. Se encuentra ubicado en Marinilla, Antioquia. Durante los ultimos a\u00f1os ha recibido numerosos reconocimientos. Destacandose como uno de los mejores restaurantes de comida Colombiana del pa\u00eds.","breadcrumb":{"@id":"https:\/\/restaurantefrutosdelmar.com\/index.php\/blog\/grid-sticky\/#breadcrumb"},"inLanguage":"en-US","potentialAction":[{"@type":"ReadAction","target":["https:\/\/restaurantefrutosdelmar.com\/index.php\/blog\/grid-sticky\/"]}]},{"@type":"BreadcrumbList","@id":"https:\/\/restaurantefrutosdelmar.com\/index.php\/blog\/grid-sticky\/#breadcrumb","itemListElement":[{"@type":"ListItem","position":1,"name":"Home","item":"https:\/\/restaurantefrutosdelmar.com\/"},{"@type":"ListItem","position":2,"name":"Blog","item":"https:\/\/restaurantefrutosdelmar.com\/index.php\/blog\/"},{"@type":"ListItem","position":3,"name":"Grid Sticky"}]},{"@type":"WebSite","@id":"https:\/\/restaurantefrutosdelmar.com\/#website","url":"https:\/\/restaurantefrutosdelmar.com\/","name":"restaurantefrutosdelmar.com","description":"","publisher":{"@id":"https:\/\/restaurantefrutosdelmar.com\/#organization"},"potentialAction":[{"@type":"SearchAction","target":{"@type":"EntryPoint","urlTemplate":"https:\/\/restaurantefrutosdelmar.com\/?s={search_term_string}"},"query-input":{"@type":"PropertyValueSpecification","valueRequired":true,"valueName":"search_term_string"}}],"inLanguage":"en-US"},{"@type":"Organization","@id":"https:\/\/restaurantefrutosdelmar.com\/#organization","name":"Con tradicion Restaurante","url":"https:\/\/restaurantefrutosdelmar.com\/","logo":{"@type":"ImageObject","inLanguage":"en-US","@id":"https:\/\/restaurantefrutosdelmar.com\/#\/schema\/logo\/image\/","url":"https:\/\/restaurantefrutosdelmar.com\/wp-content\/uploads\/2022\/12\/Contradicion-Restaurante.png","contentUrl":"https:\/\/restaurantefrutosdelmar.com\/wp-content\/uploads\/2022\/12\/Contradicion-Restaurante.png","width":2090,"height":1324,"caption":"Con tradicion Restaurante"},"image":{"@id":"https:\/\/restaurantefrutosdelmar.com\/#\/schema\/logo\/image\/"},"sameAs":["https:\/\/es-la.facebook.com\/restaurantecontradicion\/"]}]}},"_links":{"self":[{"href":"https:\/\/restaurantefrutosdelmar.com\/index.php\/wp-json\/wp\/v2\/pages\/66","targetHints":{"allow":["GET"]}}],"collection":[{"href":"https:\/\/restaurantefrutosdelmar.com\/index.php\/wp-json\/wp\/v2\/pages"}],"about":[{"href":"https:\/\/restaurantefrutosdelmar.com\/index.php\/wp-json\/wp\/v2\/types\/page"}],"author":[{"embeddable":true,"href":"https:\/\/restaurantefrutosdelmar.com\/index.php\/wp-json\/wp\/v2\/users\/1"}],"replies":[{"embeddable":true,"href":"https:\/\/restaurantefrutosdelmar.com\/index.php\/wp-json\/wp\/v2\/comments?post=66"}],"version-history":[{"count":0,"href":"https:\/\/restaurantefrutosdelmar.com\/index.php\/wp-json\/wp\/v2\/pages\/66\/revisions"}],"up":[{"embeddable":true,"href":"https:\/\/restaurantefrutosdelmar.com\/index.php\/wp-json\/wp\/v2\/pages\/49"}],"wp:attachment":[{"href":"https:\/\/restaurantefrutosdelmar.com\/index.php\/wp-json\/wp\/v2\/media?parent=66"}],"curies":[{"name":"wp","href":"https:\/\/api.w.org\/{rel}","templated":true}]}}