{"id":686,"date":"2018-07-05T08:46:47","date_gmt":"2018-07-05T08:46:47","guid":{"rendered":"https:\/\/restaurantefrutosdelmar.com\/index.php\/elements\/call-to-action-banners\/"},"modified":"2018-07-05T08:46:47","modified_gmt":"2018-07-05T08:46:47","slug":"call-to-action-banners","status":"publish","type":"page","link":"https:\/\/restaurantefrutosdelmar.com\/index.php\/elements\/call-to-action-banners\/","title":{"rendered":"Call to action banners"},"content":{"rendered":"<section class=\"wpb-content-wrapper\"><p>[vc_row full_width=&#8221;stretch_row&#8221; content_placement=&#8221;middle&#8221; background_color=&#8221;custom&#8221; lg_spacing=&#8221;padding_top:69;padding_bottom:69&#8243; custom_background_color=&#8221;#000000&#8243;][vc_column width=&#8221;1\/2&#8243;][tm_heading custom_google_font=&#8221;&#8221; xs_align=&#8221;center&#8221; text_color=&#8221;custom&#8221; custom_text_color=&#8221;#ffffff&#8221; text=&#8221;Horizontal solid #1&#8243;][tm_spacer size=&#8221;xs:30&#8243;][\/vc_column][vc_column width=&#8221;1\/2&#8243;][tm_button button=&#8221;url:%23|title:Find%20out%20more||&#8221; align=&#8221;right&#8221; xs_align=&#8221;center&#8221; color=&#8221;custom&#8221; button_bg_color=&#8221;custom&#8221; font_color=&#8221;primary&#8221; button_border_color=&#8221;custom&#8221; custom_button_bg_color=&#8221;#ffffff&#8221; custom_button_border_color=&#8221;#ffffff&#8221;][\/vc_column][\/vc_row][vc_row full_width=&#8221;stretch_row&#8221; content_placement=&#8221;middle&#8221; background_color=&#8221;primary&#8221; lg_spacing=&#8221;padding_top:69;padding_bottom:69&#8243;][vc_column width=&#8221;1\/2&#8243;][tm_heading custom_google_font=&#8221;&#8221; xs_align=&#8221;center&#8221; text_color=&#8221;custom&#8221; custom_text_color=&#8221;#ffffff&#8221; text=&#8221;Horizontal solid #2&#8243;][tm_spacer size=&#8221;xs:30&#8243;][\/vc_column][vc_column width=&#8221;1\/2&#8243;][tm_button button=&#8221;url:%23|title:Find%20out%20more||&#8221; align=&#8221;right&#8221; xs_align=&#8221;center&#8221; color=&#8221;custom&#8221; button_bg_color=&#8221;custom&#8221; font_color=&#8221;primary&#8221; button_border_color=&#8221;custom&#8221; custom_button_bg_color=&#8221;#ffffff&#8221; custom_button_border_color=&#8221;#ffffff&#8221;][\/vc_column][\/vc_row][vc_row full_width=&#8221;stretch_row&#8221; content_placement=&#8221;middle&#8221; lg_spacing=&#8221;padding_top:69;padding_bottom:69&#8243;][vc_column width=&#8221;1\/2&#8243;][tm_heading custom_google_font=&#8221;&#8221; xs_align=&#8221;center&#8221; text=&#8221;Horizontal solid #3&#8243;][tm_spacer size=&#8221;xs:30&#8243;][\/vc_column][vc_column width=&#8221;1\/2&#8243;][tm_button button=&#8221;url:%23|title:Find%20out%20more||&#8221; align=&#8221;right&#8221; xs_align=&#8221;center&#8221;][\/vc_column][\/vc_row][vc_row full_width=&#8221;stretch_row&#8221; content_placement=&#8221;middle&#8221; background_size=&#8221;auto&#8221; background_attachment=&#8221;fixed&#8221; overlay_background=&#8221;custom&#8221; overlay_opacity=&#8221;70&#8243; lg_spacing=&#8221;padding_top:69;padding_bottom:69&#8243; background_image=&#8221;690&#8243; background_position=&#8221;center&#8221;][vc_column width=&#8221;1\/2&#8243;][tm_heading custom_google_font=&#8221;&#8221; xs_align=&#8221;center&#8221; text_color=&#8221;custom&#8221; custom_text_color=&#8221;#ffffff&#8221; text=&#8221;Horizontal parallax&#8221;][tm_spacer size=&#8221;xs:30&#8243;][\/vc_column][vc_column width=&#8221;1\/2&#8243;][tm_button button=&#8221;url:%23|title:Find%20out%20more||&#8221; align=&#8221;right&#8221; xs_align=&#8221;center&#8221;][\/vc_column][\/vc_row][vc_row full_width=&#8221;stretch_row&#8221; background_color=&#8221;custom&#8221; custom_background_color=&#8221;#000000&#8243;][vc_column][tm_spacer size=&#8221;lg:118&#8243;][tm_heading custom_google_font=&#8221;&#8221; align=&#8221;center&#8221; text_color=&#8221;custom&#8221; custom_text_color=&#8221;#ffffff&#8221; text=&#8221;Vertical solid #1&#8243;][tm_spacer size=&#8221;lg:44&#8243;][tm_button button=&#8221;url:%23|title:Find%20out%20more||&#8221; align=&#8221;center&#8221; color=&#8221;custom&#8221; button_bg_color=&#8221;custom&#8221; font_color=&#8221;primary&#8221; button_border_color=&#8221;custom&#8221; custom_button_bg_color=&#8221;#ffffff&#8221; custom_button_border_color=&#8221;#ffffff&#8221;][tm_spacer size=&#8221;lg:132&#8243;][\/vc_column][\/vc_row][vc_row full_width=&#8221;stretch_row&#8221; background_color=&#8221;primary&#8221;][vc_column][tm_spacer size=&#8221;lg:118&#8243;][tm_heading custom_google_font=&#8221;&#8221; align=&#8221;center&#8221; text_color=&#8221;custom&#8221; custom_text_color=&#8221;#ffffff&#8221; text=&#8221;Vertical solid #2&#8243;][tm_spacer size=&#8221;lg:44&#8243;][tm_button button=&#8221;url:%23|title:Find%20out%20more||&#8221; align=&#8221;center&#8221; color=&#8221;custom&#8221; button_bg_color=&#8221;custom&#8221; font_color=&#8221;primary&#8221; button_border_color=&#8221;custom&#8221; custom_button_bg_color=&#8221;#ffffff&#8221; custom_button_border_color=&#8221;#ffffff&#8221;][tm_spacer size=&#8221;lg:132&#8243;][\/vc_column][\/vc_row][vc_row full_width=&#8221;stretch_row&#8221;][vc_column][tm_spacer size=&#8221;lg:118&#8243;][tm_heading custom_google_font=&#8221;&#8221; align=&#8221;center&#8221; text=&#8221;Vertical solid #3&#8243;][tm_spacer size=&#8221;lg:44&#8243;][tm_button button=&#8221;url:%23|title:Find%20out%20more||&#8221; align=&#8221;center&#8221;][tm_spacer size=&#8221;lg:132&#8243;][\/vc_column][\/vc_row][vc_row full_width=&#8221;stretch_row&#8221; background_attachment=&#8221;fixed&#8221; overlay_background=&#8221;custom&#8221; overlay_opacity=&#8221;70&#8243; background_image=&#8221;614&#8243; background_position=&#8221;center&#8221;][vc_column][tm_spacer size=&#8221;lg:118&#8243;][tm_heading custom_google_font=&#8221;&#8221; align=&#8221;center&#8221; text_color=&#8221;custom&#8221; custom_text_color=&#8221;#ffffff&#8221; text=&#8221;Vertical solid #4&#8243;][tm_spacer size=&#8221;lg:44&#8243;][tm_button button=&#8221;url:%23|title:Find%20out%20more||&#8221; align=&#8221;center&#8221; color=&#8221;custom&#8221; button_bg_color=&#8221;custom&#8221; font_color=&#8221;primary&#8221; button_border_color=&#8221;custom&#8221; custom_button_bg_color=&#8221;#ffffff&#8221; custom_button_border_color=&#8221;#ffffff&#8221;][tm_spacer size=&#8221;lg:132&#8243;][\/vc_column][\/vc_row]<\/p>\n<\/section>","protected":false},"excerpt":{"rendered":"<p>[vc_row full_width=&#8221;stretch_row&#8221; content_placement=&#8221;middle&#8221; background_color=&#8221;custom&#8221; lg_spacing=&#8221;padding_top:69;padding_bottom:69&#8243; custom_background_color=&#8221;#000000&#8243;][vc_column width=&#8221;1\/2&#8243;][tm_heading custom_google_font=&#8221;&#8221; xs_align=&#8221;center&#8221; text_color=&#8221;custom&#8221; custom_text_color=&#8221;#ffffff&#8221; text=&#8221;Horizontal solid #1&#8243;][tm_spacer size=&#8221;xs:30&#8243;][\/vc_column][vc_column width=&#8221;1\/2&#8243;][tm_button button=&#8221;url:%23|title:Find%20out%20more||&#8221; align=&#8221;right&#8221; xs_align=&#8221;center&#8221; color=&#8221;custom&#8221; button_bg_color=&#8221;custom&#8221; font_color=&#8221;primary&#8221; button_border_color=&#8221;custom&#8221; custom_button_bg_color=&#8221;#ffffff&#8221; custom_button_border_color=&#8221;#ffffff&#8221;][\/vc_column][\/vc_row][vc_row full_width=&#8221;stretch_row&#8221; content_placement=&#8221;middle&#8221; background_color=&#8221;primary&#8221; lg_spacing=&#8221;padding_top:69;padding_bottom:69&#8243;][vc_column width=&#8221;1\/2&#8243;][tm_heading custom_google_font=&#8221;&#8221; xs_align=&#8221;center&#8221; text_color=&#8221;custom&#8221; custom_text_color=&#8221;#ffffff&#8221; text=&#8221;Horizontal solid #2&#8243;][tm_spacer size=&#8221;xs:30&#8243;][\/vc_column][vc_column width=&#8221;1\/2&#8243;][tm_button button=&#8221;url:%23|title:Find%20out%20more||&#8221; align=&#8221;right&#8221; xs_align=&#8221;center&#8221; color=&#8221;custom&#8221; button_bg_color=&#8221;custom&#8221; font_color=&#8221;primary&#8221; button_border_color=&#8221;custom&#8221; custom_button_bg_color=&#8221;#ffffff&#8221; custom_button_border_color=&#8221;#ffffff&#8221;][\/vc_column][\/vc_row][vc_row full_width=&#8221;stretch_row&#8221; content_placement=&#8221;middle&#8221; lg_spacing=&#8221;padding_top:69;padding_bottom:69&#8243;][vc_column width=&#8221;1\/2&#8243;][tm_heading custom_google_font=&#8221;&#8221; xs_align=&#8221;center&#8221; text=&#8221;Horizontal solid #3&#8243;][tm_spacer size=&#8221;xs:30&#8243;][\/vc_column][vc_column width=&#8221;1\/2&#8243;][tm_button button=&#8221;url:%23|title:Find%20out%20more||&#8221; align=&#8221;right&#8221; xs_align=&#8221;center&#8221;][\/vc_column][\/vc_row][vc_row full_width=&#8221;stretch_row&#8221; content_placement=&#8221;middle&#8221; background_size=&#8221;auto&#8221; background_attachment=&#8221;fixed&#8221; overlay_background=&#8221;custom&#8221; overlay_opacity=&#8221;70&#8243; lg_spacing=&#8221;padding_top:69;padding_bottom:69&#8243; background_image=&#8221;690&#8243; background_position=&#8221;center&#8221;][vc_column width=&#8221;1\/2&#8243;][tm_heading custom_google_font=&#8221;&#8221; xs_align=&#8221;center&#8221; text_color=&#8221;custom&#8221; custom_text_color=&#8221;#ffffff&#8221; text=&#8221;Horizontal parallax&#8221;][tm_spacer size=&#8221;xs:30&#8243;][\/vc_column][vc_column width=&#8221;1\/2&#8243;][tm_button button=&#8221;url:%23|title:Find%20out%20more||&#8221; align=&#8221;right&#8221; xs_align=&#8221;center&#8221;][\/vc_column][\/vc_row][vc_row full_width=&#8221;stretch_row&#8221; background_color=&#8221;custom&#8221; custom_background_color=&#8221;#000000&#8243;][vc_column][tm_spacer size=&#8221;lg:118&#8243;][tm_heading custom_google_font=&#8221;&#8221; align=&#8221;center&#8221; text_color=&#8221;custom&#8221; custom_text_color=&#8221;#ffffff&#8221; text=&#8221;Vertical solid #1&#8243;][tm_spacer size=&#8221;lg:44&#8243;][tm_button button=&#8221;url:%23|title:Find%20out%20more||&#8221; align=&#8221;center&#8221; color=&#8221;custom&#8221; button_bg_color=&#8221;custom&#8221; font_color=&#8221;primary&#8221; button_border_color=&#8221;custom&#8221; custom_button_bg_color=&#8221;#ffffff&#8221; custom_button_border_color=&#8221;#ffffff&#8221;][tm_spacer size=&#8221;lg:132&#8243;][\/vc_column][\/vc_row][vc_row full_width=&#8221;stretch_row&#8221; background_color=&#8221;primary&#8221;][vc_column][tm_spacer size=&#8221;lg:118&#8243;][tm_heading custom_google_font=&#8221;&#8221; align=&#8221;center&#8221; text_color=&#8221;custom&#8221; custom_text_color=&#8221;#ffffff&#8221; text=&#8221;Vertical solid #2&#8243;][tm_spacer size=&#8221;lg:44&#8243;][tm_button button=&#8221;url:%23|title:Find%20out%20more||&#8221; align=&#8221;center&#8221; color=&#8221;custom&#8221; button_bg_color=&#8221;custom&#8221; font_color=&#8221;primary&#8221; button_border_color=&#8221;custom&#8221; custom_button_bg_color=&#8221;#ffffff&#8221; custom_button_border_color=&#8221;#ffffff&#8221;][tm_spacer size=&#8221;lg:132&#8243;][\/vc_column][\/vc_row][vc_row full_width=&#8221;stretch_row&#8221;][vc_column][tm_spacer size=&#8221;lg:118&#8243;][tm_heading custom_google_font=&#8221;&#8221; align=&#8221;center&#8221; text=&#8221;Vertical solid #3&#8243;][tm_spacer size=&#8221;lg:44&#8243;][tm_button button=&#8221;url:%23|title:Find%20out%20more||&#8221; align=&#8221;center&#8221;][tm_spacer size=&#8221;lg:132&#8243;][\/vc_column][\/vc_row][vc_row full_width=&#8221;stretch_row&#8221; background_attachment=&#8221;fixed&#8221; overlay_background=&#8221;custom&#8221; overlay_opacity=&#8221;70&#8243; background_image=&#8221;614&#8243; background_position=&#8221;center&#8221;][vc_column][tm_spacer size=&#8221;lg:118&#8243;][tm_heading custom_google_font=&#8221;&#8221; align=&#8221;center&#8221; text_color=&#8221;custom&#8221; custom_text_color=&#8221;#ffffff&#8221; text=&#8221;Vertical solid #4&#8243;][tm_spacer size=&#8221;lg:44&#8243;][tm_button button=&#8221;url:%23|title:Find%20out%20more||&#8221; align=&#8221;center&#8221; color=&#8221;custom&#8221; button_bg_color=&#8221;custom&#8221; font_color=&#8221;primary&#8221; button_border_color=&#8221;custom&#8221; custom_button_bg_color=&#8221;#ffffff&#8221; custom_button_border_color=&#8221;#ffffff&#8221;][tm_spacer size=&#8221;lg:132&#8243;][\/vc_column][\/vc_row]<\/p>\n","protected":false},"author":1,"featured_media":0,"parent":365,"menu_order":0,"comment_status":"closed","ping_status":"closed","template":"","meta":{"footnotes":""},"class_list":["post-686","page","type-page","status-publish","hentry","post-no-thumbnail"],"yoast_head":"<!-- This site is optimized with the Yoast SEO plugin v25.8 - https:\/\/yoast.com\/wordpress\/plugins\/seo\/ -->\n<title>Call to action banners - restaurantefrutosdelmar.com<\/title>\n<meta name=\"description\" content=\"El Restaurante Con tradici\u00f3n del chef Sergio Botero. Se encuentra ubicado en Marinilla, Antioquia. Durante los ultimos a\u00f1os ha recibido numerosos reconocimientos. Destacandose como uno de los mejores restaurantes de comida Colombiana del pa\u00eds.\" \/>\n<meta name=\"robots\" content=\"index, follow, max-snippet:-1, max-image-preview:large, max-video-preview:-1\" \/>\n<link rel=\"canonical\" href=\"https:\/\/restaurantefrutosdelmar.com\/index.php\/elements\/call-to-action-banners\/\" \/>\n<meta property=\"og:locale\" content=\"en_US\" \/>\n<meta property=\"og:type\" content=\"article\" \/>\n<meta property=\"og:title\" content=\"Call to action banners - restaurantefrutosdelmar.com\" \/>\n<meta property=\"og:description\" content=\"El Restaurante Con tradici\u00f3n del chef Sergio Botero. Se encuentra ubicado en Marinilla, Antioquia. Durante los ultimos a\u00f1os ha recibido numerosos reconocimientos. Destacandose como uno de los mejores restaurantes de comida Colombiana del pa\u00eds.\" \/>\n<meta property=\"og:url\" content=\"https:\/\/restaurantefrutosdelmar.com\/index.php\/elements\/call-to-action-banners\/\" \/>\n<meta property=\"og:site_name\" content=\"restaurantefrutosdelmar.com\" \/>\n<meta property=\"article:publisher\" content=\"https:\/\/es-la.facebook.com\/restaurantecontradicion\/\" \/>\n<meta name=\"twitter:card\" content=\"summary_large_image\" \/>\n<meta name=\"twitter:label1\" content=\"Est. reading time\" \/>\n\t<meta name=\"twitter:data1\" content=\"3 minutes\" \/>\n<script type=\"application\/ld+json\" class=\"yoast-schema-graph\">{\"@context\":\"https:\/\/schema.org\",\"@graph\":[{\"@type\":\"WebPage\",\"@id\":\"https:\/\/restaurantefrutosdelmar.com\/index.php\/elements\/call-to-action-banners\/\",\"url\":\"https:\/\/restaurantefrutosdelmar.com\/index.php\/elements\/call-to-action-banners\/\",\"name\":\"Call to action banners - restaurantefrutosdelmar.com\",\"isPartOf\":{\"@id\":\"https:\/\/restaurantefrutosdelmar.com\/#website\"},\"datePublished\":\"2018-07-05T08:46:47+00:00\",\"description\":\"El Restaurante Con tradici\u00f3n del chef Sergio Botero. Se encuentra ubicado en Marinilla, Antioquia. Durante los ultimos a\u00f1os ha recibido numerosos reconocimientos. Destacandose como uno de los mejores restaurantes de comida Colombiana del pa\u00eds.\",\"breadcrumb\":{\"@id\":\"https:\/\/restaurantefrutosdelmar.com\/index.php\/elements\/call-to-action-banners\/#breadcrumb\"},\"inLanguage\":\"en-US\",\"potentialAction\":[{\"@type\":\"ReadAction\",\"target\":[\"https:\/\/restaurantefrutosdelmar.com\/index.php\/elements\/call-to-action-banners\/\"]}]},{\"@type\":\"BreadcrumbList\",\"@id\":\"https:\/\/restaurantefrutosdelmar.com\/index.php\/elements\/call-to-action-banners\/#breadcrumb\",\"itemListElement\":[{\"@type\":\"ListItem\",\"position\":1,\"name\":\"Home\",\"item\":\"https:\/\/restaurantefrutosdelmar.com\/\"},{\"@type\":\"ListItem\",\"position\":2,\"name\":\"Elements\",\"item\":\"https:\/\/restaurantefrutosdelmar.com\/index.php\/elements\/\"},{\"@type\":\"ListItem\",\"position\":3,\"name\":\"Call to action banners\"}]},{\"@type\":\"WebSite\",\"@id\":\"https:\/\/restaurantefrutosdelmar.com\/#website\",\"url\":\"https:\/\/restaurantefrutosdelmar.com\/\",\"name\":\"restaurantefrutosdelmar.com\",\"description\":\"\",\"publisher\":{\"@id\":\"https:\/\/restaurantefrutosdelmar.com\/#organization\"},\"potentialAction\":[{\"@type\":\"SearchAction\",\"target\":{\"@type\":\"EntryPoint\",\"urlTemplate\":\"https:\/\/restaurantefrutosdelmar.com\/?s={search_term_string}\"},\"query-input\":{\"@type\":\"PropertyValueSpecification\",\"valueRequired\":true,\"valueName\":\"search_term_string\"}}],\"inLanguage\":\"en-US\"},{\"@type\":\"Organization\",\"@id\":\"https:\/\/restaurantefrutosdelmar.com\/#organization\",\"name\":\"Con tradicion Restaurante\",\"url\":\"https:\/\/restaurantefrutosdelmar.com\/\",\"logo\":{\"@type\":\"ImageObject\",\"inLanguage\":\"en-US\",\"@id\":\"https:\/\/restaurantefrutosdelmar.com\/#\/schema\/logo\/image\/\",\"url\":\"https:\/\/restaurantefrutosdelmar.com\/wp-content\/uploads\/2022\/12\/Contradicion-Restaurante.png\",\"contentUrl\":\"https:\/\/restaurantefrutosdelmar.com\/wp-content\/uploads\/2022\/12\/Contradicion-Restaurante.png\",\"width\":2090,\"height\":1324,\"caption\":\"Con tradicion Restaurante\"},\"image\":{\"@id\":\"https:\/\/restaurantefrutosdelmar.com\/#\/schema\/logo\/image\/\"},\"sameAs\":[\"https:\/\/es-la.facebook.com\/restaurantecontradicion\/\"]}]}<\/script>\n<!-- \/ Yoast SEO plugin. -->","yoast_head_json":{"title":"Call to action banners - restaurantefrutosdelmar.com","description":"El Restaurante Con tradici\u00f3n del chef Sergio Botero. Se encuentra ubicado en Marinilla, Antioquia. Durante los ultimos a\u00f1os ha recibido numerosos reconocimientos. Destacandose como uno de los mejores restaurantes de comida Colombiana del pa\u00eds.","robots":{"index":"index","follow":"follow","max-snippet":"max-snippet:-1","max-image-preview":"max-image-preview:large","max-video-preview":"max-video-preview:-1"},"canonical":"https:\/\/restaurantefrutosdelmar.com\/index.php\/elements\/call-to-action-banners\/","og_locale":"en_US","og_type":"article","og_title":"Call to action banners - restaurantefrutosdelmar.com","og_description":"El Restaurante Con tradici\u00f3n del chef Sergio Botero. Se encuentra ubicado en Marinilla, Antioquia. Durante los ultimos a\u00f1os ha recibido numerosos reconocimientos. Destacandose como uno de los mejores restaurantes de comida Colombiana del pa\u00eds.","og_url":"https:\/\/restaurantefrutosdelmar.com\/index.php\/elements\/call-to-action-banners\/","og_site_name":"restaurantefrutosdelmar.com","article_publisher":"https:\/\/es-la.facebook.com\/restaurantecontradicion\/","twitter_card":"summary_large_image","twitter_misc":{"Est. reading time":"3 minutes"},"schema":{"@context":"https:\/\/schema.org","@graph":[{"@type":"WebPage","@id":"https:\/\/restaurantefrutosdelmar.com\/index.php\/elements\/call-to-action-banners\/","url":"https:\/\/restaurantefrutosdelmar.com\/index.php\/elements\/call-to-action-banners\/","name":"Call to action banners - restaurantefrutosdelmar.com","isPartOf":{"@id":"https:\/\/restaurantefrutosdelmar.com\/#website"},"datePublished":"2018-07-05T08:46:47+00:00","description":"El Restaurante Con tradici\u00f3n del chef Sergio Botero. Se encuentra ubicado en Marinilla, Antioquia. Durante los ultimos a\u00f1os ha recibido numerosos reconocimientos. Destacandose como uno de los mejores restaurantes de comida Colombiana del pa\u00eds.","breadcrumb":{"@id":"https:\/\/restaurantefrutosdelmar.com\/index.php\/elements\/call-to-action-banners\/#breadcrumb"},"inLanguage":"en-US","potentialAction":[{"@type":"ReadAction","target":["https:\/\/restaurantefrutosdelmar.com\/index.php\/elements\/call-to-action-banners\/"]}]},{"@type":"BreadcrumbList","@id":"https:\/\/restaurantefrutosdelmar.com\/index.php\/elements\/call-to-action-banners\/#breadcrumb","itemListElement":[{"@type":"ListItem","position":1,"name":"Home","item":"https:\/\/restaurantefrutosdelmar.com\/"},{"@type":"ListItem","position":2,"name":"Elements","item":"https:\/\/restaurantefrutosdelmar.com\/index.php\/elements\/"},{"@type":"ListItem","position":3,"name":"Call to action banners"}]},{"@type":"WebSite","@id":"https:\/\/restaurantefrutosdelmar.com\/#website","url":"https:\/\/restaurantefrutosdelmar.com\/","name":"restaurantefrutosdelmar.com","description":"","publisher":{"@id":"https:\/\/restaurantefrutosdelmar.com\/#organization"},"potentialAction":[{"@type":"SearchAction","target":{"@type":"EntryPoint","urlTemplate":"https:\/\/restaurantefrutosdelmar.com\/?s={search_term_string}"},"query-input":{"@type":"PropertyValueSpecification","valueRequired":true,"valueName":"search_term_string"}}],"inLanguage":"en-US"},{"@type":"Organization","@id":"https:\/\/restaurantefrutosdelmar.com\/#organization","name":"Con tradicion Restaurante","url":"https:\/\/restaurantefrutosdelmar.com\/","logo":{"@type":"ImageObject","inLanguage":"en-US","@id":"https:\/\/restaurantefrutosdelmar.com\/#\/schema\/logo\/image\/","url":"https:\/\/restaurantefrutosdelmar.com\/wp-content\/uploads\/2022\/12\/Contradicion-Restaurante.png","contentUrl":"https:\/\/restaurantefrutosdelmar.com\/wp-content\/uploads\/2022\/12\/Contradicion-Restaurante.png","width":2090,"height":1324,"caption":"Con tradicion Restaurante"},"image":{"@id":"https:\/\/restaurantefrutosdelmar.com\/#\/schema\/logo\/image\/"},"sameAs":["https:\/\/es-la.facebook.com\/restaurantecontradicion\/"]}]}},"_links":{"self":[{"href":"https:\/\/restaurantefrutosdelmar.com\/index.php\/wp-json\/wp\/v2\/pages\/686","targetHints":{"allow":["GET"]}}],"collection":[{"href":"https:\/\/restaurantefrutosdelmar.com\/index.php\/wp-json\/wp\/v2\/pages"}],"about":[{"href":"https:\/\/restaurantefrutosdelmar.com\/index.php\/wp-json\/wp\/v2\/types\/page"}],"author":[{"embeddable":true,"href":"https:\/\/restaurantefrutosdelmar.com\/index.php\/wp-json\/wp\/v2\/users\/1"}],"replies":[{"embeddable":true,"href":"https:\/\/restaurantefrutosdelmar.com\/index.php\/wp-json\/wp\/v2\/comments?post=686"}],"version-history":[{"count":0,"href":"https:\/\/restaurantefrutosdelmar.com\/index.php\/wp-json\/wp\/v2\/pages\/686\/revisions"}],"up":[{"embeddable":true,"href":"https:\/\/restaurantefrutosdelmar.com\/index.php\/wp-json\/wp\/v2\/pages\/365"}],"wp:attachment":[{"href":"https:\/\/restaurantefrutosdelmar.com\/index.php\/wp-json\/wp\/v2\/media?parent=686"}],"curies":[{"name":"wp","href":"https:\/\/api.w.org\/{rel}","templated":true}]}}