{"id":2017,"date":"2018-09-05T08:34:32","date_gmt":"2018-09-05T08:34:32","guid":{"rendered":"https:\/\/restaurantefrutosdelmar.com\/index.php\/product\/nordic-wooden-minimalist-wall-clock\/"},"modified":"2018-09-05T08:34:32","modified_gmt":"2018-09-05T08:34:32","slug":"nordic-wooden-minimalist-wall-clock","status":"publish","type":"product","link":"https:\/\/restaurantefrutosdelmar.com\/index.php\/product\/nordic-wooden-minimalist-wall-clock\/","title":{"rendered":"Nordic Wooden Minimalist Wall Clock"},"content":{"rendered":"<p>Modern minimalist design that looks great in your Scandinavian design home, modern office and creative working space. Managing relax and work time more efficiently with this clock and have a happy time enjoying yourself.<\/p>\n","protected":false},"excerpt":{"rendered":"<p>Modern minimalist design that looks great in your Scandinavian design home, modern office and creative working space. Managing relax and work time more efficiently with this clock and have a happy time enjoying yourself.<\/p>\n","protected":false},"featured_media":2022,"comment_status":"open","ping_status":"closed","template":"","meta":[],"product_brand":[],"product_cat":[33],"product_tag":[42],"class_list":{"0":"post-2017","1":"product","2":"type-product","3":"status-publish","4":"has-post-thumbnail","6":"product_cat-design","7":"product_tag-standard","9":"first","10":"instock","11":"shipping-taxable","12":"purchasable","13":"product-type-simple"},"yoast_head":"<!-- This site is optimized with the Yoast SEO plugin v25.8 - https:\/\/yoast.com\/wordpress\/plugins\/seo\/ -->\n<title>Nordic Wooden Minimalist Wall Clock - restaurantefrutosdelmar.com<\/title>\n<meta name=\"description\" content=\"El Restaurante Con tradicci\u00f3n by Sergio Botero. Se encuentra ubicado en Marinilla, Antioquia. Durante los ultimos a\u00f1os ha recibido numerosos reconocimientos. Destacandose como uno de los mejores restaurantes de comida Colombia del pa\u00eds.\" \/>\n<meta name=\"robots\" content=\"index, follow, max-snippet:-1, max-image-preview:large, max-video-preview:-1\" \/>\n<link rel=\"canonical\" href=\"https:\/\/restaurantefrutosdelmar.com\/index.php\/product\/nordic-wooden-minimalist-wall-clock\/\" \/>\n<meta property=\"og:locale\" content=\"en_US\" \/>\n<meta property=\"og:type\" content=\"article\" \/>\n<meta property=\"og:title\" content=\"Nordic Wooden Minimalist Wall Clock - restaurantefrutosdelmar.com\" \/>\n<meta property=\"og:description\" content=\"El Restaurante Con tradicci\u00f3n by Sergio Botero. Se encuentra ubicado en Marinilla, Antioquia. Durante los ultimos a\u00f1os ha recibido numerosos reconocimientos. Destacandose como uno de los mejores restaurantes de comida Colombia del pa\u00eds.\" \/>\n<meta property=\"og:url\" content=\"https:\/\/restaurantefrutosdelmar.com\/index.php\/product\/nordic-wooden-minimalist-wall-clock\/\" \/>\n<meta property=\"og:site_name\" content=\"restaurantefrutosdelmar.com\" \/>\n<meta property=\"article:publisher\" content=\"https:\/\/es-la.facebook.com\/restaurantecontradicion\/\" \/>\n<meta property=\"og:image\" content=\"http:\/\/restaurantefrutosdelmar.com\/wp-content\/uploads\/2018\/09\/product-06.jpg\" \/>\n\t<meta property=\"og:image:width\" content=\"1200\" \/>\n\t<meta property=\"og:image:height\" content=\"1600\" \/>\n\t<meta property=\"og:image:type\" content=\"image\/jpeg\" \/>\n<meta name=\"twitter:card\" content=\"summary_large_image\" \/>\n<script type=\"application\/ld+json\" class=\"yoast-schema-graph\">{\"@context\":\"https:\/\/schema.org\",\"@graph\":[{\"@type\":\"WebPage\",\"@id\":\"https:\/\/restaurantefrutosdelmar.com\/index.php\/product\/nordic-wooden-minimalist-wall-clock\/\",\"url\":\"https:\/\/restaurantefrutosdelmar.com\/index.php\/product\/nordic-wooden-minimalist-wall-clock\/\",\"name\":\"Nordic Wooden Minimalist Wall Clock - restaurantefrutosdelmar.com\",\"isPartOf\":{\"@id\":\"https:\/\/restaurantefrutosdelmar.com\/#website\"},\"primaryImageOfPage\":{\"@id\":\"https:\/\/restaurantefrutosdelmar.com\/index.php\/product\/nordic-wooden-minimalist-wall-clock\/#primaryimage\"},\"image\":{\"@id\":\"https:\/\/restaurantefrutosdelmar.com\/index.php\/product\/nordic-wooden-minimalist-wall-clock\/#primaryimage\"},\"thumbnailUrl\":\"https:\/\/restaurantefrutosdelmar.com\/wp-content\/uploads\/2018\/09\/product-06.jpg\",\"datePublished\":\"2018-09-05T08:34:32+00:00\",\"description\":\"El Restaurante Con tradicci\u00f3n by Sergio Botero. Se encuentra ubicado en Marinilla, Antioquia. Durante los ultimos a\u00f1os ha recibido numerosos reconocimientos. Destacandose como uno de los mejores restaurantes de comida Colombia del pa\u00eds.\",\"breadcrumb\":{\"@id\":\"https:\/\/restaurantefrutosdelmar.com\/index.php\/product\/nordic-wooden-minimalist-wall-clock\/#breadcrumb\"},\"inLanguage\":\"en-US\",\"potentialAction\":[{\"@type\":\"ReadAction\",\"target\":[\"https:\/\/restaurantefrutosdelmar.com\/index.php\/product\/nordic-wooden-minimalist-wall-clock\/\"]}]},{\"@type\":\"ImageObject\",\"inLanguage\":\"en-US\",\"@id\":\"https:\/\/restaurantefrutosdelmar.com\/index.php\/product\/nordic-wooden-minimalist-wall-clock\/#primaryimage\",\"url\":\"https:\/\/restaurantefrutosdelmar.com\/wp-content\/uploads\/2018\/09\/product-06.jpg\",\"contentUrl\":\"https:\/\/restaurantefrutosdelmar.com\/wp-content\/uploads\/2018\/09\/product-06.jpg\",\"width\":1200,\"height\":1600},{\"@type\":\"BreadcrumbList\",\"@id\":\"https:\/\/restaurantefrutosdelmar.com\/index.php\/product\/nordic-wooden-minimalist-wall-clock\/#breadcrumb\",\"itemListElement\":[{\"@type\":\"ListItem\",\"position\":1,\"name\":\"Home\",\"item\":\"https:\/\/restaurantefrutosdelmar.com\/\"},{\"@type\":\"ListItem\",\"position\":2,\"name\":\"Shop\",\"item\":\"https:\/\/restaurantefrutosdelmar.com\/index.php\/shop-2\/\"},{\"@type\":\"ListItem\",\"position\":3,\"name\":\"Nordic Wooden Minimalist Wall Clock\"}]},{\"@type\":\"WebSite\",\"@id\":\"https:\/\/restaurantefrutosdelmar.com\/#website\",\"url\":\"https:\/\/restaurantefrutosdelmar.com\/\",\"name\":\"restaurantefrutosdelmar.com\",\"description\":\"\",\"publisher\":{\"@id\":\"https:\/\/restaurantefrutosdelmar.com\/#organization\"},\"potentialAction\":[{\"@type\":\"SearchAction\",\"target\":{\"@type\":\"EntryPoint\",\"urlTemplate\":\"https:\/\/restaurantefrutosdelmar.com\/?s={search_term_string}\"},\"query-input\":{\"@type\":\"PropertyValueSpecification\",\"valueRequired\":true,\"valueName\":\"search_term_string\"}}],\"inLanguage\":\"en-US\"},{\"@type\":\"Organization\",\"@id\":\"https:\/\/restaurantefrutosdelmar.com\/#organization\",\"name\":\"Con tradicion Restaurante\",\"url\":\"https:\/\/restaurantefrutosdelmar.com\/\",\"logo\":{\"@type\":\"ImageObject\",\"inLanguage\":\"en-US\",\"@id\":\"https:\/\/restaurantefrutosdelmar.com\/#\/schema\/logo\/image\/\",\"url\":\"https:\/\/restaurantefrutosdelmar.com\/wp-content\/uploads\/2022\/12\/Contradicion-Restaurante.png\",\"contentUrl\":\"https:\/\/restaurantefrutosdelmar.com\/wp-content\/uploads\/2022\/12\/Contradicion-Restaurante.png\",\"width\":2090,\"height\":1324,\"caption\":\"Con tradicion Restaurante\"},\"image\":{\"@id\":\"https:\/\/restaurantefrutosdelmar.com\/#\/schema\/logo\/image\/\"},\"sameAs\":[\"https:\/\/es-la.facebook.com\/restaurantecontradicion\/\"]}]}<\/script>\n<!-- \/ Yoast SEO plugin. -->","yoast_head_json":{"title":"Nordic Wooden Minimalist Wall Clock - restaurantefrutosdelmar.com","description":"El Restaurante Con tradicci\u00f3n by Sergio Botero. Se encuentra ubicado en Marinilla, Antioquia. Durante los ultimos a\u00f1os ha recibido numerosos reconocimientos. Destacandose como uno de los mejores restaurantes de comida Colombia del pa\u00eds.","robots":{"index":"index","follow":"follow","max-snippet":"max-snippet:-1","max-image-preview":"max-image-preview:large","max-video-preview":"max-video-preview:-1"},"canonical":"https:\/\/restaurantefrutosdelmar.com\/index.php\/product\/nordic-wooden-minimalist-wall-clock\/","og_locale":"en_US","og_type":"article","og_title":"Nordic Wooden Minimalist Wall Clock - restaurantefrutosdelmar.com","og_description":"El Restaurante Con tradicci\u00f3n by Sergio Botero. Se encuentra ubicado en Marinilla, Antioquia. Durante los ultimos a\u00f1os ha recibido numerosos reconocimientos. Destacandose como uno de los mejores restaurantes de comida Colombia del pa\u00eds.","og_url":"https:\/\/restaurantefrutosdelmar.com\/index.php\/product\/nordic-wooden-minimalist-wall-clock\/","og_site_name":"restaurantefrutosdelmar.com","article_publisher":"https:\/\/es-la.facebook.com\/restaurantecontradicion\/","og_image":[{"width":1200,"height":1600,"url":"http:\/\/restaurantefrutosdelmar.com\/wp-content\/uploads\/2018\/09\/product-06.jpg","type":"image\/jpeg"}],"twitter_card":"summary_large_image","schema":{"@context":"https:\/\/schema.org","@graph":[{"@type":"WebPage","@id":"https:\/\/restaurantefrutosdelmar.com\/index.php\/product\/nordic-wooden-minimalist-wall-clock\/","url":"https:\/\/restaurantefrutosdelmar.com\/index.php\/product\/nordic-wooden-minimalist-wall-clock\/","name":"Nordic Wooden Minimalist Wall Clock - restaurantefrutosdelmar.com","isPartOf":{"@id":"https:\/\/restaurantefrutosdelmar.com\/#website"},"primaryImageOfPage":{"@id":"https:\/\/restaurantefrutosdelmar.com\/index.php\/product\/nordic-wooden-minimalist-wall-clock\/#primaryimage"},"image":{"@id":"https:\/\/restaurantefrutosdelmar.com\/index.php\/product\/nordic-wooden-minimalist-wall-clock\/#primaryimage"},"thumbnailUrl":"https:\/\/restaurantefrutosdelmar.com\/wp-content\/uploads\/2018\/09\/product-06.jpg","datePublished":"2018-09-05T08:34:32+00:00","description":"El Restaurante Con tradicci\u00f3n by Sergio Botero. Se encuentra ubicado en Marinilla, Antioquia. Durante los ultimos a\u00f1os ha recibido numerosos reconocimientos. Destacandose como uno de los mejores restaurantes de comida Colombia del pa\u00eds.","breadcrumb":{"@id":"https:\/\/restaurantefrutosdelmar.com\/index.php\/product\/nordic-wooden-minimalist-wall-clock\/#breadcrumb"},"inLanguage":"en-US","potentialAction":[{"@type":"ReadAction","target":["https:\/\/restaurantefrutosdelmar.com\/index.php\/product\/nordic-wooden-minimalist-wall-clock\/"]}]},{"@type":"ImageObject","inLanguage":"en-US","@id":"https:\/\/restaurantefrutosdelmar.com\/index.php\/product\/nordic-wooden-minimalist-wall-clock\/#primaryimage","url":"https:\/\/restaurantefrutosdelmar.com\/wp-content\/uploads\/2018\/09\/product-06.jpg","contentUrl":"https:\/\/restaurantefrutosdelmar.com\/wp-content\/uploads\/2018\/09\/product-06.jpg","width":1200,"height":1600},{"@type":"BreadcrumbList","@id":"https:\/\/restaurantefrutosdelmar.com\/index.php\/product\/nordic-wooden-minimalist-wall-clock\/#breadcrumb","itemListElement":[{"@type":"ListItem","position":1,"name":"Home","item":"https:\/\/restaurantefrutosdelmar.com\/"},{"@type":"ListItem","position":2,"name":"Shop","item":"https:\/\/restaurantefrutosdelmar.com\/index.php\/shop-2\/"},{"@type":"ListItem","position":3,"name":"Nordic Wooden Minimalist Wall Clock"}]},{"@type":"WebSite","@id":"https:\/\/restaurantefrutosdelmar.com\/#website","url":"https:\/\/restaurantefrutosdelmar.com\/","name":"restaurantefrutosdelmar.com","description":"","publisher":{"@id":"https:\/\/restaurantefrutosdelmar.com\/#organization"},"potentialAction":[{"@type":"SearchAction","target":{"@type":"EntryPoint","urlTemplate":"https:\/\/restaurantefrutosdelmar.com\/?s={search_term_string}"},"query-input":{"@type":"PropertyValueSpecification","valueRequired":true,"valueName":"search_term_string"}}],"inLanguage":"en-US"},{"@type":"Organization","@id":"https:\/\/restaurantefrutosdelmar.com\/#organization","name":"Con tradicion Restaurante","url":"https:\/\/restaurantefrutosdelmar.com\/","logo":{"@type":"ImageObject","inLanguage":"en-US","@id":"https:\/\/restaurantefrutosdelmar.com\/#\/schema\/logo\/image\/","url":"https:\/\/restaurantefrutosdelmar.com\/wp-content\/uploads\/2022\/12\/Contradicion-Restaurante.png","contentUrl":"https:\/\/restaurantefrutosdelmar.com\/wp-content\/uploads\/2022\/12\/Contradicion-Restaurante.png","width":2090,"height":1324,"caption":"Con tradicion Restaurante"},"image":{"@id":"https:\/\/restaurantefrutosdelmar.com\/#\/schema\/logo\/image\/"},"sameAs":["https:\/\/es-la.facebook.com\/restaurantecontradicion\/"]}]}},"_links":{"self":[{"href":"https:\/\/restaurantefrutosdelmar.com\/index.php\/wp-json\/wp\/v2\/product\/2017","targetHints":{"allow":["GET"]}}],"collection":[{"href":"https:\/\/restaurantefrutosdelmar.com\/index.php\/wp-json\/wp\/v2\/product"}],"about":[{"href":"https:\/\/restaurantefrutosdelmar.com\/index.php\/wp-json\/wp\/v2\/types\/product"}],"replies":[{"embeddable":true,"href":"https:\/\/restaurantefrutosdelmar.com\/index.php\/wp-json\/wp\/v2\/comments?post=2017"}],"wp:featuredmedia":[{"embeddable":true,"href":"https:\/\/restaurantefrutosdelmar.com\/index.php\/wp-json\/wp\/v2\/media\/2022"}],"wp:attachment":[{"href":"https:\/\/restaurantefrutosdelmar.com\/index.php\/wp-json\/wp\/v2\/media?parent=2017"}],"wp:term":[{"taxonomy":"product_brand","embeddable":true,"href":"https:\/\/restaurantefrutosdelmar.com\/index.php\/wp-json\/wp\/v2\/product_brand?post=2017"},{"taxonomy":"product_cat","embeddable":true,"href":"https:\/\/restaurantefrutosdelmar.com\/index.php\/wp-json\/wp\/v2\/product_cat?post=2017"},{"taxonomy":"product_tag","embeddable":true,"href":"https:\/\/restaurantefrutosdelmar.com\/index.php\/wp-json\/wp\/v2\/product_tag?post=2017"}],"curies":[{"name":"wp","href":"https:\/\/api.w.org\/{rel}","templated":true}]}}