{"id":2025,"date":"2018-09-05T08:39:10","date_gmt":"2018-09-05T08:39:10","guid":{"rendered":"https:\/\/restaurantefrutosdelmar.com\/index.php\/product\/romantic-glass-candle-holders\/"},"modified":"2024-11-11T04:57:38","modified_gmt":"2024-11-11T04:57:38","slug":"romantic-glass-candle-holders","status":"publish","type":"product","link":"https:\/\/restaurantefrutosdelmar.com\/index.php\/product\/romantic-glass-candle-holders\/","title":{"rendered":"Romantic Glass Candle Holders"},"content":{"rendered":"<p>Charming Images Of Large Glass Candle Lanterns For Table Centerpiece Decoration: Stunning Ideas For Dining Time with your loved one under the candlelight and scented atmosphere. Fill your night with romance, love and fantastic decorations.<\/p>\n","protected":false},"excerpt":{"rendered":"<p>Charming Images Of Large Glass Candle Lanterns For Table Centerpiece Decoration: Stunning Ideas For Dining Time with your loved one under the candlelight and scented atmosphere. Fill your night with romance, love and fantastic decorations.<\/p>\n","protected":false},"featured_media":2026,"comment_status":"open","ping_status":"closed","template":"","meta":[],"product_brand":[],"product_cat":[33],"product_tag":[42],"class_list":{"0":"post-2025","1":"product","2":"type-product","3":"status-publish","4":"has-post-thumbnail","6":"product_cat-design","7":"product_tag-standard","9":"first","10":"instock","11":"sale","12":"shipping-taxable","13":"purchasable","14":"product-type-simple"},"yoast_head":"<!-- This site is optimized with the Yoast SEO plugin v25.8 - https:\/\/yoast.com\/wordpress\/plugins\/seo\/ -->\n<title>Romantic Glass Candle Holders - restaurantefrutosdelmar.com<\/title>\n<meta name=\"description\" content=\"El Restaurante Con tradicci\u00f3n by Sergio Botero. Se encuentra ubicado en Marinilla, Antioquia. Durante los ultimos a\u00f1os ha recibido numerosos reconocimientos. Destacandose como uno de los mejores restaurantes de comida Colombia del pa\u00eds.\" \/>\n<meta name=\"robots\" content=\"index, follow, max-snippet:-1, max-image-preview:large, max-video-preview:-1\" \/>\n<link rel=\"canonical\" href=\"https:\/\/restaurantefrutosdelmar.com\/index.php\/product\/romantic-glass-candle-holders\/\" \/>\n<meta property=\"og:locale\" content=\"en_US\" \/>\n<meta property=\"og:type\" content=\"article\" \/>\n<meta property=\"og:title\" content=\"Romantic Glass Candle Holders - restaurantefrutosdelmar.com\" \/>\n<meta property=\"og:description\" content=\"El Restaurante Con tradicci\u00f3n by Sergio Botero. Se encuentra ubicado en Marinilla, Antioquia. Durante los ultimos a\u00f1os ha recibido numerosos reconocimientos. Destacandose como uno de los mejores restaurantes de comida Colombia del pa\u00eds.\" \/>\n<meta property=\"og:url\" content=\"https:\/\/restaurantefrutosdelmar.com\/index.php\/product\/romantic-glass-candle-holders\/\" \/>\n<meta property=\"og:site_name\" content=\"restaurantefrutosdelmar.com\" \/>\n<meta property=\"article:publisher\" content=\"https:\/\/es-la.facebook.com\/restaurantecontradicion\/\" \/>\n<meta property=\"article:modified_time\" content=\"2024-11-11T04:57:38+00:00\" \/>\n<meta property=\"og:image\" content=\"http:\/\/restaurantefrutosdelmar.com\/wp-content\/uploads\/2018\/09\/product-08.jpg\" \/>\n\t<meta property=\"og:image:width\" content=\"1200\" \/>\n\t<meta property=\"og:image:height\" content=\"1600\" \/>\n\t<meta property=\"og:image:type\" content=\"image\/jpeg\" \/>\n<meta name=\"twitter:card\" content=\"summary_large_image\" \/>\n<script type=\"application\/ld+json\" class=\"yoast-schema-graph\">{\"@context\":\"https:\/\/schema.org\",\"@graph\":[{\"@type\":\"WebPage\",\"@id\":\"https:\/\/restaurantefrutosdelmar.com\/index.php\/product\/romantic-glass-candle-holders\/\",\"url\":\"https:\/\/restaurantefrutosdelmar.com\/index.php\/product\/romantic-glass-candle-holders\/\",\"name\":\"Romantic Glass Candle Holders - restaurantefrutosdelmar.com\",\"isPartOf\":{\"@id\":\"https:\/\/restaurantefrutosdelmar.com\/#website\"},\"primaryImageOfPage\":{\"@id\":\"https:\/\/restaurantefrutosdelmar.com\/index.php\/product\/romantic-glass-candle-holders\/#primaryimage\"},\"image\":{\"@id\":\"https:\/\/restaurantefrutosdelmar.com\/index.php\/product\/romantic-glass-candle-holders\/#primaryimage\"},\"thumbnailUrl\":\"https:\/\/restaurantefrutosdelmar.com\/wp-content\/uploads\/2018\/09\/product-08.jpg\",\"datePublished\":\"2018-09-05T08:39:10+00:00\",\"dateModified\":\"2024-11-11T04:57:38+00:00\",\"description\":\"El Restaurante Con tradicci\u00f3n by Sergio Botero. Se encuentra ubicado en Marinilla, Antioquia. Durante los ultimos a\u00f1os ha recibido numerosos reconocimientos. Destacandose como uno de los mejores restaurantes de comida Colombia del pa\u00eds.\",\"breadcrumb\":{\"@id\":\"https:\/\/restaurantefrutosdelmar.com\/index.php\/product\/romantic-glass-candle-holders\/#breadcrumb\"},\"inLanguage\":\"en-US\",\"potentialAction\":[{\"@type\":\"ReadAction\",\"target\":[\"https:\/\/restaurantefrutosdelmar.com\/index.php\/product\/romantic-glass-candle-holders\/\"]}]},{\"@type\":\"ImageObject\",\"inLanguage\":\"en-US\",\"@id\":\"https:\/\/restaurantefrutosdelmar.com\/index.php\/product\/romantic-glass-candle-holders\/#primaryimage\",\"url\":\"https:\/\/restaurantefrutosdelmar.com\/wp-content\/uploads\/2018\/09\/product-08.jpg\",\"contentUrl\":\"https:\/\/restaurantefrutosdelmar.com\/wp-content\/uploads\/2018\/09\/product-08.jpg\",\"width\":1200,\"height\":1600},{\"@type\":\"BreadcrumbList\",\"@id\":\"https:\/\/restaurantefrutosdelmar.com\/index.php\/product\/romantic-glass-candle-holders\/#breadcrumb\",\"itemListElement\":[{\"@type\":\"ListItem\",\"position\":1,\"name\":\"Home\",\"item\":\"https:\/\/restaurantefrutosdelmar.com\/\"},{\"@type\":\"ListItem\",\"position\":2,\"name\":\"Shop\",\"item\":\"https:\/\/restaurantefrutosdelmar.com\/index.php\/shop-2\/\"},{\"@type\":\"ListItem\",\"position\":3,\"name\":\"Romantic Glass Candle Holders\"}]},{\"@type\":\"WebSite\",\"@id\":\"https:\/\/restaurantefrutosdelmar.com\/#website\",\"url\":\"https:\/\/restaurantefrutosdelmar.com\/\",\"name\":\"restaurantefrutosdelmar.com\",\"description\":\"\",\"publisher\":{\"@id\":\"https:\/\/restaurantefrutosdelmar.com\/#organization\"},\"potentialAction\":[{\"@type\":\"SearchAction\",\"target\":{\"@type\":\"EntryPoint\",\"urlTemplate\":\"https:\/\/restaurantefrutosdelmar.com\/?s={search_term_string}\"},\"query-input\":{\"@type\":\"PropertyValueSpecification\",\"valueRequired\":true,\"valueName\":\"search_term_string\"}}],\"inLanguage\":\"en-US\"},{\"@type\":\"Organization\",\"@id\":\"https:\/\/restaurantefrutosdelmar.com\/#organization\",\"name\":\"Con tradicion Restaurante\",\"url\":\"https:\/\/restaurantefrutosdelmar.com\/\",\"logo\":{\"@type\":\"ImageObject\",\"inLanguage\":\"en-US\",\"@id\":\"https:\/\/restaurantefrutosdelmar.com\/#\/schema\/logo\/image\/\",\"url\":\"https:\/\/restaurantefrutosdelmar.com\/wp-content\/uploads\/2022\/12\/Contradicion-Restaurante.png\",\"contentUrl\":\"https:\/\/restaurantefrutosdelmar.com\/wp-content\/uploads\/2022\/12\/Contradicion-Restaurante.png\",\"width\":2090,\"height\":1324,\"caption\":\"Con tradicion Restaurante\"},\"image\":{\"@id\":\"https:\/\/restaurantefrutosdelmar.com\/#\/schema\/logo\/image\/\"},\"sameAs\":[\"https:\/\/es-la.facebook.com\/restaurantecontradicion\/\"]}]}<\/script>\n<!-- \/ Yoast SEO plugin. -->","yoast_head_json":{"title":"Romantic Glass Candle Holders - restaurantefrutosdelmar.com","description":"El Restaurante Con tradicci\u00f3n by Sergio Botero. Se encuentra ubicado en Marinilla, Antioquia. Durante los ultimos a\u00f1os ha recibido numerosos reconocimientos. Destacandose como uno de los mejores restaurantes de comida Colombia del pa\u00eds.","robots":{"index":"index","follow":"follow","max-snippet":"max-snippet:-1","max-image-preview":"max-image-preview:large","max-video-preview":"max-video-preview:-1"},"canonical":"https:\/\/restaurantefrutosdelmar.com\/index.php\/product\/romantic-glass-candle-holders\/","og_locale":"en_US","og_type":"article","og_title":"Romantic Glass Candle Holders - restaurantefrutosdelmar.com","og_description":"El Restaurante Con tradicci\u00f3n by Sergio Botero. Se encuentra ubicado en Marinilla, Antioquia. Durante los ultimos a\u00f1os ha recibido numerosos reconocimientos. Destacandose como uno de los mejores restaurantes de comida Colombia del pa\u00eds.","og_url":"https:\/\/restaurantefrutosdelmar.com\/index.php\/product\/romantic-glass-candle-holders\/","og_site_name":"restaurantefrutosdelmar.com","article_publisher":"https:\/\/es-la.facebook.com\/restaurantecontradicion\/","article_modified_time":"2024-11-11T04:57:38+00:00","og_image":[{"width":1200,"height":1600,"url":"http:\/\/restaurantefrutosdelmar.com\/wp-content\/uploads\/2018\/09\/product-08.jpg","type":"image\/jpeg"}],"twitter_card":"summary_large_image","schema":{"@context":"https:\/\/schema.org","@graph":[{"@type":"WebPage","@id":"https:\/\/restaurantefrutosdelmar.com\/index.php\/product\/romantic-glass-candle-holders\/","url":"https:\/\/restaurantefrutosdelmar.com\/index.php\/product\/romantic-glass-candle-holders\/","name":"Romantic Glass Candle Holders - restaurantefrutosdelmar.com","isPartOf":{"@id":"https:\/\/restaurantefrutosdelmar.com\/#website"},"primaryImageOfPage":{"@id":"https:\/\/restaurantefrutosdelmar.com\/index.php\/product\/romantic-glass-candle-holders\/#primaryimage"},"image":{"@id":"https:\/\/restaurantefrutosdelmar.com\/index.php\/product\/romantic-glass-candle-holders\/#primaryimage"},"thumbnailUrl":"https:\/\/restaurantefrutosdelmar.com\/wp-content\/uploads\/2018\/09\/product-08.jpg","datePublished":"2018-09-05T08:39:10+00:00","dateModified":"2024-11-11T04:57:38+00:00","description":"El Restaurante Con tradicci\u00f3n by Sergio Botero. Se encuentra ubicado en Marinilla, Antioquia. Durante los ultimos a\u00f1os ha recibido numerosos reconocimientos. Destacandose como uno de los mejores restaurantes de comida Colombia del pa\u00eds.","breadcrumb":{"@id":"https:\/\/restaurantefrutosdelmar.com\/index.php\/product\/romantic-glass-candle-holders\/#breadcrumb"},"inLanguage":"en-US","potentialAction":[{"@type":"ReadAction","target":["https:\/\/restaurantefrutosdelmar.com\/index.php\/product\/romantic-glass-candle-holders\/"]}]},{"@type":"ImageObject","inLanguage":"en-US","@id":"https:\/\/restaurantefrutosdelmar.com\/index.php\/product\/romantic-glass-candle-holders\/#primaryimage","url":"https:\/\/restaurantefrutosdelmar.com\/wp-content\/uploads\/2018\/09\/product-08.jpg","contentUrl":"https:\/\/restaurantefrutosdelmar.com\/wp-content\/uploads\/2018\/09\/product-08.jpg","width":1200,"height":1600},{"@type":"BreadcrumbList","@id":"https:\/\/restaurantefrutosdelmar.com\/index.php\/product\/romantic-glass-candle-holders\/#breadcrumb","itemListElement":[{"@type":"ListItem","position":1,"name":"Home","item":"https:\/\/restaurantefrutosdelmar.com\/"},{"@type":"ListItem","position":2,"name":"Shop","item":"https:\/\/restaurantefrutosdelmar.com\/index.php\/shop-2\/"},{"@type":"ListItem","position":3,"name":"Romantic Glass Candle Holders"}]},{"@type":"WebSite","@id":"https:\/\/restaurantefrutosdelmar.com\/#website","url":"https:\/\/restaurantefrutosdelmar.com\/","name":"restaurantefrutosdelmar.com","description":"","publisher":{"@id":"https:\/\/restaurantefrutosdelmar.com\/#organization"},"potentialAction":[{"@type":"SearchAction","target":{"@type":"EntryPoint","urlTemplate":"https:\/\/restaurantefrutosdelmar.com\/?s={search_term_string}"},"query-input":{"@type":"PropertyValueSpecification","valueRequired":true,"valueName":"search_term_string"}}],"inLanguage":"en-US"},{"@type":"Organization","@id":"https:\/\/restaurantefrutosdelmar.com\/#organization","name":"Con tradicion Restaurante","url":"https:\/\/restaurantefrutosdelmar.com\/","logo":{"@type":"ImageObject","inLanguage":"en-US","@id":"https:\/\/restaurantefrutosdelmar.com\/#\/schema\/logo\/image\/","url":"https:\/\/restaurantefrutosdelmar.com\/wp-content\/uploads\/2022\/12\/Contradicion-Restaurante.png","contentUrl":"https:\/\/restaurantefrutosdelmar.com\/wp-content\/uploads\/2022\/12\/Contradicion-Restaurante.png","width":2090,"height":1324,"caption":"Con tradicion Restaurante"},"image":{"@id":"https:\/\/restaurantefrutosdelmar.com\/#\/schema\/logo\/image\/"},"sameAs":["https:\/\/es-la.facebook.com\/restaurantecontradicion\/"]}]}},"_links":{"self":[{"href":"https:\/\/restaurantefrutosdelmar.com\/index.php\/wp-json\/wp\/v2\/product\/2025","targetHints":{"allow":["GET"]}}],"collection":[{"href":"https:\/\/restaurantefrutosdelmar.com\/index.php\/wp-json\/wp\/v2\/product"}],"about":[{"href":"https:\/\/restaurantefrutosdelmar.com\/index.php\/wp-json\/wp\/v2\/types\/product"}],"replies":[{"embeddable":true,"href":"https:\/\/restaurantefrutosdelmar.com\/index.php\/wp-json\/wp\/v2\/comments?post=2025"}],"wp:featuredmedia":[{"embeddable":true,"href":"https:\/\/restaurantefrutosdelmar.com\/index.php\/wp-json\/wp\/v2\/media\/2026"}],"wp:attachment":[{"href":"https:\/\/restaurantefrutosdelmar.com\/index.php\/wp-json\/wp\/v2\/media?parent=2025"}],"wp:term":[{"taxonomy":"product_brand","embeddable":true,"href":"https:\/\/restaurantefrutosdelmar.com\/index.php\/wp-json\/wp\/v2\/product_brand?post=2025"},{"taxonomy":"product_cat","embeddable":true,"href":"https:\/\/restaurantefrutosdelmar.com\/index.php\/wp-json\/wp\/v2\/product_cat?post=2025"},{"taxonomy":"product_tag","embeddable":true,"href":"https:\/\/restaurantefrutosdelmar.com\/index.php\/wp-json\/wp\/v2\/product_tag?post=2025"}],"curies":[{"name":"wp","href":"https:\/\/api.w.org\/{rel}","templated":true}]}}