{"id":764,"date":"2018-07-07T07:27:18","date_gmt":"2018-07-07T07:27:18","guid":{"rendered":"https:\/\/restaurantefrutosdelmar.com\/index.php\/product\/metallic-gold-table-lamp\/"},"modified":"2025-04-11T18:45:43","modified_gmt":"2025-04-11T18:45:43","slug":"metallic-gold-table-lamp","status":"publish","type":"product","link":"https:\/\/restaurantefrutosdelmar.com\/index.php\/product\/metallic-gold-table-lamp\/","title":{"rendered":"Metallic Gold Table Lamp"},"content":{"rendered":"<p>Designed by Sir Kenneth Grange, the Anglepoise metallic Type 75 Desk Lamp Mini Edition is an interpretation of the Anglepoise Apex 90, taking inspiration from the modernist lines and understated functionality of the piece and translating it into a contemporary interpretation, available a selection of metallic finishes that take the modern updates one step further.<\/p>\n","protected":false},"excerpt":{"rendered":"<p>Designed by Sir Kenneth Grange, the Anglepoise metallic Type 75 Desk Lamp Mini Edition is an interpretation of the Anglepoise Apex 90, taking inspiration from the modernist lines and understated functionality of the piece and translating it into a contemporary interpretation, available a selection of metallic finishes that take the modern updates one step further.<\/p>\n","protected":false},"featured_media":765,"comment_status":"open","ping_status":"closed","template":"","meta":[],"product_brand":[],"product_cat":[15],"product_tag":[],"class_list":{"0":"post-764","1":"product","2":"type-product","3":"status-publish","4":"has-post-thumbnail","6":"product_cat-uncategorized","8":"first","9":"instock","10":"sale","11":"shipping-taxable","12":"purchasable","13":"product-type-simple"},"yoast_head":"<!-- This site is optimized with the Yoast SEO plugin v25.8 - https:\/\/yoast.com\/wordpress\/plugins\/seo\/ -->\n<title>Metallic Gold Table Lamp - restaurantefrutosdelmar.com<\/title>\n<meta name=\"description\" content=\"El Restaurante Con tradicci\u00f3n by Sergio Botero. Se encuentra ubicado en Marinilla, Antioquia. Durante los ultimos a\u00f1os ha recibido numerosos reconocimientos. Destacandose como uno de los mejores restaurantes de comida Colombia del pa\u00eds.\" \/>\n<meta name=\"robots\" content=\"index, follow, max-snippet:-1, max-image-preview:large, max-video-preview:-1\" \/>\n<link rel=\"canonical\" href=\"https:\/\/restaurantefrutosdelmar.com\/index.php\/product\/metallic-gold-table-lamp\/\" \/>\n<meta property=\"og:locale\" content=\"en_US\" \/>\n<meta property=\"og:type\" content=\"article\" \/>\n<meta property=\"og:title\" content=\"Metallic Gold Table Lamp - restaurantefrutosdelmar.com\" \/>\n<meta property=\"og:description\" content=\"El Restaurante Con tradicci\u00f3n by Sergio Botero. Se encuentra ubicado en Marinilla, Antioquia. Durante los ultimos a\u00f1os ha recibido numerosos reconocimientos. Destacandose como uno de los mejores restaurantes de comida Colombia del pa\u00eds.\" \/>\n<meta property=\"og:url\" content=\"https:\/\/restaurantefrutosdelmar.com\/index.php\/product\/metallic-gold-table-lamp\/\" \/>\n<meta property=\"og:site_name\" content=\"restaurantefrutosdelmar.com\" \/>\n<meta property=\"article:publisher\" content=\"https:\/\/es-la.facebook.com\/restaurantecontradicion\/\" \/>\n<meta property=\"article:modified_time\" content=\"2025-04-11T18:45:43+00:00\" \/>\n<meta property=\"og:image\" content=\"http:\/\/restaurantefrutosdelmar.com\/wp-content\/uploads\/2018\/07\/product-01.jpg\" \/>\n\t<meta property=\"og:image:width\" content=\"1200\" \/>\n\t<meta property=\"og:image:height\" content=\"1600\" \/>\n\t<meta property=\"og:image:type\" content=\"image\/jpeg\" \/>\n<meta name=\"twitter:card\" content=\"summary_large_image\" \/>\n<script type=\"application\/ld+json\" class=\"yoast-schema-graph\">{\"@context\":\"https:\/\/schema.org\",\"@graph\":[{\"@type\":\"WebPage\",\"@id\":\"https:\/\/restaurantefrutosdelmar.com\/index.php\/product\/metallic-gold-table-lamp\/\",\"url\":\"https:\/\/restaurantefrutosdelmar.com\/index.php\/product\/metallic-gold-table-lamp\/\",\"name\":\"Metallic Gold Table Lamp - restaurantefrutosdelmar.com\",\"isPartOf\":{\"@id\":\"https:\/\/restaurantefrutosdelmar.com\/#website\"},\"primaryImageOfPage\":{\"@id\":\"https:\/\/restaurantefrutosdelmar.com\/index.php\/product\/metallic-gold-table-lamp\/#primaryimage\"},\"image\":{\"@id\":\"https:\/\/restaurantefrutosdelmar.com\/index.php\/product\/metallic-gold-table-lamp\/#primaryimage\"},\"thumbnailUrl\":\"https:\/\/restaurantefrutosdelmar.com\/wp-content\/uploads\/2018\/07\/product-01.jpg\",\"datePublished\":\"2018-07-07T07:27:18+00:00\",\"dateModified\":\"2025-04-11T18:45:43+00:00\",\"description\":\"El Restaurante Con tradicci\u00f3n by Sergio Botero. Se encuentra ubicado en Marinilla, Antioquia. Durante los ultimos a\u00f1os ha recibido numerosos reconocimientos. Destacandose como uno de los mejores restaurantes de comida Colombia del pa\u00eds.\",\"breadcrumb\":{\"@id\":\"https:\/\/restaurantefrutosdelmar.com\/index.php\/product\/metallic-gold-table-lamp\/#breadcrumb\"},\"inLanguage\":\"en-US\",\"potentialAction\":[{\"@type\":\"ReadAction\",\"target\":[\"https:\/\/restaurantefrutosdelmar.com\/index.php\/product\/metallic-gold-table-lamp\/\"]}]},{\"@type\":\"ImageObject\",\"inLanguage\":\"en-US\",\"@id\":\"https:\/\/restaurantefrutosdelmar.com\/index.php\/product\/metallic-gold-table-lamp\/#primaryimage\",\"url\":\"https:\/\/restaurantefrutosdelmar.com\/wp-content\/uploads\/2018\/07\/product-01.jpg\",\"contentUrl\":\"https:\/\/restaurantefrutosdelmar.com\/wp-content\/uploads\/2018\/07\/product-01.jpg\",\"width\":1200,\"height\":1600},{\"@type\":\"BreadcrumbList\",\"@id\":\"https:\/\/restaurantefrutosdelmar.com\/index.php\/product\/metallic-gold-table-lamp\/#breadcrumb\",\"itemListElement\":[{\"@type\":\"ListItem\",\"position\":1,\"name\":\"Home\",\"item\":\"https:\/\/restaurantefrutosdelmar.com\/\"},{\"@type\":\"ListItem\",\"position\":2,\"name\":\"Shop\",\"item\":\"https:\/\/restaurantefrutosdelmar.com\/index.php\/shop-2\/\"},{\"@type\":\"ListItem\",\"position\":3,\"name\":\"Metallic Gold Table Lamp\"}]},{\"@type\":\"WebSite\",\"@id\":\"https:\/\/restaurantefrutosdelmar.com\/#website\",\"url\":\"https:\/\/restaurantefrutosdelmar.com\/\",\"name\":\"restaurantefrutosdelmar.com\",\"description\":\"\",\"publisher\":{\"@id\":\"https:\/\/restaurantefrutosdelmar.com\/#organization\"},\"potentialAction\":[{\"@type\":\"SearchAction\",\"target\":{\"@type\":\"EntryPoint\",\"urlTemplate\":\"https:\/\/restaurantefrutosdelmar.com\/?s={search_term_string}\"},\"query-input\":{\"@type\":\"PropertyValueSpecification\",\"valueRequired\":true,\"valueName\":\"search_term_string\"}}],\"inLanguage\":\"en-US\"},{\"@type\":\"Organization\",\"@id\":\"https:\/\/restaurantefrutosdelmar.com\/#organization\",\"name\":\"Con tradicion Restaurante\",\"url\":\"https:\/\/restaurantefrutosdelmar.com\/\",\"logo\":{\"@type\":\"ImageObject\",\"inLanguage\":\"en-US\",\"@id\":\"https:\/\/restaurantefrutosdelmar.com\/#\/schema\/logo\/image\/\",\"url\":\"https:\/\/restaurantefrutosdelmar.com\/wp-content\/uploads\/2022\/12\/Contradicion-Restaurante.png\",\"contentUrl\":\"https:\/\/restaurantefrutosdelmar.com\/wp-content\/uploads\/2022\/12\/Contradicion-Restaurante.png\",\"width\":2090,\"height\":1324,\"caption\":\"Con tradicion Restaurante\"},\"image\":{\"@id\":\"https:\/\/restaurantefrutosdelmar.com\/#\/schema\/logo\/image\/\"},\"sameAs\":[\"https:\/\/es-la.facebook.com\/restaurantecontradicion\/\"]}]}<\/script>\n<!-- \/ Yoast SEO plugin. -->","yoast_head_json":{"title":"Metallic Gold Table Lamp - restaurantefrutosdelmar.com","description":"El Restaurante Con tradicci\u00f3n by Sergio Botero. Se encuentra ubicado en Marinilla, Antioquia. Durante los ultimos a\u00f1os ha recibido numerosos reconocimientos. Destacandose como uno de los mejores restaurantes de comida Colombia del pa\u00eds.","robots":{"index":"index","follow":"follow","max-snippet":"max-snippet:-1","max-image-preview":"max-image-preview:large","max-video-preview":"max-video-preview:-1"},"canonical":"https:\/\/restaurantefrutosdelmar.com\/index.php\/product\/metallic-gold-table-lamp\/","og_locale":"en_US","og_type":"article","og_title":"Metallic Gold Table Lamp - restaurantefrutosdelmar.com","og_description":"El Restaurante Con tradicci\u00f3n by Sergio Botero. Se encuentra ubicado en Marinilla, Antioquia. Durante los ultimos a\u00f1os ha recibido numerosos reconocimientos. Destacandose como uno de los mejores restaurantes de comida Colombia del pa\u00eds.","og_url":"https:\/\/restaurantefrutosdelmar.com\/index.php\/product\/metallic-gold-table-lamp\/","og_site_name":"restaurantefrutosdelmar.com","article_publisher":"https:\/\/es-la.facebook.com\/restaurantecontradicion\/","article_modified_time":"2025-04-11T18:45:43+00:00","og_image":[{"width":1200,"height":1600,"url":"http:\/\/restaurantefrutosdelmar.com\/wp-content\/uploads\/2018\/07\/product-01.jpg","type":"image\/jpeg"}],"twitter_card":"summary_large_image","schema":{"@context":"https:\/\/schema.org","@graph":[{"@type":"WebPage","@id":"https:\/\/restaurantefrutosdelmar.com\/index.php\/product\/metallic-gold-table-lamp\/","url":"https:\/\/restaurantefrutosdelmar.com\/index.php\/product\/metallic-gold-table-lamp\/","name":"Metallic Gold Table Lamp - restaurantefrutosdelmar.com","isPartOf":{"@id":"https:\/\/restaurantefrutosdelmar.com\/#website"},"primaryImageOfPage":{"@id":"https:\/\/restaurantefrutosdelmar.com\/index.php\/product\/metallic-gold-table-lamp\/#primaryimage"},"image":{"@id":"https:\/\/restaurantefrutosdelmar.com\/index.php\/product\/metallic-gold-table-lamp\/#primaryimage"},"thumbnailUrl":"https:\/\/restaurantefrutosdelmar.com\/wp-content\/uploads\/2018\/07\/product-01.jpg","datePublished":"2018-07-07T07:27:18+00:00","dateModified":"2025-04-11T18:45:43+00:00","description":"El Restaurante Con tradicci\u00f3n by Sergio Botero. Se encuentra ubicado en Marinilla, Antioquia. Durante los ultimos a\u00f1os ha recibido numerosos reconocimientos. Destacandose como uno de los mejores restaurantes de comida Colombia del pa\u00eds.","breadcrumb":{"@id":"https:\/\/restaurantefrutosdelmar.com\/index.php\/product\/metallic-gold-table-lamp\/#breadcrumb"},"inLanguage":"en-US","potentialAction":[{"@type":"ReadAction","target":["https:\/\/restaurantefrutosdelmar.com\/index.php\/product\/metallic-gold-table-lamp\/"]}]},{"@type":"ImageObject","inLanguage":"en-US","@id":"https:\/\/restaurantefrutosdelmar.com\/index.php\/product\/metallic-gold-table-lamp\/#primaryimage","url":"https:\/\/restaurantefrutosdelmar.com\/wp-content\/uploads\/2018\/07\/product-01.jpg","contentUrl":"https:\/\/restaurantefrutosdelmar.com\/wp-content\/uploads\/2018\/07\/product-01.jpg","width":1200,"height":1600},{"@type":"BreadcrumbList","@id":"https:\/\/restaurantefrutosdelmar.com\/index.php\/product\/metallic-gold-table-lamp\/#breadcrumb","itemListElement":[{"@type":"ListItem","position":1,"name":"Home","item":"https:\/\/restaurantefrutosdelmar.com\/"},{"@type":"ListItem","position":2,"name":"Shop","item":"https:\/\/restaurantefrutosdelmar.com\/index.php\/shop-2\/"},{"@type":"ListItem","position":3,"name":"Metallic Gold Table Lamp"}]},{"@type":"WebSite","@id":"https:\/\/restaurantefrutosdelmar.com\/#website","url":"https:\/\/restaurantefrutosdelmar.com\/","name":"restaurantefrutosdelmar.com","description":"","publisher":{"@id":"https:\/\/restaurantefrutosdelmar.com\/#organization"},"potentialAction":[{"@type":"SearchAction","target":{"@type":"EntryPoint","urlTemplate":"https:\/\/restaurantefrutosdelmar.com\/?s={search_term_string}"},"query-input":{"@type":"PropertyValueSpecification","valueRequired":true,"valueName":"search_term_string"}}],"inLanguage":"en-US"},{"@type":"Organization","@id":"https:\/\/restaurantefrutosdelmar.com\/#organization","name":"Con tradicion Restaurante","url":"https:\/\/restaurantefrutosdelmar.com\/","logo":{"@type":"ImageObject","inLanguage":"en-US","@id":"https:\/\/restaurantefrutosdelmar.com\/#\/schema\/logo\/image\/","url":"https:\/\/restaurantefrutosdelmar.com\/wp-content\/uploads\/2022\/12\/Contradicion-Restaurante.png","contentUrl":"https:\/\/restaurantefrutosdelmar.com\/wp-content\/uploads\/2022\/12\/Contradicion-Restaurante.png","width":2090,"height":1324,"caption":"Con tradicion Restaurante"},"image":{"@id":"https:\/\/restaurantefrutosdelmar.com\/#\/schema\/logo\/image\/"},"sameAs":["https:\/\/es-la.facebook.com\/restaurantecontradicion\/"]}]}},"_links":{"self":[{"href":"https:\/\/restaurantefrutosdelmar.com\/index.php\/wp-json\/wp\/v2\/product\/764","targetHints":{"allow":["GET"]}}],"collection":[{"href":"https:\/\/restaurantefrutosdelmar.com\/index.php\/wp-json\/wp\/v2\/product"}],"about":[{"href":"https:\/\/restaurantefrutosdelmar.com\/index.php\/wp-json\/wp\/v2\/types\/product"}],"replies":[{"embeddable":true,"href":"https:\/\/restaurantefrutosdelmar.com\/index.php\/wp-json\/wp\/v2\/comments?post=764"}],"wp:featuredmedia":[{"embeddable":true,"href":"https:\/\/restaurantefrutosdelmar.com\/index.php\/wp-json\/wp\/v2\/media\/765"}],"wp:attachment":[{"href":"https:\/\/restaurantefrutosdelmar.com\/index.php\/wp-json\/wp\/v2\/media?parent=764"}],"wp:term":[{"taxonomy":"product_brand","embeddable":true,"href":"https:\/\/restaurantefrutosdelmar.com\/index.php\/wp-json\/wp\/v2\/product_brand?post=764"},{"taxonomy":"product_cat","embeddable":true,"href":"https:\/\/restaurantefrutosdelmar.com\/index.php\/wp-json\/wp\/v2\/product_cat?post=764"},{"taxonomy":"product_tag","embeddable":true,"href":"https:\/\/restaurantefrutosdelmar.com\/index.php\/wp-json\/wp\/v2\/product_tag?post=764"}],"curies":[{"name":"wp","href":"https:\/\/api.w.org\/{rel}","templated":true}]}}